{"id":3831,"date":"2025-03-10T05:06:52","date_gmt":"2025-03-10T03:06:52","guid":{"rendered":"https:\/\/vinylhome.lt\/?post_type=product&#038;p=3831"},"modified":"2025-03-09T07:48:44","modified_gmt":"2025-03-09T05:48:44","slug":"kinks-%e2%80%8e-soap-opera","status":"publish","type":"product","link":"https:\/\/vinilozona.lt\/en\/parduotuve\/rock-pop\/kinks-%e2%80%8e-soap-opera\/","title":{"rendered":"Kinks \u200e\u2013 Soap Opera"},"content":{"rendered":"<p>A1\t\tEverybody&#8217;s A Star (Starmaker)\t2:57<br \/>\nA2\t\tOrdinary People\t3:45<br \/>\nA3\t\tRush Hour Blues\t4:26<br \/>\nA4\t\tNine To Five\t1:48<br \/>\nA5\t\tWhen Work Is Over\t2:06<br \/>\nA6\t\tHave Another Drink\t2:42<br \/>\nB1\t\tUnderneath The Neon Sign\t3:54<br \/>\nB2\t\tHoliday Romance\t3:09<br \/>\nB3\t\tYou Make It All Worthwhile\t3:49<br \/>\nB4\t\tDucks On The Wall\t3:19<br \/>\nB5\t\t(A) Face In The Crowd\t2:17<br \/>\nB6\t\tYou Can&#8217;t Stop The Music\t3:12<\/p>","protected":false},"excerpt":{"rendered":"<p>RCA Victor \u2013 LPL1-5081<br \/>\nFormat:<br \/>\nVinyl, LP, Album, Indianapolis Pressing<br \/>\nCountry:<br \/>\nUS<br \/>\nReleased:<br \/>\nApr 25, 1975<\/p>","protected":false},"featured_media":27666,"template":"","meta":[],"product_cat":[15],"product_tag":[44],"yoast_head":"<!-- This site is optimized with the Yoast SEO plugin v23.5 - https:\/\/yoast.com\/wordpress\/plugins\/seo\/ -->\n<title>Kinks \u200e\u2013 Soap Opera Vinilin\u0117 Plok\u0161tel\u0117 | Vinilozona.lt<\/title>\n<meta name=\"robots\" content=\"index, follow, max-snippet:-1, max-image-preview:large, max-video-preview:-1\" \/>\n<link rel=\"canonical\" href=\"https:\/\/vinilozona.lt\/en\/parduotuve\/rock-pop\/kinks-\u200e-soap-opera\/\" \/>\n<meta property=\"og:locale\" content=\"en_GB\" \/>\n<meta property=\"og:type\" content=\"article\" \/>\n<meta property=\"og:title\" content=\"Kinks \u200e\u2013 Soap Opera Vinilin\u0117 Plok\u0161tel\u0117 | Vinilozona.lt\" \/>\n<meta property=\"og:description\" content=\"RCA Victor \u2013 LPL1-5081 Format: Vinyl, LP, Album, Indianapolis Pressing Country: US Released: Apr 25, 1975\" \/>\n<meta property=\"og:url\" content=\"https:\/\/vinilozona.lt\/en\/parduotuve\/rock-pop\/kinks-\u200e-soap-opera\/\" \/>\n<meta property=\"og:site_name\" content=\"Vinilo Zona\" \/>\n<meta property=\"article:modified_time\" content=\"2025-03-09T05:48:44+00:00\" \/>\n<meta property=\"og:image\" content=\"https:\/\/vinilozona.lt\/wp-content\/uploads\/2020\/01\/R-598419-1646143737-3713.jpg\" \/>\n\t<meta property=\"og:image:width\" content=\"599\" \/>\n\t<meta property=\"og:image:height\" content=\"600\" \/>\n\t<meta property=\"og:image:type\" content=\"image\/jpeg\" \/>\n<meta name=\"twitter:card\" content=\"summary_large_image\" \/>\n<meta name=\"twitter:label1\" content=\"Estimated reading time\" \/>\n\t<meta name=\"twitter:data1\" content=\"1 minute\" \/>\n<script type=\"application\/ld+json\" class=\"yoast-schema-graph\">{\"@context\":\"https:\/\/schema.org\",\"@graph\":[{\"@type\":\"WebPage\",\"@id\":\"https:\/\/vinilozona.lt\/parduotuve\/rock-pop\/kinks-%e2%80%8e-soap-opera\/\",\"url\":\"https:\/\/vinilozona.lt\/parduotuve\/rock-pop\/kinks-%e2%80%8e-soap-opera\/\",\"name\":\"Kinks \u200e\u2013 Soap Opera Vinilin\u0117 Plok\u0161tel\u0117 | Vinilozona.lt\",\"isPartOf\":{\"@id\":\"https:\/\/vinilozona.lt\/#website\"},\"primaryImageOfPage\":{\"@id\":\"https:\/\/vinilozona.lt\/parduotuve\/rock-pop\/kinks-%e2%80%8e-soap-opera\/#primaryimage\"},\"image\":{\"@id\":\"https:\/\/vinilozona.lt\/parduotuve\/rock-pop\/kinks-%e2%80%8e-soap-opera\/#primaryimage\"},\"thumbnailUrl\":\"https:\/\/vinilozona.lt\/wp-content\/uploads\/2020\/01\/R-598419-1646143737-3713.jpg\",\"datePublished\":\"2025-03-10T03:06:52+00:00\",\"dateModified\":\"2025-03-09T05:48:44+00:00\",\"breadcrumb\":{\"@id\":\"https:\/\/vinilozona.lt\/parduotuve\/rock-pop\/kinks-%e2%80%8e-soap-opera\/#breadcrumb\"},\"inLanguage\":\"en-GB\",\"potentialAction\":[{\"@type\":\"ReadAction\",\"target\":[\"https:\/\/vinilozona.lt\/parduotuve\/rock-pop\/kinks-%e2%80%8e-soap-opera\/\"]}]},{\"@type\":\"ImageObject\",\"inLanguage\":\"en-GB\",\"@id\":\"https:\/\/vinilozona.lt\/parduotuve\/rock-pop\/kinks-%e2%80%8e-soap-opera\/#primaryimage\",\"url\":\"https:\/\/vinilozona.lt\/wp-content\/uploads\/2020\/01\/R-598419-1646143737-3713.jpg\",\"contentUrl\":\"https:\/\/vinilozona.lt\/wp-content\/uploads\/2020\/01\/R-598419-1646143737-3713.jpg\",\"width\":599,\"height\":600},{\"@type\":\"BreadcrumbList\",\"@id\":\"https:\/\/vinilozona.lt\/parduotuve\/rock-pop\/kinks-%e2%80%8e-soap-opera\/#breadcrumb\",\"itemListElement\":[{\"@type\":\"ListItem\",\"position\":1,\"name\":\"Home\",\"item\":\"https:\/\/vinilozona.lt\/\"},{\"@type\":\"ListItem\",\"position\":2,\"name\":\"Parduotuv\u0117\",\"item\":\"https:\/\/vinilozona.lt\/parduotuve\/\"},{\"@type\":\"ListItem\",\"position\":3,\"name\":\"Kinks \u200e\u2013 Soap Opera\"}]},{\"@type\":\"WebSite\",\"@id\":\"https:\/\/vinilozona.lt\/#website\",\"url\":\"https:\/\/vinilozona.lt\/\",\"name\":\"Vinilo Zona\",\"description\":\"Nup\u016bsk dulkes ir klausyk LP\",\"potentialAction\":[{\"@type\":\"SearchAction\",\"target\":{\"@type\":\"EntryPoint\",\"urlTemplate\":\"https:\/\/vinilozona.lt\/?s={search_term_string}\"},\"query-input\":{\"@type\":\"PropertyValueSpecification\",\"valueRequired\":true,\"valueName\":\"search_term_string\"}}],\"inLanguage\":\"en-GB\"}]}<\/script>\n<!-- \/ Yoast SEO plugin. -->","yoast_head_json":{"title":"Kinks \u200e\u2013 Soap Opera Vinilin\u0117 Plok\u0161tel\u0117 | Vinilozona.lt","robots":{"index":"index","follow":"follow","max-snippet":"max-snippet:-1","max-image-preview":"max-image-preview:large","max-video-preview":"max-video-preview:-1"},"canonical":"https:\/\/vinilozona.lt\/en\/parduotuve\/rock-pop\/kinks-\u200e-soap-opera\/","og_locale":"en_GB","og_type":"article","og_title":"Kinks \u200e\u2013 Soap Opera Vinilin\u0117 Plok\u0161tel\u0117 | Vinilozona.lt","og_description":"RCA Victor \u2013 LPL1-5081 Format: Vinyl, LP, Album, Indianapolis Pressing Country: US Released: Apr 25, 1975","og_url":"https:\/\/vinilozona.lt\/en\/parduotuve\/rock-pop\/kinks-\u200e-soap-opera\/","og_site_name":"Vinilo Zona","article_modified_time":"2025-03-09T05:48:44+00:00","og_image":[{"width":599,"height":600,"url":"https:\/\/vinilozona.lt\/wp-content\/uploads\/2020\/01\/R-598419-1646143737-3713.jpg","type":"image\/jpeg"}],"twitter_card":"summary_large_image","twitter_misc":{"Estimated reading time":"1 minute"},"schema":{"@context":"https:\/\/schema.org","@graph":[{"@type":"WebPage","@id":"https:\/\/vinilozona.lt\/parduotuve\/rock-pop\/kinks-%e2%80%8e-soap-opera\/","url":"https:\/\/vinilozona.lt\/parduotuve\/rock-pop\/kinks-%e2%80%8e-soap-opera\/","name":"Kinks \u200e\u2013 Soap Opera Vinilin\u0117 Plok\u0161tel\u0117 | Vinilozona.lt","isPartOf":{"@id":"https:\/\/vinilozona.lt\/#website"},"primaryImageOfPage":{"@id":"https:\/\/vinilozona.lt\/parduotuve\/rock-pop\/kinks-%e2%80%8e-soap-opera\/#primaryimage"},"image":{"@id":"https:\/\/vinilozona.lt\/parduotuve\/rock-pop\/kinks-%e2%80%8e-soap-opera\/#primaryimage"},"thumbnailUrl":"https:\/\/vinilozona.lt\/wp-content\/uploads\/2020\/01\/R-598419-1646143737-3713.jpg","datePublished":"2025-03-10T03:06:52+00:00","dateModified":"2025-03-09T05:48:44+00:00","breadcrumb":{"@id":"https:\/\/vinilozona.lt\/parduotuve\/rock-pop\/kinks-%e2%80%8e-soap-opera\/#breadcrumb"},"inLanguage":"en-GB","potentialAction":[{"@type":"ReadAction","target":["https:\/\/vinilozona.lt\/parduotuve\/rock-pop\/kinks-%e2%80%8e-soap-opera\/"]}]},{"@type":"ImageObject","inLanguage":"en-GB","@id":"https:\/\/vinilozona.lt\/parduotuve\/rock-pop\/kinks-%e2%80%8e-soap-opera\/#primaryimage","url":"https:\/\/vinilozona.lt\/wp-content\/uploads\/2020\/01\/R-598419-1646143737-3713.jpg","contentUrl":"https:\/\/vinilozona.lt\/wp-content\/uploads\/2020\/01\/R-598419-1646143737-3713.jpg","width":599,"height":600},{"@type":"BreadcrumbList","@id":"https:\/\/vinilozona.lt\/parduotuve\/rock-pop\/kinks-%e2%80%8e-soap-opera\/#breadcrumb","itemListElement":[{"@type":"ListItem","position":1,"name":"Home","item":"https:\/\/vinilozona.lt\/"},{"@type":"ListItem","position":2,"name":"Parduotuv\u0117","item":"https:\/\/vinilozona.lt\/parduotuve\/"},{"@type":"ListItem","position":3,"name":"Kinks \u200e\u2013 Soap Opera"}]},{"@type":"WebSite","@id":"https:\/\/vinilozona.lt\/#website","url":"https:\/\/vinilozona.lt\/","name":"Vinilo Zona","description":"Nup\u016bsk dulkes ir klausyk LP","potentialAction":[{"@type":"SearchAction","target":{"@type":"EntryPoint","urlTemplate":"https:\/\/vinilozona.lt\/?s={search_term_string}"},"query-input":{"@type":"PropertyValueSpecification","valueRequired":true,"valueName":"search_term_string"}}],"inLanguage":"en-GB"}]}},"_links":{"self":[{"href":"https:\/\/vinilozona.lt\/en\/wp-json\/wp\/v2\/product\/3831"}],"collection":[{"href":"https:\/\/vinilozona.lt\/en\/wp-json\/wp\/v2\/product"}],"about":[{"href":"https:\/\/vinilozona.lt\/en\/wp-json\/wp\/v2\/types\/product"}],"wp:featuredmedia":[{"embeddable":true,"href":"https:\/\/vinilozona.lt\/en\/wp-json\/wp\/v2\/media\/27666"}],"wp:attachment":[{"href":"https:\/\/vinilozona.lt\/en\/wp-json\/wp\/v2\/media?parent=3831"}],"wp:term":[{"taxonomy":"product_cat","embeddable":true,"href":"https:\/\/vinilozona.lt\/en\/wp-json\/wp\/v2\/product_cat?post=3831"},{"taxonomy":"product_tag","embeddable":true,"href":"https:\/\/vinilozona.lt\/en\/wp-json\/wp\/v2\/product_tag?post=3831"}],"curies":[{"name":"wp","href":"https:\/\/api.w.org\/{rel}","templated":true}]}}