{"id":3827,"date":"2024-04-08T05:19:12","date_gmt":"2024-04-08T02:19:12","guid":{"rendered":"https:\/\/vinylhome.lt\/?post_type=product&#038;p=3827"},"modified":"2024-04-08T12:27:53","modified_gmt":"2024-04-08T09:27:53","slug":"lightning-seeds-%e2%80%8e-cloudcuckooland","status":"publish","type":"product","link":"https:\/\/vinilozona.lt\/en\/parduotuve\/rock-pop\/lightning-seeds-%e2%80%8e-cloudcuckooland\/","title":{"rendered":"Kool And The Gang \u2013 Ladies&#8217; Night"},"content":{"rendered":"<p>A1\t\tLadies&#8217; Night\t6:38<br \/>\nA2\t\tGot You Into My Life\t4:25<br \/>\nA3\t\tIf You Feel Like Dancin&#8217;\t5:05<br \/>\nB1\t\tHangin&#8217; Out\t5:31<br \/>\nB2\t\tTonight&#8217;s The Night\t7:21<br \/>\nB3\t\tToo Hot\t5:05<\/p>","protected":false},"excerpt":{"rendered":"<p>Metronome \u2013 0060.282<br \/>\nFormat:<br \/>\nVinyl, LP, Album<br \/>\nCountry:\tGermany<br \/>\nReleased:\t1979<\/p>","protected":false},"featured_media":24723,"template":"","meta":[],"product_cat":[15],"product_tag":[44],"yoast_head":"<!-- This site is optimized with the Yoast SEO plugin v23.5 - https:\/\/yoast.com\/wordpress\/plugins\/seo\/ -->\n<title>Kool And The Gang \u2013 Ladies&#039; Night Vinilin\u0117 Plok\u0161tel\u0117 | Vinilozona.lt<\/title>\n<meta name=\"robots\" content=\"index, follow, max-snippet:-1, max-image-preview:large, max-video-preview:-1\" \/>\n<link rel=\"canonical\" href=\"https:\/\/vinilozona.lt\/en\/parduotuve\/rock-pop\/lightning-seeds-\u200e-cloudcuckooland\/\" \/>\n<meta property=\"og:locale\" content=\"en_GB\" \/>\n<meta property=\"og:type\" content=\"article\" \/>\n<meta property=\"og:title\" content=\"Kool And The Gang \u2013 Ladies&#039; Night Vinilin\u0117 Plok\u0161tel\u0117 | Vinilozona.lt\" \/>\n<meta property=\"og:description\" content=\"Metronome \u2013 0060.282 Format:  Vinyl, LP, Album Country: Germany Released: 1979\" \/>\n<meta property=\"og:url\" content=\"https:\/\/vinilozona.lt\/en\/parduotuve\/rock-pop\/lightning-seeds-\u200e-cloudcuckooland\/\" \/>\n<meta property=\"og:site_name\" content=\"Vinilo Zona\" \/>\n<meta property=\"article:modified_time\" content=\"2024-04-08T09:27:53+00:00\" \/>\n<meta property=\"og:image\" content=\"https:\/\/vinilozona.lt\/wp-content\/uploads\/2020\/01\/R-448233-1119561703.jpg\" \/>\n\t<meta property=\"og:image:width\" content=\"350\" \/>\n\t<meta property=\"og:image:height\" content=\"344\" \/>\n\t<meta property=\"og:image:type\" content=\"image\/jpeg\" \/>\n<meta name=\"twitter:card\" content=\"summary_large_image\" \/>\n<script type=\"application\/ld+json\" class=\"yoast-schema-graph\">{\"@context\":\"https:\/\/schema.org\",\"@graph\":[{\"@type\":\"WebPage\",\"@id\":\"https:\/\/vinilozona.lt\/parduotuve\/rock-pop\/lightning-seeds-%e2%80%8e-cloudcuckooland\/\",\"url\":\"https:\/\/vinilozona.lt\/parduotuve\/rock-pop\/lightning-seeds-%e2%80%8e-cloudcuckooland\/\",\"name\":\"Kool And The Gang \u2013 Ladies' Night Vinilin\u0117 Plok\u0161tel\u0117 | Vinilozona.lt\",\"isPartOf\":{\"@id\":\"https:\/\/vinilozona.lt\/#website\"},\"primaryImageOfPage\":{\"@id\":\"https:\/\/vinilozona.lt\/parduotuve\/rock-pop\/lightning-seeds-%e2%80%8e-cloudcuckooland\/#primaryimage\"},\"image\":{\"@id\":\"https:\/\/vinilozona.lt\/parduotuve\/rock-pop\/lightning-seeds-%e2%80%8e-cloudcuckooland\/#primaryimage\"},\"thumbnailUrl\":\"https:\/\/vinilozona.lt\/wp-content\/uploads\/2020\/01\/R-448233-1119561703.jpg\",\"datePublished\":\"2024-04-08T02:19:12+00:00\",\"dateModified\":\"2024-04-08T09:27:53+00:00\",\"breadcrumb\":{\"@id\":\"https:\/\/vinilozona.lt\/parduotuve\/rock-pop\/lightning-seeds-%e2%80%8e-cloudcuckooland\/#breadcrumb\"},\"inLanguage\":\"en-GB\",\"potentialAction\":[{\"@type\":\"ReadAction\",\"target\":[\"https:\/\/vinilozona.lt\/parduotuve\/rock-pop\/lightning-seeds-%e2%80%8e-cloudcuckooland\/\"]}]},{\"@type\":\"ImageObject\",\"inLanguage\":\"en-GB\",\"@id\":\"https:\/\/vinilozona.lt\/parduotuve\/rock-pop\/lightning-seeds-%e2%80%8e-cloudcuckooland\/#primaryimage\",\"url\":\"https:\/\/vinilozona.lt\/wp-content\/uploads\/2020\/01\/R-448233-1119561703.jpg\",\"contentUrl\":\"https:\/\/vinilozona.lt\/wp-content\/uploads\/2020\/01\/R-448233-1119561703.jpg\",\"width\":350,\"height\":344},{\"@type\":\"BreadcrumbList\",\"@id\":\"https:\/\/vinilozona.lt\/parduotuve\/rock-pop\/lightning-seeds-%e2%80%8e-cloudcuckooland\/#breadcrumb\",\"itemListElement\":[{\"@type\":\"ListItem\",\"position\":1,\"name\":\"Home\",\"item\":\"https:\/\/vinilozona.lt\/\"},{\"@type\":\"ListItem\",\"position\":2,\"name\":\"Parduotuv\u0117\",\"item\":\"https:\/\/vinilozona.lt\/parduotuve\/\"},{\"@type\":\"ListItem\",\"position\":3,\"name\":\"Kool And The Gang \u2013 Ladies&#8217; Night\"}]},{\"@type\":\"WebSite\",\"@id\":\"https:\/\/vinilozona.lt\/#website\",\"url\":\"https:\/\/vinilozona.lt\/\",\"name\":\"Vinilo Zona\",\"description\":\"Nup\u016bsk dulkes ir klausyk LP\",\"potentialAction\":[{\"@type\":\"SearchAction\",\"target\":{\"@type\":\"EntryPoint\",\"urlTemplate\":\"https:\/\/vinilozona.lt\/?s={search_term_string}\"},\"query-input\":{\"@type\":\"PropertyValueSpecification\",\"valueRequired\":true,\"valueName\":\"search_term_string\"}}],\"inLanguage\":\"en-GB\"}]}<\/script>\n<!-- \/ Yoast SEO plugin. -->","yoast_head_json":{"title":"Kool And The Gang \u2013 Ladies' Night Vinilin\u0117 Plok\u0161tel\u0117 | Vinilozona.lt","robots":{"index":"index","follow":"follow","max-snippet":"max-snippet:-1","max-image-preview":"max-image-preview:large","max-video-preview":"max-video-preview:-1"},"canonical":"https:\/\/vinilozona.lt\/en\/parduotuve\/rock-pop\/lightning-seeds-\u200e-cloudcuckooland\/","og_locale":"en_GB","og_type":"article","og_title":"Kool And The Gang \u2013 Ladies' Night Vinilin\u0117 Plok\u0161tel\u0117 | Vinilozona.lt","og_description":"Metronome \u2013 0060.282 Format:  Vinyl, LP, Album Country: Germany Released: 1979","og_url":"https:\/\/vinilozona.lt\/en\/parduotuve\/rock-pop\/lightning-seeds-\u200e-cloudcuckooland\/","og_site_name":"Vinilo Zona","article_modified_time":"2024-04-08T09:27:53+00:00","og_image":[{"width":350,"height":344,"url":"https:\/\/vinilozona.lt\/wp-content\/uploads\/2020\/01\/R-448233-1119561703.jpg","type":"image\/jpeg"}],"twitter_card":"summary_large_image","schema":{"@context":"https:\/\/schema.org","@graph":[{"@type":"WebPage","@id":"https:\/\/vinilozona.lt\/parduotuve\/rock-pop\/lightning-seeds-%e2%80%8e-cloudcuckooland\/","url":"https:\/\/vinilozona.lt\/parduotuve\/rock-pop\/lightning-seeds-%e2%80%8e-cloudcuckooland\/","name":"Kool And The Gang \u2013 Ladies' Night Vinilin\u0117 Plok\u0161tel\u0117 | Vinilozona.lt","isPartOf":{"@id":"https:\/\/vinilozona.lt\/#website"},"primaryImageOfPage":{"@id":"https:\/\/vinilozona.lt\/parduotuve\/rock-pop\/lightning-seeds-%e2%80%8e-cloudcuckooland\/#primaryimage"},"image":{"@id":"https:\/\/vinilozona.lt\/parduotuve\/rock-pop\/lightning-seeds-%e2%80%8e-cloudcuckooland\/#primaryimage"},"thumbnailUrl":"https:\/\/vinilozona.lt\/wp-content\/uploads\/2020\/01\/R-448233-1119561703.jpg","datePublished":"2024-04-08T02:19:12+00:00","dateModified":"2024-04-08T09:27:53+00:00","breadcrumb":{"@id":"https:\/\/vinilozona.lt\/parduotuve\/rock-pop\/lightning-seeds-%e2%80%8e-cloudcuckooland\/#breadcrumb"},"inLanguage":"en-GB","potentialAction":[{"@type":"ReadAction","target":["https:\/\/vinilozona.lt\/parduotuve\/rock-pop\/lightning-seeds-%e2%80%8e-cloudcuckooland\/"]}]},{"@type":"ImageObject","inLanguage":"en-GB","@id":"https:\/\/vinilozona.lt\/parduotuve\/rock-pop\/lightning-seeds-%e2%80%8e-cloudcuckooland\/#primaryimage","url":"https:\/\/vinilozona.lt\/wp-content\/uploads\/2020\/01\/R-448233-1119561703.jpg","contentUrl":"https:\/\/vinilozona.lt\/wp-content\/uploads\/2020\/01\/R-448233-1119561703.jpg","width":350,"height":344},{"@type":"BreadcrumbList","@id":"https:\/\/vinilozona.lt\/parduotuve\/rock-pop\/lightning-seeds-%e2%80%8e-cloudcuckooland\/#breadcrumb","itemListElement":[{"@type":"ListItem","position":1,"name":"Home","item":"https:\/\/vinilozona.lt\/"},{"@type":"ListItem","position":2,"name":"Parduotuv\u0117","item":"https:\/\/vinilozona.lt\/parduotuve\/"},{"@type":"ListItem","position":3,"name":"Kool And The Gang \u2013 Ladies&#8217; Night"}]},{"@type":"WebSite","@id":"https:\/\/vinilozona.lt\/#website","url":"https:\/\/vinilozona.lt\/","name":"Vinilo Zona","description":"Nup\u016bsk dulkes ir klausyk LP","potentialAction":[{"@type":"SearchAction","target":{"@type":"EntryPoint","urlTemplate":"https:\/\/vinilozona.lt\/?s={search_term_string}"},"query-input":{"@type":"PropertyValueSpecification","valueRequired":true,"valueName":"search_term_string"}}],"inLanguage":"en-GB"}]}},"_links":{"self":[{"href":"https:\/\/vinilozona.lt\/en\/wp-json\/wp\/v2\/product\/3827"}],"collection":[{"href":"https:\/\/vinilozona.lt\/en\/wp-json\/wp\/v2\/product"}],"about":[{"href":"https:\/\/vinilozona.lt\/en\/wp-json\/wp\/v2\/types\/product"}],"wp:featuredmedia":[{"embeddable":true,"href":"https:\/\/vinilozona.lt\/en\/wp-json\/wp\/v2\/media\/24723"}],"wp:attachment":[{"href":"https:\/\/vinilozona.lt\/en\/wp-json\/wp\/v2\/media?parent=3827"}],"wp:term":[{"taxonomy":"product_cat","embeddable":true,"href":"https:\/\/vinilozona.lt\/en\/wp-json\/wp\/v2\/product_cat?post=3827"},{"taxonomy":"product_tag","embeddable":true,"href":"https:\/\/vinilozona.lt\/en\/wp-json\/wp\/v2\/product_tag?post=3827"}],"curies":[{"name":"wp","href":"https:\/\/api.w.org\/{rel}","templated":true}]}}