{"id":3779,"date":"2023-10-18T05:09:42","date_gmt":"2023-10-18T02:09:42","guid":{"rendered":"https:\/\/vinylhome.lt\/?post_type=product&#038;p=3779"},"modified":"2024-02-17T20:49:14","modified_gmt":"2024-02-17T18:49:14","slug":"rolling-stones-%e2%80%8e-steel-wheels","status":"publish","type":"product","link":"https:\/\/vinilozona.lt\/en\/parduotuve\/rock-pop\/rolling-stones-%e2%80%8e-steel-wheels\/","title":{"rendered":"Rolling Stones \u200e\u2013 Steel Wheels"},"content":{"rendered":"<p>A1\t\tSad Sad Sad<br \/>\nA2\t\tMixed Emotions<br \/>\nA3\t\tTerrifying<br \/>\nA4\t\tHold On To Your Hat<br \/>\nA5\t\tHearts For Sale<br \/>\nA6\t\tBlinded By Love<br \/>\nB1\t\tRock And A Hard Place<br \/>\nB2\t\tCan&#8217;t Be Seen<br \/>\nB3\t\tAlmost Hear You Sigh<br \/>\nB4\t\tContinental Drift<br \/>\nB5\t\tBreak The Spell<br \/>\nB6\t\tSlipping Away<\/p>","protected":false},"excerpt":{"rendered":"<p>Bonton \u2013 710019-1331, CBS \u2013 465752<br \/>\nFormat:<br \/>\nVinyl, LP, Album<br \/>\nCountry:\tCzechoslovakia<br \/>\nReleased:\t1990<\/p>","protected":false},"featured_media":3780,"template":"","meta":[],"product_cat":[15],"product_tag":[44],"yoast_head":"<!-- This site is optimized with the Yoast SEO plugin v23.5 - https:\/\/yoast.com\/wordpress\/plugins\/seo\/ -->\n<title>Rolling Stones \u200e\u2013 Steel Wheels Vinilin\u0117 Plok\u0161tel\u0117 | Vinilozona.lt<\/title>\n<meta name=\"robots\" content=\"index, follow, max-snippet:-1, max-image-preview:large, max-video-preview:-1\" \/>\n<link rel=\"canonical\" href=\"https:\/\/vinilozona.lt\/en\/parduotuve\/rock-pop\/rolling-stones-\u200e-steel-wheels\/\" \/>\n<meta property=\"og:locale\" content=\"en_GB\" \/>\n<meta property=\"og:type\" content=\"article\" \/>\n<meta property=\"og:title\" content=\"Rolling Stones \u200e\u2013 Steel Wheels Vinilin\u0117 Plok\u0161tel\u0117 | Vinilozona.lt\" \/>\n<meta property=\"og:description\" content=\"Bonton \u2013 710019-1331, CBS \u2013 465752 Format:  Vinyl, LP, Album Country: Czechoslovakia Released: 1990\" \/>\n<meta property=\"og:url\" content=\"https:\/\/vinilozona.lt\/en\/parduotuve\/rock-pop\/rolling-stones-\u200e-steel-wheels\/\" \/>\n<meta property=\"og:site_name\" content=\"Vinilo Zona\" \/>\n<meta property=\"article:modified_time\" content=\"2024-02-17T18:49:14+00:00\" \/>\n<meta property=\"og:image\" content=\"https:\/\/vinilozona.lt\/wp-content\/uploads\/2020\/01\/the-rolling-stones-steel-wheels-1.jpg\" \/>\n\t<meta property=\"og:image:width\" content=\"388\" \/>\n\t<meta property=\"og:image:height\" content=\"291\" \/>\n\t<meta property=\"og:image:type\" content=\"image\/jpeg\" \/>\n<meta name=\"twitter:card\" content=\"summary_large_image\" \/>\n<script type=\"application\/ld+json\" class=\"yoast-schema-graph\">{\"@context\":\"https:\/\/schema.org\",\"@graph\":[{\"@type\":\"WebPage\",\"@id\":\"https:\/\/vinilozona.lt\/parduotuve\/rock-pop\/rolling-stones-%e2%80%8e-steel-wheels\/\",\"url\":\"https:\/\/vinilozona.lt\/parduotuve\/rock-pop\/rolling-stones-%e2%80%8e-steel-wheels\/\",\"name\":\"Rolling Stones \u200e\u2013 Steel Wheels Vinilin\u0117 Plok\u0161tel\u0117 | Vinilozona.lt\",\"isPartOf\":{\"@id\":\"https:\/\/vinilozona.lt\/#website\"},\"primaryImageOfPage\":{\"@id\":\"https:\/\/vinilozona.lt\/parduotuve\/rock-pop\/rolling-stones-%e2%80%8e-steel-wheels\/#primaryimage\"},\"image\":{\"@id\":\"https:\/\/vinilozona.lt\/parduotuve\/rock-pop\/rolling-stones-%e2%80%8e-steel-wheels\/#primaryimage\"},\"thumbnailUrl\":\"https:\/\/vinilozona.lt\/wp-content\/uploads\/2020\/01\/the-rolling-stones-steel-wheels-1.jpg\",\"datePublished\":\"2023-10-18T02:09:42+00:00\",\"dateModified\":\"2024-02-17T18:49:14+00:00\",\"breadcrumb\":{\"@id\":\"https:\/\/vinilozona.lt\/parduotuve\/rock-pop\/rolling-stones-%e2%80%8e-steel-wheels\/#breadcrumb\"},\"inLanguage\":\"en-GB\",\"potentialAction\":[{\"@type\":\"ReadAction\",\"target\":[\"https:\/\/vinilozona.lt\/parduotuve\/rock-pop\/rolling-stones-%e2%80%8e-steel-wheels\/\"]}]},{\"@type\":\"ImageObject\",\"inLanguage\":\"en-GB\",\"@id\":\"https:\/\/vinilozona.lt\/parduotuve\/rock-pop\/rolling-stones-%e2%80%8e-steel-wheels\/#primaryimage\",\"url\":\"https:\/\/vinilozona.lt\/wp-content\/uploads\/2020\/01\/the-rolling-stones-steel-wheels-1.jpg\",\"contentUrl\":\"https:\/\/vinilozona.lt\/wp-content\/uploads\/2020\/01\/the-rolling-stones-steel-wheels-1.jpg\",\"width\":388,\"height\":291},{\"@type\":\"BreadcrumbList\",\"@id\":\"https:\/\/vinilozona.lt\/parduotuve\/rock-pop\/rolling-stones-%e2%80%8e-steel-wheels\/#breadcrumb\",\"itemListElement\":[{\"@type\":\"ListItem\",\"position\":1,\"name\":\"Home\",\"item\":\"https:\/\/vinilozona.lt\/\"},{\"@type\":\"ListItem\",\"position\":2,\"name\":\"Parduotuv\u0117\",\"item\":\"https:\/\/vinilozona.lt\/parduotuve\/\"},{\"@type\":\"ListItem\",\"position\":3,\"name\":\"Rolling Stones \u200e\u2013 Steel Wheels\"}]},{\"@type\":\"WebSite\",\"@id\":\"https:\/\/vinilozona.lt\/#website\",\"url\":\"https:\/\/vinilozona.lt\/\",\"name\":\"Vinilo Zona\",\"description\":\"Nup\u016bsk dulkes ir klausyk LP\",\"potentialAction\":[{\"@type\":\"SearchAction\",\"target\":{\"@type\":\"EntryPoint\",\"urlTemplate\":\"https:\/\/vinilozona.lt\/?s={search_term_string}\"},\"query-input\":{\"@type\":\"PropertyValueSpecification\",\"valueRequired\":true,\"valueName\":\"search_term_string\"}}],\"inLanguage\":\"en-GB\"}]}<\/script>\n<!-- \/ Yoast SEO plugin. -->","yoast_head_json":{"title":"Rolling Stones \u200e\u2013 Steel Wheels Vinilin\u0117 Plok\u0161tel\u0117 | Vinilozona.lt","robots":{"index":"index","follow":"follow","max-snippet":"max-snippet:-1","max-image-preview":"max-image-preview:large","max-video-preview":"max-video-preview:-1"},"canonical":"https:\/\/vinilozona.lt\/en\/parduotuve\/rock-pop\/rolling-stones-\u200e-steel-wheels\/","og_locale":"en_GB","og_type":"article","og_title":"Rolling Stones \u200e\u2013 Steel Wheels Vinilin\u0117 Plok\u0161tel\u0117 | Vinilozona.lt","og_description":"Bonton \u2013 710019-1331, CBS \u2013 465752 Format:  Vinyl, LP, Album Country: Czechoslovakia Released: 1990","og_url":"https:\/\/vinilozona.lt\/en\/parduotuve\/rock-pop\/rolling-stones-\u200e-steel-wheels\/","og_site_name":"Vinilo Zona","article_modified_time":"2024-02-17T18:49:14+00:00","og_image":[{"width":388,"height":291,"url":"https:\/\/vinilozona.lt\/wp-content\/uploads\/2020\/01\/the-rolling-stones-steel-wheels-1.jpg","type":"image\/jpeg"}],"twitter_card":"summary_large_image","schema":{"@context":"https:\/\/schema.org","@graph":[{"@type":"WebPage","@id":"https:\/\/vinilozona.lt\/parduotuve\/rock-pop\/rolling-stones-%e2%80%8e-steel-wheels\/","url":"https:\/\/vinilozona.lt\/parduotuve\/rock-pop\/rolling-stones-%e2%80%8e-steel-wheels\/","name":"Rolling Stones \u200e\u2013 Steel Wheels Vinilin\u0117 Plok\u0161tel\u0117 | Vinilozona.lt","isPartOf":{"@id":"https:\/\/vinilozona.lt\/#website"},"primaryImageOfPage":{"@id":"https:\/\/vinilozona.lt\/parduotuve\/rock-pop\/rolling-stones-%e2%80%8e-steel-wheels\/#primaryimage"},"image":{"@id":"https:\/\/vinilozona.lt\/parduotuve\/rock-pop\/rolling-stones-%e2%80%8e-steel-wheels\/#primaryimage"},"thumbnailUrl":"https:\/\/vinilozona.lt\/wp-content\/uploads\/2020\/01\/the-rolling-stones-steel-wheels-1.jpg","datePublished":"2023-10-18T02:09:42+00:00","dateModified":"2024-02-17T18:49:14+00:00","breadcrumb":{"@id":"https:\/\/vinilozona.lt\/parduotuve\/rock-pop\/rolling-stones-%e2%80%8e-steel-wheels\/#breadcrumb"},"inLanguage":"en-GB","potentialAction":[{"@type":"ReadAction","target":["https:\/\/vinilozona.lt\/parduotuve\/rock-pop\/rolling-stones-%e2%80%8e-steel-wheels\/"]}]},{"@type":"ImageObject","inLanguage":"en-GB","@id":"https:\/\/vinilozona.lt\/parduotuve\/rock-pop\/rolling-stones-%e2%80%8e-steel-wheels\/#primaryimage","url":"https:\/\/vinilozona.lt\/wp-content\/uploads\/2020\/01\/the-rolling-stones-steel-wheels-1.jpg","contentUrl":"https:\/\/vinilozona.lt\/wp-content\/uploads\/2020\/01\/the-rolling-stones-steel-wheels-1.jpg","width":388,"height":291},{"@type":"BreadcrumbList","@id":"https:\/\/vinilozona.lt\/parduotuve\/rock-pop\/rolling-stones-%e2%80%8e-steel-wheels\/#breadcrumb","itemListElement":[{"@type":"ListItem","position":1,"name":"Home","item":"https:\/\/vinilozona.lt\/"},{"@type":"ListItem","position":2,"name":"Parduotuv\u0117","item":"https:\/\/vinilozona.lt\/parduotuve\/"},{"@type":"ListItem","position":3,"name":"Rolling Stones \u200e\u2013 Steel Wheels"}]},{"@type":"WebSite","@id":"https:\/\/vinilozona.lt\/#website","url":"https:\/\/vinilozona.lt\/","name":"Vinilo Zona","description":"Nup\u016bsk dulkes ir klausyk LP","potentialAction":[{"@type":"SearchAction","target":{"@type":"EntryPoint","urlTemplate":"https:\/\/vinilozona.lt\/?s={search_term_string}"},"query-input":{"@type":"PropertyValueSpecification","valueRequired":true,"valueName":"search_term_string"}}],"inLanguage":"en-GB"}]}},"_links":{"self":[{"href":"https:\/\/vinilozona.lt\/en\/wp-json\/wp\/v2\/product\/3779"}],"collection":[{"href":"https:\/\/vinilozona.lt\/en\/wp-json\/wp\/v2\/product"}],"about":[{"href":"https:\/\/vinilozona.lt\/en\/wp-json\/wp\/v2\/types\/product"}],"wp:featuredmedia":[{"embeddable":true,"href":"https:\/\/vinilozona.lt\/en\/wp-json\/wp\/v2\/media\/3780"}],"wp:attachment":[{"href":"https:\/\/vinilozona.lt\/en\/wp-json\/wp\/v2\/media?parent=3779"}],"wp:term":[{"taxonomy":"product_cat","embeddable":true,"href":"https:\/\/vinilozona.lt\/en\/wp-json\/wp\/v2\/product_cat?post=3779"},{"taxonomy":"product_tag","embeddable":true,"href":"https:\/\/vinilozona.lt\/en\/wp-json\/wp\/v2\/product_tag?post=3779"}],"curies":[{"name":"wp","href":"https:\/\/api.w.org\/{rel}","templated":true}]}}