{"id":3775,"date":"2024-04-08T05:37:39","date_gmt":"2024-04-08T02:37:39","guid":{"rendered":"https:\/\/vinylhome.lt\/?post_type=product&#038;p=3775"},"modified":"2024-09-01T14:20:31","modified_gmt":"2024-09-01T11:20:31","slug":"stranglers-%e2%80%8e-live-x-cert","status":"publish","type":"product","link":"https:\/\/vinilozona.lt\/en\/parduotuve\/rock-pop\/stranglers-%e2%80%8e-live-x-cert\/","title":{"rendered":"Stranglers \u2013 No More Heroes"},"content":{"rendered":"<p>A1\t\tI Feel Like A Wog\t3:16<br \/>\nA2\t\tBitching\t4:23<br \/>\nA3\t\tDead Ringer\t2:46<br \/>\nA4\t\tDagenham Dave\t3:18<br \/>\nA5\t\tBring On The Nubiles\t2:15<br \/>\nA6\t\tSomething Better Change\t3:35<br \/>\nB1\t\tNo More Heroes\t3:27<br \/>\nB2\t\tPeasant In The Big Shitty\t3:30<br \/>\nB3\t\tBurning Up Time\t2:25<br \/>\nB4\t\tEnglish Towns\t2:13<br \/>\nB5\t\tSchool Mam\t6:52<\/p>","protected":false},"excerpt":{"rendered":"<p>United Artists Records \u2013 UALA 829G<br \/>\nFormat:<br \/>\nVinyl, LP, Album, Reissue, Stereo<br \/>\nCountry:\tCanada<br \/>\nReleased:\tSep 23, 1977<\/p>","protected":false},"featured_media":21123,"template":"","meta":[],"product_cat":[15],"product_tag":[44],"yoast_head":"<!-- This site is optimized with the Yoast SEO plugin v23.5 - https:\/\/yoast.com\/wordpress\/plugins\/seo\/ -->\n<title>Stranglers \u2013 No More Heroes Vinilin\u0117 Plok\u0161tel\u0117 | Vinilozona.lt<\/title>\n<meta name=\"robots\" content=\"index, follow, max-snippet:-1, max-image-preview:large, max-video-preview:-1\" \/>\n<link rel=\"canonical\" href=\"https:\/\/vinilozona.lt\/en\/parduotuve\/rock-pop\/stranglers-\u200e-live-x-cert\/\" \/>\n<meta property=\"og:locale\" content=\"en_GB\" \/>\n<meta property=\"og:type\" content=\"article\" \/>\n<meta property=\"og:title\" content=\"Stranglers \u2013 No More Heroes Vinilin\u0117 Plok\u0161tel\u0117 | Vinilozona.lt\" \/>\n<meta property=\"og:description\" content=\"United Artists Records \u2013 UALA 829G Format:  Vinyl, LP, Album, Reissue, Stereo Country: Canada Released: Sep 23, 1977\" \/>\n<meta property=\"og:url\" content=\"https:\/\/vinilozona.lt\/en\/parduotuve\/rock-pop\/stranglers-\u200e-live-x-cert\/\" \/>\n<meta property=\"og:site_name\" content=\"Vinilo Zona\" \/>\n<meta property=\"article:modified_time\" content=\"2024-09-01T11:20:31+00:00\" \/>\n<meta property=\"og:image\" content=\"https:\/\/vinilozona.lt\/wp-content\/uploads\/2020\/01\/R-6394636-1418328470-1730.jpg\" \/>\n\t<meta property=\"og:image:width\" content=\"238\" \/>\n\t<meta property=\"og:image:height\" content=\"244\" \/>\n\t<meta property=\"og:image:type\" content=\"image\/jpeg\" \/>\n<meta name=\"twitter:card\" content=\"summary_large_image\" \/>\n<script type=\"application\/ld+json\" class=\"yoast-schema-graph\">{\"@context\":\"https:\/\/schema.org\",\"@graph\":[{\"@type\":\"WebPage\",\"@id\":\"https:\/\/vinilozona.lt\/parduotuve\/rock-pop\/stranglers-%e2%80%8e-live-x-cert\/\",\"url\":\"https:\/\/vinilozona.lt\/parduotuve\/rock-pop\/stranglers-%e2%80%8e-live-x-cert\/\",\"name\":\"Stranglers \u2013 No More Heroes Vinilin\u0117 Plok\u0161tel\u0117 | Vinilozona.lt\",\"isPartOf\":{\"@id\":\"https:\/\/vinilozona.lt\/#website\"},\"primaryImageOfPage\":{\"@id\":\"https:\/\/vinilozona.lt\/parduotuve\/rock-pop\/stranglers-%e2%80%8e-live-x-cert\/#primaryimage\"},\"image\":{\"@id\":\"https:\/\/vinilozona.lt\/parduotuve\/rock-pop\/stranglers-%e2%80%8e-live-x-cert\/#primaryimage\"},\"thumbnailUrl\":\"https:\/\/vinilozona.lt\/wp-content\/uploads\/2020\/01\/R-6394636-1418328470-1730.jpg\",\"datePublished\":\"2024-04-08T02:37:39+00:00\",\"dateModified\":\"2024-09-01T11:20:31+00:00\",\"breadcrumb\":{\"@id\":\"https:\/\/vinilozona.lt\/parduotuve\/rock-pop\/stranglers-%e2%80%8e-live-x-cert\/#breadcrumb\"},\"inLanguage\":\"en-GB\",\"potentialAction\":[{\"@type\":\"ReadAction\",\"target\":[\"https:\/\/vinilozona.lt\/parduotuve\/rock-pop\/stranglers-%e2%80%8e-live-x-cert\/\"]}]},{\"@type\":\"ImageObject\",\"inLanguage\":\"en-GB\",\"@id\":\"https:\/\/vinilozona.lt\/parduotuve\/rock-pop\/stranglers-%e2%80%8e-live-x-cert\/#primaryimage\",\"url\":\"https:\/\/vinilozona.lt\/wp-content\/uploads\/2020\/01\/R-6394636-1418328470-1730.jpg\",\"contentUrl\":\"https:\/\/vinilozona.lt\/wp-content\/uploads\/2020\/01\/R-6394636-1418328470-1730.jpg\",\"width\":238,\"height\":244},{\"@type\":\"BreadcrumbList\",\"@id\":\"https:\/\/vinilozona.lt\/parduotuve\/rock-pop\/stranglers-%e2%80%8e-live-x-cert\/#breadcrumb\",\"itemListElement\":[{\"@type\":\"ListItem\",\"position\":1,\"name\":\"Home\",\"item\":\"https:\/\/vinilozona.lt\/\"},{\"@type\":\"ListItem\",\"position\":2,\"name\":\"Parduotuv\u0117\",\"item\":\"https:\/\/vinilozona.lt\/parduotuve\/\"},{\"@type\":\"ListItem\",\"position\":3,\"name\":\"Stranglers \u2013 No More Heroes\"}]},{\"@type\":\"WebSite\",\"@id\":\"https:\/\/vinilozona.lt\/#website\",\"url\":\"https:\/\/vinilozona.lt\/\",\"name\":\"Vinilo Zona\",\"description\":\"Nup\u016bsk dulkes ir klausyk LP\",\"potentialAction\":[{\"@type\":\"SearchAction\",\"target\":{\"@type\":\"EntryPoint\",\"urlTemplate\":\"https:\/\/vinilozona.lt\/?s={search_term_string}\"},\"query-input\":{\"@type\":\"PropertyValueSpecification\",\"valueRequired\":true,\"valueName\":\"search_term_string\"}}],\"inLanguage\":\"en-GB\"}]}<\/script>\n<!-- \/ Yoast SEO plugin. -->","yoast_head_json":{"title":"Stranglers \u2013 No More Heroes Vinilin\u0117 Plok\u0161tel\u0117 | Vinilozona.lt","robots":{"index":"index","follow":"follow","max-snippet":"max-snippet:-1","max-image-preview":"max-image-preview:large","max-video-preview":"max-video-preview:-1"},"canonical":"https:\/\/vinilozona.lt\/en\/parduotuve\/rock-pop\/stranglers-\u200e-live-x-cert\/","og_locale":"en_GB","og_type":"article","og_title":"Stranglers \u2013 No More Heroes Vinilin\u0117 Plok\u0161tel\u0117 | Vinilozona.lt","og_description":"United Artists Records \u2013 UALA 829G Format:  Vinyl, LP, Album, Reissue, Stereo Country: Canada Released: Sep 23, 1977","og_url":"https:\/\/vinilozona.lt\/en\/parduotuve\/rock-pop\/stranglers-\u200e-live-x-cert\/","og_site_name":"Vinilo Zona","article_modified_time":"2024-09-01T11:20:31+00:00","og_image":[{"width":238,"height":244,"url":"https:\/\/vinilozona.lt\/wp-content\/uploads\/2020\/01\/R-6394636-1418328470-1730.jpg","type":"image\/jpeg"}],"twitter_card":"summary_large_image","schema":{"@context":"https:\/\/schema.org","@graph":[{"@type":"WebPage","@id":"https:\/\/vinilozona.lt\/parduotuve\/rock-pop\/stranglers-%e2%80%8e-live-x-cert\/","url":"https:\/\/vinilozona.lt\/parduotuve\/rock-pop\/stranglers-%e2%80%8e-live-x-cert\/","name":"Stranglers \u2013 No More Heroes Vinilin\u0117 Plok\u0161tel\u0117 | Vinilozona.lt","isPartOf":{"@id":"https:\/\/vinilozona.lt\/#website"},"primaryImageOfPage":{"@id":"https:\/\/vinilozona.lt\/parduotuve\/rock-pop\/stranglers-%e2%80%8e-live-x-cert\/#primaryimage"},"image":{"@id":"https:\/\/vinilozona.lt\/parduotuve\/rock-pop\/stranglers-%e2%80%8e-live-x-cert\/#primaryimage"},"thumbnailUrl":"https:\/\/vinilozona.lt\/wp-content\/uploads\/2020\/01\/R-6394636-1418328470-1730.jpg","datePublished":"2024-04-08T02:37:39+00:00","dateModified":"2024-09-01T11:20:31+00:00","breadcrumb":{"@id":"https:\/\/vinilozona.lt\/parduotuve\/rock-pop\/stranglers-%e2%80%8e-live-x-cert\/#breadcrumb"},"inLanguage":"en-GB","potentialAction":[{"@type":"ReadAction","target":["https:\/\/vinilozona.lt\/parduotuve\/rock-pop\/stranglers-%e2%80%8e-live-x-cert\/"]}]},{"@type":"ImageObject","inLanguage":"en-GB","@id":"https:\/\/vinilozona.lt\/parduotuve\/rock-pop\/stranglers-%e2%80%8e-live-x-cert\/#primaryimage","url":"https:\/\/vinilozona.lt\/wp-content\/uploads\/2020\/01\/R-6394636-1418328470-1730.jpg","contentUrl":"https:\/\/vinilozona.lt\/wp-content\/uploads\/2020\/01\/R-6394636-1418328470-1730.jpg","width":238,"height":244},{"@type":"BreadcrumbList","@id":"https:\/\/vinilozona.lt\/parduotuve\/rock-pop\/stranglers-%e2%80%8e-live-x-cert\/#breadcrumb","itemListElement":[{"@type":"ListItem","position":1,"name":"Home","item":"https:\/\/vinilozona.lt\/"},{"@type":"ListItem","position":2,"name":"Parduotuv\u0117","item":"https:\/\/vinilozona.lt\/parduotuve\/"},{"@type":"ListItem","position":3,"name":"Stranglers \u2013 No More Heroes"}]},{"@type":"WebSite","@id":"https:\/\/vinilozona.lt\/#website","url":"https:\/\/vinilozona.lt\/","name":"Vinilo Zona","description":"Nup\u016bsk dulkes ir klausyk LP","potentialAction":[{"@type":"SearchAction","target":{"@type":"EntryPoint","urlTemplate":"https:\/\/vinilozona.lt\/?s={search_term_string}"},"query-input":{"@type":"PropertyValueSpecification","valueRequired":true,"valueName":"search_term_string"}}],"inLanguage":"en-GB"}]}},"_links":{"self":[{"href":"https:\/\/vinilozona.lt\/en\/wp-json\/wp\/v2\/product\/3775"}],"collection":[{"href":"https:\/\/vinilozona.lt\/en\/wp-json\/wp\/v2\/product"}],"about":[{"href":"https:\/\/vinilozona.lt\/en\/wp-json\/wp\/v2\/types\/product"}],"wp:featuredmedia":[{"embeddable":true,"href":"https:\/\/vinilozona.lt\/en\/wp-json\/wp\/v2\/media\/21123"}],"wp:attachment":[{"href":"https:\/\/vinilozona.lt\/en\/wp-json\/wp\/v2\/media?parent=3775"}],"wp:term":[{"taxonomy":"product_cat","embeddable":true,"href":"https:\/\/vinilozona.lt\/en\/wp-json\/wp\/v2\/product_cat?post=3775"},{"taxonomy":"product_tag","embeddable":true,"href":"https:\/\/vinilozona.lt\/en\/wp-json\/wp\/v2\/product_tag?post=3775"}],"curies":[{"name":"wp","href":"https:\/\/api.w.org\/{rel}","templated":true}]}}