{"id":3769,"date":"2023-08-29T05:10:31","date_gmt":"2023-08-29T02:10:31","guid":{"rendered":"https:\/\/vinylhome.lt\/?post_type=product&#038;p=3769"},"modified":"2025-02-28T20:29:17","modified_gmt":"2025-02-28T18:29:17","slug":"the-who-%e2%80%8e-tommy-original-soundtrack-recording","status":"publish","type":"product","link":"https:\/\/vinilozona.lt\/en\/parduotuve\/rock-pop\/the-who-%e2%80%8e-tommy-original-soundtrack-recording\/","title":{"rendered":"Who \u200e\u2013 Tommy (Original Soundtrack Recording)"},"content":{"rendered":"<p>A1\t\tPrologue &#8211; 1945\t3:00<br \/>\nA2\t\tCaptain Walker \/ It&#8217;s A Boy\t2:37<br \/>\nA3\t\tBernie&#8217;s Holiday Camp\t3:43<br \/>\nA4\t\t1951 \/ What About The Boy?\t2:49<br \/>\nA5\t\tAmazing Journey\t3:19<br \/>\nA6\t\tChristmas\t3:39<br \/>\nA7\t\tEyesight To The Blind  3:21<br \/>\nB1\t\tAcid Queen\t3:47<br \/>\nB2\t\tDo You Think It&#8217;s Alright (1)\t0:56<br \/>\nB3\t\tCousin Kevin  3:07<br \/>\nB4\t\tDo You Think It&#8217;s Alright (2)\t0:45<br \/>\nB5\t\tFiddle About  1:40<br \/>\nB6\t\tDo You Think It&#8217;s Alright (3)\t0:30<br \/>\nB7\t\tSparks\t3:05<br \/>\nB8\t\tExtra, Extra, Extra\t0:45<br \/>\nB9\t\tPinball Wizard  5:14<br \/>\nC1\t\tChampagne\t4:42<br \/>\nC2\t\tThere&#8217;s A Doctor\t0:22<br \/>\nC3\t\tGo To The Mirror\t3:57<br \/>\nC4\t\tTommy Can You Hear Me?\t0:56<br \/>\nC5\t\tSmash The Mirror\t1:22<br \/>\nC6\t\tI&#8217;m Free\t2:36<br \/>\nC7\t\tMother And Son\t3:26<br \/>\nC8\t\tSensation\t2:49<br \/>\nD1\t\tMiracle Cure\t0:23<br \/>\nD2\t\tSally Simpson\t5:13<br \/>\nD3\t\tWelcome\t4:15<br \/>\nD4\t\tT.V. Studio\t1:15<br \/>\nD5\t\tTommy&#8217;s Holiday Camp  1:30<br \/>\nD6\t\tWe&#8217;re Not Gonna Take It\t5:47<br \/>\nD7\t\tListening To You \/ See Me, Feel Me\t3:13<\/p>","protected":false},"excerpt":{"rendered":"<p>Polydor \u2013 2625 028<br \/>\nFormat:<br \/>\n2 x Vinyl, LP, Album<br \/>\nCountry:\tGermany<br \/>\nReleased:\t1975<br \/>\nGenre:\tRock, Stage &#038; Screen<\/p>","protected":false},"featured_media":3770,"template":"","meta":[],"product_cat":[15],"product_tag":[44],"yoast_head":"<!-- This site is optimized with the Yoast SEO plugin v23.5 - https:\/\/yoast.com\/wordpress\/plugins\/seo\/ -->\n<title>Who \u200e\u2013 Tommy (Original Soundtrack Recording) Vinilin\u0117 Plok\u0161tel\u0117 | Vinilozona.lt<\/title>\n<meta name=\"robots\" content=\"index, follow, max-snippet:-1, max-image-preview:large, max-video-preview:-1\" \/>\n<link rel=\"canonical\" href=\"https:\/\/vinilozona.lt\/en\/parduotuve\/rock-pop\/the-who-\u200e-tommy-original-soundtrack-recording\/\" \/>\n<meta property=\"og:locale\" content=\"en_GB\" \/>\n<meta property=\"og:type\" content=\"article\" \/>\n<meta property=\"og:title\" content=\"Who \u200e\u2013 Tommy (Original Soundtrack Recording) Vinilin\u0117 Plok\u0161tel\u0117 | Vinilozona.lt\" \/>\n<meta property=\"og:description\" content=\"Polydor \u2013 2625 028 Format:  2 x Vinyl, LP, Album Country: Germany Released: 1975 Genre: Rock, Stage &amp; Screen\" \/>\n<meta property=\"og:url\" content=\"https:\/\/vinilozona.lt\/en\/parduotuve\/rock-pop\/the-who-\u200e-tommy-original-soundtrack-recording\/\" \/>\n<meta property=\"og:site_name\" content=\"Vinilo Zona\" \/>\n<meta property=\"article:modified_time\" content=\"2025-02-28T18:29:17+00:00\" \/>\n<meta property=\"og:image\" content=\"https:\/\/vinilozona.lt\/wp-content\/uploads\/2020\/01\/the-who-tommy-original-soundtrack-recording-1.jpg\" \/>\n\t<meta property=\"og:image:width\" content=\"800\" \/>\n\t<meta property=\"og:image:height\" content=\"600\" \/>\n\t<meta property=\"og:image:type\" content=\"image\/jpeg\" \/>\n<meta name=\"twitter:card\" content=\"summary_large_image\" \/>\n<meta name=\"twitter:label1\" content=\"Estimated reading time\" \/>\n\t<meta name=\"twitter:data1\" content=\"1 minute\" \/>\n<script type=\"application\/ld+json\" class=\"yoast-schema-graph\">{\"@context\":\"https:\/\/schema.org\",\"@graph\":[{\"@type\":\"WebPage\",\"@id\":\"https:\/\/vinilozona.lt\/parduotuve\/rock-pop\/the-who-%e2%80%8e-tommy-original-soundtrack-recording\/\",\"url\":\"https:\/\/vinilozona.lt\/parduotuve\/rock-pop\/the-who-%e2%80%8e-tommy-original-soundtrack-recording\/\",\"name\":\"Who \u200e\u2013 Tommy (Original Soundtrack Recording) Vinilin\u0117 Plok\u0161tel\u0117 | Vinilozona.lt\",\"isPartOf\":{\"@id\":\"https:\/\/vinilozona.lt\/#website\"},\"primaryImageOfPage\":{\"@id\":\"https:\/\/vinilozona.lt\/parduotuve\/rock-pop\/the-who-%e2%80%8e-tommy-original-soundtrack-recording\/#primaryimage\"},\"image\":{\"@id\":\"https:\/\/vinilozona.lt\/parduotuve\/rock-pop\/the-who-%e2%80%8e-tommy-original-soundtrack-recording\/#primaryimage\"},\"thumbnailUrl\":\"https:\/\/vinilozona.lt\/wp-content\/uploads\/2020\/01\/the-who-tommy-original-soundtrack-recording-1.jpg\",\"datePublished\":\"2023-08-29T02:10:31+00:00\",\"dateModified\":\"2025-02-28T18:29:17+00:00\",\"breadcrumb\":{\"@id\":\"https:\/\/vinilozona.lt\/parduotuve\/rock-pop\/the-who-%e2%80%8e-tommy-original-soundtrack-recording\/#breadcrumb\"},\"inLanguage\":\"en-GB\",\"potentialAction\":[{\"@type\":\"ReadAction\",\"target\":[\"https:\/\/vinilozona.lt\/parduotuve\/rock-pop\/the-who-%e2%80%8e-tommy-original-soundtrack-recording\/\"]}]},{\"@type\":\"ImageObject\",\"inLanguage\":\"en-GB\",\"@id\":\"https:\/\/vinilozona.lt\/parduotuve\/rock-pop\/the-who-%e2%80%8e-tommy-original-soundtrack-recording\/#primaryimage\",\"url\":\"https:\/\/vinilozona.lt\/wp-content\/uploads\/2020\/01\/the-who-tommy-original-soundtrack-recording-1.jpg\",\"contentUrl\":\"https:\/\/vinilozona.lt\/wp-content\/uploads\/2020\/01\/the-who-tommy-original-soundtrack-recording-1.jpg\",\"width\":800,\"height\":600},{\"@type\":\"BreadcrumbList\",\"@id\":\"https:\/\/vinilozona.lt\/parduotuve\/rock-pop\/the-who-%e2%80%8e-tommy-original-soundtrack-recording\/#breadcrumb\",\"itemListElement\":[{\"@type\":\"ListItem\",\"position\":1,\"name\":\"Home\",\"item\":\"https:\/\/vinilozona.lt\/\"},{\"@type\":\"ListItem\",\"position\":2,\"name\":\"Parduotuv\u0117\",\"item\":\"https:\/\/vinilozona.lt\/parduotuve\/\"},{\"@type\":\"ListItem\",\"position\":3,\"name\":\"Who \u200e\u2013 Tommy (Original Soundtrack Recording)\"}]},{\"@type\":\"WebSite\",\"@id\":\"https:\/\/vinilozona.lt\/#website\",\"url\":\"https:\/\/vinilozona.lt\/\",\"name\":\"Vinilo Zona\",\"description\":\"Nup\u016bsk dulkes ir klausyk LP\",\"potentialAction\":[{\"@type\":\"SearchAction\",\"target\":{\"@type\":\"EntryPoint\",\"urlTemplate\":\"https:\/\/vinilozona.lt\/?s={search_term_string}\"},\"query-input\":{\"@type\":\"PropertyValueSpecification\",\"valueRequired\":true,\"valueName\":\"search_term_string\"}}],\"inLanguage\":\"en-GB\"}]}<\/script>\n<!-- \/ Yoast SEO plugin. -->","yoast_head_json":{"title":"Who \u200e\u2013 Tommy (Original Soundtrack Recording) Vinilin\u0117 Plok\u0161tel\u0117 | Vinilozona.lt","robots":{"index":"index","follow":"follow","max-snippet":"max-snippet:-1","max-image-preview":"max-image-preview:large","max-video-preview":"max-video-preview:-1"},"canonical":"https:\/\/vinilozona.lt\/en\/parduotuve\/rock-pop\/the-who-\u200e-tommy-original-soundtrack-recording\/","og_locale":"en_GB","og_type":"article","og_title":"Who \u200e\u2013 Tommy (Original Soundtrack Recording) Vinilin\u0117 Plok\u0161tel\u0117 | Vinilozona.lt","og_description":"Polydor \u2013 2625 028 Format:  2 x Vinyl, LP, Album Country: Germany Released: 1975 Genre: Rock, Stage & Screen","og_url":"https:\/\/vinilozona.lt\/en\/parduotuve\/rock-pop\/the-who-\u200e-tommy-original-soundtrack-recording\/","og_site_name":"Vinilo Zona","article_modified_time":"2025-02-28T18:29:17+00:00","og_image":[{"width":800,"height":600,"url":"https:\/\/vinilozona.lt\/wp-content\/uploads\/2020\/01\/the-who-tommy-original-soundtrack-recording-1.jpg","type":"image\/jpeg"}],"twitter_card":"summary_large_image","twitter_misc":{"Estimated reading time":"1 minute"},"schema":{"@context":"https:\/\/schema.org","@graph":[{"@type":"WebPage","@id":"https:\/\/vinilozona.lt\/parduotuve\/rock-pop\/the-who-%e2%80%8e-tommy-original-soundtrack-recording\/","url":"https:\/\/vinilozona.lt\/parduotuve\/rock-pop\/the-who-%e2%80%8e-tommy-original-soundtrack-recording\/","name":"Who \u200e\u2013 Tommy (Original Soundtrack Recording) Vinilin\u0117 Plok\u0161tel\u0117 | Vinilozona.lt","isPartOf":{"@id":"https:\/\/vinilozona.lt\/#website"},"primaryImageOfPage":{"@id":"https:\/\/vinilozona.lt\/parduotuve\/rock-pop\/the-who-%e2%80%8e-tommy-original-soundtrack-recording\/#primaryimage"},"image":{"@id":"https:\/\/vinilozona.lt\/parduotuve\/rock-pop\/the-who-%e2%80%8e-tommy-original-soundtrack-recording\/#primaryimage"},"thumbnailUrl":"https:\/\/vinilozona.lt\/wp-content\/uploads\/2020\/01\/the-who-tommy-original-soundtrack-recording-1.jpg","datePublished":"2023-08-29T02:10:31+00:00","dateModified":"2025-02-28T18:29:17+00:00","breadcrumb":{"@id":"https:\/\/vinilozona.lt\/parduotuve\/rock-pop\/the-who-%e2%80%8e-tommy-original-soundtrack-recording\/#breadcrumb"},"inLanguage":"en-GB","potentialAction":[{"@type":"ReadAction","target":["https:\/\/vinilozona.lt\/parduotuve\/rock-pop\/the-who-%e2%80%8e-tommy-original-soundtrack-recording\/"]}]},{"@type":"ImageObject","inLanguage":"en-GB","@id":"https:\/\/vinilozona.lt\/parduotuve\/rock-pop\/the-who-%e2%80%8e-tommy-original-soundtrack-recording\/#primaryimage","url":"https:\/\/vinilozona.lt\/wp-content\/uploads\/2020\/01\/the-who-tommy-original-soundtrack-recording-1.jpg","contentUrl":"https:\/\/vinilozona.lt\/wp-content\/uploads\/2020\/01\/the-who-tommy-original-soundtrack-recording-1.jpg","width":800,"height":600},{"@type":"BreadcrumbList","@id":"https:\/\/vinilozona.lt\/parduotuve\/rock-pop\/the-who-%e2%80%8e-tommy-original-soundtrack-recording\/#breadcrumb","itemListElement":[{"@type":"ListItem","position":1,"name":"Home","item":"https:\/\/vinilozona.lt\/"},{"@type":"ListItem","position":2,"name":"Parduotuv\u0117","item":"https:\/\/vinilozona.lt\/parduotuve\/"},{"@type":"ListItem","position":3,"name":"Who \u200e\u2013 Tommy (Original Soundtrack Recording)"}]},{"@type":"WebSite","@id":"https:\/\/vinilozona.lt\/#website","url":"https:\/\/vinilozona.lt\/","name":"Vinilo Zona","description":"Nup\u016bsk dulkes ir klausyk LP","potentialAction":[{"@type":"SearchAction","target":{"@type":"EntryPoint","urlTemplate":"https:\/\/vinilozona.lt\/?s={search_term_string}"},"query-input":{"@type":"PropertyValueSpecification","valueRequired":true,"valueName":"search_term_string"}}],"inLanguage":"en-GB"}]}},"_links":{"self":[{"href":"https:\/\/vinilozona.lt\/en\/wp-json\/wp\/v2\/product\/3769"}],"collection":[{"href":"https:\/\/vinilozona.lt\/en\/wp-json\/wp\/v2\/product"}],"about":[{"href":"https:\/\/vinilozona.lt\/en\/wp-json\/wp\/v2\/types\/product"}],"wp:featuredmedia":[{"embeddable":true,"href":"https:\/\/vinilozona.lt\/en\/wp-json\/wp\/v2\/media\/3770"}],"wp:attachment":[{"href":"https:\/\/vinilozona.lt\/en\/wp-json\/wp\/v2\/media?parent=3769"}],"wp:term":[{"taxonomy":"product_cat","embeddable":true,"href":"https:\/\/vinilozona.lt\/en\/wp-json\/wp\/v2\/product_cat?post=3769"},{"taxonomy":"product_tag","embeddable":true,"href":"https:\/\/vinilozona.lt\/en\/wp-json\/wp\/v2\/product_tag?post=3769"}],"curies":[{"name":"wp","href":"https:\/\/api.w.org\/{rel}","templated":true}]}}