{"id":3756,"date":"2022-07-22T07:10:18","date_gmt":"2022-07-22T04:10:18","guid":{"rendered":"https:\/\/vinylhome.lt\/?post_type=product&#038;p=3756"},"modified":"2023-02-09T15:36:24","modified_gmt":"2023-02-09T13:36:24","slug":"tina-turner-%e2%80%8e-tina-live-in-europe","status":"publish","type":"product","link":"https:\/\/vinilozona.lt\/en\/parduotuve\/rock-pop\/tina-turner-%e2%80%8e-tina-live-in-europe\/","title":{"rendered":"Tina Turner \u200e\u2013 Tina Live In Europe 2LP"},"content":{"rendered":"<p>A1 \t\u2013Tina Turner \tWhat You Get Is What You See \t5:01<br \/>\nA2 \t\u2013Tina Turner \tBreak Every Rule \t4:31<br \/>\nA3 \t\u2013Tina Turner \tI Can&#8217;t Stand The Rain \t3:23<br \/>\nA4 \t\u2013Tina Turner \tTwo People \t4:22<br \/>\nA5 \t\u2013Tina Turner \tTypical Male \t3:56<br \/>\nA6 \t\u2013Tina Turner \tBetter Be Good To Me \t6:37<br \/>\nB1 \t\u2013Tina Turner \tAddicted To Love \t5:12<br \/>\nB2 \t\u2013Tina Turner \tPrivate Dancer \t5:35<br \/>\nB3 \t\u2013Tina Turner \tWe Don&#8217;t Need Another Hero (Thunderdome) \t4:36<br \/>\nB4 \t\u2013Tina Turner \tWhat&#8217;s Love Got To Do With It \t5:27<br \/>\nB5 \t\u2013Tina Turner \tLet&#8217;s Stay Together \t4:38<br \/>\nB6 \t\u2013Tina Turner \tShow Some Respect \t2:54<br \/>\nC1 \t\u2013Tina Turner \tLand Of 1000 Dances \t3:00<br \/>\nC2 \t\u2013Tina Turner \tIn The Midnight Hour \t3:25<br \/>\nC3 \t\u2013Tina Turner With Robert Cray \t634-5789 \t2:55<br \/>\nC4 \t\u2013Tina Turner \tA Change Is Gonna Come 6:40<\/p>\n<p>    Soloist, Guitar \u2013 Robert Cray<\/p>\n<p>C5 \t\u2013Tina Turner With Eric Clapton \tTearing Us Apart \t4:16<br \/>\nC6 \t\u2013Tina Turner \tProud Mary \t4:40<br \/>\nD1 \t\u2013Tina Turner \tHelp 4:58<\/p>\n<p>    Written-By \u2013 Lennon-McCartney<\/p>\n<p>D2 \t\u2013Tina Turner With David Bowie \tTonight \t3:38<br \/>\nD3 \t\u2013Tina Turner With David Bowie \tLet&#8217;s Dance \t3:15<br \/>\nD4 \t\u2013Tina Turner With Bryan Adams \tIt&#8217;s Only Love \t3:33<br \/>\nD5 \t\u2013Tina Turner \tNutbush City Limits \t3:26<br \/>\nD6 \t\u2013Tina Turner \tParadise Is Here \t5:47<\/p>","protected":false},"excerpt":{"rendered":"<p>Capitol Records \u2013 7 90126 1, H\u00d6R ZU \u2013 198 7 90126 1, Capitol Records \u2013 1C 198-7 90126 1<br \/>\nFormat:<br \/>\n2 x Vinyl, LP, Album, Gatefold Sleeve<br \/>\nCountry:\tEurope<br \/>\nReleased:\t1988<\/p>","protected":false},"featured_media":3757,"template":"","meta":[],"product_cat":[15],"product_tag":[44],"yoast_head":"<!-- This site is optimized with the Yoast SEO plugin v23.5 - https:\/\/yoast.com\/wordpress\/plugins\/seo\/ -->\n<title>Tina Turner \u200e\u2013 Tina Live In Europe 2LP Vinilin\u0117 Plok\u0161tel\u0117 | Vinilozona.lt<\/title>\n<meta name=\"robots\" content=\"index, follow, max-snippet:-1, max-image-preview:large, max-video-preview:-1\" \/>\n<link rel=\"canonical\" href=\"https:\/\/vinilozona.lt\/en\/parduotuve\/rock-pop\/tina-turner-\u200e-tina-live-in-europe\/\" \/>\n<meta property=\"og:locale\" content=\"en_GB\" \/>\n<meta property=\"og:type\" content=\"article\" \/>\n<meta property=\"og:title\" content=\"Tina Turner \u200e\u2013 Tina Live In Europe 2LP Vinilin\u0117 Plok\u0161tel\u0117 | Vinilozona.lt\" \/>\n<meta property=\"og:description\" content=\"Capitol Records \u2013 7 90126 1, H\u00d6R ZU \u2013 198 7 90126 1, Capitol Records \u2013 1C 198-7 90126 1 Format:  2 x Vinyl, LP, Album, Gatefold Sleeve Country: Europe Released: 1988\" \/>\n<meta property=\"og:url\" content=\"https:\/\/vinilozona.lt\/en\/parduotuve\/rock-pop\/tina-turner-\u200e-tina-live-in-europe\/\" \/>\n<meta property=\"og:site_name\" content=\"Vinilo Zona\" \/>\n<meta property=\"article:modified_time\" content=\"2023-02-09T13:36:24+00:00\" \/>\n<meta property=\"og:image\" content=\"https:\/\/vinilozona.lt\/wp-content\/uploads\/2020\/01\/tina-turner-tina-live-in-europe-1.jpg\" \/>\n\t<meta property=\"og:image:width\" content=\"800\" \/>\n\t<meta property=\"og:image:height\" content=\"600\" \/>\n\t<meta property=\"og:image:type\" content=\"image\/jpeg\" \/>\n<meta name=\"twitter:card\" content=\"summary_large_image\" \/>\n<meta name=\"twitter:label1\" content=\"Estimated reading time\" \/>\n\t<meta name=\"twitter:data1\" content=\"1 minute\" \/>\n<script type=\"application\/ld+json\" class=\"yoast-schema-graph\">{\"@context\":\"https:\/\/schema.org\",\"@graph\":[{\"@type\":\"WebPage\",\"@id\":\"https:\/\/vinilozona.lt\/parduotuve\/rock-pop\/tina-turner-%e2%80%8e-tina-live-in-europe\/\",\"url\":\"https:\/\/vinilozona.lt\/parduotuve\/rock-pop\/tina-turner-%e2%80%8e-tina-live-in-europe\/\",\"name\":\"Tina Turner \u200e\u2013 Tina Live In Europe 2LP Vinilin\u0117 Plok\u0161tel\u0117 | Vinilozona.lt\",\"isPartOf\":{\"@id\":\"https:\/\/vinilozona.lt\/#website\"},\"primaryImageOfPage\":{\"@id\":\"https:\/\/vinilozona.lt\/parduotuve\/rock-pop\/tina-turner-%e2%80%8e-tina-live-in-europe\/#primaryimage\"},\"image\":{\"@id\":\"https:\/\/vinilozona.lt\/parduotuve\/rock-pop\/tina-turner-%e2%80%8e-tina-live-in-europe\/#primaryimage\"},\"thumbnailUrl\":\"https:\/\/vinilozona.lt\/wp-content\/uploads\/2020\/01\/tina-turner-tina-live-in-europe-1.jpg\",\"datePublished\":\"2022-07-22T04:10:18+00:00\",\"dateModified\":\"2023-02-09T13:36:24+00:00\",\"breadcrumb\":{\"@id\":\"https:\/\/vinilozona.lt\/parduotuve\/rock-pop\/tina-turner-%e2%80%8e-tina-live-in-europe\/#breadcrumb\"},\"inLanguage\":\"en-GB\",\"potentialAction\":[{\"@type\":\"ReadAction\",\"target\":[\"https:\/\/vinilozona.lt\/parduotuve\/rock-pop\/tina-turner-%e2%80%8e-tina-live-in-europe\/\"]}]},{\"@type\":\"ImageObject\",\"inLanguage\":\"en-GB\",\"@id\":\"https:\/\/vinilozona.lt\/parduotuve\/rock-pop\/tina-turner-%e2%80%8e-tina-live-in-europe\/#primaryimage\",\"url\":\"https:\/\/vinilozona.lt\/wp-content\/uploads\/2020\/01\/tina-turner-tina-live-in-europe-1.jpg\",\"contentUrl\":\"https:\/\/vinilozona.lt\/wp-content\/uploads\/2020\/01\/tina-turner-tina-live-in-europe-1.jpg\",\"width\":800,\"height\":600},{\"@type\":\"BreadcrumbList\",\"@id\":\"https:\/\/vinilozona.lt\/parduotuve\/rock-pop\/tina-turner-%e2%80%8e-tina-live-in-europe\/#breadcrumb\",\"itemListElement\":[{\"@type\":\"ListItem\",\"position\":1,\"name\":\"Home\",\"item\":\"https:\/\/vinilozona.lt\/\"},{\"@type\":\"ListItem\",\"position\":2,\"name\":\"Parduotuv\u0117\",\"item\":\"https:\/\/vinilozona.lt\/parduotuve\/\"},{\"@type\":\"ListItem\",\"position\":3,\"name\":\"Tina Turner \u200e\u2013 Tina Live In Europe 2LP\"}]},{\"@type\":\"WebSite\",\"@id\":\"https:\/\/vinilozona.lt\/#website\",\"url\":\"https:\/\/vinilozona.lt\/\",\"name\":\"Vinilo Zona\",\"description\":\"Nup\u016bsk dulkes ir klausyk LP\",\"potentialAction\":[{\"@type\":\"SearchAction\",\"target\":{\"@type\":\"EntryPoint\",\"urlTemplate\":\"https:\/\/vinilozona.lt\/?s={search_term_string}\"},\"query-input\":{\"@type\":\"PropertyValueSpecification\",\"valueRequired\":true,\"valueName\":\"search_term_string\"}}],\"inLanguage\":\"en-GB\"}]}<\/script>\n<!-- \/ Yoast SEO plugin. -->","yoast_head_json":{"title":"Tina Turner \u200e\u2013 Tina Live In Europe 2LP Vinilin\u0117 Plok\u0161tel\u0117 | Vinilozona.lt","robots":{"index":"index","follow":"follow","max-snippet":"max-snippet:-1","max-image-preview":"max-image-preview:large","max-video-preview":"max-video-preview:-1"},"canonical":"https:\/\/vinilozona.lt\/en\/parduotuve\/rock-pop\/tina-turner-\u200e-tina-live-in-europe\/","og_locale":"en_GB","og_type":"article","og_title":"Tina Turner \u200e\u2013 Tina Live In Europe 2LP Vinilin\u0117 Plok\u0161tel\u0117 | Vinilozona.lt","og_description":"Capitol Records \u2013 7 90126 1, H\u00d6R ZU \u2013 198 7 90126 1, Capitol Records \u2013 1C 198-7 90126 1 Format:  2 x Vinyl, LP, Album, Gatefold Sleeve Country: Europe Released: 1988","og_url":"https:\/\/vinilozona.lt\/en\/parduotuve\/rock-pop\/tina-turner-\u200e-tina-live-in-europe\/","og_site_name":"Vinilo Zona","article_modified_time":"2023-02-09T13:36:24+00:00","og_image":[{"width":800,"height":600,"url":"https:\/\/vinilozona.lt\/wp-content\/uploads\/2020\/01\/tina-turner-tina-live-in-europe-1.jpg","type":"image\/jpeg"}],"twitter_card":"summary_large_image","twitter_misc":{"Estimated reading time":"1 minute"},"schema":{"@context":"https:\/\/schema.org","@graph":[{"@type":"WebPage","@id":"https:\/\/vinilozona.lt\/parduotuve\/rock-pop\/tina-turner-%e2%80%8e-tina-live-in-europe\/","url":"https:\/\/vinilozona.lt\/parduotuve\/rock-pop\/tina-turner-%e2%80%8e-tina-live-in-europe\/","name":"Tina Turner \u200e\u2013 Tina Live In Europe 2LP Vinilin\u0117 Plok\u0161tel\u0117 | Vinilozona.lt","isPartOf":{"@id":"https:\/\/vinilozona.lt\/#website"},"primaryImageOfPage":{"@id":"https:\/\/vinilozona.lt\/parduotuve\/rock-pop\/tina-turner-%e2%80%8e-tina-live-in-europe\/#primaryimage"},"image":{"@id":"https:\/\/vinilozona.lt\/parduotuve\/rock-pop\/tina-turner-%e2%80%8e-tina-live-in-europe\/#primaryimage"},"thumbnailUrl":"https:\/\/vinilozona.lt\/wp-content\/uploads\/2020\/01\/tina-turner-tina-live-in-europe-1.jpg","datePublished":"2022-07-22T04:10:18+00:00","dateModified":"2023-02-09T13:36:24+00:00","breadcrumb":{"@id":"https:\/\/vinilozona.lt\/parduotuve\/rock-pop\/tina-turner-%e2%80%8e-tina-live-in-europe\/#breadcrumb"},"inLanguage":"en-GB","potentialAction":[{"@type":"ReadAction","target":["https:\/\/vinilozona.lt\/parduotuve\/rock-pop\/tina-turner-%e2%80%8e-tina-live-in-europe\/"]}]},{"@type":"ImageObject","inLanguage":"en-GB","@id":"https:\/\/vinilozona.lt\/parduotuve\/rock-pop\/tina-turner-%e2%80%8e-tina-live-in-europe\/#primaryimage","url":"https:\/\/vinilozona.lt\/wp-content\/uploads\/2020\/01\/tina-turner-tina-live-in-europe-1.jpg","contentUrl":"https:\/\/vinilozona.lt\/wp-content\/uploads\/2020\/01\/tina-turner-tina-live-in-europe-1.jpg","width":800,"height":600},{"@type":"BreadcrumbList","@id":"https:\/\/vinilozona.lt\/parduotuve\/rock-pop\/tina-turner-%e2%80%8e-tina-live-in-europe\/#breadcrumb","itemListElement":[{"@type":"ListItem","position":1,"name":"Home","item":"https:\/\/vinilozona.lt\/"},{"@type":"ListItem","position":2,"name":"Parduotuv\u0117","item":"https:\/\/vinilozona.lt\/parduotuve\/"},{"@type":"ListItem","position":3,"name":"Tina Turner \u200e\u2013 Tina Live In Europe 2LP"}]},{"@type":"WebSite","@id":"https:\/\/vinilozona.lt\/#website","url":"https:\/\/vinilozona.lt\/","name":"Vinilo Zona","description":"Nup\u016bsk dulkes ir klausyk LP","potentialAction":[{"@type":"SearchAction","target":{"@type":"EntryPoint","urlTemplate":"https:\/\/vinilozona.lt\/?s={search_term_string}"},"query-input":{"@type":"PropertyValueSpecification","valueRequired":true,"valueName":"search_term_string"}}],"inLanguage":"en-GB"}]}},"_links":{"self":[{"href":"https:\/\/vinilozona.lt\/en\/wp-json\/wp\/v2\/product\/3756"}],"collection":[{"href":"https:\/\/vinilozona.lt\/en\/wp-json\/wp\/v2\/product"}],"about":[{"href":"https:\/\/vinilozona.lt\/en\/wp-json\/wp\/v2\/types\/product"}],"wp:featuredmedia":[{"embeddable":true,"href":"https:\/\/vinilozona.lt\/en\/wp-json\/wp\/v2\/media\/3757"}],"wp:attachment":[{"href":"https:\/\/vinilozona.lt\/en\/wp-json\/wp\/v2\/media?parent=3756"}],"wp:term":[{"taxonomy":"product_cat","embeddable":true,"href":"https:\/\/vinilozona.lt\/en\/wp-json\/wp\/v2\/product_cat?post=3756"},{"taxonomy":"product_tag","embeddable":true,"href":"https:\/\/vinilozona.lt\/en\/wp-json\/wp\/v2\/product_tag?post=3756"}],"curies":[{"name":"wp","href":"https:\/\/api.w.org\/{rel}","templated":true}]}}