{"id":3663,"date":"2025-05-13T05:00:38","date_gmt":"2025-05-13T02:00:38","guid":{"rendered":"https:\/\/vinylhome.lt\/?post_type=product&#038;p=3663"},"modified":"2025-05-13T05:46:48","modified_gmt":"2025-05-13T02:46:48","slug":"poco-the-very-best-of-poco","status":"publish","type":"product","link":"https:\/\/vinilozona.lt\/en\/parduotuve\/rock-pop\/poco-the-very-best-of-poco\/","title":{"rendered":"Poco &#8211; The Very Best Of Poco  2LP"},"content":{"rendered":"<p>You Better Think Twice\t3:17<br \/>\nJust For Me And You\t3:34<br \/>\nBad Weather\t5:01<br \/>\nFools Gold\t2:19<br \/>\nA Good Feelin&#8217; To Know\t3:54<br \/>\nAnother Time Around\t5:04<br \/>\nFaith In The Families\t3:41<br \/>\nMedley\t(10:10)<br \/>\nJust In Case It Happens, Yes Indeed<br \/>\nGrand Junction<br \/>\nConsequently So Long<br \/>\nRailroad Days\t3:36<br \/>\nSweet Lovin&#8217;\t6:26<br \/>\nRocky Mountain Breakdown\t2:15<br \/>\nHere We Go Again\t3:26<br \/>\nC&#8217;mon\t3:55<br \/>\nA Right Along\t4:40<br \/>\nA Man Like Me\t4:14<br \/>\nAnd Settlin&#8217; Down\t3:41<br \/>\nSkatin&#8217;\t4:40<br \/>\nPickin&#8217; Up The Pieces\t3:15<\/p>","protected":false},"excerpt":{"rendered":"<p>Epic \u2013 EPC 88135<br \/>\nFormat:<br \/>\n2 x Vinyl, LP, Compilation, Yellow Labels<br \/>\nCountry:<br \/>\nUK<br \/>\nReleased:<br \/>\n1975<\/p>","protected":false},"featured_media":3664,"template":"","meta":[],"product_cat":[15],"product_tag":[55],"yoast_head":"<!-- This site is optimized with the Yoast SEO plugin v23.5 - https:\/\/yoast.com\/wordpress\/plugins\/seo\/ -->\n<title>Poco - The Very Best Of Poco 2LP Vinilin\u0117 Plok\u0161tel\u0117 | Vinilozona.lt<\/title>\n<meta name=\"robots\" content=\"index, follow, max-snippet:-1, max-image-preview:large, max-video-preview:-1\" \/>\n<link rel=\"canonical\" href=\"https:\/\/vinilozona.lt\/en\/parduotuve\/rock-pop\/poco-the-very-best-of-poco\/\" \/>\n<meta property=\"og:locale\" content=\"en_GB\" \/>\n<meta property=\"og:type\" content=\"article\" \/>\n<meta property=\"og:title\" content=\"Poco - The Very Best Of Poco 2LP Vinilin\u0117 Plok\u0161tel\u0117 | Vinilozona.lt\" \/>\n<meta property=\"og:description\" content=\"Epic \u2013 EPC 88135 Format: 2 x Vinyl, LP, Compilation, Yellow Labels Country: UK Released: 1975\" \/>\n<meta property=\"og:url\" content=\"https:\/\/vinilozona.lt\/en\/parduotuve\/rock-pop\/poco-the-very-best-of-poco\/\" \/>\n<meta property=\"og:site_name\" content=\"Vinilo Zona\" \/>\n<meta property=\"article:modified_time\" content=\"2025-05-13T02:46:48+00:00\" \/>\n<meta property=\"og:image\" content=\"https:\/\/vinilozona.lt\/wp-content\/uploads\/2020\/01\/poco-the-very-best-of-poco-1.jpg\" \/>\n\t<meta property=\"og:image:width\" content=\"800\" \/>\n\t<meta property=\"og:image:height\" content=\"600\" \/>\n\t<meta property=\"og:image:type\" content=\"image\/jpeg\" \/>\n<meta name=\"twitter:card\" content=\"summary_large_image\" \/>\n<meta name=\"twitter:label1\" content=\"Estimated reading time\" \/>\n\t<meta name=\"twitter:data1\" content=\"1 minute\" \/>\n<script type=\"application\/ld+json\" class=\"yoast-schema-graph\">{\"@context\":\"https:\/\/schema.org\",\"@graph\":[{\"@type\":\"WebPage\",\"@id\":\"https:\/\/vinilozona.lt\/parduotuve\/rock-pop\/poco-the-very-best-of-poco\/\",\"url\":\"https:\/\/vinilozona.lt\/parduotuve\/rock-pop\/poco-the-very-best-of-poco\/\",\"name\":\"Poco - The Very Best Of Poco 2LP Vinilin\u0117 Plok\u0161tel\u0117 | Vinilozona.lt\",\"isPartOf\":{\"@id\":\"https:\/\/vinilozona.lt\/#website\"},\"primaryImageOfPage\":{\"@id\":\"https:\/\/vinilozona.lt\/parduotuve\/rock-pop\/poco-the-very-best-of-poco\/#primaryimage\"},\"image\":{\"@id\":\"https:\/\/vinilozona.lt\/parduotuve\/rock-pop\/poco-the-very-best-of-poco\/#primaryimage\"},\"thumbnailUrl\":\"https:\/\/vinilozona.lt\/wp-content\/uploads\/2020\/01\/poco-the-very-best-of-poco-1.jpg\",\"datePublished\":\"2025-05-13T02:00:38+00:00\",\"dateModified\":\"2025-05-13T02:46:48+00:00\",\"breadcrumb\":{\"@id\":\"https:\/\/vinilozona.lt\/parduotuve\/rock-pop\/poco-the-very-best-of-poco\/#breadcrumb\"},\"inLanguage\":\"en-GB\",\"potentialAction\":[{\"@type\":\"ReadAction\",\"target\":[\"https:\/\/vinilozona.lt\/parduotuve\/rock-pop\/poco-the-very-best-of-poco\/\"]}]},{\"@type\":\"ImageObject\",\"inLanguage\":\"en-GB\",\"@id\":\"https:\/\/vinilozona.lt\/parduotuve\/rock-pop\/poco-the-very-best-of-poco\/#primaryimage\",\"url\":\"https:\/\/vinilozona.lt\/wp-content\/uploads\/2020\/01\/poco-the-very-best-of-poco-1.jpg\",\"contentUrl\":\"https:\/\/vinilozona.lt\/wp-content\/uploads\/2020\/01\/poco-the-very-best-of-poco-1.jpg\",\"width\":800,\"height\":600},{\"@type\":\"BreadcrumbList\",\"@id\":\"https:\/\/vinilozona.lt\/parduotuve\/rock-pop\/poco-the-very-best-of-poco\/#breadcrumb\",\"itemListElement\":[{\"@type\":\"ListItem\",\"position\":1,\"name\":\"Home\",\"item\":\"https:\/\/vinilozona.lt\/\"},{\"@type\":\"ListItem\",\"position\":2,\"name\":\"Parduotuv\u0117\",\"item\":\"https:\/\/vinilozona.lt\/parduotuve\/\"},{\"@type\":\"ListItem\",\"position\":3,\"name\":\"Poco &#8211; The Very Best Of Poco 2LP\"}]},{\"@type\":\"WebSite\",\"@id\":\"https:\/\/vinilozona.lt\/#website\",\"url\":\"https:\/\/vinilozona.lt\/\",\"name\":\"Vinilo Zona\",\"description\":\"Nup\u016bsk dulkes ir klausyk LP\",\"potentialAction\":[{\"@type\":\"SearchAction\",\"target\":{\"@type\":\"EntryPoint\",\"urlTemplate\":\"https:\/\/vinilozona.lt\/?s={search_term_string}\"},\"query-input\":{\"@type\":\"PropertyValueSpecification\",\"valueRequired\":true,\"valueName\":\"search_term_string\"}}],\"inLanguage\":\"en-GB\"}]}<\/script>\n<!-- \/ Yoast SEO plugin. -->","yoast_head_json":{"title":"Poco - The Very Best Of Poco 2LP Vinilin\u0117 Plok\u0161tel\u0117 | Vinilozona.lt","robots":{"index":"index","follow":"follow","max-snippet":"max-snippet:-1","max-image-preview":"max-image-preview:large","max-video-preview":"max-video-preview:-1"},"canonical":"https:\/\/vinilozona.lt\/en\/parduotuve\/rock-pop\/poco-the-very-best-of-poco\/","og_locale":"en_GB","og_type":"article","og_title":"Poco - The Very Best Of Poco 2LP Vinilin\u0117 Plok\u0161tel\u0117 | Vinilozona.lt","og_description":"Epic \u2013 EPC 88135 Format: 2 x Vinyl, LP, Compilation, Yellow Labels Country: UK Released: 1975","og_url":"https:\/\/vinilozona.lt\/en\/parduotuve\/rock-pop\/poco-the-very-best-of-poco\/","og_site_name":"Vinilo Zona","article_modified_time":"2025-05-13T02:46:48+00:00","og_image":[{"width":800,"height":600,"url":"https:\/\/vinilozona.lt\/wp-content\/uploads\/2020\/01\/poco-the-very-best-of-poco-1.jpg","type":"image\/jpeg"}],"twitter_card":"summary_large_image","twitter_misc":{"Estimated reading time":"1 minute"},"schema":{"@context":"https:\/\/schema.org","@graph":[{"@type":"WebPage","@id":"https:\/\/vinilozona.lt\/parduotuve\/rock-pop\/poco-the-very-best-of-poco\/","url":"https:\/\/vinilozona.lt\/parduotuve\/rock-pop\/poco-the-very-best-of-poco\/","name":"Poco - The Very Best Of Poco 2LP Vinilin\u0117 Plok\u0161tel\u0117 | Vinilozona.lt","isPartOf":{"@id":"https:\/\/vinilozona.lt\/#website"},"primaryImageOfPage":{"@id":"https:\/\/vinilozona.lt\/parduotuve\/rock-pop\/poco-the-very-best-of-poco\/#primaryimage"},"image":{"@id":"https:\/\/vinilozona.lt\/parduotuve\/rock-pop\/poco-the-very-best-of-poco\/#primaryimage"},"thumbnailUrl":"https:\/\/vinilozona.lt\/wp-content\/uploads\/2020\/01\/poco-the-very-best-of-poco-1.jpg","datePublished":"2025-05-13T02:00:38+00:00","dateModified":"2025-05-13T02:46:48+00:00","breadcrumb":{"@id":"https:\/\/vinilozona.lt\/parduotuve\/rock-pop\/poco-the-very-best-of-poco\/#breadcrumb"},"inLanguage":"en-GB","potentialAction":[{"@type":"ReadAction","target":["https:\/\/vinilozona.lt\/parduotuve\/rock-pop\/poco-the-very-best-of-poco\/"]}]},{"@type":"ImageObject","inLanguage":"en-GB","@id":"https:\/\/vinilozona.lt\/parduotuve\/rock-pop\/poco-the-very-best-of-poco\/#primaryimage","url":"https:\/\/vinilozona.lt\/wp-content\/uploads\/2020\/01\/poco-the-very-best-of-poco-1.jpg","contentUrl":"https:\/\/vinilozona.lt\/wp-content\/uploads\/2020\/01\/poco-the-very-best-of-poco-1.jpg","width":800,"height":600},{"@type":"BreadcrumbList","@id":"https:\/\/vinilozona.lt\/parduotuve\/rock-pop\/poco-the-very-best-of-poco\/#breadcrumb","itemListElement":[{"@type":"ListItem","position":1,"name":"Home","item":"https:\/\/vinilozona.lt\/"},{"@type":"ListItem","position":2,"name":"Parduotuv\u0117","item":"https:\/\/vinilozona.lt\/parduotuve\/"},{"@type":"ListItem","position":3,"name":"Poco &#8211; The Very Best Of Poco 2LP"}]},{"@type":"WebSite","@id":"https:\/\/vinilozona.lt\/#website","url":"https:\/\/vinilozona.lt\/","name":"Vinilo Zona","description":"Nup\u016bsk dulkes ir klausyk LP","potentialAction":[{"@type":"SearchAction","target":{"@type":"EntryPoint","urlTemplate":"https:\/\/vinilozona.lt\/?s={search_term_string}"},"query-input":{"@type":"PropertyValueSpecification","valueRequired":true,"valueName":"search_term_string"}}],"inLanguage":"en-GB"}]}},"_links":{"self":[{"href":"https:\/\/vinilozona.lt\/en\/wp-json\/wp\/v2\/product\/3663"}],"collection":[{"href":"https:\/\/vinilozona.lt\/en\/wp-json\/wp\/v2\/product"}],"about":[{"href":"https:\/\/vinilozona.lt\/en\/wp-json\/wp\/v2\/types\/product"}],"wp:featuredmedia":[{"embeddable":true,"href":"https:\/\/vinilozona.lt\/en\/wp-json\/wp\/v2\/media\/3664"}],"wp:attachment":[{"href":"https:\/\/vinilozona.lt\/en\/wp-json\/wp\/v2\/media?parent=3663"}],"wp:term":[{"taxonomy":"product_cat","embeddable":true,"href":"https:\/\/vinilozona.lt\/en\/wp-json\/wp\/v2\/product_cat?post=3663"},{"taxonomy":"product_tag","embeddable":true,"href":"https:\/\/vinilozona.lt\/en\/wp-json\/wp\/v2\/product_tag?post=3663"}],"curies":[{"name":"wp","href":"https:\/\/api.w.org\/{rel}","templated":true}]}}