{"id":3661,"date":"2024-06-05T05:01:27","date_gmt":"2024-06-05T02:01:27","guid":{"rendered":"https:\/\/vinylhome.lt\/?post_type=product&#038;p=3661"},"modified":"2024-06-05T21:06:27","modified_gmt":"2024-06-05T18:06:27","slug":"placido-domingo-be-my-love","status":"publish","type":"product","link":"https:\/\/vinilozona.lt\/en\/parduotuve\/classic\/placido-domingo-be-my-love\/","title":{"rendered":"Placido Domingo \u2013 The Best Of Domingo"},"content":{"rendered":"<p>A1\t\tAida: &#8222;Se Quel Guerrier Io Fossi!&#8230;Celeste Aida&#8221; 4:31<br \/>\nA2\t\tRigoletto: &#8222;La Donna E&#8217; Mobile&#8221;  3:05<br \/>\nA3\t\tLuisa Miller: &#8222;Oh! Fede Negar Potessi Agl&#8217;Occhi Miei!&#8230;Quando Le Sere&#8221;  5:21<br \/>\nA4\t\tUn Ballo In Maschera: &#8222;Forse La Soglia Attinse&#8230;Ma Se M&#8217;\u00e8 Forza Perderti&#8221;  5:14<br \/>\nA5\t\tCarmen: &#8222;La Fleur Que Tu M&#8217;Avais Jet\u00e9e&#8221;  3:54<br \/>\nB1\t\tTurandot: &#8222;Nessun Dorma&#8221;  3:20<br \/>\nB2\t\tMartha: &#8222;Ach So Fromm&#8221;  3:00<br \/>\nB3\t\tL&#8217;Elisir D&#8217;Amore: &#8222;Una Furtiva Lagrima&#8221;  4:36<br \/>\nB4\t\tLa Traviata: &#8222;Lunge Da Lei&#8230;.De&#8217; Miei Bollenti Spiriti&#8221;  3:33<br \/>\nB5\t\tUn Ballo In Maschera: &#8222;Di&#8217; Tu Se Fedele Il Flutto M&#8217;Aspetta&#8221;  3:17<br \/>\nB6\t\tLes Contes D&#8217;Hoffman: The Ballad Of Kleinzach. Das Lied Vom Kleinzack  5:31<\/p>","protected":false},"excerpt":{"rendered":"<p>Deutsche Grammophon \u2013 2531 386<br \/>\nFormat:<br \/>\nVinyl, LP, Compilation, Stereo<br \/>\nCountry:\tGermany<br \/>\nReleased:\t1982<\/p>","protected":false},"featured_media":25073,"template":"","meta":[],"product_cat":[22],"product_tag":[44],"yoast_head":"<!-- This site is optimized with the Yoast SEO plugin v23.5 - https:\/\/yoast.com\/wordpress\/plugins\/seo\/ -->\n<title>Placido Domingo \u2013 The Best Of Domingo Vinilin\u0117 Plok\u0161tel\u0117 | Vinilozona.lt<\/title>\n<meta name=\"robots\" content=\"index, follow, max-snippet:-1, max-image-preview:large, max-video-preview:-1\" \/>\n<link rel=\"canonical\" href=\"https:\/\/vinilozona.lt\/en\/parduotuve\/classic\/placido-domingo-be-my-love\/\" \/>\n<meta property=\"og:locale\" content=\"en_GB\" \/>\n<meta property=\"og:type\" content=\"article\" \/>\n<meta property=\"og:title\" content=\"Placido Domingo \u2013 The Best Of Domingo Vinilin\u0117 Plok\u0161tel\u0117 | Vinilozona.lt\" \/>\n<meta property=\"og:description\" content=\"Deutsche Grammophon \u2013 2531 386 Format:  Vinyl, LP, Compilation, Stereo Country: Germany Released: 1982\" \/>\n<meta property=\"og:url\" content=\"https:\/\/vinilozona.lt\/en\/parduotuve\/classic\/placido-domingo-be-my-love\/\" \/>\n<meta property=\"og:site_name\" content=\"Vinilo Zona\" \/>\n<meta property=\"article:modified_time\" content=\"2024-06-05T18:06:27+00:00\" \/>\n<meta property=\"og:image\" content=\"https:\/\/vinilozona.lt\/wp-content\/uploads\/2020\/01\/R-3401356-1664543924-3570.jpg\" \/>\n\t<meta property=\"og:image:width\" content=\"600\" \/>\n\t<meta property=\"og:image:height\" content=\"584\" \/>\n\t<meta property=\"og:image:type\" content=\"image\/jpeg\" \/>\n<meta name=\"twitter:card\" content=\"summary_large_image\" \/>\n<script type=\"application\/ld+json\" class=\"yoast-schema-graph\">{\"@context\":\"https:\/\/schema.org\",\"@graph\":[{\"@type\":\"WebPage\",\"@id\":\"https:\/\/vinilozona.lt\/parduotuve\/classic\/placido-domingo-be-my-love\/\",\"url\":\"https:\/\/vinilozona.lt\/parduotuve\/classic\/placido-domingo-be-my-love\/\",\"name\":\"Placido Domingo \u2013 The Best Of Domingo Vinilin\u0117 Plok\u0161tel\u0117 | Vinilozona.lt\",\"isPartOf\":{\"@id\":\"https:\/\/vinilozona.lt\/#website\"},\"primaryImageOfPage\":{\"@id\":\"https:\/\/vinilozona.lt\/parduotuve\/classic\/placido-domingo-be-my-love\/#primaryimage\"},\"image\":{\"@id\":\"https:\/\/vinilozona.lt\/parduotuve\/classic\/placido-domingo-be-my-love\/#primaryimage\"},\"thumbnailUrl\":\"https:\/\/vinilozona.lt\/wp-content\/uploads\/2020\/01\/R-3401356-1664543924-3570.jpg\",\"datePublished\":\"2024-06-05T02:01:27+00:00\",\"dateModified\":\"2024-06-05T18:06:27+00:00\",\"breadcrumb\":{\"@id\":\"https:\/\/vinilozona.lt\/parduotuve\/classic\/placido-domingo-be-my-love\/#breadcrumb\"},\"inLanguage\":\"en-GB\",\"potentialAction\":[{\"@type\":\"ReadAction\",\"target\":[\"https:\/\/vinilozona.lt\/parduotuve\/classic\/placido-domingo-be-my-love\/\"]}]},{\"@type\":\"ImageObject\",\"inLanguage\":\"en-GB\",\"@id\":\"https:\/\/vinilozona.lt\/parduotuve\/classic\/placido-domingo-be-my-love\/#primaryimage\",\"url\":\"https:\/\/vinilozona.lt\/wp-content\/uploads\/2020\/01\/R-3401356-1664543924-3570.jpg\",\"contentUrl\":\"https:\/\/vinilozona.lt\/wp-content\/uploads\/2020\/01\/R-3401356-1664543924-3570.jpg\",\"width\":600,\"height\":584},{\"@type\":\"BreadcrumbList\",\"@id\":\"https:\/\/vinilozona.lt\/parduotuve\/classic\/placido-domingo-be-my-love\/#breadcrumb\",\"itemListElement\":[{\"@type\":\"ListItem\",\"position\":1,\"name\":\"Home\",\"item\":\"https:\/\/vinilozona.lt\/\"},{\"@type\":\"ListItem\",\"position\":2,\"name\":\"Parduotuv\u0117\",\"item\":\"https:\/\/vinilozona.lt\/parduotuve\/\"},{\"@type\":\"ListItem\",\"position\":3,\"name\":\"Placido Domingo \u2013 The Best Of Domingo\"}]},{\"@type\":\"WebSite\",\"@id\":\"https:\/\/vinilozona.lt\/#website\",\"url\":\"https:\/\/vinilozona.lt\/\",\"name\":\"Vinilo Zona\",\"description\":\"Nup\u016bsk dulkes ir klausyk LP\",\"potentialAction\":[{\"@type\":\"SearchAction\",\"target\":{\"@type\":\"EntryPoint\",\"urlTemplate\":\"https:\/\/vinilozona.lt\/?s={search_term_string}\"},\"query-input\":{\"@type\":\"PropertyValueSpecification\",\"valueRequired\":true,\"valueName\":\"search_term_string\"}}],\"inLanguage\":\"en-GB\"}]}<\/script>\n<!-- \/ Yoast SEO plugin. -->","yoast_head_json":{"title":"Placido Domingo \u2013 The Best Of Domingo Vinilin\u0117 Plok\u0161tel\u0117 | Vinilozona.lt","robots":{"index":"index","follow":"follow","max-snippet":"max-snippet:-1","max-image-preview":"max-image-preview:large","max-video-preview":"max-video-preview:-1"},"canonical":"https:\/\/vinilozona.lt\/en\/parduotuve\/classic\/placido-domingo-be-my-love\/","og_locale":"en_GB","og_type":"article","og_title":"Placido Domingo \u2013 The Best Of Domingo Vinilin\u0117 Plok\u0161tel\u0117 | Vinilozona.lt","og_description":"Deutsche Grammophon \u2013 2531 386 Format:  Vinyl, LP, Compilation, Stereo Country: Germany Released: 1982","og_url":"https:\/\/vinilozona.lt\/en\/parduotuve\/classic\/placido-domingo-be-my-love\/","og_site_name":"Vinilo Zona","article_modified_time":"2024-06-05T18:06:27+00:00","og_image":[{"width":600,"height":584,"url":"https:\/\/vinilozona.lt\/wp-content\/uploads\/2020\/01\/R-3401356-1664543924-3570.jpg","type":"image\/jpeg"}],"twitter_card":"summary_large_image","schema":{"@context":"https:\/\/schema.org","@graph":[{"@type":"WebPage","@id":"https:\/\/vinilozona.lt\/parduotuve\/classic\/placido-domingo-be-my-love\/","url":"https:\/\/vinilozona.lt\/parduotuve\/classic\/placido-domingo-be-my-love\/","name":"Placido Domingo \u2013 The Best Of Domingo Vinilin\u0117 Plok\u0161tel\u0117 | Vinilozona.lt","isPartOf":{"@id":"https:\/\/vinilozona.lt\/#website"},"primaryImageOfPage":{"@id":"https:\/\/vinilozona.lt\/parduotuve\/classic\/placido-domingo-be-my-love\/#primaryimage"},"image":{"@id":"https:\/\/vinilozona.lt\/parduotuve\/classic\/placido-domingo-be-my-love\/#primaryimage"},"thumbnailUrl":"https:\/\/vinilozona.lt\/wp-content\/uploads\/2020\/01\/R-3401356-1664543924-3570.jpg","datePublished":"2024-06-05T02:01:27+00:00","dateModified":"2024-06-05T18:06:27+00:00","breadcrumb":{"@id":"https:\/\/vinilozona.lt\/parduotuve\/classic\/placido-domingo-be-my-love\/#breadcrumb"},"inLanguage":"en-GB","potentialAction":[{"@type":"ReadAction","target":["https:\/\/vinilozona.lt\/parduotuve\/classic\/placido-domingo-be-my-love\/"]}]},{"@type":"ImageObject","inLanguage":"en-GB","@id":"https:\/\/vinilozona.lt\/parduotuve\/classic\/placido-domingo-be-my-love\/#primaryimage","url":"https:\/\/vinilozona.lt\/wp-content\/uploads\/2020\/01\/R-3401356-1664543924-3570.jpg","contentUrl":"https:\/\/vinilozona.lt\/wp-content\/uploads\/2020\/01\/R-3401356-1664543924-3570.jpg","width":600,"height":584},{"@type":"BreadcrumbList","@id":"https:\/\/vinilozona.lt\/parduotuve\/classic\/placido-domingo-be-my-love\/#breadcrumb","itemListElement":[{"@type":"ListItem","position":1,"name":"Home","item":"https:\/\/vinilozona.lt\/"},{"@type":"ListItem","position":2,"name":"Parduotuv\u0117","item":"https:\/\/vinilozona.lt\/parduotuve\/"},{"@type":"ListItem","position":3,"name":"Placido Domingo \u2013 The Best Of Domingo"}]},{"@type":"WebSite","@id":"https:\/\/vinilozona.lt\/#website","url":"https:\/\/vinilozona.lt\/","name":"Vinilo Zona","description":"Nup\u016bsk dulkes ir klausyk LP","potentialAction":[{"@type":"SearchAction","target":{"@type":"EntryPoint","urlTemplate":"https:\/\/vinilozona.lt\/?s={search_term_string}"},"query-input":{"@type":"PropertyValueSpecification","valueRequired":true,"valueName":"search_term_string"}}],"inLanguage":"en-GB"}]}},"_links":{"self":[{"href":"https:\/\/vinilozona.lt\/en\/wp-json\/wp\/v2\/product\/3661"}],"collection":[{"href":"https:\/\/vinilozona.lt\/en\/wp-json\/wp\/v2\/product"}],"about":[{"href":"https:\/\/vinilozona.lt\/en\/wp-json\/wp\/v2\/types\/product"}],"wp:featuredmedia":[{"embeddable":true,"href":"https:\/\/vinilozona.lt\/en\/wp-json\/wp\/v2\/media\/25073"}],"wp:attachment":[{"href":"https:\/\/vinilozona.lt\/en\/wp-json\/wp\/v2\/media?parent=3661"}],"wp:term":[{"taxonomy":"product_cat","embeddable":true,"href":"https:\/\/vinilozona.lt\/en\/wp-json\/wp\/v2\/product_cat?post=3661"},{"taxonomy":"product_tag","embeddable":true,"href":"https:\/\/vinilozona.lt\/en\/wp-json\/wp\/v2\/product_tag?post=3661"}],"curies":[{"name":"wp","href":"https:\/\/api.w.org\/{rel}","templated":true}]}}