{"id":3585,"date":"2025-11-11T17:20:57","date_gmt":"2025-11-11T15:20:57","guid":{"rendered":"https:\/\/vinylhome.lt\/?post_type=product&#038;p=3585"},"modified":"2026-03-15T11:53:57","modified_gmt":"2026-03-15T09:53:57","slug":"peter-tosh-%e2%80%8e-bush-doctor","status":"publish","type":"product","link":"https:\/\/vinilozona.lt\/en\/parduotuve\/rock-pop\/peter-tosh-%e2%80%8e-bush-doctor\/","title":{"rendered":"Peter Tosh \u200e\u2013 Bush Doctor"},"content":{"rendered":"<p>A1\t\t(You Gotta Walk) Don&#8217;t Look Back<br \/>\nA2\t\tPick Myself Up<br \/>\nA3\t\tI&#8217;m The Toughest<br \/>\nA4\t\tSoon Come<br \/>\nA5\t\t&#8222;Moses&#8221;- The Prophet<br \/>\nB1\t\tBush Doctor<br \/>\nB2\t\tStand Firm<br \/>\nB3\t\tDem Ha Fe Get A Beatin<br \/>\nB4\t\tCreation<\/p>","protected":false},"excerpt":{"rendered":"<p>Rolling Stones Records \u2013 1A 038 1575361<br \/>\nFormat:<br \/>\nVinyl, LP, Album, Reissue, Repress<br \/>\nCountry:<br \/>\nNetherlands<br \/>\nReleased:<br \/>\n1978<\/p>","protected":false},"featured_media":3586,"template":"","meta":[],"product_cat":[15],"product_tag":[44],"yoast_head":"<!-- This site is optimized with the Yoast SEO plugin v23.5 - https:\/\/yoast.com\/wordpress\/plugins\/seo\/ -->\n<title>Peter Tosh \u200e\u2013 Bush Doctor Vinilin\u0117 Plok\u0161tel\u0117 | Vinilozona.lt<\/title>\n<meta name=\"robots\" content=\"index, follow, max-snippet:-1, max-image-preview:large, max-video-preview:-1\" \/>\n<link rel=\"canonical\" href=\"https:\/\/vinilozona.lt\/en\/parduotuve\/rock-pop\/peter-tosh-\u200e-bush-doctor\/\" \/>\n<meta property=\"og:locale\" content=\"en_GB\" \/>\n<meta property=\"og:type\" content=\"article\" \/>\n<meta property=\"og:title\" content=\"Peter Tosh \u200e\u2013 Bush Doctor Vinilin\u0117 Plok\u0161tel\u0117 | Vinilozona.lt\" \/>\n<meta property=\"og:description\" content=\"Rolling Stones Records \u2013 1A 038 1575361 Format: Vinyl, LP, Album, Reissue, Repress Country: Netherlands Released: 1978\" \/>\n<meta property=\"og:url\" content=\"https:\/\/vinilozona.lt\/en\/parduotuve\/rock-pop\/peter-tosh-\u200e-bush-doctor\/\" \/>\n<meta property=\"og:site_name\" content=\"Vinilo Zona\" \/>\n<meta property=\"article:modified_time\" content=\"2026-03-15T09:53:57+00:00\" \/>\n<meta property=\"og:image\" content=\"https:\/\/vinilozona.lt\/wp-content\/uploads\/2020\/01\/peter-tosh-bush-doctor-1.jpg\" \/>\n\t<meta property=\"og:image:width\" content=\"807\" \/>\n\t<meta property=\"og:image:height\" content=\"605\" \/>\n\t<meta property=\"og:image:type\" content=\"image\/jpeg\" \/>\n<meta name=\"twitter:card\" content=\"summary_large_image\" \/>\n<meta name=\"twitter:label1\" content=\"Estimated reading time\" \/>\n\t<meta name=\"twitter:data1\" content=\"1 minute\" \/>\n<script type=\"application\/ld+json\" class=\"yoast-schema-graph\">{\"@context\":\"https:\/\/schema.org\",\"@graph\":[{\"@type\":\"WebPage\",\"@id\":\"https:\/\/vinilozona.lt\/parduotuve\/rock-pop\/peter-tosh-%e2%80%8e-bush-doctor\/\",\"url\":\"https:\/\/vinilozona.lt\/parduotuve\/rock-pop\/peter-tosh-%e2%80%8e-bush-doctor\/\",\"name\":\"Peter Tosh \u200e\u2013 Bush Doctor Vinilin\u0117 Plok\u0161tel\u0117 | Vinilozona.lt\",\"isPartOf\":{\"@id\":\"https:\/\/vinilozona.lt\/#website\"},\"primaryImageOfPage\":{\"@id\":\"https:\/\/vinilozona.lt\/parduotuve\/rock-pop\/peter-tosh-%e2%80%8e-bush-doctor\/#primaryimage\"},\"image\":{\"@id\":\"https:\/\/vinilozona.lt\/parduotuve\/rock-pop\/peter-tosh-%e2%80%8e-bush-doctor\/#primaryimage\"},\"thumbnailUrl\":\"https:\/\/vinilozona.lt\/wp-content\/uploads\/2020\/01\/peter-tosh-bush-doctor-1.jpg\",\"datePublished\":\"2025-11-11T15:20:57+00:00\",\"dateModified\":\"2026-03-15T09:53:57+00:00\",\"breadcrumb\":{\"@id\":\"https:\/\/vinilozona.lt\/parduotuve\/rock-pop\/peter-tosh-%e2%80%8e-bush-doctor\/#breadcrumb\"},\"inLanguage\":\"en-GB\",\"potentialAction\":[{\"@type\":\"ReadAction\",\"target\":[\"https:\/\/vinilozona.lt\/parduotuve\/rock-pop\/peter-tosh-%e2%80%8e-bush-doctor\/\"]}]},{\"@type\":\"ImageObject\",\"inLanguage\":\"en-GB\",\"@id\":\"https:\/\/vinilozona.lt\/parduotuve\/rock-pop\/peter-tosh-%e2%80%8e-bush-doctor\/#primaryimage\",\"url\":\"https:\/\/vinilozona.lt\/wp-content\/uploads\/2020\/01\/peter-tosh-bush-doctor-1.jpg\",\"contentUrl\":\"https:\/\/vinilozona.lt\/wp-content\/uploads\/2020\/01\/peter-tosh-bush-doctor-1.jpg\",\"width\":807,\"height\":605},{\"@type\":\"BreadcrumbList\",\"@id\":\"https:\/\/vinilozona.lt\/parduotuve\/rock-pop\/peter-tosh-%e2%80%8e-bush-doctor\/#breadcrumb\",\"itemListElement\":[{\"@type\":\"ListItem\",\"position\":1,\"name\":\"Home\",\"item\":\"https:\/\/vinilozona.lt\/\"},{\"@type\":\"ListItem\",\"position\":2,\"name\":\"Parduotuv\u0117\",\"item\":\"https:\/\/vinilozona.lt\/parduotuve\/\"},{\"@type\":\"ListItem\",\"position\":3,\"name\":\"Peter Tosh \u200e\u2013 Bush Doctor\"}]},{\"@type\":\"WebSite\",\"@id\":\"https:\/\/vinilozona.lt\/#website\",\"url\":\"https:\/\/vinilozona.lt\/\",\"name\":\"Vinilo Zona\",\"description\":\"Nup\u016bsk dulkes ir klausyk LP\",\"potentialAction\":[{\"@type\":\"SearchAction\",\"target\":{\"@type\":\"EntryPoint\",\"urlTemplate\":\"https:\/\/vinilozona.lt\/?s={search_term_string}\"},\"query-input\":{\"@type\":\"PropertyValueSpecification\",\"valueRequired\":true,\"valueName\":\"search_term_string\"}}],\"inLanguage\":\"en-GB\"}]}<\/script>\n<!-- \/ Yoast SEO plugin. -->","yoast_head_json":{"title":"Peter Tosh \u200e\u2013 Bush Doctor Vinilin\u0117 Plok\u0161tel\u0117 | Vinilozona.lt","robots":{"index":"index","follow":"follow","max-snippet":"max-snippet:-1","max-image-preview":"max-image-preview:large","max-video-preview":"max-video-preview:-1"},"canonical":"https:\/\/vinilozona.lt\/en\/parduotuve\/rock-pop\/peter-tosh-\u200e-bush-doctor\/","og_locale":"en_GB","og_type":"article","og_title":"Peter Tosh \u200e\u2013 Bush Doctor Vinilin\u0117 Plok\u0161tel\u0117 | Vinilozona.lt","og_description":"Rolling Stones Records \u2013 1A 038 1575361 Format: Vinyl, LP, Album, Reissue, Repress Country: Netherlands Released: 1978","og_url":"https:\/\/vinilozona.lt\/en\/parduotuve\/rock-pop\/peter-tosh-\u200e-bush-doctor\/","og_site_name":"Vinilo Zona","article_modified_time":"2026-03-15T09:53:57+00:00","og_image":[{"width":807,"height":605,"url":"https:\/\/vinilozona.lt\/wp-content\/uploads\/2020\/01\/peter-tosh-bush-doctor-1.jpg","type":"image\/jpeg"}],"twitter_card":"summary_large_image","twitter_misc":{"Estimated reading time":"1 minute"},"schema":{"@context":"https:\/\/schema.org","@graph":[{"@type":"WebPage","@id":"https:\/\/vinilozona.lt\/parduotuve\/rock-pop\/peter-tosh-%e2%80%8e-bush-doctor\/","url":"https:\/\/vinilozona.lt\/parduotuve\/rock-pop\/peter-tosh-%e2%80%8e-bush-doctor\/","name":"Peter Tosh \u200e\u2013 Bush Doctor Vinilin\u0117 Plok\u0161tel\u0117 | Vinilozona.lt","isPartOf":{"@id":"https:\/\/vinilozona.lt\/#website"},"primaryImageOfPage":{"@id":"https:\/\/vinilozona.lt\/parduotuve\/rock-pop\/peter-tosh-%e2%80%8e-bush-doctor\/#primaryimage"},"image":{"@id":"https:\/\/vinilozona.lt\/parduotuve\/rock-pop\/peter-tosh-%e2%80%8e-bush-doctor\/#primaryimage"},"thumbnailUrl":"https:\/\/vinilozona.lt\/wp-content\/uploads\/2020\/01\/peter-tosh-bush-doctor-1.jpg","datePublished":"2025-11-11T15:20:57+00:00","dateModified":"2026-03-15T09:53:57+00:00","breadcrumb":{"@id":"https:\/\/vinilozona.lt\/parduotuve\/rock-pop\/peter-tosh-%e2%80%8e-bush-doctor\/#breadcrumb"},"inLanguage":"en-GB","potentialAction":[{"@type":"ReadAction","target":["https:\/\/vinilozona.lt\/parduotuve\/rock-pop\/peter-tosh-%e2%80%8e-bush-doctor\/"]}]},{"@type":"ImageObject","inLanguage":"en-GB","@id":"https:\/\/vinilozona.lt\/parduotuve\/rock-pop\/peter-tosh-%e2%80%8e-bush-doctor\/#primaryimage","url":"https:\/\/vinilozona.lt\/wp-content\/uploads\/2020\/01\/peter-tosh-bush-doctor-1.jpg","contentUrl":"https:\/\/vinilozona.lt\/wp-content\/uploads\/2020\/01\/peter-tosh-bush-doctor-1.jpg","width":807,"height":605},{"@type":"BreadcrumbList","@id":"https:\/\/vinilozona.lt\/parduotuve\/rock-pop\/peter-tosh-%e2%80%8e-bush-doctor\/#breadcrumb","itemListElement":[{"@type":"ListItem","position":1,"name":"Home","item":"https:\/\/vinilozona.lt\/"},{"@type":"ListItem","position":2,"name":"Parduotuv\u0117","item":"https:\/\/vinilozona.lt\/parduotuve\/"},{"@type":"ListItem","position":3,"name":"Peter Tosh \u200e\u2013 Bush Doctor"}]},{"@type":"WebSite","@id":"https:\/\/vinilozona.lt\/#website","url":"https:\/\/vinilozona.lt\/","name":"Vinilo Zona","description":"Nup\u016bsk dulkes ir klausyk LP","potentialAction":[{"@type":"SearchAction","target":{"@type":"EntryPoint","urlTemplate":"https:\/\/vinilozona.lt\/?s={search_term_string}"},"query-input":{"@type":"PropertyValueSpecification","valueRequired":true,"valueName":"search_term_string"}}],"inLanguage":"en-GB"}]}},"_links":{"self":[{"href":"https:\/\/vinilozona.lt\/en\/wp-json\/wp\/v2\/product\/3585"}],"collection":[{"href":"https:\/\/vinilozona.lt\/en\/wp-json\/wp\/v2\/product"}],"about":[{"href":"https:\/\/vinilozona.lt\/en\/wp-json\/wp\/v2\/types\/product"}],"wp:featuredmedia":[{"embeddable":true,"href":"https:\/\/vinilozona.lt\/en\/wp-json\/wp\/v2\/media\/3586"}],"wp:attachment":[{"href":"https:\/\/vinilozona.lt\/en\/wp-json\/wp\/v2\/media?parent=3585"}],"wp:term":[{"taxonomy":"product_cat","embeddable":true,"href":"https:\/\/vinilozona.lt\/en\/wp-json\/wp\/v2\/product_cat?post=3585"},{"taxonomy":"product_tag","embeddable":true,"href":"https:\/\/vinilozona.lt\/en\/wp-json\/wp\/v2\/product_tag?post=3585"}],"curies":[{"name":"wp","href":"https:\/\/api.w.org\/{rel}","templated":true}]}}