{"id":3504,"date":"2026-02-19T05:02:13","date_gmt":"2026-02-19T03:02:13","guid":{"rendered":"https:\/\/vinylhome.lt\/?post_type=product&#038;p=3504"},"modified":"2026-02-19T06:38:22","modified_gmt":"2026-02-19T04:38:22","slug":"various-%e2%80%8e-saturday-night-fever-the-original-movie-sound-track","status":"publish","type":"product","link":"https:\/\/vinilozona.lt\/en\/parduotuve\/rock-pop\/various-%e2%80%8e-saturday-night-fever-the-original-movie-sound-track\/","title":{"rendered":"Various \u200e\u2013 Saturday Night Fever (The Original Movie Sound Track)  2LP"},"content":{"rendered":"<p>Bee Gees\tStayin&#8217; Alive\t4:43<br \/>\n\u2013Bee Gees\tHow Deep Is Your Love\t4:03<br \/>\n\u2013Bee Gees\tNight Fever\t3:33<br \/>\n\u2013Bee Gees\tMore Than A Woman\t3:15<br \/>\n\u2013Yvonne Elliman\tIf I Can&#8217;t Have You\t2:57<br \/>\n\u2013Walter Murphy\tA Fifth Of Beethoven\t3:01<br \/>\n\u2013Tavares\tMore Than A Woman\t3:16<br \/>\n\u2013David Shire\tManhattan Skyline\t4:43<br \/>\n\u2013Ralph MacDonald\tCalypso Breakdown\t7:50<br \/>\n\u2013David Shire\tNight On Disco Mountain\t5:12<br \/>\n\u2013Kool &#038; The Gang\tOpen Sesame\t3:59<br \/>\n\u2013Bee Gees\tJive Talkin&#8217;\t3:44<br \/>\n\u2013Bee Gees\tYou Should Be Dancing\t4:15<br \/>\n\u2013KC &#038; The Sunshine Band\tBoogie Shoes\t2:16<br \/>\n\u2013David Shire\tSalsation\t3:50<br \/>\n\u2013M.F.S.B.*\tK-Jee\t4:15<br \/>\n\u2013The Trammps\tDisco Inferno\t10:52<\/p>","protected":false},"excerpt":{"rendered":"<p>Label:\tRSO \u2013 2685.123<br \/>\nFormat:\t2 x Vinyl, LP, Album, Compilation, Stereo<br \/>\nCountry:\tGermany<br \/>\nReleased:\t1978<\/p>","protected":false},"featured_media":3505,"template":"","meta":[],"product_cat":[15,906],"product_tag":[44],"yoast_head":"<!-- This site is optimized with the Yoast SEO plugin v23.5 - https:\/\/yoast.com\/wordpress\/plugins\/seo\/ -->\n<title>Various \u200e\u2013 Saturday Night Fever (The Original Movie Sound Track) 2LP Vinilin\u0117 Plok\u0161tel\u0117 | Vinilozona.lt<\/title>\n<meta name=\"robots\" content=\"index, follow, max-snippet:-1, max-image-preview:large, max-video-preview:-1\" \/>\n<link rel=\"canonical\" href=\"https:\/\/vinilozona.lt\/en\/parduotuve\/rock-pop\/various-\u200e-saturday-night-fever-the-original-movie-sound-track\/\" \/>\n<meta property=\"og:locale\" content=\"en_GB\" \/>\n<meta property=\"og:type\" content=\"article\" \/>\n<meta property=\"og:title\" content=\"Various \u200e\u2013 Saturday Night Fever (The Original Movie Sound Track) 2LP Vinilin\u0117 Plok\u0161tel\u0117 | Vinilozona.lt\" \/>\n<meta property=\"og:description\" content=\"Label: RSO \u2013 2685.123 Format: 2 x Vinyl, LP, Album, Compilation, Stereo Country: Germany Released: 1978\" \/>\n<meta property=\"og:url\" content=\"https:\/\/vinilozona.lt\/en\/parduotuve\/rock-pop\/various-\u200e-saturday-night-fever-the-original-movie-sound-track\/\" \/>\n<meta property=\"og:site_name\" content=\"Vinilo Zona\" \/>\n<meta property=\"article:modified_time\" content=\"2026-02-19T04:38:22+00:00\" \/>\n<meta property=\"og:image\" content=\"https:\/\/vinilozona.lt\/wp-content\/uploads\/2020\/01\/various-saturdaynight-fever-the-original-movie-sound-track-1.jpg\" \/>\n\t<meta property=\"og:image:width\" content=\"388\" \/>\n\t<meta property=\"og:image:height\" content=\"291\" \/>\n\t<meta property=\"og:image:type\" content=\"image\/jpeg\" \/>\n<meta name=\"twitter:card\" content=\"summary_large_image\" \/>\n<meta name=\"twitter:label1\" content=\"Estimated reading time\" \/>\n\t<meta name=\"twitter:data1\" content=\"1 minute\" \/>\n<script type=\"application\/ld+json\" class=\"yoast-schema-graph\">{\"@context\":\"https:\/\/schema.org\",\"@graph\":[{\"@type\":\"WebPage\",\"@id\":\"https:\/\/vinilozona.lt\/parduotuve\/rock-pop\/various-%e2%80%8e-saturday-night-fever-the-original-movie-sound-track\/\",\"url\":\"https:\/\/vinilozona.lt\/parduotuve\/rock-pop\/various-%e2%80%8e-saturday-night-fever-the-original-movie-sound-track\/\",\"name\":\"Various \u200e\u2013 Saturday Night Fever (The Original Movie Sound Track) 2LP Vinilin\u0117 Plok\u0161tel\u0117 | Vinilozona.lt\",\"isPartOf\":{\"@id\":\"https:\/\/vinilozona.lt\/#website\"},\"primaryImageOfPage\":{\"@id\":\"https:\/\/vinilozona.lt\/parduotuve\/rock-pop\/various-%e2%80%8e-saturday-night-fever-the-original-movie-sound-track\/#primaryimage\"},\"image\":{\"@id\":\"https:\/\/vinilozona.lt\/parduotuve\/rock-pop\/various-%e2%80%8e-saturday-night-fever-the-original-movie-sound-track\/#primaryimage\"},\"thumbnailUrl\":\"https:\/\/vinilozona.lt\/wp-content\/uploads\/2020\/01\/various-saturdaynight-fever-the-original-movie-sound-track-1.jpg\",\"datePublished\":\"2026-02-19T03:02:13+00:00\",\"dateModified\":\"2026-02-19T04:38:22+00:00\",\"breadcrumb\":{\"@id\":\"https:\/\/vinilozona.lt\/parduotuve\/rock-pop\/various-%e2%80%8e-saturday-night-fever-the-original-movie-sound-track\/#breadcrumb\"},\"inLanguage\":\"en-GB\",\"potentialAction\":[{\"@type\":\"ReadAction\",\"target\":[\"https:\/\/vinilozona.lt\/parduotuve\/rock-pop\/various-%e2%80%8e-saturday-night-fever-the-original-movie-sound-track\/\"]}]},{\"@type\":\"ImageObject\",\"inLanguage\":\"en-GB\",\"@id\":\"https:\/\/vinilozona.lt\/parduotuve\/rock-pop\/various-%e2%80%8e-saturday-night-fever-the-original-movie-sound-track\/#primaryimage\",\"url\":\"https:\/\/vinilozona.lt\/wp-content\/uploads\/2020\/01\/various-saturdaynight-fever-the-original-movie-sound-track-1.jpg\",\"contentUrl\":\"https:\/\/vinilozona.lt\/wp-content\/uploads\/2020\/01\/various-saturdaynight-fever-the-original-movie-sound-track-1.jpg\",\"width\":388,\"height\":291},{\"@type\":\"BreadcrumbList\",\"@id\":\"https:\/\/vinilozona.lt\/parduotuve\/rock-pop\/various-%e2%80%8e-saturday-night-fever-the-original-movie-sound-track\/#breadcrumb\",\"itemListElement\":[{\"@type\":\"ListItem\",\"position\":1,\"name\":\"Home\",\"item\":\"https:\/\/vinilozona.lt\/\"},{\"@type\":\"ListItem\",\"position\":2,\"name\":\"Parduotuv\u0117\",\"item\":\"https:\/\/vinilozona.lt\/parduotuve\/\"},{\"@type\":\"ListItem\",\"position\":3,\"name\":\"Various \u200e\u2013 Saturday Night Fever (The Original Movie Sound Track) 2LP\"}]},{\"@type\":\"WebSite\",\"@id\":\"https:\/\/vinilozona.lt\/#website\",\"url\":\"https:\/\/vinilozona.lt\/\",\"name\":\"Vinilo Zona\",\"description\":\"Nup\u016bsk dulkes ir klausyk LP\",\"potentialAction\":[{\"@type\":\"SearchAction\",\"target\":{\"@type\":\"EntryPoint\",\"urlTemplate\":\"https:\/\/vinilozona.lt\/?s={search_term_string}\"},\"query-input\":{\"@type\":\"PropertyValueSpecification\",\"valueRequired\":true,\"valueName\":\"search_term_string\"}}],\"inLanguage\":\"en-GB\"}]}<\/script>\n<!-- \/ Yoast SEO plugin. -->","yoast_head_json":{"title":"Various \u200e\u2013 Saturday Night Fever (The Original Movie Sound Track) 2LP Vinilin\u0117 Plok\u0161tel\u0117 | Vinilozona.lt","robots":{"index":"index","follow":"follow","max-snippet":"max-snippet:-1","max-image-preview":"max-image-preview:large","max-video-preview":"max-video-preview:-1"},"canonical":"https:\/\/vinilozona.lt\/en\/parduotuve\/rock-pop\/various-\u200e-saturday-night-fever-the-original-movie-sound-track\/","og_locale":"en_GB","og_type":"article","og_title":"Various \u200e\u2013 Saturday Night Fever (The Original Movie Sound Track) 2LP Vinilin\u0117 Plok\u0161tel\u0117 | Vinilozona.lt","og_description":"Label: RSO \u2013 2685.123 Format: 2 x Vinyl, LP, Album, Compilation, Stereo Country: Germany Released: 1978","og_url":"https:\/\/vinilozona.lt\/en\/parduotuve\/rock-pop\/various-\u200e-saturday-night-fever-the-original-movie-sound-track\/","og_site_name":"Vinilo Zona","article_modified_time":"2026-02-19T04:38:22+00:00","og_image":[{"width":388,"height":291,"url":"https:\/\/vinilozona.lt\/wp-content\/uploads\/2020\/01\/various-saturdaynight-fever-the-original-movie-sound-track-1.jpg","type":"image\/jpeg"}],"twitter_card":"summary_large_image","twitter_misc":{"Estimated reading time":"1 minute"},"schema":{"@context":"https:\/\/schema.org","@graph":[{"@type":"WebPage","@id":"https:\/\/vinilozona.lt\/parduotuve\/rock-pop\/various-%e2%80%8e-saturday-night-fever-the-original-movie-sound-track\/","url":"https:\/\/vinilozona.lt\/parduotuve\/rock-pop\/various-%e2%80%8e-saturday-night-fever-the-original-movie-sound-track\/","name":"Various \u200e\u2013 Saturday Night Fever (The Original Movie Sound Track) 2LP Vinilin\u0117 Plok\u0161tel\u0117 | Vinilozona.lt","isPartOf":{"@id":"https:\/\/vinilozona.lt\/#website"},"primaryImageOfPage":{"@id":"https:\/\/vinilozona.lt\/parduotuve\/rock-pop\/various-%e2%80%8e-saturday-night-fever-the-original-movie-sound-track\/#primaryimage"},"image":{"@id":"https:\/\/vinilozona.lt\/parduotuve\/rock-pop\/various-%e2%80%8e-saturday-night-fever-the-original-movie-sound-track\/#primaryimage"},"thumbnailUrl":"https:\/\/vinilozona.lt\/wp-content\/uploads\/2020\/01\/various-saturdaynight-fever-the-original-movie-sound-track-1.jpg","datePublished":"2026-02-19T03:02:13+00:00","dateModified":"2026-02-19T04:38:22+00:00","breadcrumb":{"@id":"https:\/\/vinilozona.lt\/parduotuve\/rock-pop\/various-%e2%80%8e-saturday-night-fever-the-original-movie-sound-track\/#breadcrumb"},"inLanguage":"en-GB","potentialAction":[{"@type":"ReadAction","target":["https:\/\/vinilozona.lt\/parduotuve\/rock-pop\/various-%e2%80%8e-saturday-night-fever-the-original-movie-sound-track\/"]}]},{"@type":"ImageObject","inLanguage":"en-GB","@id":"https:\/\/vinilozona.lt\/parduotuve\/rock-pop\/various-%e2%80%8e-saturday-night-fever-the-original-movie-sound-track\/#primaryimage","url":"https:\/\/vinilozona.lt\/wp-content\/uploads\/2020\/01\/various-saturdaynight-fever-the-original-movie-sound-track-1.jpg","contentUrl":"https:\/\/vinilozona.lt\/wp-content\/uploads\/2020\/01\/various-saturdaynight-fever-the-original-movie-sound-track-1.jpg","width":388,"height":291},{"@type":"BreadcrumbList","@id":"https:\/\/vinilozona.lt\/parduotuve\/rock-pop\/various-%e2%80%8e-saturday-night-fever-the-original-movie-sound-track\/#breadcrumb","itemListElement":[{"@type":"ListItem","position":1,"name":"Home","item":"https:\/\/vinilozona.lt\/"},{"@type":"ListItem","position":2,"name":"Parduotuv\u0117","item":"https:\/\/vinilozona.lt\/parduotuve\/"},{"@type":"ListItem","position":3,"name":"Various \u200e\u2013 Saturday Night Fever (The Original Movie Sound Track) 2LP"}]},{"@type":"WebSite","@id":"https:\/\/vinilozona.lt\/#website","url":"https:\/\/vinilozona.lt\/","name":"Vinilo Zona","description":"Nup\u016bsk dulkes ir klausyk LP","potentialAction":[{"@type":"SearchAction","target":{"@type":"EntryPoint","urlTemplate":"https:\/\/vinilozona.lt\/?s={search_term_string}"},"query-input":{"@type":"PropertyValueSpecification","valueRequired":true,"valueName":"search_term_string"}}],"inLanguage":"en-GB"}]}},"_links":{"self":[{"href":"https:\/\/vinilozona.lt\/en\/wp-json\/wp\/v2\/product\/3504"}],"collection":[{"href":"https:\/\/vinilozona.lt\/en\/wp-json\/wp\/v2\/product"}],"about":[{"href":"https:\/\/vinilozona.lt\/en\/wp-json\/wp\/v2\/types\/product"}],"wp:featuredmedia":[{"embeddable":true,"href":"https:\/\/vinilozona.lt\/en\/wp-json\/wp\/v2\/media\/3505"}],"wp:attachment":[{"href":"https:\/\/vinilozona.lt\/en\/wp-json\/wp\/v2\/media?parent=3504"}],"wp:term":[{"taxonomy":"product_cat","embeddable":true,"href":"https:\/\/vinilozona.lt\/en\/wp-json\/wp\/v2\/product_cat?post=3504"},{"taxonomy":"product_tag","embeddable":true,"href":"https:\/\/vinilozona.lt\/en\/wp-json\/wp\/v2\/product_tag?post=3504"}],"curies":[{"name":"wp","href":"https:\/\/api.w.org\/{rel}","templated":true}]}}