{"id":3468,"date":"2026-04-04T05:09:28","date_gmt":"2026-04-04T02:09:28","guid":{"rendered":"https:\/\/vinylhome.lt\/?post_type=product&#038;p=3468"},"modified":"2026-04-05T11:53:26","modified_gmt":"2026-04-05T08:53:26","slug":"peter-green-%e2%80%8e-the-end-of-the-game","status":"publish","type":"product","link":"https:\/\/vinilozona.lt\/en\/parduotuve\/rock-pop\/peter-green-%e2%80%8e-the-end-of-the-game\/","title":{"rendered":"Peter Green \u200e\u2013 Peter Green"},"content":{"rendered":"<p>A1\t\tThe Super-Natural\t2:54<br \/>\nA2\t\tOut Of Reach\t4:42<br \/>\nA3\t\tThe Same Way\t2:07<br \/>\nA4\t\tYou Don&#8217;t Love Me\t2:47<br \/>\nA5\t\tMissing You\t1:57<br \/>\nA6\t\tEvil Woman Blues\t4:02<br \/>\nB1\t\tAlabama Blues\t2:29<br \/>\nB2\t\tThe Stumble\t2:50<br \/>\nB3\t\tGreeny\t3:50<br \/>\nB4\t\tCurly\t3:17<br \/>\nB5\t\tRubber Duck\t3:42<\/p>","protected":false},"excerpt":{"rendered":"<p>Decca \u2013 6.24778 AL<br \/>\nSeries:<br \/>\nTELDEC Profile<br \/>\nFormat:<br \/>\nVinyl, LP, Compilation, Stereo<br \/>\nCountry:<br \/>\nGermany<br \/>\nReleased:<br \/>\n1981<\/p>","protected":false},"featured_media":30736,"template":"","meta":[],"product_cat":[15],"product_tag":[44],"yoast_head":"<!-- This site is optimized with the Yoast SEO plugin v23.5 - https:\/\/yoast.com\/wordpress\/plugins\/seo\/ -->\n<title>Peter Green \u200e\u2013 Peter Green Vinilin\u0117 Plok\u0161tel\u0117 | Vinilozona.lt<\/title>\n<meta name=\"robots\" content=\"index, follow, max-snippet:-1, max-image-preview:large, max-video-preview:-1\" \/>\n<link rel=\"canonical\" href=\"https:\/\/vinilozona.lt\/en\/parduotuve\/rock-pop\/peter-green-\u200e-the-end-of-the-game\/\" \/>\n<meta property=\"og:locale\" content=\"en_GB\" \/>\n<meta property=\"og:type\" content=\"article\" \/>\n<meta property=\"og:title\" content=\"Peter Green \u200e\u2013 Peter Green Vinilin\u0117 Plok\u0161tel\u0117 | Vinilozona.lt\" \/>\n<meta property=\"og:description\" content=\"Decca \u2013 6.24778 AL Series: TELDEC Profile Format: Vinyl, LP, Compilation, Stereo Country: Germany Released: 1981\" \/>\n<meta property=\"og:url\" content=\"https:\/\/vinilozona.lt\/en\/parduotuve\/rock-pop\/peter-green-\u200e-the-end-of-the-game\/\" \/>\n<meta property=\"og:site_name\" content=\"Vinilo Zona\" \/>\n<meta property=\"article:modified_time\" content=\"2026-04-05T08:53:26+00:00\" \/>\n<meta property=\"og:image\" content=\"https:\/\/vinilozona.lt\/wp-content\/uploads\/2025\/05\/R-1116588-1243366994.jpg\" \/>\n\t<meta property=\"og:image:width\" content=\"600\" \/>\n\t<meta property=\"og:image:height\" content=\"593\" \/>\n\t<meta property=\"og:image:type\" content=\"image\/jpeg\" \/>\n<meta name=\"twitter:card\" content=\"summary_large_image\" \/>\n<meta name=\"twitter:label1\" content=\"Estimated reading time\" \/>\n\t<meta name=\"twitter:data1\" content=\"1 minute\" \/>\n<script type=\"application\/ld+json\" class=\"yoast-schema-graph\">{\"@context\":\"https:\/\/schema.org\",\"@graph\":[{\"@type\":\"WebPage\",\"@id\":\"https:\/\/vinilozona.lt\/parduotuve\/rock-pop\/peter-green-%e2%80%8e-the-end-of-the-game\/\",\"url\":\"https:\/\/vinilozona.lt\/parduotuve\/rock-pop\/peter-green-%e2%80%8e-the-end-of-the-game\/\",\"name\":\"Peter Green \u200e\u2013 Peter Green Vinilin\u0117 Plok\u0161tel\u0117 | Vinilozona.lt\",\"isPartOf\":{\"@id\":\"https:\/\/vinilozona.lt\/#website\"},\"primaryImageOfPage\":{\"@id\":\"https:\/\/vinilozona.lt\/parduotuve\/rock-pop\/peter-green-%e2%80%8e-the-end-of-the-game\/#primaryimage\"},\"image\":{\"@id\":\"https:\/\/vinilozona.lt\/parduotuve\/rock-pop\/peter-green-%e2%80%8e-the-end-of-the-game\/#primaryimage\"},\"thumbnailUrl\":\"https:\/\/vinilozona.lt\/wp-content\/uploads\/2025\/05\/R-1116588-1243366994.jpg\",\"datePublished\":\"2026-04-04T02:09:28+00:00\",\"dateModified\":\"2026-04-05T08:53:26+00:00\",\"breadcrumb\":{\"@id\":\"https:\/\/vinilozona.lt\/parduotuve\/rock-pop\/peter-green-%e2%80%8e-the-end-of-the-game\/#breadcrumb\"},\"inLanguage\":\"en-GB\",\"potentialAction\":[{\"@type\":\"ReadAction\",\"target\":[\"https:\/\/vinilozona.lt\/parduotuve\/rock-pop\/peter-green-%e2%80%8e-the-end-of-the-game\/\"]}]},{\"@type\":\"ImageObject\",\"inLanguage\":\"en-GB\",\"@id\":\"https:\/\/vinilozona.lt\/parduotuve\/rock-pop\/peter-green-%e2%80%8e-the-end-of-the-game\/#primaryimage\",\"url\":\"https:\/\/vinilozona.lt\/wp-content\/uploads\/2025\/05\/R-1116588-1243366994.jpg\",\"contentUrl\":\"https:\/\/vinilozona.lt\/wp-content\/uploads\/2025\/05\/R-1116588-1243366994.jpg\",\"width\":600,\"height\":593},{\"@type\":\"BreadcrumbList\",\"@id\":\"https:\/\/vinilozona.lt\/parduotuve\/rock-pop\/peter-green-%e2%80%8e-the-end-of-the-game\/#breadcrumb\",\"itemListElement\":[{\"@type\":\"ListItem\",\"position\":1,\"name\":\"Home\",\"item\":\"https:\/\/vinilozona.lt\/\"},{\"@type\":\"ListItem\",\"position\":2,\"name\":\"Parduotuv\u0117\",\"item\":\"https:\/\/vinilozona.lt\/parduotuve\/\"},{\"@type\":\"ListItem\",\"position\":3,\"name\":\"Peter Green \u200e\u2013 Peter Green\"}]},{\"@type\":\"WebSite\",\"@id\":\"https:\/\/vinilozona.lt\/#website\",\"url\":\"https:\/\/vinilozona.lt\/\",\"name\":\"Vinilo Zona\",\"description\":\"Nup\u016bsk dulkes ir klausyk LP\",\"potentialAction\":[{\"@type\":\"SearchAction\",\"target\":{\"@type\":\"EntryPoint\",\"urlTemplate\":\"https:\/\/vinilozona.lt\/?s={search_term_string}\"},\"query-input\":{\"@type\":\"PropertyValueSpecification\",\"valueRequired\":true,\"valueName\":\"search_term_string\"}}],\"inLanguage\":\"en-GB\"}]}<\/script>\n<!-- \/ Yoast SEO plugin. -->","yoast_head_json":{"title":"Peter Green \u200e\u2013 Peter Green Vinilin\u0117 Plok\u0161tel\u0117 | Vinilozona.lt","robots":{"index":"index","follow":"follow","max-snippet":"max-snippet:-1","max-image-preview":"max-image-preview:large","max-video-preview":"max-video-preview:-1"},"canonical":"https:\/\/vinilozona.lt\/en\/parduotuve\/rock-pop\/peter-green-\u200e-the-end-of-the-game\/","og_locale":"en_GB","og_type":"article","og_title":"Peter Green \u200e\u2013 Peter Green Vinilin\u0117 Plok\u0161tel\u0117 | Vinilozona.lt","og_description":"Decca \u2013 6.24778 AL Series: TELDEC Profile Format: Vinyl, LP, Compilation, Stereo Country: Germany Released: 1981","og_url":"https:\/\/vinilozona.lt\/en\/parduotuve\/rock-pop\/peter-green-\u200e-the-end-of-the-game\/","og_site_name":"Vinilo Zona","article_modified_time":"2026-04-05T08:53:26+00:00","og_image":[{"width":600,"height":593,"url":"https:\/\/vinilozona.lt\/wp-content\/uploads\/2025\/05\/R-1116588-1243366994.jpg","type":"image\/jpeg"}],"twitter_card":"summary_large_image","twitter_misc":{"Estimated reading time":"1 minute"},"schema":{"@context":"https:\/\/schema.org","@graph":[{"@type":"WebPage","@id":"https:\/\/vinilozona.lt\/parduotuve\/rock-pop\/peter-green-%e2%80%8e-the-end-of-the-game\/","url":"https:\/\/vinilozona.lt\/parduotuve\/rock-pop\/peter-green-%e2%80%8e-the-end-of-the-game\/","name":"Peter Green \u200e\u2013 Peter Green Vinilin\u0117 Plok\u0161tel\u0117 | Vinilozona.lt","isPartOf":{"@id":"https:\/\/vinilozona.lt\/#website"},"primaryImageOfPage":{"@id":"https:\/\/vinilozona.lt\/parduotuve\/rock-pop\/peter-green-%e2%80%8e-the-end-of-the-game\/#primaryimage"},"image":{"@id":"https:\/\/vinilozona.lt\/parduotuve\/rock-pop\/peter-green-%e2%80%8e-the-end-of-the-game\/#primaryimage"},"thumbnailUrl":"https:\/\/vinilozona.lt\/wp-content\/uploads\/2025\/05\/R-1116588-1243366994.jpg","datePublished":"2026-04-04T02:09:28+00:00","dateModified":"2026-04-05T08:53:26+00:00","breadcrumb":{"@id":"https:\/\/vinilozona.lt\/parduotuve\/rock-pop\/peter-green-%e2%80%8e-the-end-of-the-game\/#breadcrumb"},"inLanguage":"en-GB","potentialAction":[{"@type":"ReadAction","target":["https:\/\/vinilozona.lt\/parduotuve\/rock-pop\/peter-green-%e2%80%8e-the-end-of-the-game\/"]}]},{"@type":"ImageObject","inLanguage":"en-GB","@id":"https:\/\/vinilozona.lt\/parduotuve\/rock-pop\/peter-green-%e2%80%8e-the-end-of-the-game\/#primaryimage","url":"https:\/\/vinilozona.lt\/wp-content\/uploads\/2025\/05\/R-1116588-1243366994.jpg","contentUrl":"https:\/\/vinilozona.lt\/wp-content\/uploads\/2025\/05\/R-1116588-1243366994.jpg","width":600,"height":593},{"@type":"BreadcrumbList","@id":"https:\/\/vinilozona.lt\/parduotuve\/rock-pop\/peter-green-%e2%80%8e-the-end-of-the-game\/#breadcrumb","itemListElement":[{"@type":"ListItem","position":1,"name":"Home","item":"https:\/\/vinilozona.lt\/"},{"@type":"ListItem","position":2,"name":"Parduotuv\u0117","item":"https:\/\/vinilozona.lt\/parduotuve\/"},{"@type":"ListItem","position":3,"name":"Peter Green \u200e\u2013 Peter Green"}]},{"@type":"WebSite","@id":"https:\/\/vinilozona.lt\/#website","url":"https:\/\/vinilozona.lt\/","name":"Vinilo Zona","description":"Nup\u016bsk dulkes ir klausyk LP","potentialAction":[{"@type":"SearchAction","target":{"@type":"EntryPoint","urlTemplate":"https:\/\/vinilozona.lt\/?s={search_term_string}"},"query-input":{"@type":"PropertyValueSpecification","valueRequired":true,"valueName":"search_term_string"}}],"inLanguage":"en-GB"}]}},"_links":{"self":[{"href":"https:\/\/vinilozona.lt\/en\/wp-json\/wp\/v2\/product\/3468"}],"collection":[{"href":"https:\/\/vinilozona.lt\/en\/wp-json\/wp\/v2\/product"}],"about":[{"href":"https:\/\/vinilozona.lt\/en\/wp-json\/wp\/v2\/types\/product"}],"wp:featuredmedia":[{"embeddable":true,"href":"https:\/\/vinilozona.lt\/en\/wp-json\/wp\/v2\/media\/30736"}],"wp:attachment":[{"href":"https:\/\/vinilozona.lt\/en\/wp-json\/wp\/v2\/media?parent=3468"}],"wp:term":[{"taxonomy":"product_cat","embeddable":true,"href":"https:\/\/vinilozona.lt\/en\/wp-json\/wp\/v2\/product_cat?post=3468"},{"taxonomy":"product_tag","embeddable":true,"href":"https:\/\/vinilozona.lt\/en\/wp-json\/wp\/v2\/product_tag?post=3468"}],"curies":[{"name":"wp","href":"https:\/\/api.w.org\/{rel}","templated":true}]}}