{"id":3333,"date":"2026-03-06T05:02:27","date_gmt":"2026-03-06T03:02:27","guid":{"rendered":"https:\/\/vinylhome.lt\/?post_type=product&#038;p=3333"},"modified":"2026-02-20T17:45:41","modified_gmt":"2026-02-20T15:45:41","slug":"motorhead-no-sleep-til-hammersmith","status":"publish","type":"product","link":"https:\/\/vinilozona.lt\/en\/parduotuve\/rock-pop\/motorhead-no-sleep-til-hammersmith\/","title":{"rendered":"Mot\u00f6rhead &#8211; No Sleep &#8217;til Hammersmith"},"content":{"rendered":"<p>A1\tAce Of Spades\t3:00<br \/>\nA2\tStay Clean\t2:40<br \/>\nA3\tMetropolis\t3:30<br \/>\nA4\tThe Hammer\t3:10<br \/>\nA5\tIron Horse\t3:55<br \/>\nA6\tNo Class\t2:55<br \/>\nB1\tOverkill\t5:15<br \/>\nB2\t(We Are) The Road Crew\t3:30<br \/>\nB3\tCapricorn\t4:50<br \/>\nB4\tBomber\t3:21<br \/>\nB5\tMotorhead\t3:35<\/p>","protected":false},"excerpt":{"rendered":"<p>Label: Sanctuary \u2013 BMGRM023LP, Bronze \u2013 BMGRM023LP<br \/>\nFormat: Vinyl, LP, Album, Reissue, 180 Gram<br \/>\nCountry: Europe<br \/>\nReleased: Apr 13, 2015<\/p>","protected":false},"featured_media":3334,"template":"","meta":[],"product_cat":[15],"product_tag":[55],"yoast_head":"<!-- This site is optimized with the Yoast SEO plugin v23.5 - https:\/\/yoast.com\/wordpress\/plugins\/seo\/ -->\n<title>Mot\u00f6rhead - No Sleep &#039;til Hammersmith Vinilin\u0117 Plok\u0161tel\u0117 | Vinilozona.lt<\/title>\n<meta name=\"robots\" content=\"index, follow, max-snippet:-1, max-image-preview:large, max-video-preview:-1\" \/>\n<link rel=\"canonical\" href=\"https:\/\/vinilozona.lt\/en\/parduotuve\/rock-pop\/motorhead-no-sleep-til-hammersmith\/\" \/>\n<meta property=\"og:locale\" content=\"en_GB\" \/>\n<meta property=\"og:type\" content=\"article\" \/>\n<meta property=\"og:title\" content=\"Mot\u00f6rhead - No Sleep &#039;til Hammersmith Vinilin\u0117 Plok\u0161tel\u0117 | Vinilozona.lt\" \/>\n<meta property=\"og:description\" content=\"Label: Sanctuary \u2013 BMGRM023LP, Bronze \u2013 BMGRM023LP Format: Vinyl, LP, Album, Reissue, 180 Gram Country: Europe Released: Apr 13, 2015\" \/>\n<meta property=\"og:url\" content=\"https:\/\/vinilozona.lt\/en\/parduotuve\/rock-pop\/motorhead-no-sleep-til-hammersmith\/\" \/>\n<meta property=\"og:site_name\" content=\"Vinilo Zona\" \/>\n<meta property=\"article:modified_time\" content=\"2026-02-20T15:45:41+00:00\" \/>\n<meta property=\"og:image\" content=\"https:\/\/vinilozona.lt\/wp-content\/uploads\/2020\/01\/motoerhead-no-sleep-til-hammersmith-1.jpg\" \/>\n\t<meta property=\"og:image:width\" content=\"293\" \/>\n\t<meta property=\"og:image:height\" content=\"220\" \/>\n\t<meta property=\"og:image:type\" content=\"image\/jpeg\" \/>\n<meta name=\"twitter:card\" content=\"summary_large_image\" \/>\n<meta name=\"twitter:label1\" content=\"Estimated reading time\" \/>\n\t<meta name=\"twitter:data1\" content=\"1 minute\" \/>\n<script type=\"application\/ld+json\" class=\"yoast-schema-graph\">{\"@context\":\"https:\/\/schema.org\",\"@graph\":[{\"@type\":\"WebPage\",\"@id\":\"https:\/\/vinilozona.lt\/parduotuve\/rock-pop\/motorhead-no-sleep-til-hammersmith\/\",\"url\":\"https:\/\/vinilozona.lt\/parduotuve\/rock-pop\/motorhead-no-sleep-til-hammersmith\/\",\"name\":\"Mot\u00f6rhead - No Sleep 'til Hammersmith Vinilin\u0117 Plok\u0161tel\u0117 | Vinilozona.lt\",\"isPartOf\":{\"@id\":\"https:\/\/vinilozona.lt\/#website\"},\"primaryImageOfPage\":{\"@id\":\"https:\/\/vinilozona.lt\/parduotuve\/rock-pop\/motorhead-no-sleep-til-hammersmith\/#primaryimage\"},\"image\":{\"@id\":\"https:\/\/vinilozona.lt\/parduotuve\/rock-pop\/motorhead-no-sleep-til-hammersmith\/#primaryimage\"},\"thumbnailUrl\":\"https:\/\/vinilozona.lt\/wp-content\/uploads\/2020\/01\/motoerhead-no-sleep-til-hammersmith-1.jpg\",\"datePublished\":\"2026-03-06T03:02:27+00:00\",\"dateModified\":\"2026-02-20T15:45:41+00:00\",\"breadcrumb\":{\"@id\":\"https:\/\/vinilozona.lt\/parduotuve\/rock-pop\/motorhead-no-sleep-til-hammersmith\/#breadcrumb\"},\"inLanguage\":\"en-GB\",\"potentialAction\":[{\"@type\":\"ReadAction\",\"target\":[\"https:\/\/vinilozona.lt\/parduotuve\/rock-pop\/motorhead-no-sleep-til-hammersmith\/\"]}]},{\"@type\":\"ImageObject\",\"inLanguage\":\"en-GB\",\"@id\":\"https:\/\/vinilozona.lt\/parduotuve\/rock-pop\/motorhead-no-sleep-til-hammersmith\/#primaryimage\",\"url\":\"https:\/\/vinilozona.lt\/wp-content\/uploads\/2020\/01\/motoerhead-no-sleep-til-hammersmith-1.jpg\",\"contentUrl\":\"https:\/\/vinilozona.lt\/wp-content\/uploads\/2020\/01\/motoerhead-no-sleep-til-hammersmith-1.jpg\",\"width\":293,\"height\":220},{\"@type\":\"BreadcrumbList\",\"@id\":\"https:\/\/vinilozona.lt\/parduotuve\/rock-pop\/motorhead-no-sleep-til-hammersmith\/#breadcrumb\",\"itemListElement\":[{\"@type\":\"ListItem\",\"position\":1,\"name\":\"Home\",\"item\":\"https:\/\/vinilozona.lt\/\"},{\"@type\":\"ListItem\",\"position\":2,\"name\":\"Parduotuv\u0117\",\"item\":\"https:\/\/vinilozona.lt\/parduotuve\/\"},{\"@type\":\"ListItem\",\"position\":3,\"name\":\"Mot\u00f6rhead &#8211; No Sleep &#8217;til Hammersmith\"}]},{\"@type\":\"WebSite\",\"@id\":\"https:\/\/vinilozona.lt\/#website\",\"url\":\"https:\/\/vinilozona.lt\/\",\"name\":\"Vinilo Zona\",\"description\":\"Nup\u016bsk dulkes ir klausyk LP\",\"potentialAction\":[{\"@type\":\"SearchAction\",\"target\":{\"@type\":\"EntryPoint\",\"urlTemplate\":\"https:\/\/vinilozona.lt\/?s={search_term_string}\"},\"query-input\":{\"@type\":\"PropertyValueSpecification\",\"valueRequired\":true,\"valueName\":\"search_term_string\"}}],\"inLanguage\":\"en-GB\"}]}<\/script>\n<!-- \/ Yoast SEO plugin. -->","yoast_head_json":{"title":"Mot\u00f6rhead - No Sleep 'til Hammersmith Vinilin\u0117 Plok\u0161tel\u0117 | Vinilozona.lt","robots":{"index":"index","follow":"follow","max-snippet":"max-snippet:-1","max-image-preview":"max-image-preview:large","max-video-preview":"max-video-preview:-1"},"canonical":"https:\/\/vinilozona.lt\/en\/parduotuve\/rock-pop\/motorhead-no-sleep-til-hammersmith\/","og_locale":"en_GB","og_type":"article","og_title":"Mot\u00f6rhead - No Sleep 'til Hammersmith Vinilin\u0117 Plok\u0161tel\u0117 | Vinilozona.lt","og_description":"Label: Sanctuary \u2013 BMGRM023LP, Bronze \u2013 BMGRM023LP Format: Vinyl, LP, Album, Reissue, 180 Gram Country: Europe Released: Apr 13, 2015","og_url":"https:\/\/vinilozona.lt\/en\/parduotuve\/rock-pop\/motorhead-no-sleep-til-hammersmith\/","og_site_name":"Vinilo Zona","article_modified_time":"2026-02-20T15:45:41+00:00","og_image":[{"width":293,"height":220,"url":"https:\/\/vinilozona.lt\/wp-content\/uploads\/2020\/01\/motoerhead-no-sleep-til-hammersmith-1.jpg","type":"image\/jpeg"}],"twitter_card":"summary_large_image","twitter_misc":{"Estimated reading time":"1 minute"},"schema":{"@context":"https:\/\/schema.org","@graph":[{"@type":"WebPage","@id":"https:\/\/vinilozona.lt\/parduotuve\/rock-pop\/motorhead-no-sleep-til-hammersmith\/","url":"https:\/\/vinilozona.lt\/parduotuve\/rock-pop\/motorhead-no-sleep-til-hammersmith\/","name":"Mot\u00f6rhead - No Sleep 'til Hammersmith Vinilin\u0117 Plok\u0161tel\u0117 | Vinilozona.lt","isPartOf":{"@id":"https:\/\/vinilozona.lt\/#website"},"primaryImageOfPage":{"@id":"https:\/\/vinilozona.lt\/parduotuve\/rock-pop\/motorhead-no-sleep-til-hammersmith\/#primaryimage"},"image":{"@id":"https:\/\/vinilozona.lt\/parduotuve\/rock-pop\/motorhead-no-sleep-til-hammersmith\/#primaryimage"},"thumbnailUrl":"https:\/\/vinilozona.lt\/wp-content\/uploads\/2020\/01\/motoerhead-no-sleep-til-hammersmith-1.jpg","datePublished":"2026-03-06T03:02:27+00:00","dateModified":"2026-02-20T15:45:41+00:00","breadcrumb":{"@id":"https:\/\/vinilozona.lt\/parduotuve\/rock-pop\/motorhead-no-sleep-til-hammersmith\/#breadcrumb"},"inLanguage":"en-GB","potentialAction":[{"@type":"ReadAction","target":["https:\/\/vinilozona.lt\/parduotuve\/rock-pop\/motorhead-no-sleep-til-hammersmith\/"]}]},{"@type":"ImageObject","inLanguage":"en-GB","@id":"https:\/\/vinilozona.lt\/parduotuve\/rock-pop\/motorhead-no-sleep-til-hammersmith\/#primaryimage","url":"https:\/\/vinilozona.lt\/wp-content\/uploads\/2020\/01\/motoerhead-no-sleep-til-hammersmith-1.jpg","contentUrl":"https:\/\/vinilozona.lt\/wp-content\/uploads\/2020\/01\/motoerhead-no-sleep-til-hammersmith-1.jpg","width":293,"height":220},{"@type":"BreadcrumbList","@id":"https:\/\/vinilozona.lt\/parduotuve\/rock-pop\/motorhead-no-sleep-til-hammersmith\/#breadcrumb","itemListElement":[{"@type":"ListItem","position":1,"name":"Home","item":"https:\/\/vinilozona.lt\/"},{"@type":"ListItem","position":2,"name":"Parduotuv\u0117","item":"https:\/\/vinilozona.lt\/parduotuve\/"},{"@type":"ListItem","position":3,"name":"Mot\u00f6rhead &#8211; No Sleep &#8217;til Hammersmith"}]},{"@type":"WebSite","@id":"https:\/\/vinilozona.lt\/#website","url":"https:\/\/vinilozona.lt\/","name":"Vinilo Zona","description":"Nup\u016bsk dulkes ir klausyk LP","potentialAction":[{"@type":"SearchAction","target":{"@type":"EntryPoint","urlTemplate":"https:\/\/vinilozona.lt\/?s={search_term_string}"},"query-input":{"@type":"PropertyValueSpecification","valueRequired":true,"valueName":"search_term_string"}}],"inLanguage":"en-GB"}]}},"_links":{"self":[{"href":"https:\/\/vinilozona.lt\/en\/wp-json\/wp\/v2\/product\/3333"}],"collection":[{"href":"https:\/\/vinilozona.lt\/en\/wp-json\/wp\/v2\/product"}],"about":[{"href":"https:\/\/vinilozona.lt\/en\/wp-json\/wp\/v2\/types\/product"}],"wp:featuredmedia":[{"embeddable":true,"href":"https:\/\/vinilozona.lt\/en\/wp-json\/wp\/v2\/media\/3334"}],"wp:attachment":[{"href":"https:\/\/vinilozona.lt\/en\/wp-json\/wp\/v2\/media?parent=3333"}],"wp:term":[{"taxonomy":"product_cat","embeddable":true,"href":"https:\/\/vinilozona.lt\/en\/wp-json\/wp\/v2\/product_cat?post=3333"},{"taxonomy":"product_tag","embeddable":true,"href":"https:\/\/vinilozona.lt\/en\/wp-json\/wp\/v2\/product_tag?post=3333"}],"curies":[{"name":"wp","href":"https:\/\/api.w.org\/{rel}","templated":true}]}}