{"id":3316,"date":"2025-06-17T05:05:57","date_gmt":"2025-06-17T02:05:57","guid":{"rendered":"https:\/\/vinylhome.lt\/?post_type=product&#038;p=3316"},"modified":"2025-06-24T13:49:42","modified_gmt":"2025-06-24T10:49:42","slug":"mirage-the-best-of-mirage","status":"publish","type":"product","link":"https:\/\/vinilozona.lt\/en\/parduotuve\/rock-pop\/mirage-the-best-of-mirage\/","title":{"rendered":"Mirage &#8211; The Best Of Mirage"},"content":{"rendered":"<p>A\t\tJack Mix I, II And III (Segue Remix) (Its So Fresh)<br \/>\nA-01\t\tShowing Out<br \/>\nA-02\t\tRespectable<br \/>\nA-03\t\tJack Your Body<br \/>\nA-04\t\tWhenever You&#8217;re Ready<br \/>\nA-05\t\tWho&#8217;s That Girl<br \/>\nA-06\t\tMale Stripper<br \/>\nA-07\t\tAin&#8217;t Nothin&#8217; But A House Party<br \/>\nA-08\t\tFunky Town<br \/>\nA-09\t\tJive Talkin&#8217;<br \/>\nA-10\t\tHeartache<br \/>\nA-11\t\tJackin&#8217;<br \/>\nA-12\t\tIf I Say Yes<br \/>\nA-13\t\tWe&#8217;ll Be Right Back<br \/>\nA-14\t\tNothing&#8217;s Gonna Stop Me Now<br \/>\nA-15\t\tLiving In A Box<br \/>\nA-16\t\tCan U Dance<br \/>\nA-17\t\tGoodbye Stranger<br \/>\nA-18\t\tI Heard A Rumour<br \/>\nA-19\t\tAxel F<br \/>\nA-20\t\tCausing A Commotion<br \/>\nA-21\t\tThe Jack That House Built<br \/>\nA-22\t\tLa Bamba<br \/>\nA-23\t\tLa Isla Bonita<br \/>\nA-24\t\tI Love My Radio<br \/>\nA-25\t\tDo It Properly<br \/>\nA-26\t\tBig Fun<br \/>\nA-27\t\tI Wanna Dance With Somebody (Who Loves Me)<br \/>\nA-28\t\tHouse Nation<br \/>\nA-29\t\tCasanova<br \/>\nA-30\t\tLet Yourself Go<br \/>\nA-31\t\tStop Bajon &#8230; Primavera<br \/>\nA-32\t\tThe Opera House<br \/>\nA-33\t\tFull Metal Jacket (I Wanna Be)<br \/>\nA-34\t\tWhen Smokey Sings<br \/>\nA-35\t\tStar Trekkin&#8217;<br \/>\nA-36\t\tYoe Keep Me Hanging On<br \/>\nA-37\t\tOpen Your Heart<br \/>\nA-38\t\tI Found Lovin&#8217;<br \/>\nA-39\t\tI.O.U.<br \/>\nA-40\t\tSouthern Freeez<br \/>\nA-41\t\tUnderwater<br \/>\nB\t\tSerious Mix, Jack Mix VI, Jack Mix IV And V (Segue Remix) (This Is A Journey Into Sound)<br \/>\nB-01\t\tSerious<br \/>\nB-02\t\tSurrender<br \/>\nB-03\t\tWhat&#8217;s It To Ya<br \/>\nB-04\t\tRoadblock<br \/>\nB-05\t\tNasty<br \/>\nB-06\t\tKeep Your Eye On Me<br \/>\nB-07\t\tWord Up<br \/>\nB-08\t\tLost In Emotion<br \/>\nB-09\t\tFake<br \/>\nB-10\t\tC&#8217;Est La Vie<br \/>\nB-11\t\tBack &#038; Forth<br \/>\nB-12\t\tMr. Sleaze<br \/>\nB-13\t\tFrench Kissin&#8217; In The USA<br \/>\nB-14\t\tWishing Well<br \/>\nB-15\t\tDiamonds<br \/>\nB-16\t\tWhat Have You Done For Me Lately<br \/>\nB-17\t\tLooking For A New Love<br \/>\nB-18\t\tClose (To The Edit)<br \/>\nB-19\t\tMr. Maniac &#038; Sister Cool<br \/>\nB-20\t\tYou Sexy Thing<br \/>\nB-21\t\tDominoes<br \/>\nB-22\t\tChicago Song<br \/>\nB-23\t\tPaid In Full<br \/>\nB-24\t\tLe Freak<br \/>\nB-25\t\tPump Up The Volume<br \/>\nB-26\t\tCall Me<br \/>\nB-27\t\tSystem Of Survival<br \/>\nB-28\t\tF.L.M.<br \/>\nB-29\t\tBad<br \/>\nB-30\t\tDon&#8217;t Stop (Jammin&#8217;)<br \/>\nB-31\t\tWalk The Dinosaur<br \/>\nB-32\t\tGirls Can Jak Too<br \/>\nB-33\t\tSo Emotional<br \/>\nB-34\t\tIrresistable<br \/>\nB-35\t\tWhenever You Need Somebody<br \/>\nB-36\t\tMy Love Is Guaranteed<br \/>\nB-37\t\tPut The Needle To The Record<br \/>\nB-38\t\tThe Real Thing<br \/>\nB-39\t\tToy Boy<br \/>\nB-40\t\tLove In The First Degree<br \/>\nB-41\t\tCriticize<br \/>\nB-42\t\tDinner With Gershwin<br \/>\nB-43\t\tBeethoven (I Love To Listen To)<br \/>\nB-44\t\tOops Upside Your Head<br \/>\nB-45\t\tHouse Nation<br \/>\nB-46\t\tMony Mony<br \/>\nB-47\t\tNever Can Say Goodbye<\/p>","protected":false},"excerpt":{"rendered":"<p>Stylus Music \u2013 SMR 746<br \/>\nFormat:<br \/>\nVinyl, LP, Compilation<br \/>\nCountry:<br \/>\nUK<br \/>\nReleased:<br \/>\n1987<\/p>","protected":false},"featured_media":3317,"template":"","meta":[],"product_cat":[15],"product_tag":[55],"yoast_head":"<!-- This site is optimized with the Yoast SEO plugin v23.5 - https:\/\/yoast.com\/wordpress\/plugins\/seo\/ -->\n<title>Mirage - The Best Of Mirage Vinilin\u0117 Plok\u0161tel\u0117 | Vinilozona.lt<\/title>\n<meta name=\"robots\" content=\"index, follow, max-snippet:-1, max-image-preview:large, max-video-preview:-1\" \/>\n<link rel=\"canonical\" href=\"https:\/\/vinilozona.lt\/en\/parduotuve\/rock-pop\/mirage-the-best-of-mirage\/\" \/>\n<meta property=\"og:locale\" content=\"en_GB\" \/>\n<meta property=\"og:type\" content=\"article\" \/>\n<meta property=\"og:title\" content=\"Mirage - The Best Of Mirage Vinilin\u0117 Plok\u0161tel\u0117 | Vinilozona.lt\" \/>\n<meta property=\"og:description\" content=\"Stylus Music \u2013 SMR 746 Format: Vinyl, LP, Compilation Country: UK Released: 1987\" \/>\n<meta property=\"og:url\" content=\"https:\/\/vinilozona.lt\/en\/parduotuve\/rock-pop\/mirage-the-best-of-mirage\/\" \/>\n<meta property=\"og:site_name\" content=\"Vinilo Zona\" \/>\n<meta property=\"article:modified_time\" content=\"2025-06-24T10:49:42+00:00\" \/>\n<meta property=\"og:image\" content=\"https:\/\/vinilozona.lt\/wp-content\/uploads\/2020\/01\/mirage-the-best-of-mirage-1.jpg\" \/>\n\t<meta property=\"og:image:width\" content=\"393\" \/>\n\t<meta property=\"og:image:height\" content=\"295\" \/>\n\t<meta property=\"og:image:type\" content=\"image\/jpeg\" \/>\n<meta name=\"twitter:card\" content=\"summary_large_image\" \/>\n<meta name=\"twitter:label1\" content=\"Estimated reading time\" \/>\n\t<meta name=\"twitter:data1\" content=\"1 minute\" \/>\n<script type=\"application\/ld+json\" class=\"yoast-schema-graph\">{\"@context\":\"https:\/\/schema.org\",\"@graph\":[{\"@type\":\"WebPage\",\"@id\":\"https:\/\/vinilozona.lt\/parduotuve\/rock-pop\/mirage-the-best-of-mirage\/\",\"url\":\"https:\/\/vinilozona.lt\/parduotuve\/rock-pop\/mirage-the-best-of-mirage\/\",\"name\":\"Mirage - The Best Of Mirage Vinilin\u0117 Plok\u0161tel\u0117 | Vinilozona.lt\",\"isPartOf\":{\"@id\":\"https:\/\/vinilozona.lt\/#website\"},\"primaryImageOfPage\":{\"@id\":\"https:\/\/vinilozona.lt\/parduotuve\/rock-pop\/mirage-the-best-of-mirage\/#primaryimage\"},\"image\":{\"@id\":\"https:\/\/vinilozona.lt\/parduotuve\/rock-pop\/mirage-the-best-of-mirage\/#primaryimage\"},\"thumbnailUrl\":\"https:\/\/vinilozona.lt\/wp-content\/uploads\/2020\/01\/mirage-the-best-of-mirage-1.jpg\",\"datePublished\":\"2025-06-17T02:05:57+00:00\",\"dateModified\":\"2025-06-24T10:49:42+00:00\",\"breadcrumb\":{\"@id\":\"https:\/\/vinilozona.lt\/parduotuve\/rock-pop\/mirage-the-best-of-mirage\/#breadcrumb\"},\"inLanguage\":\"en-GB\",\"potentialAction\":[{\"@type\":\"ReadAction\",\"target\":[\"https:\/\/vinilozona.lt\/parduotuve\/rock-pop\/mirage-the-best-of-mirage\/\"]}]},{\"@type\":\"ImageObject\",\"inLanguage\":\"en-GB\",\"@id\":\"https:\/\/vinilozona.lt\/parduotuve\/rock-pop\/mirage-the-best-of-mirage\/#primaryimage\",\"url\":\"https:\/\/vinilozona.lt\/wp-content\/uploads\/2020\/01\/mirage-the-best-of-mirage-1.jpg\",\"contentUrl\":\"https:\/\/vinilozona.lt\/wp-content\/uploads\/2020\/01\/mirage-the-best-of-mirage-1.jpg\",\"width\":393,\"height\":295},{\"@type\":\"BreadcrumbList\",\"@id\":\"https:\/\/vinilozona.lt\/parduotuve\/rock-pop\/mirage-the-best-of-mirage\/#breadcrumb\",\"itemListElement\":[{\"@type\":\"ListItem\",\"position\":1,\"name\":\"Home\",\"item\":\"https:\/\/vinilozona.lt\/\"},{\"@type\":\"ListItem\",\"position\":2,\"name\":\"Parduotuv\u0117\",\"item\":\"https:\/\/vinilozona.lt\/parduotuve\/\"},{\"@type\":\"ListItem\",\"position\":3,\"name\":\"Mirage &#8211; The Best Of Mirage\"}]},{\"@type\":\"WebSite\",\"@id\":\"https:\/\/vinilozona.lt\/#website\",\"url\":\"https:\/\/vinilozona.lt\/\",\"name\":\"Vinilo Zona\",\"description\":\"Nup\u016bsk dulkes ir klausyk LP\",\"potentialAction\":[{\"@type\":\"SearchAction\",\"target\":{\"@type\":\"EntryPoint\",\"urlTemplate\":\"https:\/\/vinilozona.lt\/?s={search_term_string}\"},\"query-input\":{\"@type\":\"PropertyValueSpecification\",\"valueRequired\":true,\"valueName\":\"search_term_string\"}}],\"inLanguage\":\"en-GB\"}]}<\/script>\n<!-- \/ Yoast SEO plugin. -->","yoast_head_json":{"title":"Mirage - The Best Of Mirage Vinilin\u0117 Plok\u0161tel\u0117 | Vinilozona.lt","robots":{"index":"index","follow":"follow","max-snippet":"max-snippet:-1","max-image-preview":"max-image-preview:large","max-video-preview":"max-video-preview:-1"},"canonical":"https:\/\/vinilozona.lt\/en\/parduotuve\/rock-pop\/mirage-the-best-of-mirage\/","og_locale":"en_GB","og_type":"article","og_title":"Mirage - The Best Of Mirage Vinilin\u0117 Plok\u0161tel\u0117 | Vinilozona.lt","og_description":"Stylus Music \u2013 SMR 746 Format: Vinyl, LP, Compilation Country: UK Released: 1987","og_url":"https:\/\/vinilozona.lt\/en\/parduotuve\/rock-pop\/mirage-the-best-of-mirage\/","og_site_name":"Vinilo Zona","article_modified_time":"2025-06-24T10:49:42+00:00","og_image":[{"width":393,"height":295,"url":"https:\/\/vinilozona.lt\/wp-content\/uploads\/2020\/01\/mirage-the-best-of-mirage-1.jpg","type":"image\/jpeg"}],"twitter_card":"summary_large_image","twitter_misc":{"Estimated reading time":"1 minute"},"schema":{"@context":"https:\/\/schema.org","@graph":[{"@type":"WebPage","@id":"https:\/\/vinilozona.lt\/parduotuve\/rock-pop\/mirage-the-best-of-mirage\/","url":"https:\/\/vinilozona.lt\/parduotuve\/rock-pop\/mirage-the-best-of-mirage\/","name":"Mirage - The Best Of Mirage Vinilin\u0117 Plok\u0161tel\u0117 | Vinilozona.lt","isPartOf":{"@id":"https:\/\/vinilozona.lt\/#website"},"primaryImageOfPage":{"@id":"https:\/\/vinilozona.lt\/parduotuve\/rock-pop\/mirage-the-best-of-mirage\/#primaryimage"},"image":{"@id":"https:\/\/vinilozona.lt\/parduotuve\/rock-pop\/mirage-the-best-of-mirage\/#primaryimage"},"thumbnailUrl":"https:\/\/vinilozona.lt\/wp-content\/uploads\/2020\/01\/mirage-the-best-of-mirage-1.jpg","datePublished":"2025-06-17T02:05:57+00:00","dateModified":"2025-06-24T10:49:42+00:00","breadcrumb":{"@id":"https:\/\/vinilozona.lt\/parduotuve\/rock-pop\/mirage-the-best-of-mirage\/#breadcrumb"},"inLanguage":"en-GB","potentialAction":[{"@type":"ReadAction","target":["https:\/\/vinilozona.lt\/parduotuve\/rock-pop\/mirage-the-best-of-mirage\/"]}]},{"@type":"ImageObject","inLanguage":"en-GB","@id":"https:\/\/vinilozona.lt\/parduotuve\/rock-pop\/mirage-the-best-of-mirage\/#primaryimage","url":"https:\/\/vinilozona.lt\/wp-content\/uploads\/2020\/01\/mirage-the-best-of-mirage-1.jpg","contentUrl":"https:\/\/vinilozona.lt\/wp-content\/uploads\/2020\/01\/mirage-the-best-of-mirage-1.jpg","width":393,"height":295},{"@type":"BreadcrumbList","@id":"https:\/\/vinilozona.lt\/parduotuve\/rock-pop\/mirage-the-best-of-mirage\/#breadcrumb","itemListElement":[{"@type":"ListItem","position":1,"name":"Home","item":"https:\/\/vinilozona.lt\/"},{"@type":"ListItem","position":2,"name":"Parduotuv\u0117","item":"https:\/\/vinilozona.lt\/parduotuve\/"},{"@type":"ListItem","position":3,"name":"Mirage &#8211; The Best Of Mirage"}]},{"@type":"WebSite","@id":"https:\/\/vinilozona.lt\/#website","url":"https:\/\/vinilozona.lt\/","name":"Vinilo Zona","description":"Nup\u016bsk dulkes ir klausyk LP","potentialAction":[{"@type":"SearchAction","target":{"@type":"EntryPoint","urlTemplate":"https:\/\/vinilozona.lt\/?s={search_term_string}"},"query-input":{"@type":"PropertyValueSpecification","valueRequired":true,"valueName":"search_term_string"}}],"inLanguage":"en-GB"}]}},"_links":{"self":[{"href":"https:\/\/vinilozona.lt\/en\/wp-json\/wp\/v2\/product\/3316"}],"collection":[{"href":"https:\/\/vinilozona.lt\/en\/wp-json\/wp\/v2\/product"}],"about":[{"href":"https:\/\/vinilozona.lt\/en\/wp-json\/wp\/v2\/types\/product"}],"wp:featuredmedia":[{"embeddable":true,"href":"https:\/\/vinilozona.lt\/en\/wp-json\/wp\/v2\/media\/3317"}],"wp:attachment":[{"href":"https:\/\/vinilozona.lt\/en\/wp-json\/wp\/v2\/media?parent=3316"}],"wp:term":[{"taxonomy":"product_cat","embeddable":true,"href":"https:\/\/vinilozona.lt\/en\/wp-json\/wp\/v2\/product_cat?post=3316"},{"taxonomy":"product_tag","embeddable":true,"href":"https:\/\/vinilozona.lt\/en\/wp-json\/wp\/v2\/product_tag?post=3316"}],"curies":[{"name":"wp","href":"https:\/\/api.w.org\/{rel}","templated":true}]}}