{"id":3218,"date":"2025-05-05T05:08:50","date_gmt":"2025-05-05T02:08:50","guid":{"rendered":"https:\/\/vinylhome.lt\/?post_type=product&#038;p=3218"},"modified":"2025-05-05T07:45:55","modified_gmt":"2025-05-05T04:45:55","slug":"wishbone-ash-%e2%80%8e-live-dates","status":"publish","type":"product","link":"https:\/\/vinilozona.lt\/en\/parduotuve\/rock-pop\/wishbone-ash-%e2%80%8e-live-dates\/","title":{"rendered":"Wishbone Ash \u200e\u2013 Live Dates 2LP"},"content":{"rendered":"<p>The King Will Come<br \/>\nWarrior<br \/>\nThrow Down The Sword<br \/>\nRock &#8216;n Roll Widow<br \/>\nBallad Of The Beacon<br \/>\nBaby What You Want Me To Do<br \/>\nThe Pilgrim<br \/>\nBlowin&#8217; Free<br \/>\nJailbait<br \/>\nLady Whisky<br \/>\nPhoenix<\/p>","protected":false},"excerpt":{"rendered":"<p>MCA Records \u2013 MCA2-8006<br \/>\nFormat:<br \/>\n2 x Vinyl, LP, Album, Gatefold, Pinckneyville Pressing<br \/>\nCountry:<br \/>\nUS<br \/>\nReleased:<br \/>\n1973<\/p>","protected":false},"featured_media":3219,"template":"","meta":[],"product_cat":[15],"product_tag":[44],"yoast_head":"<!-- This site is optimized with the Yoast SEO plugin v23.5 - https:\/\/yoast.com\/wordpress\/plugins\/seo\/ -->\n<title>Wishbone Ash \u200e\u2013 Live Dates 2LP Vinilin\u0117 Plok\u0161tel\u0117 | Vinilozona.lt<\/title>\n<meta name=\"robots\" content=\"index, follow, max-snippet:-1, max-image-preview:large, max-video-preview:-1\" \/>\n<link rel=\"canonical\" href=\"https:\/\/vinilozona.lt\/en\/parduotuve\/rock-pop\/wishbone-ash-\u200e-live-dates\/\" \/>\n<meta property=\"og:locale\" content=\"en_GB\" \/>\n<meta property=\"og:type\" content=\"article\" \/>\n<meta property=\"og:title\" content=\"Wishbone Ash \u200e\u2013 Live Dates 2LP Vinilin\u0117 Plok\u0161tel\u0117 | Vinilozona.lt\" \/>\n<meta property=\"og:description\" content=\"MCA Records \u2013 MCA2-8006 Format: 2 x Vinyl, LP, Album, Gatefold, Pinckneyville Pressing Country: US Released: 1973\" \/>\n<meta property=\"og:url\" content=\"https:\/\/vinilozona.lt\/en\/parduotuve\/rock-pop\/wishbone-ash-\u200e-live-dates\/\" \/>\n<meta property=\"og:site_name\" content=\"Vinilo Zona\" \/>\n<meta property=\"article:modified_time\" content=\"2025-05-05T04:45:55+00:00\" \/>\n<meta property=\"og:image\" content=\"https:\/\/vinilozona.lt\/wp-content\/uploads\/2020\/01\/wishbone-ash-live-dates-1.jpg\" \/>\n\t<meta property=\"og:image:width\" content=\"620\" \/>\n\t<meta property=\"og:image:height\" content=\"465\" \/>\n\t<meta property=\"og:image:type\" content=\"image\/jpeg\" \/>\n<meta name=\"twitter:card\" content=\"summary_large_image\" \/>\n<meta name=\"twitter:label1\" content=\"Estimated reading time\" \/>\n\t<meta name=\"twitter:data1\" content=\"1 minute\" \/>\n<script type=\"application\/ld+json\" class=\"yoast-schema-graph\">{\"@context\":\"https:\/\/schema.org\",\"@graph\":[{\"@type\":\"WebPage\",\"@id\":\"https:\/\/vinilozona.lt\/parduotuve\/rock-pop\/wishbone-ash-%e2%80%8e-live-dates\/\",\"url\":\"https:\/\/vinilozona.lt\/parduotuve\/rock-pop\/wishbone-ash-%e2%80%8e-live-dates\/\",\"name\":\"Wishbone Ash \u200e\u2013 Live Dates 2LP Vinilin\u0117 Plok\u0161tel\u0117 | Vinilozona.lt\",\"isPartOf\":{\"@id\":\"https:\/\/vinilozona.lt\/#website\"},\"primaryImageOfPage\":{\"@id\":\"https:\/\/vinilozona.lt\/parduotuve\/rock-pop\/wishbone-ash-%e2%80%8e-live-dates\/#primaryimage\"},\"image\":{\"@id\":\"https:\/\/vinilozona.lt\/parduotuve\/rock-pop\/wishbone-ash-%e2%80%8e-live-dates\/#primaryimage\"},\"thumbnailUrl\":\"https:\/\/vinilozona.lt\/wp-content\/uploads\/2020\/01\/wishbone-ash-live-dates-1.jpg\",\"datePublished\":\"2025-05-05T02:08:50+00:00\",\"dateModified\":\"2025-05-05T04:45:55+00:00\",\"breadcrumb\":{\"@id\":\"https:\/\/vinilozona.lt\/parduotuve\/rock-pop\/wishbone-ash-%e2%80%8e-live-dates\/#breadcrumb\"},\"inLanguage\":\"en-GB\",\"potentialAction\":[{\"@type\":\"ReadAction\",\"target\":[\"https:\/\/vinilozona.lt\/parduotuve\/rock-pop\/wishbone-ash-%e2%80%8e-live-dates\/\"]}]},{\"@type\":\"ImageObject\",\"inLanguage\":\"en-GB\",\"@id\":\"https:\/\/vinilozona.lt\/parduotuve\/rock-pop\/wishbone-ash-%e2%80%8e-live-dates\/#primaryimage\",\"url\":\"https:\/\/vinilozona.lt\/wp-content\/uploads\/2020\/01\/wishbone-ash-live-dates-1.jpg\",\"contentUrl\":\"https:\/\/vinilozona.lt\/wp-content\/uploads\/2020\/01\/wishbone-ash-live-dates-1.jpg\",\"width\":620,\"height\":465},{\"@type\":\"BreadcrumbList\",\"@id\":\"https:\/\/vinilozona.lt\/parduotuve\/rock-pop\/wishbone-ash-%e2%80%8e-live-dates\/#breadcrumb\",\"itemListElement\":[{\"@type\":\"ListItem\",\"position\":1,\"name\":\"Home\",\"item\":\"https:\/\/vinilozona.lt\/\"},{\"@type\":\"ListItem\",\"position\":2,\"name\":\"Parduotuv\u0117\",\"item\":\"https:\/\/vinilozona.lt\/parduotuve\/\"},{\"@type\":\"ListItem\",\"position\":3,\"name\":\"Wishbone Ash \u200e\u2013 Live Dates 2LP\"}]},{\"@type\":\"WebSite\",\"@id\":\"https:\/\/vinilozona.lt\/#website\",\"url\":\"https:\/\/vinilozona.lt\/\",\"name\":\"Vinilo Zona\",\"description\":\"Nup\u016bsk dulkes ir klausyk LP\",\"potentialAction\":[{\"@type\":\"SearchAction\",\"target\":{\"@type\":\"EntryPoint\",\"urlTemplate\":\"https:\/\/vinilozona.lt\/?s={search_term_string}\"},\"query-input\":{\"@type\":\"PropertyValueSpecification\",\"valueRequired\":true,\"valueName\":\"search_term_string\"}}],\"inLanguage\":\"en-GB\"}]}<\/script>\n<!-- \/ Yoast SEO plugin. -->","yoast_head_json":{"title":"Wishbone Ash \u200e\u2013 Live Dates 2LP Vinilin\u0117 Plok\u0161tel\u0117 | Vinilozona.lt","robots":{"index":"index","follow":"follow","max-snippet":"max-snippet:-1","max-image-preview":"max-image-preview:large","max-video-preview":"max-video-preview:-1"},"canonical":"https:\/\/vinilozona.lt\/en\/parduotuve\/rock-pop\/wishbone-ash-\u200e-live-dates\/","og_locale":"en_GB","og_type":"article","og_title":"Wishbone Ash \u200e\u2013 Live Dates 2LP Vinilin\u0117 Plok\u0161tel\u0117 | Vinilozona.lt","og_description":"MCA Records \u2013 MCA2-8006 Format: 2 x Vinyl, LP, Album, Gatefold, Pinckneyville Pressing Country: US Released: 1973","og_url":"https:\/\/vinilozona.lt\/en\/parduotuve\/rock-pop\/wishbone-ash-\u200e-live-dates\/","og_site_name":"Vinilo Zona","article_modified_time":"2025-05-05T04:45:55+00:00","og_image":[{"width":620,"height":465,"url":"https:\/\/vinilozona.lt\/wp-content\/uploads\/2020\/01\/wishbone-ash-live-dates-1.jpg","type":"image\/jpeg"}],"twitter_card":"summary_large_image","twitter_misc":{"Estimated reading time":"1 minute"},"schema":{"@context":"https:\/\/schema.org","@graph":[{"@type":"WebPage","@id":"https:\/\/vinilozona.lt\/parduotuve\/rock-pop\/wishbone-ash-%e2%80%8e-live-dates\/","url":"https:\/\/vinilozona.lt\/parduotuve\/rock-pop\/wishbone-ash-%e2%80%8e-live-dates\/","name":"Wishbone Ash \u200e\u2013 Live Dates 2LP Vinilin\u0117 Plok\u0161tel\u0117 | Vinilozona.lt","isPartOf":{"@id":"https:\/\/vinilozona.lt\/#website"},"primaryImageOfPage":{"@id":"https:\/\/vinilozona.lt\/parduotuve\/rock-pop\/wishbone-ash-%e2%80%8e-live-dates\/#primaryimage"},"image":{"@id":"https:\/\/vinilozona.lt\/parduotuve\/rock-pop\/wishbone-ash-%e2%80%8e-live-dates\/#primaryimage"},"thumbnailUrl":"https:\/\/vinilozona.lt\/wp-content\/uploads\/2020\/01\/wishbone-ash-live-dates-1.jpg","datePublished":"2025-05-05T02:08:50+00:00","dateModified":"2025-05-05T04:45:55+00:00","breadcrumb":{"@id":"https:\/\/vinilozona.lt\/parduotuve\/rock-pop\/wishbone-ash-%e2%80%8e-live-dates\/#breadcrumb"},"inLanguage":"en-GB","potentialAction":[{"@type":"ReadAction","target":["https:\/\/vinilozona.lt\/parduotuve\/rock-pop\/wishbone-ash-%e2%80%8e-live-dates\/"]}]},{"@type":"ImageObject","inLanguage":"en-GB","@id":"https:\/\/vinilozona.lt\/parduotuve\/rock-pop\/wishbone-ash-%e2%80%8e-live-dates\/#primaryimage","url":"https:\/\/vinilozona.lt\/wp-content\/uploads\/2020\/01\/wishbone-ash-live-dates-1.jpg","contentUrl":"https:\/\/vinilozona.lt\/wp-content\/uploads\/2020\/01\/wishbone-ash-live-dates-1.jpg","width":620,"height":465},{"@type":"BreadcrumbList","@id":"https:\/\/vinilozona.lt\/parduotuve\/rock-pop\/wishbone-ash-%e2%80%8e-live-dates\/#breadcrumb","itemListElement":[{"@type":"ListItem","position":1,"name":"Home","item":"https:\/\/vinilozona.lt\/"},{"@type":"ListItem","position":2,"name":"Parduotuv\u0117","item":"https:\/\/vinilozona.lt\/parduotuve\/"},{"@type":"ListItem","position":3,"name":"Wishbone Ash \u200e\u2013 Live Dates 2LP"}]},{"@type":"WebSite","@id":"https:\/\/vinilozona.lt\/#website","url":"https:\/\/vinilozona.lt\/","name":"Vinilo Zona","description":"Nup\u016bsk dulkes ir klausyk LP","potentialAction":[{"@type":"SearchAction","target":{"@type":"EntryPoint","urlTemplate":"https:\/\/vinilozona.lt\/?s={search_term_string}"},"query-input":{"@type":"PropertyValueSpecification","valueRequired":true,"valueName":"search_term_string"}}],"inLanguage":"en-GB"}]}},"_links":{"self":[{"href":"https:\/\/vinilozona.lt\/en\/wp-json\/wp\/v2\/product\/3218"}],"collection":[{"href":"https:\/\/vinilozona.lt\/en\/wp-json\/wp\/v2\/product"}],"about":[{"href":"https:\/\/vinilozona.lt\/en\/wp-json\/wp\/v2\/types\/product"}],"wp:featuredmedia":[{"embeddable":true,"href":"https:\/\/vinilozona.lt\/en\/wp-json\/wp\/v2\/media\/3219"}],"wp:attachment":[{"href":"https:\/\/vinilozona.lt\/en\/wp-json\/wp\/v2\/media?parent=3218"}],"wp:term":[{"taxonomy":"product_cat","embeddable":true,"href":"https:\/\/vinilozona.lt\/en\/wp-json\/wp\/v2\/product_cat?post=3218"},{"taxonomy":"product_tag","embeddable":true,"href":"https:\/\/vinilozona.lt\/en\/wp-json\/wp\/v2\/product_tag?post=3218"}],"curies":[{"name":"wp","href":"https:\/\/api.w.org\/{rel}","templated":true}]}}