{"id":3183,"date":"2023-02-26T06:10:00","date_gmt":"2023-02-26T04:10:00","guid":{"rendered":"https:\/\/vinylhome.lt\/?post_type=product&#038;p=3183"},"modified":"2024-03-01T11:37:14","modified_gmt":"2024-03-01T09:37:14","slug":"tchaikovsky-lorchestre-de-societe-de-musique-de-vienne-%e2%80%8e-swan-lake-and-nutcracker-suites","status":"publish","type":"product","link":"https:\/\/vinilozona.lt\/en\/parduotuve\/classic\/tchaikovsky-lorchestre-de-societe-de-musique-de-vienne-%e2%80%8e-swan-lake-and-nutcracker-suites\/","title":{"rendered":"Johann Sebastian Bach, Szvjatoszlav Richter \u2013 Das Wohltemperierte Clavier I &#8211; II  6LP"},"content":{"rendered":"<p>\tDas Wohltemperierte Clavier<br \/>\nI. K\u00f6tet (BWV 846-49)<br \/>\nA1\t\t1. C-d\u00far Prel\u00fadium \u00e9s F\u00faga<br \/>\nA2\t\t2. C-moll Prel\u00fadium \u00e9s F\u00faga<br \/>\nA3\t\t3. Cisz-d\u00far prel\u00fadium \u00e9s f\u00faga<br \/>\nA4\t\t4. Cisz-moll Prel\u00fadium \u00e9s F\u00faga<br \/>\nI. K\u00f6tet (BWV 850-53)<br \/>\nB1\t\t5. D-d\u00far Prel\u00fadium \u00e9s F\u00faga<br \/>\nB2\t\t6. D-moll Prel\u00fadium \u00e9s F\u00faga<br \/>\nB3\t\t7. 1. Esz-d\u00far Prel\u00fadium \u00e9s F\u00faga<br \/>\nB4\t\t8. Esz-moll Prel\u00fadium \u00e9s F\u00faga<br \/>\nI. K\u00f6tet (BWV 854-59)<br \/>\nC1\t\t9. E-d\u00far Prel\u00fadium \u00e9s F\u00faga<br \/>\nC2\t\t10. E-moll Prel\u00fadium \u00e9s F\u00faga<br \/>\nC3\t\t11. F-d\u00far Prel\u00fadium \u00e9s F\u00faga<br \/>\nC4\t\t12. F-moll Prel\u00fadium \u00e9s F\u00faga<br \/>\nC5\t\t13. Fisz-d\u00far Prel\u00fadium \u00e9s F\u00faga<br \/>\nC6\t\t14. Fisz-moll Prel\u00fadium \u00e9s F\u00faga<br \/>\nI. K\u00f6tet (BWV 860-63)<br \/>\nD1\t\t15. G-d\u00far Prel\u00fadium \u00e9s F\u00faga<br \/>\nD2\t\t16. G-moll Prel\u00fadium \u00e9s F\u00faga<br \/>\nD3\t\t17. Asz-d\u00far Prel\u00fadium \u00e9s F\u00faga<br \/>\nD4\t\t18. Gisz-moll Prel\u00fadium \u00e9s F\u00faga<br \/>\nI. K\u00f6tet (BWV 864-67)<br \/>\nE1\t\t19. A-d\u00far Prel\u00fadium \u00e9s F\u00faga<br \/>\nE2\t\t20. A-moll Prel\u00fadium \u00e9s F\u00faga<br \/>\nE3\t\t21. B-d\u00far Prel\u00fadium \u00e9s F\u00faga<br \/>\nE4\t\t22. B-moll Prel\u00fadium \u00e9s F\u00faga<br \/>\nI. K\u00f6tet (BWV 868-69)<br \/>\nF1\t\t23. H-d\u00far Prel\u00fadium \u00e9s F\u00faga<br \/>\nF2\t\t24. H-moll Prel\u00fadium \u00e9s F\u00faga<br \/>\nII. K\u00f6tet (BWV 870-75)<br \/>\nG1\t\t1. C-d\u00far Prel\u00fadium \u00e9s F\u00faga<br \/>\nG2\t\t2. C-moll Prel\u00fadium \u00e9s F\u00faga<br \/>\nG3\t\t3. Cisz-d\u00far Prel\u00fadium \u00e9s F\u00faga<br \/>\nG4\t\t4. Disz-moll Prel\u00fadium \u00e9s F\u00faga<br \/>\nG5\t\t5. D-d\u00far Prel\u00fadium \u00e9s F\u00faga<br \/>\nG6\t\t6. D-moll Prel\u00fadium \u00e9s F\u00faga<br \/>\nII. K\u00f6tet (BWV 876-879)<br \/>\nH1\t\t7. Eszt-d\u00far Prel\u00fadium \u00e9s F\u00faga<br \/>\nH2\t\t8. Disz-moll Prel\u00fadium \u00e9s F\u00faga<br \/>\nH3\t\t9. E-d\u00far Prel\u00fadium \u00e9s F\u00faga<br \/>\nH4\t\t10. E-moll Prel\u00fadium \u00e9s F\u00faga<br \/>\nII. K\u00f6tet (BWV 880-883)<br \/>\nI1\t\t11. F-d\u00far Prel\u00fadium \u00e9s F\u00faga<br \/>\nI2\t\t12. F-moll Prel\u00fadium \u00e9s F\u00faga<br \/>\nI3\t\t13. Fisz-d\u00far Prel\u00fadium \u00e9s F\u00faga<br \/>\nI4\t\t14. Fisz-moll Prel\u00fadium \u00e9s F\u00faga<br \/>\nII. K\u00f6tet (BWV 884-87)<br \/>\nJ1\t\t15. G-d\u00far Prel\u00fadium \u00e9s F\u00faga<br \/>\nJ2\t\t16. G-moll Prel\u00fadium \u00e9s F\u00faga<br \/>\nJ3\t\t17. Asz-d\u00far Prel\u00fadium \u00e9s F\u00faga<br \/>\nJ4\t\t18. Gisz-moll Prel\u00fadium \u00e9s F\u00faga<br \/>\nII. K\u00f6tet (BWV 888-90)<br \/>\nK1\t\t19. A-d\u00far Prel\u00fadium \u00e9s F\u00faga<br \/>\nK2\t\t20. E-moll Prel\u00fadium \u00e9s F\u00faga<br \/>\nK3\t\t21. B-d\u00far Prel\u00fadium \u00e9s F\u00faga<br \/>\nII. K\u00f6tet (BWV 891-93)<br \/>\nL1\t\t22. B-moll Prel\u00fadium \u00e9s F\u00faga<br \/>\nL2\t\t23. H-d\u00far Prel\u00fadium \u00e9s F\u00faga<br \/>\nL3\t\t24. H-moll Prel\u00fadium \u00e9s F\u00faga\t<\/p>","protected":false},"excerpt":{"rendered":"<p>\u041c\u0435\u043b\u043e\u0434\u0438\u044f \u2013 CM &#8211; 02987 &#8211; 92, \u041c\u0435\u043b\u043e\u0434\u0438\u044f \u2013 CM &#8211; 04213 &#8211; 18<br \/>\nFormat:<br \/>\n6 x Vinyl, LP, Stereo<br \/>\nBox Set<br \/>\nCountry:\tUSSR<\/p>","protected":false},"featured_media":24349,"template":"","meta":[],"product_cat":[22],"product_tag":[44],"yoast_head":"<!-- This site is optimized with the Yoast SEO plugin v23.5 - https:\/\/yoast.com\/wordpress\/plugins\/seo\/ -->\n<title>Johann Sebastian Bach, Szvjatoszlav Richter \u2013 Das Wohltemperierte Clavier I - II 6LP Vinilin\u0117 Plok\u0161tel\u0117 | Vinilozona.lt<\/title>\n<meta name=\"robots\" content=\"index, follow, max-snippet:-1, max-image-preview:large, max-video-preview:-1\" \/>\n<link rel=\"canonical\" href=\"https:\/\/vinilozona.lt\/en\/parduotuve\/classic\/tchaikovsky-lorchestre-de-societe-de-musique-de-vienne-\u200e-swan-lake-and-nutcracker-suites\/\" \/>\n<meta property=\"og:locale\" content=\"en_GB\" \/>\n<meta property=\"og:type\" content=\"article\" \/>\n<meta property=\"og:title\" content=\"Johann Sebastian Bach, Szvjatoszlav Richter \u2013 Das Wohltemperierte Clavier I - II 6LP Vinilin\u0117 Plok\u0161tel\u0117 | Vinilozona.lt\" \/>\n<meta property=\"og:description\" content=\"\u041c\u0435\u043b\u043e\u0434\u0438\u044f \u2013 CM - 02987 - 92, \u041c\u0435\u043b\u043e\u0434\u0438\u044f \u2013 CM - 04213 - 18 Format:  6 x Vinyl, LP, Stereo Box Set Country: USSR\" \/>\n<meta property=\"og:url\" content=\"https:\/\/vinilozona.lt\/en\/parduotuve\/classic\/tchaikovsky-lorchestre-de-societe-de-musique-de-vienne-\u200e-swan-lake-and-nutcracker-suites\/\" \/>\n<meta property=\"og:site_name\" content=\"Vinilo Zona\" \/>\n<meta property=\"article:modified_time\" content=\"2024-03-01T09:37:14+00:00\" \/>\n<meta property=\"og:image\" content=\"https:\/\/vinilozona.lt\/wp-content\/uploads\/2020\/01\/20240301_112427-scaled.jpg\" \/>\n\t<meta property=\"og:image:width\" content=\"1920\" \/>\n\t<meta property=\"og:image:height\" content=\"2560\" \/>\n\t<meta property=\"og:image:type\" content=\"image\/jpeg\" \/>\n<meta name=\"twitter:card\" content=\"summary_large_image\" \/>\n<meta name=\"twitter:label1\" content=\"Estimated reading time\" \/>\n\t<meta name=\"twitter:data1\" content=\"2 minutes\" \/>\n<script type=\"application\/ld+json\" class=\"yoast-schema-graph\">{\"@context\":\"https:\/\/schema.org\",\"@graph\":[{\"@type\":\"WebPage\",\"@id\":\"https:\/\/vinilozona.lt\/parduotuve\/classic\/tchaikovsky-lorchestre-de-societe-de-musique-de-vienne-%e2%80%8e-swan-lake-and-nutcracker-suites\/\",\"url\":\"https:\/\/vinilozona.lt\/parduotuve\/classic\/tchaikovsky-lorchestre-de-societe-de-musique-de-vienne-%e2%80%8e-swan-lake-and-nutcracker-suites\/\",\"name\":\"Johann Sebastian Bach, Szvjatoszlav Richter \u2013 Das Wohltemperierte Clavier I - II 6LP Vinilin\u0117 Plok\u0161tel\u0117 | Vinilozona.lt\",\"isPartOf\":{\"@id\":\"https:\/\/vinilozona.lt\/#website\"},\"primaryImageOfPage\":{\"@id\":\"https:\/\/vinilozona.lt\/parduotuve\/classic\/tchaikovsky-lorchestre-de-societe-de-musique-de-vienne-%e2%80%8e-swan-lake-and-nutcracker-suites\/#primaryimage\"},\"image\":{\"@id\":\"https:\/\/vinilozona.lt\/parduotuve\/classic\/tchaikovsky-lorchestre-de-societe-de-musique-de-vienne-%e2%80%8e-swan-lake-and-nutcracker-suites\/#primaryimage\"},\"thumbnailUrl\":\"https:\/\/vinilozona.lt\/wp-content\/uploads\/2020\/01\/20240301_112427-scaled.jpg\",\"datePublished\":\"2023-02-26T04:10:00+00:00\",\"dateModified\":\"2024-03-01T09:37:14+00:00\",\"breadcrumb\":{\"@id\":\"https:\/\/vinilozona.lt\/parduotuve\/classic\/tchaikovsky-lorchestre-de-societe-de-musique-de-vienne-%e2%80%8e-swan-lake-and-nutcracker-suites\/#breadcrumb\"},\"inLanguage\":\"en-GB\",\"potentialAction\":[{\"@type\":\"ReadAction\",\"target\":[\"https:\/\/vinilozona.lt\/parduotuve\/classic\/tchaikovsky-lorchestre-de-societe-de-musique-de-vienne-%e2%80%8e-swan-lake-and-nutcracker-suites\/\"]}]},{\"@type\":\"ImageObject\",\"inLanguage\":\"en-GB\",\"@id\":\"https:\/\/vinilozona.lt\/parduotuve\/classic\/tchaikovsky-lorchestre-de-societe-de-musique-de-vienne-%e2%80%8e-swan-lake-and-nutcracker-suites\/#primaryimage\",\"url\":\"https:\/\/vinilozona.lt\/wp-content\/uploads\/2020\/01\/20240301_112427-scaled.jpg\",\"contentUrl\":\"https:\/\/vinilozona.lt\/wp-content\/uploads\/2020\/01\/20240301_112427-scaled.jpg\",\"width\":1920,\"height\":2560},{\"@type\":\"BreadcrumbList\",\"@id\":\"https:\/\/vinilozona.lt\/parduotuve\/classic\/tchaikovsky-lorchestre-de-societe-de-musique-de-vienne-%e2%80%8e-swan-lake-and-nutcracker-suites\/#breadcrumb\",\"itemListElement\":[{\"@type\":\"ListItem\",\"position\":1,\"name\":\"Home\",\"item\":\"https:\/\/vinilozona.lt\/\"},{\"@type\":\"ListItem\",\"position\":2,\"name\":\"Parduotuv\u0117\",\"item\":\"https:\/\/vinilozona.lt\/parduotuve\/\"},{\"@type\":\"ListItem\",\"position\":3,\"name\":\"Johann Sebastian Bach, Szvjatoszlav Richter \u2013 Das Wohltemperierte Clavier I &#8211; II 6LP\"}]},{\"@type\":\"WebSite\",\"@id\":\"https:\/\/vinilozona.lt\/#website\",\"url\":\"https:\/\/vinilozona.lt\/\",\"name\":\"Vinilo Zona\",\"description\":\"Nup\u016bsk dulkes ir klausyk LP\",\"potentialAction\":[{\"@type\":\"SearchAction\",\"target\":{\"@type\":\"EntryPoint\",\"urlTemplate\":\"https:\/\/vinilozona.lt\/?s={search_term_string}\"},\"query-input\":{\"@type\":\"PropertyValueSpecification\",\"valueRequired\":true,\"valueName\":\"search_term_string\"}}],\"inLanguage\":\"en-GB\"}]}<\/script>\n<!-- \/ Yoast SEO plugin. -->","yoast_head_json":{"title":"Johann Sebastian Bach, Szvjatoszlav Richter \u2013 Das Wohltemperierte Clavier I - II 6LP Vinilin\u0117 Plok\u0161tel\u0117 | Vinilozona.lt","robots":{"index":"index","follow":"follow","max-snippet":"max-snippet:-1","max-image-preview":"max-image-preview:large","max-video-preview":"max-video-preview:-1"},"canonical":"https:\/\/vinilozona.lt\/en\/parduotuve\/classic\/tchaikovsky-lorchestre-de-societe-de-musique-de-vienne-\u200e-swan-lake-and-nutcracker-suites\/","og_locale":"en_GB","og_type":"article","og_title":"Johann Sebastian Bach, Szvjatoszlav Richter \u2013 Das Wohltemperierte Clavier I - II 6LP Vinilin\u0117 Plok\u0161tel\u0117 | Vinilozona.lt","og_description":"\u041c\u0435\u043b\u043e\u0434\u0438\u044f \u2013 CM - 02987 - 92, \u041c\u0435\u043b\u043e\u0434\u0438\u044f \u2013 CM - 04213 - 18 Format:  6 x Vinyl, LP, Stereo Box Set Country: USSR","og_url":"https:\/\/vinilozona.lt\/en\/parduotuve\/classic\/tchaikovsky-lorchestre-de-societe-de-musique-de-vienne-\u200e-swan-lake-and-nutcracker-suites\/","og_site_name":"Vinilo Zona","article_modified_time":"2024-03-01T09:37:14+00:00","og_image":[{"width":1920,"height":2560,"url":"https:\/\/vinilozona.lt\/wp-content\/uploads\/2020\/01\/20240301_112427-scaled.jpg","type":"image\/jpeg"}],"twitter_card":"summary_large_image","twitter_misc":{"Estimated reading time":"2 minutes"},"schema":{"@context":"https:\/\/schema.org","@graph":[{"@type":"WebPage","@id":"https:\/\/vinilozona.lt\/parduotuve\/classic\/tchaikovsky-lorchestre-de-societe-de-musique-de-vienne-%e2%80%8e-swan-lake-and-nutcracker-suites\/","url":"https:\/\/vinilozona.lt\/parduotuve\/classic\/tchaikovsky-lorchestre-de-societe-de-musique-de-vienne-%e2%80%8e-swan-lake-and-nutcracker-suites\/","name":"Johann Sebastian Bach, Szvjatoszlav Richter \u2013 Das Wohltemperierte Clavier I - II 6LP Vinilin\u0117 Plok\u0161tel\u0117 | Vinilozona.lt","isPartOf":{"@id":"https:\/\/vinilozona.lt\/#website"},"primaryImageOfPage":{"@id":"https:\/\/vinilozona.lt\/parduotuve\/classic\/tchaikovsky-lorchestre-de-societe-de-musique-de-vienne-%e2%80%8e-swan-lake-and-nutcracker-suites\/#primaryimage"},"image":{"@id":"https:\/\/vinilozona.lt\/parduotuve\/classic\/tchaikovsky-lorchestre-de-societe-de-musique-de-vienne-%e2%80%8e-swan-lake-and-nutcracker-suites\/#primaryimage"},"thumbnailUrl":"https:\/\/vinilozona.lt\/wp-content\/uploads\/2020\/01\/20240301_112427-scaled.jpg","datePublished":"2023-02-26T04:10:00+00:00","dateModified":"2024-03-01T09:37:14+00:00","breadcrumb":{"@id":"https:\/\/vinilozona.lt\/parduotuve\/classic\/tchaikovsky-lorchestre-de-societe-de-musique-de-vienne-%e2%80%8e-swan-lake-and-nutcracker-suites\/#breadcrumb"},"inLanguage":"en-GB","potentialAction":[{"@type":"ReadAction","target":["https:\/\/vinilozona.lt\/parduotuve\/classic\/tchaikovsky-lorchestre-de-societe-de-musique-de-vienne-%e2%80%8e-swan-lake-and-nutcracker-suites\/"]}]},{"@type":"ImageObject","inLanguage":"en-GB","@id":"https:\/\/vinilozona.lt\/parduotuve\/classic\/tchaikovsky-lorchestre-de-societe-de-musique-de-vienne-%e2%80%8e-swan-lake-and-nutcracker-suites\/#primaryimage","url":"https:\/\/vinilozona.lt\/wp-content\/uploads\/2020\/01\/20240301_112427-scaled.jpg","contentUrl":"https:\/\/vinilozona.lt\/wp-content\/uploads\/2020\/01\/20240301_112427-scaled.jpg","width":1920,"height":2560},{"@type":"BreadcrumbList","@id":"https:\/\/vinilozona.lt\/parduotuve\/classic\/tchaikovsky-lorchestre-de-societe-de-musique-de-vienne-%e2%80%8e-swan-lake-and-nutcracker-suites\/#breadcrumb","itemListElement":[{"@type":"ListItem","position":1,"name":"Home","item":"https:\/\/vinilozona.lt\/"},{"@type":"ListItem","position":2,"name":"Parduotuv\u0117","item":"https:\/\/vinilozona.lt\/parduotuve\/"},{"@type":"ListItem","position":3,"name":"Johann Sebastian Bach, Szvjatoszlav Richter \u2013 Das Wohltemperierte Clavier I &#8211; II 6LP"}]},{"@type":"WebSite","@id":"https:\/\/vinilozona.lt\/#website","url":"https:\/\/vinilozona.lt\/","name":"Vinilo Zona","description":"Nup\u016bsk dulkes ir klausyk LP","potentialAction":[{"@type":"SearchAction","target":{"@type":"EntryPoint","urlTemplate":"https:\/\/vinilozona.lt\/?s={search_term_string}"},"query-input":{"@type":"PropertyValueSpecification","valueRequired":true,"valueName":"search_term_string"}}],"inLanguage":"en-GB"}]}},"_links":{"self":[{"href":"https:\/\/vinilozona.lt\/en\/wp-json\/wp\/v2\/product\/3183"}],"collection":[{"href":"https:\/\/vinilozona.lt\/en\/wp-json\/wp\/v2\/product"}],"about":[{"href":"https:\/\/vinilozona.lt\/en\/wp-json\/wp\/v2\/types\/product"}],"wp:featuredmedia":[{"embeddable":true,"href":"https:\/\/vinilozona.lt\/en\/wp-json\/wp\/v2\/media\/24349"}],"wp:attachment":[{"href":"https:\/\/vinilozona.lt\/en\/wp-json\/wp\/v2\/media?parent=3183"}],"wp:term":[{"taxonomy":"product_cat","embeddable":true,"href":"https:\/\/vinilozona.lt\/en\/wp-json\/wp\/v2\/product_cat?post=3183"},{"taxonomy":"product_tag","embeddable":true,"href":"https:\/\/vinilozona.lt\/en\/wp-json\/wp\/v2\/product_tag?post=3183"}],"curies":[{"name":"wp","href":"https:\/\/api.w.org\/{rel}","templated":true}]}}