{"id":3158,"date":"2024-03-04T05:04:50","date_gmt":"2024-03-04T03:04:50","guid":{"rendered":"https:\/\/vinylhome.lt\/?post_type=product&#038;p=3158"},"modified":"2024-03-03T08:04:21","modified_gmt":"2024-03-03T06:04:21","slug":"prokofiev-ansermet-lorchestre-de-la-suisse-romande-%e2%80%8e-selections-from-romeo-and-juliet-cinderella","status":"publish","type":"product","link":"https:\/\/vinilozona.lt\/en\/parduotuve\/rock-pop\/prokofiev-ansermet-lorchestre-de-la-suisse-romande-%e2%80%8e-selections-from-romeo-and-juliet-cinderella\/","title":{"rendered":"Supremes \u2013 The Supremes Produced And Arranged By Jimmy Webb"},"content":{"rendered":"<p>I Guess I&#8217;ll Miss The Man\t2:40<br \/>\n5:30 Plane\t3:52<br \/>\nTossin&#8217; And Turnin&#8217;\t3:55<br \/>\nWhen Can Brown Begin\t3:15<br \/>\nBeyond Myself\t3:27<br \/>\nIl Voce De Silenzio (Silent Voices)\t3:35<br \/>\nAll I Want\t3:40<br \/>\nOnce In The Morning\t2:50<br \/>\nI Keep It Hid\t3:07<br \/>\nParadise\t4:10<br \/>\nCheap Lovin&#8217;\t4:20<\/p>","protected":false},"excerpt":{"rendered":"<p>Motown \u2013 M756L<br \/>\nFormat:<br \/>\nVinyl, LP, Album, Stereo<br \/>\nCountry:\tUS<br \/>\nReleased:\t1972<\/p>","protected":false},"featured_media":24385,"template":"","meta":[],"product_cat":[15],"product_tag":[44],"yoast_head":"<!-- This site is optimized with the Yoast SEO plugin v23.5 - https:\/\/yoast.com\/wordpress\/plugins\/seo\/ -->\n<title>Supremes \u2013 The Supremes Produced And Arranged By Jimmy Webb Vinilin\u0117 Plok\u0161tel\u0117 | Vinilozona.lt<\/title>\n<meta name=\"robots\" content=\"index, follow, max-snippet:-1, max-image-preview:large, max-video-preview:-1\" \/>\n<link rel=\"canonical\" href=\"https:\/\/vinilozona.lt\/en\/parduotuve\/rock-pop\/prokofiev-ansermet-lorchestre-de-la-suisse-romande-\u200e-selections-from-romeo-and-juliet-cinderella\/\" \/>\n<meta property=\"og:locale\" content=\"en_GB\" \/>\n<meta property=\"og:type\" content=\"article\" \/>\n<meta property=\"og:title\" content=\"Supremes \u2013 The Supremes Produced And Arranged By Jimmy Webb Vinilin\u0117 Plok\u0161tel\u0117 | Vinilozona.lt\" \/>\n<meta property=\"og:description\" content=\"Motown \u2013 M756L Format:  Vinyl, LP, Album, Stereo Country: US Released: 1972\" \/>\n<meta property=\"og:url\" content=\"https:\/\/vinilozona.lt\/en\/parduotuve\/rock-pop\/prokofiev-ansermet-lorchestre-de-la-suisse-romande-\u200e-selections-from-romeo-and-juliet-cinderella\/\" \/>\n<meta property=\"og:site_name\" content=\"Vinilo Zona\" \/>\n<meta property=\"article:modified_time\" content=\"2024-03-03T06:04:21+00:00\" \/>\n<meta property=\"og:image\" content=\"https:\/\/vinilozona.lt\/wp-content\/uploads\/2024\/03\/R-2088927-1587843365-6863.jpg\" \/>\n\t<meta property=\"og:image:width\" content=\"600\" \/>\n\t<meta property=\"og:image:height\" content=\"600\" \/>\n\t<meta property=\"og:image:type\" content=\"image\/jpeg\" \/>\n<meta name=\"twitter:card\" content=\"summary_large_image\" \/>\n<script type=\"application\/ld+json\" class=\"yoast-schema-graph\">{\"@context\":\"https:\/\/schema.org\",\"@graph\":[{\"@type\":\"WebPage\",\"@id\":\"https:\/\/vinilozona.lt\/parduotuve\/rock-pop\/prokofiev-ansermet-lorchestre-de-la-suisse-romande-%e2%80%8e-selections-from-romeo-and-juliet-cinderella\/\",\"url\":\"https:\/\/vinilozona.lt\/parduotuve\/rock-pop\/prokofiev-ansermet-lorchestre-de-la-suisse-romande-%e2%80%8e-selections-from-romeo-and-juliet-cinderella\/\",\"name\":\"Supremes \u2013 The Supremes Produced And Arranged By Jimmy Webb Vinilin\u0117 Plok\u0161tel\u0117 | Vinilozona.lt\",\"isPartOf\":{\"@id\":\"https:\/\/vinilozona.lt\/#website\"},\"primaryImageOfPage\":{\"@id\":\"https:\/\/vinilozona.lt\/parduotuve\/rock-pop\/prokofiev-ansermet-lorchestre-de-la-suisse-romande-%e2%80%8e-selections-from-romeo-and-juliet-cinderella\/#primaryimage\"},\"image\":{\"@id\":\"https:\/\/vinilozona.lt\/parduotuve\/rock-pop\/prokofiev-ansermet-lorchestre-de-la-suisse-romande-%e2%80%8e-selections-from-romeo-and-juliet-cinderella\/#primaryimage\"},\"thumbnailUrl\":\"https:\/\/vinilozona.lt\/wp-content\/uploads\/2024\/03\/R-2088927-1587843365-6863.jpg\",\"datePublished\":\"2024-03-04T03:04:50+00:00\",\"dateModified\":\"2024-03-03T06:04:21+00:00\",\"breadcrumb\":{\"@id\":\"https:\/\/vinilozona.lt\/parduotuve\/rock-pop\/prokofiev-ansermet-lorchestre-de-la-suisse-romande-%e2%80%8e-selections-from-romeo-and-juliet-cinderella\/#breadcrumb\"},\"inLanguage\":\"en-GB\",\"potentialAction\":[{\"@type\":\"ReadAction\",\"target\":[\"https:\/\/vinilozona.lt\/parduotuve\/rock-pop\/prokofiev-ansermet-lorchestre-de-la-suisse-romande-%e2%80%8e-selections-from-romeo-and-juliet-cinderella\/\"]}]},{\"@type\":\"ImageObject\",\"inLanguage\":\"en-GB\",\"@id\":\"https:\/\/vinilozona.lt\/parduotuve\/rock-pop\/prokofiev-ansermet-lorchestre-de-la-suisse-romande-%e2%80%8e-selections-from-romeo-and-juliet-cinderella\/#primaryimage\",\"url\":\"https:\/\/vinilozona.lt\/wp-content\/uploads\/2024\/03\/R-2088927-1587843365-6863.jpg\",\"contentUrl\":\"https:\/\/vinilozona.lt\/wp-content\/uploads\/2024\/03\/R-2088927-1587843365-6863.jpg\",\"width\":600,\"height\":600},{\"@type\":\"BreadcrumbList\",\"@id\":\"https:\/\/vinilozona.lt\/parduotuve\/rock-pop\/prokofiev-ansermet-lorchestre-de-la-suisse-romande-%e2%80%8e-selections-from-romeo-and-juliet-cinderella\/#breadcrumb\",\"itemListElement\":[{\"@type\":\"ListItem\",\"position\":1,\"name\":\"Home\",\"item\":\"https:\/\/vinilozona.lt\/\"},{\"@type\":\"ListItem\",\"position\":2,\"name\":\"Parduotuv\u0117\",\"item\":\"https:\/\/vinilozona.lt\/parduotuve\/\"},{\"@type\":\"ListItem\",\"position\":3,\"name\":\"Supremes \u2013 The Supremes Produced And Arranged By Jimmy Webb\"}]},{\"@type\":\"WebSite\",\"@id\":\"https:\/\/vinilozona.lt\/#website\",\"url\":\"https:\/\/vinilozona.lt\/\",\"name\":\"Vinilo Zona\",\"description\":\"Nup\u016bsk dulkes ir klausyk LP\",\"potentialAction\":[{\"@type\":\"SearchAction\",\"target\":{\"@type\":\"EntryPoint\",\"urlTemplate\":\"https:\/\/vinilozona.lt\/?s={search_term_string}\"},\"query-input\":{\"@type\":\"PropertyValueSpecification\",\"valueRequired\":true,\"valueName\":\"search_term_string\"}}],\"inLanguage\":\"en-GB\"}]}<\/script>\n<!-- \/ Yoast SEO plugin. -->","yoast_head_json":{"title":"Supremes \u2013 The Supremes Produced And Arranged By Jimmy Webb Vinilin\u0117 Plok\u0161tel\u0117 | Vinilozona.lt","robots":{"index":"index","follow":"follow","max-snippet":"max-snippet:-1","max-image-preview":"max-image-preview:large","max-video-preview":"max-video-preview:-1"},"canonical":"https:\/\/vinilozona.lt\/en\/parduotuve\/rock-pop\/prokofiev-ansermet-lorchestre-de-la-suisse-romande-\u200e-selections-from-romeo-and-juliet-cinderella\/","og_locale":"en_GB","og_type":"article","og_title":"Supremes \u2013 The Supremes Produced And Arranged By Jimmy Webb Vinilin\u0117 Plok\u0161tel\u0117 | Vinilozona.lt","og_description":"Motown \u2013 M756L Format:  Vinyl, LP, Album, Stereo Country: US Released: 1972","og_url":"https:\/\/vinilozona.lt\/en\/parduotuve\/rock-pop\/prokofiev-ansermet-lorchestre-de-la-suisse-romande-\u200e-selections-from-romeo-and-juliet-cinderella\/","og_site_name":"Vinilo Zona","article_modified_time":"2024-03-03T06:04:21+00:00","og_image":[{"width":600,"height":600,"url":"https:\/\/vinilozona.lt\/wp-content\/uploads\/2024\/03\/R-2088927-1587843365-6863.jpg","type":"image\/jpeg"}],"twitter_card":"summary_large_image","schema":{"@context":"https:\/\/schema.org","@graph":[{"@type":"WebPage","@id":"https:\/\/vinilozona.lt\/parduotuve\/rock-pop\/prokofiev-ansermet-lorchestre-de-la-suisse-romande-%e2%80%8e-selections-from-romeo-and-juliet-cinderella\/","url":"https:\/\/vinilozona.lt\/parduotuve\/rock-pop\/prokofiev-ansermet-lorchestre-de-la-suisse-romande-%e2%80%8e-selections-from-romeo-and-juliet-cinderella\/","name":"Supremes \u2013 The Supremes Produced And Arranged By Jimmy Webb Vinilin\u0117 Plok\u0161tel\u0117 | Vinilozona.lt","isPartOf":{"@id":"https:\/\/vinilozona.lt\/#website"},"primaryImageOfPage":{"@id":"https:\/\/vinilozona.lt\/parduotuve\/rock-pop\/prokofiev-ansermet-lorchestre-de-la-suisse-romande-%e2%80%8e-selections-from-romeo-and-juliet-cinderella\/#primaryimage"},"image":{"@id":"https:\/\/vinilozona.lt\/parduotuve\/rock-pop\/prokofiev-ansermet-lorchestre-de-la-suisse-romande-%e2%80%8e-selections-from-romeo-and-juliet-cinderella\/#primaryimage"},"thumbnailUrl":"https:\/\/vinilozona.lt\/wp-content\/uploads\/2024\/03\/R-2088927-1587843365-6863.jpg","datePublished":"2024-03-04T03:04:50+00:00","dateModified":"2024-03-03T06:04:21+00:00","breadcrumb":{"@id":"https:\/\/vinilozona.lt\/parduotuve\/rock-pop\/prokofiev-ansermet-lorchestre-de-la-suisse-romande-%e2%80%8e-selections-from-romeo-and-juliet-cinderella\/#breadcrumb"},"inLanguage":"en-GB","potentialAction":[{"@type":"ReadAction","target":["https:\/\/vinilozona.lt\/parduotuve\/rock-pop\/prokofiev-ansermet-lorchestre-de-la-suisse-romande-%e2%80%8e-selections-from-romeo-and-juliet-cinderella\/"]}]},{"@type":"ImageObject","inLanguage":"en-GB","@id":"https:\/\/vinilozona.lt\/parduotuve\/rock-pop\/prokofiev-ansermet-lorchestre-de-la-suisse-romande-%e2%80%8e-selections-from-romeo-and-juliet-cinderella\/#primaryimage","url":"https:\/\/vinilozona.lt\/wp-content\/uploads\/2024\/03\/R-2088927-1587843365-6863.jpg","contentUrl":"https:\/\/vinilozona.lt\/wp-content\/uploads\/2024\/03\/R-2088927-1587843365-6863.jpg","width":600,"height":600},{"@type":"BreadcrumbList","@id":"https:\/\/vinilozona.lt\/parduotuve\/rock-pop\/prokofiev-ansermet-lorchestre-de-la-suisse-romande-%e2%80%8e-selections-from-romeo-and-juliet-cinderella\/#breadcrumb","itemListElement":[{"@type":"ListItem","position":1,"name":"Home","item":"https:\/\/vinilozona.lt\/"},{"@type":"ListItem","position":2,"name":"Parduotuv\u0117","item":"https:\/\/vinilozona.lt\/parduotuve\/"},{"@type":"ListItem","position":3,"name":"Supremes \u2013 The Supremes Produced And Arranged By Jimmy Webb"}]},{"@type":"WebSite","@id":"https:\/\/vinilozona.lt\/#website","url":"https:\/\/vinilozona.lt\/","name":"Vinilo Zona","description":"Nup\u016bsk dulkes ir klausyk LP","potentialAction":[{"@type":"SearchAction","target":{"@type":"EntryPoint","urlTemplate":"https:\/\/vinilozona.lt\/?s={search_term_string}"},"query-input":{"@type":"PropertyValueSpecification","valueRequired":true,"valueName":"search_term_string"}}],"inLanguage":"en-GB"}]}},"_links":{"self":[{"href":"https:\/\/vinilozona.lt\/en\/wp-json\/wp\/v2\/product\/3158"}],"collection":[{"href":"https:\/\/vinilozona.lt\/en\/wp-json\/wp\/v2\/product"}],"about":[{"href":"https:\/\/vinilozona.lt\/en\/wp-json\/wp\/v2\/types\/product"}],"wp:featuredmedia":[{"embeddable":true,"href":"https:\/\/vinilozona.lt\/en\/wp-json\/wp\/v2\/media\/24385"}],"wp:attachment":[{"href":"https:\/\/vinilozona.lt\/en\/wp-json\/wp\/v2\/media?parent=3158"}],"wp:term":[{"taxonomy":"product_cat","embeddable":true,"href":"https:\/\/vinilozona.lt\/en\/wp-json\/wp\/v2\/product_cat?post=3158"},{"taxonomy":"product_tag","embeddable":true,"href":"https:\/\/vinilozona.lt\/en\/wp-json\/wp\/v2\/product_tag?post=3158"}],"curies":[{"name":"wp","href":"https:\/\/api.w.org\/{rel}","templated":true}]}}