{"id":3137,"date":"2023-02-26T06:30:12","date_gmt":"2023-02-26T04:30:12","guid":{"rendered":"https:\/\/vinylhome.lt\/?post_type=product&#038;p=3137"},"modified":"2025-08-20T14:04:14","modified_gmt":"2025-08-20T11:04:14","slug":"mozart-sir-neville-marriner-the-academy-of-st-martin-in-the-fields-%e2%80%8e-concerto-for-flute-and-harp-sinfonia-concertante-k-297b","status":"publish","type":"product","link":"https:\/\/vinilozona.lt\/en\/parduotuve\/lietuviska\/mozart-sir-neville-marriner-the-academy-of-st-martin-in-the-fields-%e2%80%8e-concerto-for-flute-and-harp-sinfonia-concertante-k-297b\/","title":{"rendered":"M. K. \u010ciurlionis \u2013 K\u016briniai Fortepijonui 1899-1903"},"content":{"rendered":"<p>Keturios Pjes\u0117s<br \/>\nA1.1\t\tPreliudas. Op. 3, Nr. 1, B-moll<br \/>\nA1.2\t\tHumoreska. Op. 3, Nr. 2<br \/>\nA1.3\t\tMazurka. Op. 3, Nr. 3<br \/>\nA1.4\t\tPreliudas. Op. 3, Nr. 4, F-moll<br \/>\nDvi Pjes\u0117s<br \/>\nA2.1\t\tNoktiurnas. Op. 4, Nr. 1<br \/>\nA2.2\t\tPreliudas. Op. 4, Nr. 2, Fis-moll<br \/>\nDvi Pjes\u0117s<br \/>\nA3.1\t\tPreliudas. Op. 6, Nr. 1, Fis-dur<br \/>\nA3.2\t\tNoktiurnas. Op. 6, Nr. 2<br \/>\nKeturi Preliudai<br \/>\nB1.1\t\tOp. 7, Nr. 1, Fis-moll<br \/>\nB1.2\t\tOp. 7, Nr. 2, Des-dur<br \/>\nB1.3\t\tOp. 7, Nr. 3, H-dur<br \/>\nB1.4\t\tOp. 7, Nr. 4, A-moll<br \/>\nDvi Pjes\u0117s<br \/>\nB2.1\t\tMazurka. Op. 8, Nr. 1<br \/>\nB2.2\t\tPreliudas. Op. 8, Nr. 2, F-moll<br \/>\nTrys Preliudai<br \/>\nB3.1\t\tOp. 11, Nr. 1, A-moll<br \/>\nB3.2\t\tDainel\u0117. Op. 11, Nr. 2<br \/>\nB3.3\t\tOp. 11, Nr. 3, H-moll<br \/>\nDvi Pjes\u0117s<br \/>\nB4.1\t\tPreliudas. Op. 12, Nr. 1, D-moll<br \/>\nB4.2\t\tPostliudija. Op. 12, Nr. 2<br \/>\nDu Preliudai<br \/>\nB5.1\t\tOp. 13, Nr. 1, A-moll<br \/>\nB5.2\t\tOp. 13, Nr. 2, G-dur<\/p>","protected":false},"excerpt":{"rendered":"<p>\u041c\u0435\u043b\u043e\u0434\u0438\u044f \u2013 \u042110-06395-96<br \/>\nSeries:\tRinktiniai K\u016briniai \u2013 1<br \/>\nFormat:<br \/>\nVinyl, LP, Repress<br \/>\nCountry:\tUSSR<br \/>\nReleased:\t1982<\/p>","protected":false},"featured_media":24403,"template":"","meta":[],"product_cat":[19,22],"product_tag":[44],"yoast_head":"<!-- This site is optimized with the Yoast SEO plugin v23.5 - https:\/\/yoast.com\/wordpress\/plugins\/seo\/ -->\n<title>M. K. \u010ciurlionis \u2013 K\u016briniai Fortepijonui 1899-1903 Vinilin\u0117 Plok\u0161tel\u0117 | Vinilozona.lt<\/title>\n<meta name=\"robots\" content=\"index, follow, max-snippet:-1, max-image-preview:large, max-video-preview:-1\" \/>\n<link rel=\"canonical\" href=\"https:\/\/vinilozona.lt\/en\/parduotuve\/lietuviska\/mozart-sir-neville-marriner-the-academy-of-st-martin-in-the-fields-\u200e-concerto-for-flute-and-harp-sinfonia-concertante-k-297b\/\" \/>\n<meta property=\"og:locale\" content=\"en_GB\" \/>\n<meta property=\"og:type\" content=\"article\" \/>\n<meta property=\"og:title\" content=\"M. K. \u010ciurlionis \u2013 K\u016briniai Fortepijonui 1899-1903 Vinilin\u0117 Plok\u0161tel\u0117 | Vinilozona.lt\" \/>\n<meta property=\"og:description\" content=\"\u041c\u0435\u043b\u043e\u0434\u0438\u044f \u2013 \u042110-06395-96 Series: Rinktiniai K\u016briniai \u2013 1 Format:  Vinyl, LP, Repress Country: USSR Released: 1982\" \/>\n<meta property=\"og:url\" content=\"https:\/\/vinilozona.lt\/en\/parduotuve\/lietuviska\/mozart-sir-neville-marriner-the-academy-of-st-martin-in-the-fields-\u200e-concerto-for-flute-and-harp-sinfonia-concertante-k-297b\/\" \/>\n<meta property=\"og:site_name\" content=\"Vinilo Zona\" \/>\n<meta property=\"article:modified_time\" content=\"2025-08-20T11:04:14+00:00\" \/>\n<meta property=\"og:image\" content=\"https:\/\/vinilozona.lt\/wp-content\/uploads\/2020\/01\/R-15871411-1612004305-9933.jpg\" \/>\n\t<meta property=\"og:image:width\" content=\"589\" \/>\n\t<meta property=\"og:image:height\" content=\"600\" \/>\n\t<meta property=\"og:image:type\" content=\"image\/jpeg\" \/>\n<meta name=\"twitter:card\" content=\"summary_large_image\" \/>\n<meta name=\"twitter:label1\" content=\"Estimated reading time\" \/>\n\t<meta name=\"twitter:data1\" content=\"1 minute\" \/>\n<script type=\"application\/ld+json\" class=\"yoast-schema-graph\">{\"@context\":\"https:\/\/schema.org\",\"@graph\":[{\"@type\":\"WebPage\",\"@id\":\"https:\/\/vinilozona.lt\/en\/parduotuve\/lietuviska\/mozart-sir-neville-marriner-the-academy-of-st-martin-in-the-fields-%e2%80%8e-concerto-for-flute-and-harp-sinfonia-concertante-k-297b\/\",\"url\":\"https:\/\/vinilozona.lt\/en\/parduotuve\/lietuviska\/mozart-sir-neville-marriner-the-academy-of-st-martin-in-the-fields-%e2%80%8e-concerto-for-flute-and-harp-sinfonia-concertante-k-297b\/\",\"name\":\"M. K. \u010ciurlionis \u2013 K\u016briniai Fortepijonui 1899-1903 Vinilin\u0117 Plok\u0161tel\u0117 | Vinilozona.lt\",\"isPartOf\":{\"@id\":\"https:\/\/vinilozona.lt\/#website\"},\"primaryImageOfPage\":{\"@id\":\"https:\/\/vinilozona.lt\/en\/parduotuve\/lietuviska\/mozart-sir-neville-marriner-the-academy-of-st-martin-in-the-fields-%e2%80%8e-concerto-for-flute-and-harp-sinfonia-concertante-k-297b\/#primaryimage\"},\"image\":{\"@id\":\"https:\/\/vinilozona.lt\/en\/parduotuve\/lietuviska\/mozart-sir-neville-marriner-the-academy-of-st-martin-in-the-fields-%e2%80%8e-concerto-for-flute-and-harp-sinfonia-concertante-k-297b\/#primaryimage\"},\"thumbnailUrl\":\"https:\/\/vinilozona.lt\/wp-content\/uploads\/2020\/01\/R-15871411-1612004305-9933.jpg\",\"datePublished\":\"2023-02-26T04:30:12+00:00\",\"dateModified\":\"2025-08-20T11:04:14+00:00\",\"breadcrumb\":{\"@id\":\"https:\/\/vinilozona.lt\/en\/parduotuve\/lietuviska\/mozart-sir-neville-marriner-the-academy-of-st-martin-in-the-fields-%e2%80%8e-concerto-for-flute-and-harp-sinfonia-concertante-k-297b\/#breadcrumb\"},\"inLanguage\":\"en-GB\",\"potentialAction\":[{\"@type\":\"ReadAction\",\"target\":[\"https:\/\/vinilozona.lt\/en\/parduotuve\/lietuviska\/mozart-sir-neville-marriner-the-academy-of-st-martin-in-the-fields-%e2%80%8e-concerto-for-flute-and-harp-sinfonia-concertante-k-297b\/\"]}]},{\"@type\":\"ImageObject\",\"inLanguage\":\"en-GB\",\"@id\":\"https:\/\/vinilozona.lt\/en\/parduotuve\/lietuviska\/mozart-sir-neville-marriner-the-academy-of-st-martin-in-the-fields-%e2%80%8e-concerto-for-flute-and-harp-sinfonia-concertante-k-297b\/#primaryimage\",\"url\":\"https:\/\/vinilozona.lt\/wp-content\/uploads\/2020\/01\/R-15871411-1612004305-9933.jpg\",\"contentUrl\":\"https:\/\/vinilozona.lt\/wp-content\/uploads\/2020\/01\/R-15871411-1612004305-9933.jpg\",\"width\":589,\"height\":600},{\"@type\":\"BreadcrumbList\",\"@id\":\"https:\/\/vinilozona.lt\/en\/parduotuve\/lietuviska\/mozart-sir-neville-marriner-the-academy-of-st-martin-in-the-fields-%e2%80%8e-concerto-for-flute-and-harp-sinfonia-concertante-k-297b\/#breadcrumb\",\"itemListElement\":[{\"@type\":\"ListItem\",\"position\":1,\"name\":\"Home\",\"item\":\"https:\/\/vinilozona.lt\/\"},{\"@type\":\"ListItem\",\"position\":2,\"name\":\"Parduotuv\u0117\",\"item\":\"https:\/\/vinilozona.lt\/parduotuve\/\"},{\"@type\":\"ListItem\",\"position\":3,\"name\":\"M. K. \u010ciurlionis \u2013 K\u016briniai Fortepijonui 1899-1903\"}]},{\"@type\":\"WebSite\",\"@id\":\"https:\/\/vinilozona.lt\/#website\",\"url\":\"https:\/\/vinilozona.lt\/\",\"name\":\"Vinilo Zona\",\"description\":\"Nup\u016bsk dulkes ir klausyk LP\",\"potentialAction\":[{\"@type\":\"SearchAction\",\"target\":{\"@type\":\"EntryPoint\",\"urlTemplate\":\"https:\/\/vinilozona.lt\/?s={search_term_string}\"},\"query-input\":{\"@type\":\"PropertyValueSpecification\",\"valueRequired\":true,\"valueName\":\"search_term_string\"}}],\"inLanguage\":\"en-GB\"}]}<\/script>\n<!-- \/ Yoast SEO plugin. -->","yoast_head_json":{"title":"M. K. \u010ciurlionis \u2013 K\u016briniai Fortepijonui 1899-1903 Vinilin\u0117 Plok\u0161tel\u0117 | Vinilozona.lt","robots":{"index":"index","follow":"follow","max-snippet":"max-snippet:-1","max-image-preview":"max-image-preview:large","max-video-preview":"max-video-preview:-1"},"canonical":"https:\/\/vinilozona.lt\/en\/parduotuve\/lietuviska\/mozart-sir-neville-marriner-the-academy-of-st-martin-in-the-fields-\u200e-concerto-for-flute-and-harp-sinfonia-concertante-k-297b\/","og_locale":"en_GB","og_type":"article","og_title":"M. K. \u010ciurlionis \u2013 K\u016briniai Fortepijonui 1899-1903 Vinilin\u0117 Plok\u0161tel\u0117 | Vinilozona.lt","og_description":"\u041c\u0435\u043b\u043e\u0434\u0438\u044f \u2013 \u042110-06395-96 Series: Rinktiniai K\u016briniai \u2013 1 Format:  Vinyl, LP, Repress Country: USSR Released: 1982","og_url":"https:\/\/vinilozona.lt\/en\/parduotuve\/lietuviska\/mozart-sir-neville-marriner-the-academy-of-st-martin-in-the-fields-\u200e-concerto-for-flute-and-harp-sinfonia-concertante-k-297b\/","og_site_name":"Vinilo Zona","article_modified_time":"2025-08-20T11:04:14+00:00","og_image":[{"width":589,"height":600,"url":"https:\/\/vinilozona.lt\/wp-content\/uploads\/2020\/01\/R-15871411-1612004305-9933.jpg","type":"image\/jpeg"}],"twitter_card":"summary_large_image","twitter_misc":{"Estimated reading time":"1 minute"},"schema":{"@context":"https:\/\/schema.org","@graph":[{"@type":"WebPage","@id":"https:\/\/vinilozona.lt\/en\/parduotuve\/lietuviska\/mozart-sir-neville-marriner-the-academy-of-st-martin-in-the-fields-%e2%80%8e-concerto-for-flute-and-harp-sinfonia-concertante-k-297b\/","url":"https:\/\/vinilozona.lt\/en\/parduotuve\/lietuviska\/mozart-sir-neville-marriner-the-academy-of-st-martin-in-the-fields-%e2%80%8e-concerto-for-flute-and-harp-sinfonia-concertante-k-297b\/","name":"M. K. \u010ciurlionis \u2013 K\u016briniai Fortepijonui 1899-1903 Vinilin\u0117 Plok\u0161tel\u0117 | Vinilozona.lt","isPartOf":{"@id":"https:\/\/vinilozona.lt\/#website"},"primaryImageOfPage":{"@id":"https:\/\/vinilozona.lt\/en\/parduotuve\/lietuviska\/mozart-sir-neville-marriner-the-academy-of-st-martin-in-the-fields-%e2%80%8e-concerto-for-flute-and-harp-sinfonia-concertante-k-297b\/#primaryimage"},"image":{"@id":"https:\/\/vinilozona.lt\/en\/parduotuve\/lietuviska\/mozart-sir-neville-marriner-the-academy-of-st-martin-in-the-fields-%e2%80%8e-concerto-for-flute-and-harp-sinfonia-concertante-k-297b\/#primaryimage"},"thumbnailUrl":"https:\/\/vinilozona.lt\/wp-content\/uploads\/2020\/01\/R-15871411-1612004305-9933.jpg","datePublished":"2023-02-26T04:30:12+00:00","dateModified":"2025-08-20T11:04:14+00:00","breadcrumb":{"@id":"https:\/\/vinilozona.lt\/en\/parduotuve\/lietuviska\/mozart-sir-neville-marriner-the-academy-of-st-martin-in-the-fields-%e2%80%8e-concerto-for-flute-and-harp-sinfonia-concertante-k-297b\/#breadcrumb"},"inLanguage":"en-GB","potentialAction":[{"@type":"ReadAction","target":["https:\/\/vinilozona.lt\/en\/parduotuve\/lietuviska\/mozart-sir-neville-marriner-the-academy-of-st-martin-in-the-fields-%e2%80%8e-concerto-for-flute-and-harp-sinfonia-concertante-k-297b\/"]}]},{"@type":"ImageObject","inLanguage":"en-GB","@id":"https:\/\/vinilozona.lt\/en\/parduotuve\/lietuviska\/mozart-sir-neville-marriner-the-academy-of-st-martin-in-the-fields-%e2%80%8e-concerto-for-flute-and-harp-sinfonia-concertante-k-297b\/#primaryimage","url":"https:\/\/vinilozona.lt\/wp-content\/uploads\/2020\/01\/R-15871411-1612004305-9933.jpg","contentUrl":"https:\/\/vinilozona.lt\/wp-content\/uploads\/2020\/01\/R-15871411-1612004305-9933.jpg","width":589,"height":600},{"@type":"BreadcrumbList","@id":"https:\/\/vinilozona.lt\/en\/parduotuve\/lietuviska\/mozart-sir-neville-marriner-the-academy-of-st-martin-in-the-fields-%e2%80%8e-concerto-for-flute-and-harp-sinfonia-concertante-k-297b\/#breadcrumb","itemListElement":[{"@type":"ListItem","position":1,"name":"Home","item":"https:\/\/vinilozona.lt\/"},{"@type":"ListItem","position":2,"name":"Parduotuv\u0117","item":"https:\/\/vinilozona.lt\/parduotuve\/"},{"@type":"ListItem","position":3,"name":"M. K. \u010ciurlionis \u2013 K\u016briniai Fortepijonui 1899-1903"}]},{"@type":"WebSite","@id":"https:\/\/vinilozona.lt\/#website","url":"https:\/\/vinilozona.lt\/","name":"Vinilo Zona","description":"Nup\u016bsk dulkes ir klausyk LP","potentialAction":[{"@type":"SearchAction","target":{"@type":"EntryPoint","urlTemplate":"https:\/\/vinilozona.lt\/?s={search_term_string}"},"query-input":{"@type":"PropertyValueSpecification","valueRequired":true,"valueName":"search_term_string"}}],"inLanguage":"en-GB"}]}},"_links":{"self":[{"href":"https:\/\/vinilozona.lt\/en\/wp-json\/wp\/v2\/product\/3137"}],"collection":[{"href":"https:\/\/vinilozona.lt\/en\/wp-json\/wp\/v2\/product"}],"about":[{"href":"https:\/\/vinilozona.lt\/en\/wp-json\/wp\/v2\/types\/product"}],"wp:featuredmedia":[{"embeddable":true,"href":"https:\/\/vinilozona.lt\/en\/wp-json\/wp\/v2\/media\/24403"}],"wp:attachment":[{"href":"https:\/\/vinilozona.lt\/en\/wp-json\/wp\/v2\/media?parent=3137"}],"wp:term":[{"taxonomy":"product_cat","embeddable":true,"href":"https:\/\/vinilozona.lt\/en\/wp-json\/wp\/v2\/product_cat?post=3137"},{"taxonomy":"product_tag","embeddable":true,"href":"https:\/\/vinilozona.lt\/en\/wp-json\/wp\/v2\/product_tag?post=3137"}],"curies":[{"name":"wp","href":"https:\/\/api.w.org\/{rel}","templated":true}]}}