{"id":3122,"date":"2023-02-26T05:02:11","date_gmt":"2023-02-26T03:02:11","guid":{"rendered":"https:\/\/vinylhome.lt\/?post_type=product&#038;p=3122"},"modified":"2024-02-26T19:55:20","modified_gmt":"2024-02-26T17:55:20","slug":"johann-sebastian-bach-magnificat-bwv-243-kantate-%e2%80%a2-cantata-bwv-78","status":"publish","type":"product","link":"https:\/\/vinilozona.lt\/en\/parduotuve\/classic\/johann-sebastian-bach-magnificat-bwv-243-kantate-%e2%80%a2-cantata-bwv-78\/","title":{"rendered":"F. Chopin = \u0424. \u0428\u043e\u043f\u0435\u043d &#8211; Lubov Timofeyeva = \u041b\u044e\u0431\u043e\u0432\u044c \u0422\u0438\u043c\u043e\u0444\u0435\u0435\u0432\u0430* \u2013 Etudes = \u042d\u0442\u044e\u0434\u044b"},"content":{"rendered":"<p>A1\t\tOp. 10. No. 1 In \u0421 Major: Allegro 1\t2:01<br \/>\nA2\t\tOp. 10. No. 2 In A Minor: Allegro 1\t1:14<br \/>\nA3\t\tOp. 10. No. 3 In E Major: Lento Ma Non Troppo\t3:42<br \/>\nA4\t\tOp. 10. No. 4 in \u0421 sharp minor: Presto\t1:51<br \/>\nA5\t\tOp. 10. No. 5 In G Flat Major: Vivace\t1:37<br \/>\nA6\t\tOp. 10. No. 6 In E Flat Minor: Andante\t3:49<br \/>\nA7\t\tOp. 10. No. 7 In \u0421 Major: Vivace\t1:37<br \/>\nA8\t\tOp. 10. No. 8 In F Major: Allegro\t2:15<br \/>\nA9\t\tOp. 10. No. 9 In F Minor: Allegro, Molto Agitato\t2:15<br \/>\nB1\t\tOp. 10. No. 10 In A Flat Major: Vivace Assai\t2:38<br \/>\nB2\t\tOp. 10. No. 11 In E Flat Major: Allegretto\t2:41<br \/>\nB3\t\tOp. 10. No. 12 In \u0421 Minor: Allegro Con Fuoco\t2:38<br \/>\nB4\t\tNo. 1 In A Flat Major: Allegro Sostenuto\t2:27<br \/>\nB5\t\tNo. 2 In F Minor: Presto\t1:43<br \/>\nB6\t\tNo. 3 In F Major: Allegro\t1:40<br \/>\nB7\t\tNo. 4 In A Minor: Agitato\t1:23<br \/>\nB8\t\tNo. 5 In E Minor: Vivace\t3:27<br \/>\nB9\t\tNo. 6 In G Sharp Minor: Allegro\t1:59<\/p>","protected":false},"excerpt":{"rendered":"<p>\u041c\u0435\u043b\u043e\u0434\u0438\u044f \u2013 A10 00187 000<br \/>\nFormat:<br \/>\nVinyl, LP, Album<br \/>\nCountry:\tUSSR<br \/>\nReleased:\t1986<\/p>","protected":false},"featured_media":24283,"template":"","meta":[],"product_cat":[22],"product_tag":[44],"yoast_head":"<!-- This site is optimized with the Yoast SEO plugin v23.5 - https:\/\/yoast.com\/wordpress\/plugins\/seo\/ -->\n<title>F. Chopin = \u0424. \u0428\u043e\u043f\u0435\u043d - Lubov Timofeyeva = \u041b\u044e\u0431\u043e\u0432\u044c \u0422\u0438\u043c\u043e\u0444\u0435\u0435\u0432\u0430* \u2013 Etudes = \u042d\u0442\u044e\u0434\u044b Vinilin\u0117 Plok\u0161tel\u0117 | Vinilozona.lt<\/title>\n<meta name=\"robots\" content=\"index, follow, max-snippet:-1, max-image-preview:large, max-video-preview:-1\" \/>\n<link rel=\"canonical\" href=\"https:\/\/vinilozona.lt\/en\/parduotuve\/classic\/johann-sebastian-bach-magnificat-bwv-243-kantate-\u2022-cantata-bwv-78\/\" \/>\n<meta property=\"og:locale\" content=\"en_GB\" \/>\n<meta property=\"og:type\" content=\"article\" \/>\n<meta property=\"og:title\" content=\"F. Chopin = \u0424. \u0428\u043e\u043f\u0435\u043d - Lubov Timofeyeva = \u041b\u044e\u0431\u043e\u0432\u044c \u0422\u0438\u043c\u043e\u0444\u0435\u0435\u0432\u0430* \u2013 Etudes = \u042d\u0442\u044e\u0434\u044b Vinilin\u0117 Plok\u0161tel\u0117 | Vinilozona.lt\" \/>\n<meta property=\"og:description\" content=\"\u041c\u0435\u043b\u043e\u0434\u0438\u044f \u2013 A10 00187 000 Format:  Vinyl, LP, Album Country: USSR Released: 1986\" \/>\n<meta property=\"og:url\" content=\"https:\/\/vinilozona.lt\/en\/parduotuve\/classic\/johann-sebastian-bach-magnificat-bwv-243-kantate-\u2022-cantata-bwv-78\/\" \/>\n<meta property=\"og:site_name\" content=\"Vinilo Zona\" \/>\n<meta property=\"article:modified_time\" content=\"2024-02-26T17:55:20+00:00\" \/>\n<meta property=\"og:image\" content=\"https:\/\/vinilozona.lt\/wp-content\/uploads\/2020\/01\/R-6668912-1424254086-2570.jpg\" \/>\n\t<meta property=\"og:image:width\" content=\"591\" \/>\n\t<meta property=\"og:image:height\" content=\"600\" \/>\n\t<meta property=\"og:image:type\" content=\"image\/jpeg\" \/>\n<meta name=\"twitter:card\" content=\"summary_large_image\" \/>\n<meta name=\"twitter:label1\" content=\"Estimated reading time\" \/>\n\t<meta name=\"twitter:data1\" content=\"1 minute\" \/>\n<script type=\"application\/ld+json\" class=\"yoast-schema-graph\">{\"@context\":\"https:\/\/schema.org\",\"@graph\":[{\"@type\":\"WebPage\",\"@id\":\"https:\/\/vinilozona.lt\/en\/parduotuve\/classic\/johann-sebastian-bach-magnificat-bwv-243-kantate-%e2%80%a2-cantata-bwv-78\/\",\"url\":\"https:\/\/vinilozona.lt\/en\/parduotuve\/classic\/johann-sebastian-bach-magnificat-bwv-243-kantate-%e2%80%a2-cantata-bwv-78\/\",\"name\":\"F. Chopin = \u0424. \u0428\u043e\u043f\u0435\u043d - Lubov Timofeyeva = \u041b\u044e\u0431\u043e\u0432\u044c \u0422\u0438\u043c\u043e\u0444\u0435\u0435\u0432\u0430* \u2013 Etudes = \u042d\u0442\u044e\u0434\u044b Vinilin\u0117 Plok\u0161tel\u0117 | Vinilozona.lt\",\"isPartOf\":{\"@id\":\"https:\/\/vinilozona.lt\/#website\"},\"primaryImageOfPage\":{\"@id\":\"https:\/\/vinilozona.lt\/en\/parduotuve\/classic\/johann-sebastian-bach-magnificat-bwv-243-kantate-%e2%80%a2-cantata-bwv-78\/#primaryimage\"},\"image\":{\"@id\":\"https:\/\/vinilozona.lt\/en\/parduotuve\/classic\/johann-sebastian-bach-magnificat-bwv-243-kantate-%e2%80%a2-cantata-bwv-78\/#primaryimage\"},\"thumbnailUrl\":\"https:\/\/vinilozona.lt\/wp-content\/uploads\/2020\/01\/R-6668912-1424254086-2570.jpg\",\"datePublished\":\"2023-02-26T03:02:11+00:00\",\"dateModified\":\"2024-02-26T17:55:20+00:00\",\"breadcrumb\":{\"@id\":\"https:\/\/vinilozona.lt\/en\/parduotuve\/classic\/johann-sebastian-bach-magnificat-bwv-243-kantate-%e2%80%a2-cantata-bwv-78\/#breadcrumb\"},\"inLanguage\":\"en-GB\",\"potentialAction\":[{\"@type\":\"ReadAction\",\"target\":[\"https:\/\/vinilozona.lt\/en\/parduotuve\/classic\/johann-sebastian-bach-magnificat-bwv-243-kantate-%e2%80%a2-cantata-bwv-78\/\"]}]},{\"@type\":\"ImageObject\",\"inLanguage\":\"en-GB\",\"@id\":\"https:\/\/vinilozona.lt\/en\/parduotuve\/classic\/johann-sebastian-bach-magnificat-bwv-243-kantate-%e2%80%a2-cantata-bwv-78\/#primaryimage\",\"url\":\"https:\/\/vinilozona.lt\/wp-content\/uploads\/2020\/01\/R-6668912-1424254086-2570.jpg\",\"contentUrl\":\"https:\/\/vinilozona.lt\/wp-content\/uploads\/2020\/01\/R-6668912-1424254086-2570.jpg\",\"width\":591,\"height\":600},{\"@type\":\"BreadcrumbList\",\"@id\":\"https:\/\/vinilozona.lt\/en\/parduotuve\/classic\/johann-sebastian-bach-magnificat-bwv-243-kantate-%e2%80%a2-cantata-bwv-78\/#breadcrumb\",\"itemListElement\":[{\"@type\":\"ListItem\",\"position\":1,\"name\":\"Home\",\"item\":\"https:\/\/vinilozona.lt\/\"},{\"@type\":\"ListItem\",\"position\":2,\"name\":\"Parduotuv\u0117\",\"item\":\"https:\/\/vinilozona.lt\/parduotuve\/\"},{\"@type\":\"ListItem\",\"position\":3,\"name\":\"F. Chopin = \u0424. \u0428\u043e\u043f\u0435\u043d &#8211; Lubov Timofeyeva = \u041b\u044e\u0431\u043e\u0432\u044c \u0422\u0438\u043c\u043e\u0444\u0435\u0435\u0432\u0430* \u2013 Etudes = \u042d\u0442\u044e\u0434\u044b\"}]},{\"@type\":\"WebSite\",\"@id\":\"https:\/\/vinilozona.lt\/#website\",\"url\":\"https:\/\/vinilozona.lt\/\",\"name\":\"Vinilo Zona\",\"description\":\"Nup\u016bsk dulkes ir klausyk LP\",\"potentialAction\":[{\"@type\":\"SearchAction\",\"target\":{\"@type\":\"EntryPoint\",\"urlTemplate\":\"https:\/\/vinilozona.lt\/?s={search_term_string}\"},\"query-input\":{\"@type\":\"PropertyValueSpecification\",\"valueRequired\":true,\"valueName\":\"search_term_string\"}}],\"inLanguage\":\"en-GB\"}]}<\/script>\n<!-- \/ Yoast SEO plugin. -->","yoast_head_json":{"title":"F. Chopin = \u0424. \u0428\u043e\u043f\u0435\u043d - Lubov Timofeyeva = \u041b\u044e\u0431\u043e\u0432\u044c \u0422\u0438\u043c\u043e\u0444\u0435\u0435\u0432\u0430* \u2013 Etudes = \u042d\u0442\u044e\u0434\u044b Vinilin\u0117 Plok\u0161tel\u0117 | Vinilozona.lt","robots":{"index":"index","follow":"follow","max-snippet":"max-snippet:-1","max-image-preview":"max-image-preview:large","max-video-preview":"max-video-preview:-1"},"canonical":"https:\/\/vinilozona.lt\/en\/parduotuve\/classic\/johann-sebastian-bach-magnificat-bwv-243-kantate-\u2022-cantata-bwv-78\/","og_locale":"en_GB","og_type":"article","og_title":"F. Chopin = \u0424. \u0428\u043e\u043f\u0435\u043d - Lubov Timofeyeva = \u041b\u044e\u0431\u043e\u0432\u044c \u0422\u0438\u043c\u043e\u0444\u0435\u0435\u0432\u0430* \u2013 Etudes = \u042d\u0442\u044e\u0434\u044b Vinilin\u0117 Plok\u0161tel\u0117 | Vinilozona.lt","og_description":"\u041c\u0435\u043b\u043e\u0434\u0438\u044f \u2013 A10 00187 000 Format:  Vinyl, LP, Album Country: USSR Released: 1986","og_url":"https:\/\/vinilozona.lt\/en\/parduotuve\/classic\/johann-sebastian-bach-magnificat-bwv-243-kantate-\u2022-cantata-bwv-78\/","og_site_name":"Vinilo Zona","article_modified_time":"2024-02-26T17:55:20+00:00","og_image":[{"width":591,"height":600,"url":"https:\/\/vinilozona.lt\/wp-content\/uploads\/2020\/01\/R-6668912-1424254086-2570.jpg","type":"image\/jpeg"}],"twitter_card":"summary_large_image","twitter_misc":{"Estimated reading time":"1 minute"},"schema":{"@context":"https:\/\/schema.org","@graph":[{"@type":"WebPage","@id":"https:\/\/vinilozona.lt\/en\/parduotuve\/classic\/johann-sebastian-bach-magnificat-bwv-243-kantate-%e2%80%a2-cantata-bwv-78\/","url":"https:\/\/vinilozona.lt\/en\/parduotuve\/classic\/johann-sebastian-bach-magnificat-bwv-243-kantate-%e2%80%a2-cantata-bwv-78\/","name":"F. Chopin = \u0424. \u0428\u043e\u043f\u0435\u043d - Lubov Timofeyeva = \u041b\u044e\u0431\u043e\u0432\u044c \u0422\u0438\u043c\u043e\u0444\u0435\u0435\u0432\u0430* \u2013 Etudes = \u042d\u0442\u044e\u0434\u044b Vinilin\u0117 Plok\u0161tel\u0117 | Vinilozona.lt","isPartOf":{"@id":"https:\/\/vinilozona.lt\/#website"},"primaryImageOfPage":{"@id":"https:\/\/vinilozona.lt\/en\/parduotuve\/classic\/johann-sebastian-bach-magnificat-bwv-243-kantate-%e2%80%a2-cantata-bwv-78\/#primaryimage"},"image":{"@id":"https:\/\/vinilozona.lt\/en\/parduotuve\/classic\/johann-sebastian-bach-magnificat-bwv-243-kantate-%e2%80%a2-cantata-bwv-78\/#primaryimage"},"thumbnailUrl":"https:\/\/vinilozona.lt\/wp-content\/uploads\/2020\/01\/R-6668912-1424254086-2570.jpg","datePublished":"2023-02-26T03:02:11+00:00","dateModified":"2024-02-26T17:55:20+00:00","breadcrumb":{"@id":"https:\/\/vinilozona.lt\/en\/parduotuve\/classic\/johann-sebastian-bach-magnificat-bwv-243-kantate-%e2%80%a2-cantata-bwv-78\/#breadcrumb"},"inLanguage":"en-GB","potentialAction":[{"@type":"ReadAction","target":["https:\/\/vinilozona.lt\/en\/parduotuve\/classic\/johann-sebastian-bach-magnificat-bwv-243-kantate-%e2%80%a2-cantata-bwv-78\/"]}]},{"@type":"ImageObject","inLanguage":"en-GB","@id":"https:\/\/vinilozona.lt\/en\/parduotuve\/classic\/johann-sebastian-bach-magnificat-bwv-243-kantate-%e2%80%a2-cantata-bwv-78\/#primaryimage","url":"https:\/\/vinilozona.lt\/wp-content\/uploads\/2020\/01\/R-6668912-1424254086-2570.jpg","contentUrl":"https:\/\/vinilozona.lt\/wp-content\/uploads\/2020\/01\/R-6668912-1424254086-2570.jpg","width":591,"height":600},{"@type":"BreadcrumbList","@id":"https:\/\/vinilozona.lt\/en\/parduotuve\/classic\/johann-sebastian-bach-magnificat-bwv-243-kantate-%e2%80%a2-cantata-bwv-78\/#breadcrumb","itemListElement":[{"@type":"ListItem","position":1,"name":"Home","item":"https:\/\/vinilozona.lt\/"},{"@type":"ListItem","position":2,"name":"Parduotuv\u0117","item":"https:\/\/vinilozona.lt\/parduotuve\/"},{"@type":"ListItem","position":3,"name":"F. Chopin = \u0424. \u0428\u043e\u043f\u0435\u043d &#8211; Lubov Timofeyeva = \u041b\u044e\u0431\u043e\u0432\u044c \u0422\u0438\u043c\u043e\u0444\u0435\u0435\u0432\u0430* \u2013 Etudes = \u042d\u0442\u044e\u0434\u044b"}]},{"@type":"WebSite","@id":"https:\/\/vinilozona.lt\/#website","url":"https:\/\/vinilozona.lt\/","name":"Vinilo Zona","description":"Nup\u016bsk dulkes ir klausyk LP","potentialAction":[{"@type":"SearchAction","target":{"@type":"EntryPoint","urlTemplate":"https:\/\/vinilozona.lt\/?s={search_term_string}"},"query-input":{"@type":"PropertyValueSpecification","valueRequired":true,"valueName":"search_term_string"}}],"inLanguage":"en-GB"}]}},"_links":{"self":[{"href":"https:\/\/vinilozona.lt\/en\/wp-json\/wp\/v2\/product\/3122"}],"collection":[{"href":"https:\/\/vinilozona.lt\/en\/wp-json\/wp\/v2\/product"}],"about":[{"href":"https:\/\/vinilozona.lt\/en\/wp-json\/wp\/v2\/types\/product"}],"wp:featuredmedia":[{"embeddable":true,"href":"https:\/\/vinilozona.lt\/en\/wp-json\/wp\/v2\/media\/24283"}],"wp:attachment":[{"href":"https:\/\/vinilozona.lt\/en\/wp-json\/wp\/v2\/media?parent=3122"}],"wp:term":[{"taxonomy":"product_cat","embeddable":true,"href":"https:\/\/vinilozona.lt\/en\/wp-json\/wp\/v2\/product_cat?post=3122"},{"taxonomy":"product_tag","embeddable":true,"href":"https:\/\/vinilozona.lt\/en\/wp-json\/wp\/v2\/product_tag?post=3122"}],"curies":[{"name":"wp","href":"https:\/\/api.w.org\/{rel}","templated":true}]}}