{"id":3112,"date":"2024-04-08T05:05:21","date_gmt":"2024-04-08T02:05:21","guid":{"rendered":"https:\/\/vinylhome.lt\/?post_type=product&#038;p=3112"},"modified":"2024-04-06T09:05:33","modified_gmt":"2024-04-06T06:05:33","slug":"j-haydn-april-cantelo-helen-watts-robert-tear-barry-mcdaniel-academy-of-st-martin-in-the-fields-choir-of-st-johns-college-cambridge-george-guest-2-%e2%80%8e-paukenmesse","status":"publish","type":"product","link":"https:\/\/vinilozona.lt\/en\/parduotuve\/classic\/j-haydn-april-cantelo-helen-watts-robert-tear-barry-mcdaniel-academy-of-st-martin-in-the-fields-choir-of-st-johns-college-cambridge-george-guest-2-%e2%80%8e-paukenmesse\/","title":{"rendered":"\u0418\u043e\u0433\u0430\u043d\u043d \u0421\u0435\u0431\u0430\u0441\u0442\u044c\u044f\u043d \u0411\u0430\u0445 &#8211; \u0413\u0430\u0440\u0440\u0438 \u0413\u0440\u043e\u0434\u0431\u0435\u0440\u0433 \u2013 \u041e\u0440\u0433\u0430\u043d\u043d\u0430\u044f \u041c\u0435\u0441\u0441\u0430 2LP"},"content":{"rendered":"<p>A1\t\t1. Praeludium \u041c\u0438 \u0411\u0435\u043c\u043e\u043b\u044c \u041c\u0430\u0436\u043e\u0440, B. 552<br \/>\nKyrie:<br \/>\nA2\t\t2. Kyrie, Gott Vater In Ewigkett, B. 669<br \/>\nA3\t\t3. Christe, Aller Welt Trost, B. 670<br \/>\nA4\t\t4. Kyrie, Gott Heiliger Geist, B. 671<br \/>\nB1\t\t5. Kyrie, Gott Vater In Ewigkeit, B. 672<br \/>\nB2\t\t6. Christe, Aller Welt Trost, B. 673<br \/>\nB3\t\t7. Kyrie, Gott Heiliger Geist, B. 674<br \/>\nGloria:<br \/>\nB4\t\t8. Allein Gott In Der H\u00f6h Sei Ehr, B. 675<br \/>\nB5\t\t9. Allein Gott In Der H\u00f6h Sei Ehr, B. 676<br \/>\nB6\t\t10. Fughetta Super: Allein Gott In Der H\u00f6h Sei Ehr, B. 677<br \/>\nDie Zehn Gebote:<br \/>\nB7\t\t11. Dies Sind Die Heil Gen Zehn Gebot&#8217;, B 678<br \/>\nB8\t\t12. Fughetta Super: Dies Sind Die Heil Gen Zehn Gebot&#8217;, B 679<br \/>\nDer Glaube:<br \/>\nB9\t\t13. Wir Glauben All&#8217; An Einen Gott, B. 680<br \/>\nC1\t\t14. Fughetta Super: Wir Glauben All&#8217; An Einen Gott, B. 681<br \/>\nDas Vater Unser:<br \/>\nC2\t\t15. Vater Unser Im Himmelreich, B. 682<br \/>\nC3\t\t16. Vater Unser Im Himmelreich, B. 683<br \/>\nDie Taufe:<br \/>\nC4\t\t17. Christ, Unser Herr, Zum Jordan Kam, B. 684<br \/>\nC5\t\t18. Christ, Unser Herr, Zum Jordan Kam, B. 685<br \/>\nDie Busse:<br \/>\nC6\t\t19. Aus Tiefer Not Schrei&#8217; Ich Zu Dir, B. 686<br \/>\nD1\t\t20. Aus Tiefer Not Schrei&#8217; Ich Zu Dir, B. 687<br \/>\nDas Abendmahl:<br \/>\nD2\t\t21. Jesus Christus, Unser Heiland, B. 688<br \/>\nD3\t\t22. Fuga Super: Jesus Christus, Unser Heiland, B. 689<br \/>\nD4\t\t23. Fuga \u041c\u0438 \u0411\u0435\u043c\u043e\u043b\u044c \u041c\u0430\u0436\u043e\u0440, B. 552<\/p>","protected":false},"excerpt":{"rendered":"<p>\u041c\u0435\u043b\u043e\u0434\u0438\u044f \u2013 33 \u0421\u041c 03369\u201472<br \/>\nFormat:<br \/>\n2 x Vinyl, LP, Album<br \/>\nBox Set, Album<br \/>\nCountry:\tUSSR<\/p>","protected":false},"featured_media":24700,"template":"","meta":[],"product_cat":[22,54],"product_tag":[44],"yoast_head":"<!-- This site is optimized with the Yoast SEO plugin v23.5 - https:\/\/yoast.com\/wordpress\/plugins\/seo\/ -->\n<title>\u0418\u043e\u0433\u0430\u043d\u043d \u0421\u0435\u0431\u0430\u0441\u0442\u044c\u044f\u043d \u0411\u0430\u0445 - \u0413\u0430\u0440\u0440\u0438 \u0413\u0440\u043e\u0434\u0431\u0435\u0440\u0433 \u2013 \u041e\u0440\u0433\u0430\u043d\u043d\u0430\u044f \u041c\u0435\u0441\u0441\u0430 2LP Vinilin\u0117 Plok\u0161tel\u0117 | Vinilozona.lt<\/title>\n<meta name=\"robots\" content=\"index, follow, max-snippet:-1, max-image-preview:large, max-video-preview:-1\" \/>\n<link rel=\"canonical\" href=\"https:\/\/vinilozona.lt\/en\/parduotuve\/classic\/j-haydn-april-cantelo-helen-watts-robert-tear-barry-mcdaniel-academy-of-st-martin-in-the-fields-choir-of-st-johns-college-cambridge-george-guest-2-\u200e-paukenmesse\/\" \/>\n<meta property=\"og:locale\" content=\"en_GB\" \/>\n<meta property=\"og:type\" content=\"article\" \/>\n<meta property=\"og:title\" content=\"\u0418\u043e\u0433\u0430\u043d\u043d \u0421\u0435\u0431\u0430\u0441\u0442\u044c\u044f\u043d \u0411\u0430\u0445 - \u0413\u0430\u0440\u0440\u0438 \u0413\u0440\u043e\u0434\u0431\u0435\u0440\u0433 \u2013 \u041e\u0440\u0433\u0430\u043d\u043d\u0430\u044f \u041c\u0435\u0441\u0441\u0430 2LP Vinilin\u0117 Plok\u0161tel\u0117 | Vinilozona.lt\" \/>\n<meta property=\"og:description\" content=\"\u041c\u0435\u043b\u043e\u0434\u0438\u044f \u2013 33 \u0421\u041c 03369\u201472 Format:  2 x Vinyl, LP, Album Box Set, Album Country: USSR\" \/>\n<meta property=\"og:url\" content=\"https:\/\/vinilozona.lt\/en\/parduotuve\/classic\/j-haydn-april-cantelo-helen-watts-robert-tear-barry-mcdaniel-academy-of-st-martin-in-the-fields-choir-of-st-johns-college-cambridge-george-guest-2-\u200e-paukenmesse\/\" \/>\n<meta property=\"og:site_name\" content=\"Vinilo Zona\" \/>\n<meta property=\"article:modified_time\" content=\"2024-04-06T06:05:33+00:00\" \/>\n<meta property=\"og:image\" content=\"https:\/\/vinilozona.lt\/wp-content\/uploads\/2020\/01\/R-16676304-1609245370-6224.jpg\" \/>\n\t<meta property=\"og:image:width\" content=\"585\" \/>\n\t<meta property=\"og:image:height\" content=\"600\" \/>\n\t<meta property=\"og:image:type\" content=\"image\/jpeg\" \/>\n<meta name=\"twitter:card\" content=\"summary_large_image\" \/>\n<meta name=\"twitter:label1\" content=\"Estimated reading time\" \/>\n\t<meta name=\"twitter:data1\" content=\"1 minute\" \/>\n<script type=\"application\/ld+json\" class=\"yoast-schema-graph\">{\"@context\":\"https:\/\/schema.org\",\"@graph\":[{\"@type\":\"WebPage\",\"@id\":\"https:\/\/vinilozona.lt\/en\/parduotuve\/classic\/j-haydn-april-cantelo-helen-watts-robert-tear-barry-mcdaniel-academy-of-st-martin-in-the-fields-choir-of-st-johns-college-cambridge-george-guest-2-%e2%80%8e-paukenmesse\/\",\"url\":\"https:\/\/vinilozona.lt\/en\/parduotuve\/classic\/j-haydn-april-cantelo-helen-watts-robert-tear-barry-mcdaniel-academy-of-st-martin-in-the-fields-choir-of-st-johns-college-cambridge-george-guest-2-%e2%80%8e-paukenmesse\/\",\"name\":\"\u0418\u043e\u0433\u0430\u043d\u043d \u0421\u0435\u0431\u0430\u0441\u0442\u044c\u044f\u043d \u0411\u0430\u0445 - \u0413\u0430\u0440\u0440\u0438 \u0413\u0440\u043e\u0434\u0431\u0435\u0440\u0433 \u2013 \u041e\u0440\u0433\u0430\u043d\u043d\u0430\u044f \u041c\u0435\u0441\u0441\u0430 2LP Vinilin\u0117 Plok\u0161tel\u0117 | Vinilozona.lt\",\"isPartOf\":{\"@id\":\"https:\/\/vinilozona.lt\/#website\"},\"primaryImageOfPage\":{\"@id\":\"https:\/\/vinilozona.lt\/en\/parduotuve\/classic\/j-haydn-april-cantelo-helen-watts-robert-tear-barry-mcdaniel-academy-of-st-martin-in-the-fields-choir-of-st-johns-college-cambridge-george-guest-2-%e2%80%8e-paukenmesse\/#primaryimage\"},\"image\":{\"@id\":\"https:\/\/vinilozona.lt\/en\/parduotuve\/classic\/j-haydn-april-cantelo-helen-watts-robert-tear-barry-mcdaniel-academy-of-st-martin-in-the-fields-choir-of-st-johns-college-cambridge-george-guest-2-%e2%80%8e-paukenmesse\/#primaryimage\"},\"thumbnailUrl\":\"https:\/\/vinilozona.lt\/wp-content\/uploads\/2020\/01\/R-16676304-1609245370-6224.jpg\",\"datePublished\":\"2024-04-08T02:05:21+00:00\",\"dateModified\":\"2024-04-06T06:05:33+00:00\",\"breadcrumb\":{\"@id\":\"https:\/\/vinilozona.lt\/en\/parduotuve\/classic\/j-haydn-april-cantelo-helen-watts-robert-tear-barry-mcdaniel-academy-of-st-martin-in-the-fields-choir-of-st-johns-college-cambridge-george-guest-2-%e2%80%8e-paukenmesse\/#breadcrumb\"},\"inLanguage\":\"en-GB\",\"potentialAction\":[{\"@type\":\"ReadAction\",\"target\":[\"https:\/\/vinilozona.lt\/en\/parduotuve\/classic\/j-haydn-april-cantelo-helen-watts-robert-tear-barry-mcdaniel-academy-of-st-martin-in-the-fields-choir-of-st-johns-college-cambridge-george-guest-2-%e2%80%8e-paukenmesse\/\"]}]},{\"@type\":\"ImageObject\",\"inLanguage\":\"en-GB\",\"@id\":\"https:\/\/vinilozona.lt\/en\/parduotuve\/classic\/j-haydn-april-cantelo-helen-watts-robert-tear-barry-mcdaniel-academy-of-st-martin-in-the-fields-choir-of-st-johns-college-cambridge-george-guest-2-%e2%80%8e-paukenmesse\/#primaryimage\",\"url\":\"https:\/\/vinilozona.lt\/wp-content\/uploads\/2020\/01\/R-16676304-1609245370-6224.jpg\",\"contentUrl\":\"https:\/\/vinilozona.lt\/wp-content\/uploads\/2020\/01\/R-16676304-1609245370-6224.jpg\",\"width\":585,\"height\":600},{\"@type\":\"BreadcrumbList\",\"@id\":\"https:\/\/vinilozona.lt\/en\/parduotuve\/classic\/j-haydn-april-cantelo-helen-watts-robert-tear-barry-mcdaniel-academy-of-st-martin-in-the-fields-choir-of-st-johns-college-cambridge-george-guest-2-%e2%80%8e-paukenmesse\/#breadcrumb\",\"itemListElement\":[{\"@type\":\"ListItem\",\"position\":1,\"name\":\"Home\",\"item\":\"https:\/\/vinilozona.lt\/\"},{\"@type\":\"ListItem\",\"position\":2,\"name\":\"Parduotuv\u0117\",\"item\":\"https:\/\/vinilozona.lt\/parduotuve\/\"},{\"@type\":\"ListItem\",\"position\":3,\"name\":\"\u0418\u043e\u0433\u0430\u043d\u043d \u0421\u0435\u0431\u0430\u0441\u0442\u044c\u044f\u043d \u0411\u0430\u0445 &#8211; \u0413\u0430\u0440\u0440\u0438 \u0413\u0440\u043e\u0434\u0431\u0435\u0440\u0433 \u2013 \u041e\u0440\u0433\u0430\u043d\u043d\u0430\u044f \u041c\u0435\u0441\u0441\u0430 2LP\"}]},{\"@type\":\"WebSite\",\"@id\":\"https:\/\/vinilozona.lt\/#website\",\"url\":\"https:\/\/vinilozona.lt\/\",\"name\":\"Vinilo Zona\",\"description\":\"Nup\u016bsk dulkes ir klausyk LP\",\"potentialAction\":[{\"@type\":\"SearchAction\",\"target\":{\"@type\":\"EntryPoint\",\"urlTemplate\":\"https:\/\/vinilozona.lt\/?s={search_term_string}\"},\"query-input\":{\"@type\":\"PropertyValueSpecification\",\"valueRequired\":true,\"valueName\":\"search_term_string\"}}],\"inLanguage\":\"en-GB\"}]}<\/script>\n<!-- \/ Yoast SEO plugin. -->","yoast_head_json":{"title":"\u0418\u043e\u0433\u0430\u043d\u043d \u0421\u0435\u0431\u0430\u0441\u0442\u044c\u044f\u043d \u0411\u0430\u0445 - \u0413\u0430\u0440\u0440\u0438 \u0413\u0440\u043e\u0434\u0431\u0435\u0440\u0433 \u2013 \u041e\u0440\u0433\u0430\u043d\u043d\u0430\u044f \u041c\u0435\u0441\u0441\u0430 2LP Vinilin\u0117 Plok\u0161tel\u0117 | Vinilozona.lt","robots":{"index":"index","follow":"follow","max-snippet":"max-snippet:-1","max-image-preview":"max-image-preview:large","max-video-preview":"max-video-preview:-1"},"canonical":"https:\/\/vinilozona.lt\/en\/parduotuve\/classic\/j-haydn-april-cantelo-helen-watts-robert-tear-barry-mcdaniel-academy-of-st-martin-in-the-fields-choir-of-st-johns-college-cambridge-george-guest-2-\u200e-paukenmesse\/","og_locale":"en_GB","og_type":"article","og_title":"\u0418\u043e\u0433\u0430\u043d\u043d \u0421\u0435\u0431\u0430\u0441\u0442\u044c\u044f\u043d \u0411\u0430\u0445 - \u0413\u0430\u0440\u0440\u0438 \u0413\u0440\u043e\u0434\u0431\u0435\u0440\u0433 \u2013 \u041e\u0440\u0433\u0430\u043d\u043d\u0430\u044f \u041c\u0435\u0441\u0441\u0430 2LP Vinilin\u0117 Plok\u0161tel\u0117 | Vinilozona.lt","og_description":"\u041c\u0435\u043b\u043e\u0434\u0438\u044f \u2013 33 \u0421\u041c 03369\u201472 Format:  2 x Vinyl, LP, Album Box Set, Album Country: USSR","og_url":"https:\/\/vinilozona.lt\/en\/parduotuve\/classic\/j-haydn-april-cantelo-helen-watts-robert-tear-barry-mcdaniel-academy-of-st-martin-in-the-fields-choir-of-st-johns-college-cambridge-george-guest-2-\u200e-paukenmesse\/","og_site_name":"Vinilo Zona","article_modified_time":"2024-04-06T06:05:33+00:00","og_image":[{"width":585,"height":600,"url":"https:\/\/vinilozona.lt\/wp-content\/uploads\/2020\/01\/R-16676304-1609245370-6224.jpg","type":"image\/jpeg"}],"twitter_card":"summary_large_image","twitter_misc":{"Estimated reading time":"1 minute"},"schema":{"@context":"https:\/\/schema.org","@graph":[{"@type":"WebPage","@id":"https:\/\/vinilozona.lt\/en\/parduotuve\/classic\/j-haydn-april-cantelo-helen-watts-robert-tear-barry-mcdaniel-academy-of-st-martin-in-the-fields-choir-of-st-johns-college-cambridge-george-guest-2-%e2%80%8e-paukenmesse\/","url":"https:\/\/vinilozona.lt\/en\/parduotuve\/classic\/j-haydn-april-cantelo-helen-watts-robert-tear-barry-mcdaniel-academy-of-st-martin-in-the-fields-choir-of-st-johns-college-cambridge-george-guest-2-%e2%80%8e-paukenmesse\/","name":"\u0418\u043e\u0433\u0430\u043d\u043d \u0421\u0435\u0431\u0430\u0441\u0442\u044c\u044f\u043d \u0411\u0430\u0445 - \u0413\u0430\u0440\u0440\u0438 \u0413\u0440\u043e\u0434\u0431\u0435\u0440\u0433 \u2013 \u041e\u0440\u0433\u0430\u043d\u043d\u0430\u044f \u041c\u0435\u0441\u0441\u0430 2LP Vinilin\u0117 Plok\u0161tel\u0117 | Vinilozona.lt","isPartOf":{"@id":"https:\/\/vinilozona.lt\/#website"},"primaryImageOfPage":{"@id":"https:\/\/vinilozona.lt\/en\/parduotuve\/classic\/j-haydn-april-cantelo-helen-watts-robert-tear-barry-mcdaniel-academy-of-st-martin-in-the-fields-choir-of-st-johns-college-cambridge-george-guest-2-%e2%80%8e-paukenmesse\/#primaryimage"},"image":{"@id":"https:\/\/vinilozona.lt\/en\/parduotuve\/classic\/j-haydn-april-cantelo-helen-watts-robert-tear-barry-mcdaniel-academy-of-st-martin-in-the-fields-choir-of-st-johns-college-cambridge-george-guest-2-%e2%80%8e-paukenmesse\/#primaryimage"},"thumbnailUrl":"https:\/\/vinilozona.lt\/wp-content\/uploads\/2020\/01\/R-16676304-1609245370-6224.jpg","datePublished":"2024-04-08T02:05:21+00:00","dateModified":"2024-04-06T06:05:33+00:00","breadcrumb":{"@id":"https:\/\/vinilozona.lt\/en\/parduotuve\/classic\/j-haydn-april-cantelo-helen-watts-robert-tear-barry-mcdaniel-academy-of-st-martin-in-the-fields-choir-of-st-johns-college-cambridge-george-guest-2-%e2%80%8e-paukenmesse\/#breadcrumb"},"inLanguage":"en-GB","potentialAction":[{"@type":"ReadAction","target":["https:\/\/vinilozona.lt\/en\/parduotuve\/classic\/j-haydn-april-cantelo-helen-watts-robert-tear-barry-mcdaniel-academy-of-st-martin-in-the-fields-choir-of-st-johns-college-cambridge-george-guest-2-%e2%80%8e-paukenmesse\/"]}]},{"@type":"ImageObject","inLanguage":"en-GB","@id":"https:\/\/vinilozona.lt\/en\/parduotuve\/classic\/j-haydn-april-cantelo-helen-watts-robert-tear-barry-mcdaniel-academy-of-st-martin-in-the-fields-choir-of-st-johns-college-cambridge-george-guest-2-%e2%80%8e-paukenmesse\/#primaryimage","url":"https:\/\/vinilozona.lt\/wp-content\/uploads\/2020\/01\/R-16676304-1609245370-6224.jpg","contentUrl":"https:\/\/vinilozona.lt\/wp-content\/uploads\/2020\/01\/R-16676304-1609245370-6224.jpg","width":585,"height":600},{"@type":"BreadcrumbList","@id":"https:\/\/vinilozona.lt\/en\/parduotuve\/classic\/j-haydn-april-cantelo-helen-watts-robert-tear-barry-mcdaniel-academy-of-st-martin-in-the-fields-choir-of-st-johns-college-cambridge-george-guest-2-%e2%80%8e-paukenmesse\/#breadcrumb","itemListElement":[{"@type":"ListItem","position":1,"name":"Home","item":"https:\/\/vinilozona.lt\/"},{"@type":"ListItem","position":2,"name":"Parduotuv\u0117","item":"https:\/\/vinilozona.lt\/parduotuve\/"},{"@type":"ListItem","position":3,"name":"\u0418\u043e\u0433\u0430\u043d\u043d \u0421\u0435\u0431\u0430\u0441\u0442\u044c\u044f\u043d \u0411\u0430\u0445 &#8211; \u0413\u0430\u0440\u0440\u0438 \u0413\u0440\u043e\u0434\u0431\u0435\u0440\u0433 \u2013 \u041e\u0440\u0433\u0430\u043d\u043d\u0430\u044f \u041c\u0435\u0441\u0441\u0430 2LP"}]},{"@type":"WebSite","@id":"https:\/\/vinilozona.lt\/#website","url":"https:\/\/vinilozona.lt\/","name":"Vinilo Zona","description":"Nup\u016bsk dulkes ir klausyk LP","potentialAction":[{"@type":"SearchAction","target":{"@type":"EntryPoint","urlTemplate":"https:\/\/vinilozona.lt\/?s={search_term_string}"},"query-input":{"@type":"PropertyValueSpecification","valueRequired":true,"valueName":"search_term_string"}}],"inLanguage":"en-GB"}]}},"_links":{"self":[{"href":"https:\/\/vinilozona.lt\/en\/wp-json\/wp\/v2\/product\/3112"}],"collection":[{"href":"https:\/\/vinilozona.lt\/en\/wp-json\/wp\/v2\/product"}],"about":[{"href":"https:\/\/vinilozona.lt\/en\/wp-json\/wp\/v2\/types\/product"}],"wp:featuredmedia":[{"embeddable":true,"href":"https:\/\/vinilozona.lt\/en\/wp-json\/wp\/v2\/media\/24700"}],"wp:attachment":[{"href":"https:\/\/vinilozona.lt\/en\/wp-json\/wp\/v2\/media?parent=3112"}],"wp:term":[{"taxonomy":"product_cat","embeddable":true,"href":"https:\/\/vinilozona.lt\/en\/wp-json\/wp\/v2\/product_cat?post=3112"},{"taxonomy":"product_tag","embeddable":true,"href":"https:\/\/vinilozona.lt\/en\/wp-json\/wp\/v2\/product_tag?post=3112"}],"curies":[{"name":"wp","href":"https:\/\/api.w.org\/{rel}","templated":true}]}}