{"id":30953,"date":"2026-05-08T05:03:22","date_gmt":"2026-05-08T02:03:22","guid":{"rendered":"https:\/\/vinilozona.lt\/?post_type=product&#038;p=30953"},"modified":"2026-05-08T06:53:28","modified_gmt":"2026-05-08T03:53:28","slug":"whitney-houston-i-wish-you-love-more-from-the-bodyguard","status":"publish","type":"product","link":"https:\/\/vinilozona.lt\/en\/parduotuve\/naujos-lp\/whitney-houston-i-wish-you-love-more-from-the-bodyguard\/","title":{"rendered":"Whitney Houston \u2013 I Wish You Love: More From The Bodyguard"},"content":{"rendered":"<p>A1\t\tI Will Always Love You (Alternate Mix)\t5:03<br \/>\nA2\t\tI Have Nothing (Film Version)\t4:56<br \/>\nA3\t\tI&#8217;m Every Woman (Clivilles &#038; Cole House Mix I Edit) 5:42<br \/>\nA4\t\tRun To You (Film Version)\t4:18<br \/>\nB1\t\tQueen Of The Night (Film Version)\t3:15<br \/>\nB2\t\tJesus Loves Me (Film Version)\t1:07<br \/>\nB3\t\tJesus Loves Me (A Capella Version)\t4:52<br \/>\nB4\t\tI Will Always Love You (Film Version)\t4:34<br \/>\nC1\t\tI Have Nothing (Live)\t6:52<br \/>\nC2\t\tRun To You (Live)\t4:47<br \/>\nC3\t\tJesus Loves Me \/ He&#8217;s Got The Whole World In His Hands (Live)\t10:38<br \/>\nD1\t\tQueen Of The Night (Live)\t5:35<br \/>\nD2\t\tI Will Always Love You (Live)\t6:15<br \/>\nD3\t\tI&#8217;m Every Woman (Live)\t5:07<\/p>","protected":false},"excerpt":{"rendered":"<p>Sony Music \u2013 88985483611<br \/>\nFormat:<br \/>\n2 x Vinyl, LP, Compilation, Purple<br \/>\nCountry:<br \/>\nEurope<br \/>\nReleased:<br \/>\nJan 26, 2018<\/p>","protected":false},"featured_media":30954,"template":"","meta":[],"product_cat":[23],"product_tag":[74],"yoast_head":"<!-- This site is optimized with the Yoast SEO plugin v23.5 - https:\/\/yoast.com\/wordpress\/plugins\/seo\/ -->\n<title>Whitney Houston \u2013 I Wish You Love: More From The Bodyguard Vinilin\u0117 Plok\u0161tel\u0117 | Vinilozona.lt<\/title>\n<meta name=\"robots\" content=\"index, follow, max-snippet:-1, max-image-preview:large, max-video-preview:-1\" \/>\n<link rel=\"canonical\" href=\"https:\/\/vinilozona.lt\/en\/parduotuve\/naujos-lp\/whitney-houston-i-wish-you-love-more-from-the-bodyguard\/\" \/>\n<meta property=\"og:locale\" content=\"en_GB\" \/>\n<meta property=\"og:type\" content=\"article\" \/>\n<meta property=\"og:title\" content=\"Whitney Houston \u2013 I Wish You Love: More From The Bodyguard Vinilin\u0117 Plok\u0161tel\u0117 | Vinilozona.lt\" \/>\n<meta property=\"og:description\" content=\"Sony Music \u2013 88985483611 Format: 2 x Vinyl, LP, Compilation, Purple Country: Europe Released: Jan 26, 2018\" \/>\n<meta property=\"og:url\" content=\"https:\/\/vinilozona.lt\/en\/parduotuve\/naujos-lp\/whitney-houston-i-wish-you-love-more-from-the-bodyguard\/\" \/>\n<meta property=\"og:site_name\" content=\"Vinilo Zona\" \/>\n<meta property=\"article:modified_time\" content=\"2026-05-08T03:53:28+00:00\" \/>\n<meta property=\"og:image\" content=\"https:\/\/vinilozona.lt\/wp-content\/uploads\/2026\/05\/R-16082510-1620867632-3974.jpg\" \/>\n\t<meta property=\"og:image:width\" content=\"599\" \/>\n\t<meta property=\"og:image:height\" content=\"597\" \/>\n\t<meta property=\"og:image:type\" content=\"image\/jpeg\" \/>\n<meta name=\"twitter:card\" content=\"summary_large_image\" \/>\n<meta name=\"twitter:label1\" content=\"Estimated reading time\" \/>\n\t<meta name=\"twitter:data1\" content=\"1 minute\" \/>\n<script type=\"application\/ld+json\" class=\"yoast-schema-graph\">{\"@context\":\"https:\/\/schema.org\",\"@graph\":[{\"@type\":\"WebPage\",\"@id\":\"https:\/\/vinilozona.lt\/parduotuve\/naujos-lp\/whitney-houston-i-wish-you-love-more-from-the-bodyguard\/\",\"url\":\"https:\/\/vinilozona.lt\/parduotuve\/naujos-lp\/whitney-houston-i-wish-you-love-more-from-the-bodyguard\/\",\"name\":\"Whitney Houston \u2013 I Wish You Love: More From The Bodyguard Vinilin\u0117 Plok\u0161tel\u0117 | Vinilozona.lt\",\"isPartOf\":{\"@id\":\"https:\/\/vinilozona.lt\/#website\"},\"primaryImageOfPage\":{\"@id\":\"https:\/\/vinilozona.lt\/parduotuve\/naujos-lp\/whitney-houston-i-wish-you-love-more-from-the-bodyguard\/#primaryimage\"},\"image\":{\"@id\":\"https:\/\/vinilozona.lt\/parduotuve\/naujos-lp\/whitney-houston-i-wish-you-love-more-from-the-bodyguard\/#primaryimage\"},\"thumbnailUrl\":\"https:\/\/vinilozona.lt\/wp-content\/uploads\/2026\/05\/R-16082510-1620867632-3974.jpg\",\"datePublished\":\"2026-05-08T02:03:22+00:00\",\"dateModified\":\"2026-05-08T03:53:28+00:00\",\"breadcrumb\":{\"@id\":\"https:\/\/vinilozona.lt\/parduotuve\/naujos-lp\/whitney-houston-i-wish-you-love-more-from-the-bodyguard\/#breadcrumb\"},\"inLanguage\":\"en-GB\",\"potentialAction\":[{\"@type\":\"ReadAction\",\"target\":[\"https:\/\/vinilozona.lt\/parduotuve\/naujos-lp\/whitney-houston-i-wish-you-love-more-from-the-bodyguard\/\"]}]},{\"@type\":\"ImageObject\",\"inLanguage\":\"en-GB\",\"@id\":\"https:\/\/vinilozona.lt\/parduotuve\/naujos-lp\/whitney-houston-i-wish-you-love-more-from-the-bodyguard\/#primaryimage\",\"url\":\"https:\/\/vinilozona.lt\/wp-content\/uploads\/2026\/05\/R-16082510-1620867632-3974.jpg\",\"contentUrl\":\"https:\/\/vinilozona.lt\/wp-content\/uploads\/2026\/05\/R-16082510-1620867632-3974.jpg\",\"width\":599,\"height\":597},{\"@type\":\"BreadcrumbList\",\"@id\":\"https:\/\/vinilozona.lt\/parduotuve\/naujos-lp\/whitney-houston-i-wish-you-love-more-from-the-bodyguard\/#breadcrumb\",\"itemListElement\":[{\"@type\":\"ListItem\",\"position\":1,\"name\":\"Home\",\"item\":\"https:\/\/vinilozona.lt\/\"},{\"@type\":\"ListItem\",\"position\":2,\"name\":\"Parduotuv\u0117\",\"item\":\"https:\/\/vinilozona.lt\/parduotuve\/\"},{\"@type\":\"ListItem\",\"position\":3,\"name\":\"Whitney Houston \u2013 I Wish You Love: More From The Bodyguard\"}]},{\"@type\":\"WebSite\",\"@id\":\"https:\/\/vinilozona.lt\/#website\",\"url\":\"https:\/\/vinilozona.lt\/\",\"name\":\"Vinilo Zona\",\"description\":\"Nup\u016bsk dulkes ir klausyk LP\",\"potentialAction\":[{\"@type\":\"SearchAction\",\"target\":{\"@type\":\"EntryPoint\",\"urlTemplate\":\"https:\/\/vinilozona.lt\/?s={search_term_string}\"},\"query-input\":{\"@type\":\"PropertyValueSpecification\",\"valueRequired\":true,\"valueName\":\"search_term_string\"}}],\"inLanguage\":\"en-GB\"}]}<\/script>\n<!-- \/ Yoast SEO plugin. -->","yoast_head_json":{"title":"Whitney Houston \u2013 I Wish You Love: More From The Bodyguard Vinilin\u0117 Plok\u0161tel\u0117 | Vinilozona.lt","robots":{"index":"index","follow":"follow","max-snippet":"max-snippet:-1","max-image-preview":"max-image-preview:large","max-video-preview":"max-video-preview:-1"},"canonical":"https:\/\/vinilozona.lt\/en\/parduotuve\/naujos-lp\/whitney-houston-i-wish-you-love-more-from-the-bodyguard\/","og_locale":"en_GB","og_type":"article","og_title":"Whitney Houston \u2013 I Wish You Love: More From The Bodyguard Vinilin\u0117 Plok\u0161tel\u0117 | Vinilozona.lt","og_description":"Sony Music \u2013 88985483611 Format: 2 x Vinyl, LP, Compilation, Purple Country: Europe Released: Jan 26, 2018","og_url":"https:\/\/vinilozona.lt\/en\/parduotuve\/naujos-lp\/whitney-houston-i-wish-you-love-more-from-the-bodyguard\/","og_site_name":"Vinilo Zona","article_modified_time":"2026-05-08T03:53:28+00:00","og_image":[{"width":599,"height":597,"url":"https:\/\/vinilozona.lt\/wp-content\/uploads\/2026\/05\/R-16082510-1620867632-3974.jpg","type":"image\/jpeg"}],"twitter_card":"summary_large_image","twitter_misc":{"Estimated reading time":"1 minute"},"schema":{"@context":"https:\/\/schema.org","@graph":[{"@type":"WebPage","@id":"https:\/\/vinilozona.lt\/parduotuve\/naujos-lp\/whitney-houston-i-wish-you-love-more-from-the-bodyguard\/","url":"https:\/\/vinilozona.lt\/parduotuve\/naujos-lp\/whitney-houston-i-wish-you-love-more-from-the-bodyguard\/","name":"Whitney Houston \u2013 I Wish You Love: More From The Bodyguard Vinilin\u0117 Plok\u0161tel\u0117 | Vinilozona.lt","isPartOf":{"@id":"https:\/\/vinilozona.lt\/#website"},"primaryImageOfPage":{"@id":"https:\/\/vinilozona.lt\/parduotuve\/naujos-lp\/whitney-houston-i-wish-you-love-more-from-the-bodyguard\/#primaryimage"},"image":{"@id":"https:\/\/vinilozona.lt\/parduotuve\/naujos-lp\/whitney-houston-i-wish-you-love-more-from-the-bodyguard\/#primaryimage"},"thumbnailUrl":"https:\/\/vinilozona.lt\/wp-content\/uploads\/2026\/05\/R-16082510-1620867632-3974.jpg","datePublished":"2026-05-08T02:03:22+00:00","dateModified":"2026-05-08T03:53:28+00:00","breadcrumb":{"@id":"https:\/\/vinilozona.lt\/parduotuve\/naujos-lp\/whitney-houston-i-wish-you-love-more-from-the-bodyguard\/#breadcrumb"},"inLanguage":"en-GB","potentialAction":[{"@type":"ReadAction","target":["https:\/\/vinilozona.lt\/parduotuve\/naujos-lp\/whitney-houston-i-wish-you-love-more-from-the-bodyguard\/"]}]},{"@type":"ImageObject","inLanguage":"en-GB","@id":"https:\/\/vinilozona.lt\/parduotuve\/naujos-lp\/whitney-houston-i-wish-you-love-more-from-the-bodyguard\/#primaryimage","url":"https:\/\/vinilozona.lt\/wp-content\/uploads\/2026\/05\/R-16082510-1620867632-3974.jpg","contentUrl":"https:\/\/vinilozona.lt\/wp-content\/uploads\/2026\/05\/R-16082510-1620867632-3974.jpg","width":599,"height":597},{"@type":"BreadcrumbList","@id":"https:\/\/vinilozona.lt\/parduotuve\/naujos-lp\/whitney-houston-i-wish-you-love-more-from-the-bodyguard\/#breadcrumb","itemListElement":[{"@type":"ListItem","position":1,"name":"Home","item":"https:\/\/vinilozona.lt\/"},{"@type":"ListItem","position":2,"name":"Parduotuv\u0117","item":"https:\/\/vinilozona.lt\/parduotuve\/"},{"@type":"ListItem","position":3,"name":"Whitney Houston \u2013 I Wish You Love: More From The Bodyguard"}]},{"@type":"WebSite","@id":"https:\/\/vinilozona.lt\/#website","url":"https:\/\/vinilozona.lt\/","name":"Vinilo Zona","description":"Nup\u016bsk dulkes ir klausyk LP","potentialAction":[{"@type":"SearchAction","target":{"@type":"EntryPoint","urlTemplate":"https:\/\/vinilozona.lt\/?s={search_term_string}"},"query-input":{"@type":"PropertyValueSpecification","valueRequired":true,"valueName":"search_term_string"}}],"inLanguage":"en-GB"}]}},"_links":{"self":[{"href":"https:\/\/vinilozona.lt\/en\/wp-json\/wp\/v2\/product\/30953"}],"collection":[{"href":"https:\/\/vinilozona.lt\/en\/wp-json\/wp\/v2\/product"}],"about":[{"href":"https:\/\/vinilozona.lt\/en\/wp-json\/wp\/v2\/types\/product"}],"wp:featuredmedia":[{"embeddable":true,"href":"https:\/\/vinilozona.lt\/en\/wp-json\/wp\/v2\/media\/30954"}],"wp:attachment":[{"href":"https:\/\/vinilozona.lt\/en\/wp-json\/wp\/v2\/media?parent=30953"}],"wp:term":[{"taxonomy":"product_cat","embeddable":true,"href":"https:\/\/vinilozona.lt\/en\/wp-json\/wp\/v2\/product_cat?post=30953"},{"taxonomy":"product_tag","embeddable":true,"href":"https:\/\/vinilozona.lt\/en\/wp-json\/wp\/v2\/product_tag?post=30953"}],"curies":[{"name":"wp","href":"https:\/\/api.w.org\/{rel}","templated":true}]}}