{"id":30938,"date":"2026-05-04T05:12:39","date_gmt":"2026-05-04T02:12:39","guid":{"rendered":"https:\/\/vinilozona.lt\/?post_type=product&#038;p=30938"},"modified":"2026-05-04T11:41:16","modified_gmt":"2026-05-04T08:41:16","slug":"uriah-heep-uriah-heep-live-cd","status":"publish","type":"product","link":"https:\/\/vinilozona.lt\/en\/parduotuve\/cd\/naudoti-cd\/uriah-heep-uriah-heep-live-cd\/","title":{"rendered":"Uriah Heep \u2013 Uriah Heep Live  CD"},"content":{"rendered":"<p>Introduction<br \/>\nSunrise\t3:50<br \/>\nSweet Lorraine\t4:27<br \/>\nTraveller In Time\t3:20<br \/>\nEasy Livin&#8217;\t2:43<br \/>\nJuly Morning\t11:23<br \/>\nTears In My Eyes\t4:34<br \/>\nGypsy\t13:32<br \/>\nCircle Of Hands\t8:47<br \/>\nLook At Yourself\t5:57<br \/>\nMagician&#8217;s Birthday\t1:15<br \/>\nLove Machine\t3:07<br \/>\nRock &#038; Roll Medley<br \/>\nRoll Over Beethoven\t1:51<br \/>\nBlue Suede Shoes\t1:13<br \/>\nMean Woman Blues\t0:28<br \/>\nHound Dog\t0:56<br \/>\nAt The Hop\t1:32<br \/>\nWhole Lotta Shakin&#8217; Going On\t0:40<br \/>\nBlue Suede Shoes\t1:37<\/p>","protected":false},"excerpt":{"rendered":"<p>Essential! Records \u2013 ESMCD 320, Castle Communications \u2013 GAS0000320ESM<br \/>\nFormat:<br \/>\nCD, Album, Reissue, Remastered<br \/>\nCountry:<br \/>\nUK<br \/>\nReleased:<br \/>\n1996<\/p>","protected":false},"featured_media":30939,"template":"","meta":[],"product_cat":[24,946],"product_tag":[44],"yoast_head":"<!-- This site is optimized with the Yoast SEO plugin v23.5 - https:\/\/yoast.com\/wordpress\/plugins\/seo\/ -->\n<title>Uriah Heep \u2013 Uriah Heep Live CD Vinilin\u0117 Plok\u0161tel\u0117 | Vinilozona.lt<\/title>\n<meta name=\"robots\" content=\"index, follow, max-snippet:-1, max-image-preview:large, max-video-preview:-1\" \/>\n<link rel=\"canonical\" href=\"https:\/\/vinilozona.lt\/en\/parduotuve\/cd\/naudoti-cd\/uriah-heep-uriah-heep-live-cd\/\" \/>\n<meta property=\"og:locale\" content=\"en_GB\" \/>\n<meta property=\"og:type\" content=\"article\" \/>\n<meta property=\"og:title\" content=\"Uriah Heep \u2013 Uriah Heep Live CD Vinilin\u0117 Plok\u0161tel\u0117 | Vinilozona.lt\" \/>\n<meta property=\"og:description\" content=\"Essential! Records \u2013 ESMCD 320, Castle Communications \u2013 GAS0000320ESM Format: CD, Album, Reissue, Remastered Country: UK Released: 1996\" \/>\n<meta property=\"og:url\" content=\"https:\/\/vinilozona.lt\/en\/parduotuve\/cd\/naudoti-cd\/uriah-heep-uriah-heep-live-cd\/\" \/>\n<meta property=\"og:site_name\" content=\"Vinilo Zona\" \/>\n<meta property=\"article:modified_time\" content=\"2026-05-04T08:41:16+00:00\" \/>\n<meta property=\"og:image\" content=\"https:\/\/vinilozona.lt\/wp-content\/uploads\/2026\/05\/R-5391131-1392211158-4356.jpg\" \/>\n\t<meta property=\"og:image:width\" content=\"600\" \/>\n\t<meta property=\"og:image:height\" content=\"591\" \/>\n\t<meta property=\"og:image:type\" content=\"image\/jpeg\" \/>\n<meta name=\"twitter:card\" content=\"summary_large_image\" \/>\n<meta name=\"twitter:label1\" content=\"Estimated reading time\" \/>\n\t<meta name=\"twitter:data1\" content=\"1 minute\" \/>\n<script type=\"application\/ld+json\" class=\"yoast-schema-graph\">{\"@context\":\"https:\/\/schema.org\",\"@graph\":[{\"@type\":\"WebPage\",\"@id\":\"https:\/\/vinilozona.lt\/parduotuve\/cd\/naudoti-cd\/uriah-heep-uriah-heep-live-cd\/\",\"url\":\"https:\/\/vinilozona.lt\/parduotuve\/cd\/naudoti-cd\/uriah-heep-uriah-heep-live-cd\/\",\"name\":\"Uriah Heep \u2013 Uriah Heep Live CD Vinilin\u0117 Plok\u0161tel\u0117 | Vinilozona.lt\",\"isPartOf\":{\"@id\":\"https:\/\/vinilozona.lt\/#website\"},\"primaryImageOfPage\":{\"@id\":\"https:\/\/vinilozona.lt\/parduotuve\/cd\/naudoti-cd\/uriah-heep-uriah-heep-live-cd\/#primaryimage\"},\"image\":{\"@id\":\"https:\/\/vinilozona.lt\/parduotuve\/cd\/naudoti-cd\/uriah-heep-uriah-heep-live-cd\/#primaryimage\"},\"thumbnailUrl\":\"https:\/\/vinilozona.lt\/wp-content\/uploads\/2026\/05\/R-5391131-1392211158-4356.jpg\",\"datePublished\":\"2026-05-04T02:12:39+00:00\",\"dateModified\":\"2026-05-04T08:41:16+00:00\",\"breadcrumb\":{\"@id\":\"https:\/\/vinilozona.lt\/parduotuve\/cd\/naudoti-cd\/uriah-heep-uriah-heep-live-cd\/#breadcrumb\"},\"inLanguage\":\"en-GB\",\"potentialAction\":[{\"@type\":\"ReadAction\",\"target\":[\"https:\/\/vinilozona.lt\/parduotuve\/cd\/naudoti-cd\/uriah-heep-uriah-heep-live-cd\/\"]}]},{\"@type\":\"ImageObject\",\"inLanguage\":\"en-GB\",\"@id\":\"https:\/\/vinilozona.lt\/parduotuve\/cd\/naudoti-cd\/uriah-heep-uriah-heep-live-cd\/#primaryimage\",\"url\":\"https:\/\/vinilozona.lt\/wp-content\/uploads\/2026\/05\/R-5391131-1392211158-4356.jpg\",\"contentUrl\":\"https:\/\/vinilozona.lt\/wp-content\/uploads\/2026\/05\/R-5391131-1392211158-4356.jpg\",\"width\":600,\"height\":591},{\"@type\":\"BreadcrumbList\",\"@id\":\"https:\/\/vinilozona.lt\/parduotuve\/cd\/naudoti-cd\/uriah-heep-uriah-heep-live-cd\/#breadcrumb\",\"itemListElement\":[{\"@type\":\"ListItem\",\"position\":1,\"name\":\"Home\",\"item\":\"https:\/\/vinilozona.lt\/\"},{\"@type\":\"ListItem\",\"position\":2,\"name\":\"Parduotuv\u0117\",\"item\":\"https:\/\/vinilozona.lt\/parduotuve\/\"},{\"@type\":\"ListItem\",\"position\":3,\"name\":\"Uriah Heep \u2013 Uriah Heep Live CD\"}]},{\"@type\":\"WebSite\",\"@id\":\"https:\/\/vinilozona.lt\/#website\",\"url\":\"https:\/\/vinilozona.lt\/\",\"name\":\"Vinilo Zona\",\"description\":\"Nup\u016bsk dulkes ir klausyk LP\",\"potentialAction\":[{\"@type\":\"SearchAction\",\"target\":{\"@type\":\"EntryPoint\",\"urlTemplate\":\"https:\/\/vinilozona.lt\/?s={search_term_string}\"},\"query-input\":{\"@type\":\"PropertyValueSpecification\",\"valueRequired\":true,\"valueName\":\"search_term_string\"}}],\"inLanguage\":\"en-GB\"}]}<\/script>\n<!-- \/ Yoast SEO plugin. -->","yoast_head_json":{"title":"Uriah Heep \u2013 Uriah Heep Live CD Vinilin\u0117 Plok\u0161tel\u0117 | Vinilozona.lt","robots":{"index":"index","follow":"follow","max-snippet":"max-snippet:-1","max-image-preview":"max-image-preview:large","max-video-preview":"max-video-preview:-1"},"canonical":"https:\/\/vinilozona.lt\/en\/parduotuve\/cd\/naudoti-cd\/uriah-heep-uriah-heep-live-cd\/","og_locale":"en_GB","og_type":"article","og_title":"Uriah Heep \u2013 Uriah Heep Live CD Vinilin\u0117 Plok\u0161tel\u0117 | Vinilozona.lt","og_description":"Essential! Records \u2013 ESMCD 320, Castle Communications \u2013 GAS0000320ESM Format: CD, Album, Reissue, Remastered Country: UK Released: 1996","og_url":"https:\/\/vinilozona.lt\/en\/parduotuve\/cd\/naudoti-cd\/uriah-heep-uriah-heep-live-cd\/","og_site_name":"Vinilo Zona","article_modified_time":"2026-05-04T08:41:16+00:00","og_image":[{"width":600,"height":591,"url":"https:\/\/vinilozona.lt\/wp-content\/uploads\/2026\/05\/R-5391131-1392211158-4356.jpg","type":"image\/jpeg"}],"twitter_card":"summary_large_image","twitter_misc":{"Estimated reading time":"1 minute"},"schema":{"@context":"https:\/\/schema.org","@graph":[{"@type":"WebPage","@id":"https:\/\/vinilozona.lt\/parduotuve\/cd\/naudoti-cd\/uriah-heep-uriah-heep-live-cd\/","url":"https:\/\/vinilozona.lt\/parduotuve\/cd\/naudoti-cd\/uriah-heep-uriah-heep-live-cd\/","name":"Uriah Heep \u2013 Uriah Heep Live CD Vinilin\u0117 Plok\u0161tel\u0117 | Vinilozona.lt","isPartOf":{"@id":"https:\/\/vinilozona.lt\/#website"},"primaryImageOfPage":{"@id":"https:\/\/vinilozona.lt\/parduotuve\/cd\/naudoti-cd\/uriah-heep-uriah-heep-live-cd\/#primaryimage"},"image":{"@id":"https:\/\/vinilozona.lt\/parduotuve\/cd\/naudoti-cd\/uriah-heep-uriah-heep-live-cd\/#primaryimage"},"thumbnailUrl":"https:\/\/vinilozona.lt\/wp-content\/uploads\/2026\/05\/R-5391131-1392211158-4356.jpg","datePublished":"2026-05-04T02:12:39+00:00","dateModified":"2026-05-04T08:41:16+00:00","breadcrumb":{"@id":"https:\/\/vinilozona.lt\/parduotuve\/cd\/naudoti-cd\/uriah-heep-uriah-heep-live-cd\/#breadcrumb"},"inLanguage":"en-GB","potentialAction":[{"@type":"ReadAction","target":["https:\/\/vinilozona.lt\/parduotuve\/cd\/naudoti-cd\/uriah-heep-uriah-heep-live-cd\/"]}]},{"@type":"ImageObject","inLanguage":"en-GB","@id":"https:\/\/vinilozona.lt\/parduotuve\/cd\/naudoti-cd\/uriah-heep-uriah-heep-live-cd\/#primaryimage","url":"https:\/\/vinilozona.lt\/wp-content\/uploads\/2026\/05\/R-5391131-1392211158-4356.jpg","contentUrl":"https:\/\/vinilozona.lt\/wp-content\/uploads\/2026\/05\/R-5391131-1392211158-4356.jpg","width":600,"height":591},{"@type":"BreadcrumbList","@id":"https:\/\/vinilozona.lt\/parduotuve\/cd\/naudoti-cd\/uriah-heep-uriah-heep-live-cd\/#breadcrumb","itemListElement":[{"@type":"ListItem","position":1,"name":"Home","item":"https:\/\/vinilozona.lt\/"},{"@type":"ListItem","position":2,"name":"Parduotuv\u0117","item":"https:\/\/vinilozona.lt\/parduotuve\/"},{"@type":"ListItem","position":3,"name":"Uriah Heep \u2013 Uriah Heep Live CD"}]},{"@type":"WebSite","@id":"https:\/\/vinilozona.lt\/#website","url":"https:\/\/vinilozona.lt\/","name":"Vinilo Zona","description":"Nup\u016bsk dulkes ir klausyk LP","potentialAction":[{"@type":"SearchAction","target":{"@type":"EntryPoint","urlTemplate":"https:\/\/vinilozona.lt\/?s={search_term_string}"},"query-input":{"@type":"PropertyValueSpecification","valueRequired":true,"valueName":"search_term_string"}}],"inLanguage":"en-GB"}]}},"_links":{"self":[{"href":"https:\/\/vinilozona.lt\/en\/wp-json\/wp\/v2\/product\/30938"}],"collection":[{"href":"https:\/\/vinilozona.lt\/en\/wp-json\/wp\/v2\/product"}],"about":[{"href":"https:\/\/vinilozona.lt\/en\/wp-json\/wp\/v2\/types\/product"}],"wp:featuredmedia":[{"embeddable":true,"href":"https:\/\/vinilozona.lt\/en\/wp-json\/wp\/v2\/media\/30939"}],"wp:attachment":[{"href":"https:\/\/vinilozona.lt\/en\/wp-json\/wp\/v2\/media?parent=30938"}],"wp:term":[{"taxonomy":"product_cat","embeddable":true,"href":"https:\/\/vinilozona.lt\/en\/wp-json\/wp\/v2\/product_cat?post=30938"},{"taxonomy":"product_tag","embeddable":true,"href":"https:\/\/vinilozona.lt\/en\/wp-json\/wp\/v2\/product_tag?post=30938"}],"curies":[{"name":"wp","href":"https:\/\/api.w.org\/{rel}","templated":true}]}}