{"id":30903,"date":"2026-05-01T06:10:14","date_gmt":"2026-05-01T03:10:14","guid":{"rendered":"https:\/\/vinilozona.lt\/?post_type=product&#038;p=30903"},"modified":"2026-05-01T06:52:21","modified_gmt":"2026-05-01T03:52:21","slug":"various-best-of-italo-hits","status":"publish","type":"product","link":"https:\/\/vinilozona.lt\/en\/parduotuve\/naujos-lp\/various-best-of-italo-hits\/","title":{"rendered":"Various \u2013 Best Of Italo Hits"},"content":{"rendered":"<p>A1\tEros Ramazzotti\u2013\tCose Della Vita  4:25<br \/>\nA2\tRicchi E Poveri\u2013\tSar\u00e0 Perch\u00e9 Ti Amo   3:09<br \/>\nA3\tAl Bano &#038; Romina Power\u2013\tFelicit\u00e0  3:13<br \/>\nA4\tUmberto Tozzi\u2013\tGloria  4:25<br \/>\nA5\tPupo\u2013\tSu Di Noi  3:17<br \/>\nA6\tI Santo California\u2013\tTorner\u00f2  3:51<br \/>\nB1\tPaolo Conte\u2013\tVia Con Me  2:45<br \/>\nB2\tRino Gaetano\u2013\tGianna  3:48<br \/>\nB3\tRaffaella Carr\u00e0\u2013\tPedro (Mi Sono Innamorata Seduta Stante) :19<br \/>\nB4\tMilva\u2013\tBella Ciao  2:39<br \/>\nB5\tAngelo Branduardi\u2013\tLa Pulce D&#8217;Acqua  4:47<br \/>\nB6\tLucio Dalla\u2013\tCaruso  5:11<\/p>","protected":false},"excerpt":{"rendered":"<p>Sony Music \u2013 19802924821<br \/>\nFormat:<br \/>\nVinyl, LP, Compilation, Stereo<br \/>\nCountry:<br \/>\nEurope<br \/>\nReleased:<br \/>\nJun 18, 2025<\/p>","protected":false},"featured_media":30917,"template":"","meta":[],"product_cat":[906,23],"product_tag":[74],"yoast_head":"<!-- This site is optimized with the Yoast SEO plugin v23.5 - https:\/\/yoast.com\/wordpress\/plugins\/seo\/ -->\n<title>Various \u2013 Best Of Italo Hits Vinilin\u0117 Plok\u0161tel\u0117 | Vinilozona.ltA1 Gabriel\u0117 Vilkickyt\u0117, Beatri\u010d\u0117 Kalis\u2013 Ma\u017eas r\u016bpintoj\u0117lis 3:46A2 Gabriel\u0117 Vilkickyt\u0117\u2013 Nuo\u0161ird\u017eiai 4:12A3 Gabriel\u0117 Vilkickyt\u0117\u2013 Keleiviai be biliet\u0173 4:55B1 Gabriel\u0117 Vilkickyt\u0117\u2013 Troleibusas 4:36B2 Gabriel\u0117 Vilkickyt\u0117\u2013 Pikta kar\u016bna 4:12B3 Gabriel\u0117 Vilkickyt\u0117, Marijonas Mikutavi\u010dius\u2013 Ona 4:56C1 Gabriel\u0117 Vilkickyt\u0117\u2013 Am\u017einai neramios \u0161irdys 3:28C2 Gabriel\u0117 Vilkickyt\u0117\u2013 Jono Meko u\u017euomina 3:54C3 Gabriel\u0117 Vilkickyt\u0117\u2013 Gudrutis 3:05D1 Gabriel\u0117 Vilkickyt\u0117\u2013 Palengva pama\u017eu 3:13D2 Gabriel\u0117 Vilkickyt\u0117\u2013 K\u016bnas \u0161altinis 5:59<\/title>\n<meta name=\"robots\" content=\"index, follow, max-snippet:-1, max-image-preview:large, max-video-preview:-1\" \/>\n<link rel=\"canonical\" href=\"https:\/\/vinilozona.lt\/en\/parduotuve\/naujos-lp\/various-best-of-italo-hits\/\" \/>\n<meta property=\"og:locale\" content=\"en_GB\" \/>\n<meta property=\"og:type\" content=\"article\" \/>\n<meta property=\"og:title\" content=\"Various \u2013 Best Of Italo Hits Vinilin\u0117 Plok\u0161tel\u0117 | Vinilozona.ltA1 Gabriel\u0117 Vilkickyt\u0117, Beatri\u010d\u0117 Kalis\u2013 Ma\u017eas r\u016bpintoj\u0117lis 3:46A2 Gabriel\u0117 Vilkickyt\u0117\u2013 Nuo\u0161ird\u017eiai 4:12A3 Gabriel\u0117 Vilkickyt\u0117\u2013 Keleiviai be biliet\u0173 4:55B1 Gabriel\u0117 Vilkickyt\u0117\u2013 Troleibusas 4:36B2 Gabriel\u0117 Vilkickyt\u0117\u2013 Pikta kar\u016bna 4:12B3 Gabriel\u0117 Vilkickyt\u0117, Marijonas Mikutavi\u010dius\u2013 Ona 4:56C1 Gabriel\u0117 Vilkickyt\u0117\u2013 Am\u017einai neramios \u0161irdys 3:28C2 Gabriel\u0117 Vilkickyt\u0117\u2013 Jono Meko u\u017euomina 3:54C3 Gabriel\u0117 Vilkickyt\u0117\u2013 Gudrutis 3:05D1 Gabriel\u0117 Vilkickyt\u0117\u2013 Palengva pama\u017eu 3:13D2 Gabriel\u0117 Vilkickyt\u0117\u2013 K\u016bnas \u0161altinis 5:59\" \/>\n<meta property=\"og:description\" content=\"Sony Music \u2013 19802924821 Format: Vinyl, LP, Compilation, Stereo Country: Europe Released: Jun 18, 2025\" \/>\n<meta property=\"og:url\" content=\"https:\/\/vinilozona.lt\/en\/parduotuve\/naujos-lp\/various-best-of-italo-hits\/\" \/>\n<meta property=\"og:site_name\" content=\"Vinilo Zona\" \/>\n<meta property=\"article:modified_time\" content=\"2026-05-01T03:52:21+00:00\" \/>\n<meta property=\"og:image\" content=\"https:\/\/vinilozona.lt\/wp-content\/uploads\/2026\/05\/R-34321852-1750432378-6558.jpg\" \/>\n\t<meta property=\"og:image:width\" content=\"600\" \/>\n\t<meta property=\"og:image:height\" content=\"590\" \/>\n\t<meta property=\"og:image:type\" content=\"image\/jpeg\" \/>\n<meta name=\"twitter:card\" content=\"summary_large_image\" \/>\n<meta name=\"twitter:label1\" content=\"Estimated reading time\" \/>\n\t<meta name=\"twitter:data1\" content=\"1 minute\" \/>\n<script type=\"application\/ld+json\" class=\"yoast-schema-graph\">{\"@context\":\"https:\/\/schema.org\",\"@graph\":[{\"@type\":\"WebPage\",\"@id\":\"https:\/\/vinilozona.lt\/parduotuve\/naujos-lp\/various-best-of-italo-hits\/\",\"url\":\"https:\/\/vinilozona.lt\/parduotuve\/naujos-lp\/various-best-of-italo-hits\/\",\"name\":\"Various \u2013 Best Of Italo Hits Vinilin\u0117 Plok\u0161tel\u0117 | Vinilozona.ltA1 Gabriel\u0117 Vilkickyt\u0117, Beatri\u010d\u0117 Kalis\u2013 Ma\u017eas r\u016bpintoj\u0117lis 3:46A2 Gabriel\u0117 Vilkickyt\u0117\u2013 Nuo\u0161ird\u017eiai 4:12A3 Gabriel\u0117 Vilkickyt\u0117\u2013 Keleiviai be biliet\u0173 4:55B1 Gabriel\u0117 Vilkickyt\u0117\u2013 Troleibusas 4:36B2 Gabriel\u0117 Vilkickyt\u0117\u2013 Pikta kar\u016bna 4:12B3 Gabriel\u0117 Vilkickyt\u0117, Marijonas Mikutavi\u010dius\u2013 Ona 4:56C1 Gabriel\u0117 Vilkickyt\u0117\u2013 Am\u017einai neramios \u0161irdys 3:28C2 Gabriel\u0117 Vilkickyt\u0117\u2013 Jono Meko u\u017euomina 3:54C3 Gabriel\u0117 Vilkickyt\u0117\u2013 Gudrutis 3:05D1 Gabriel\u0117 Vilkickyt\u0117\u2013 Palengva pama\u017eu 3:13D2 Gabriel\u0117 Vilkickyt\u0117\u2013 K\u016bnas \u0161altinis 5:59\",\"isPartOf\":{\"@id\":\"https:\/\/vinilozona.lt\/#website\"},\"primaryImageOfPage\":{\"@id\":\"https:\/\/vinilozona.lt\/parduotuve\/naujos-lp\/various-best-of-italo-hits\/#primaryimage\"},\"image\":{\"@id\":\"https:\/\/vinilozona.lt\/parduotuve\/naujos-lp\/various-best-of-italo-hits\/#primaryimage\"},\"thumbnailUrl\":\"https:\/\/vinilozona.lt\/wp-content\/uploads\/2026\/05\/R-34321852-1750432378-6558.jpg\",\"datePublished\":\"2026-05-01T03:10:14+00:00\",\"dateModified\":\"2026-05-01T03:52:21+00:00\",\"breadcrumb\":{\"@id\":\"https:\/\/vinilozona.lt\/parduotuve\/naujos-lp\/various-best-of-italo-hits\/#breadcrumb\"},\"inLanguage\":\"en-GB\",\"potentialAction\":[{\"@type\":\"ReadAction\",\"target\":[\"https:\/\/vinilozona.lt\/parduotuve\/naujos-lp\/various-best-of-italo-hits\/\"]}]},{\"@type\":\"ImageObject\",\"inLanguage\":\"en-GB\",\"@id\":\"https:\/\/vinilozona.lt\/parduotuve\/naujos-lp\/various-best-of-italo-hits\/#primaryimage\",\"url\":\"https:\/\/vinilozona.lt\/wp-content\/uploads\/2026\/05\/R-34321852-1750432378-6558.jpg\",\"contentUrl\":\"https:\/\/vinilozona.lt\/wp-content\/uploads\/2026\/05\/R-34321852-1750432378-6558.jpg\",\"width\":600,\"height\":590},{\"@type\":\"BreadcrumbList\",\"@id\":\"https:\/\/vinilozona.lt\/parduotuve\/naujos-lp\/various-best-of-italo-hits\/#breadcrumb\",\"itemListElement\":[{\"@type\":\"ListItem\",\"position\":1,\"name\":\"Home\",\"item\":\"https:\/\/vinilozona.lt\/\"},{\"@type\":\"ListItem\",\"position\":2,\"name\":\"Parduotuv\u0117\",\"item\":\"https:\/\/vinilozona.lt\/parduotuve\/\"},{\"@type\":\"ListItem\",\"position\":3,\"name\":\"Various \u2013 Best Of Italo Hits\"}]},{\"@type\":\"WebSite\",\"@id\":\"https:\/\/vinilozona.lt\/#website\",\"url\":\"https:\/\/vinilozona.lt\/\",\"name\":\"Vinilo Zona\",\"description\":\"Nup\u016bsk dulkes ir klausyk LP\",\"potentialAction\":[{\"@type\":\"SearchAction\",\"target\":{\"@type\":\"EntryPoint\",\"urlTemplate\":\"https:\/\/vinilozona.lt\/?s={search_term_string}\"},\"query-input\":{\"@type\":\"PropertyValueSpecification\",\"valueRequired\":true,\"valueName\":\"search_term_string\"}}],\"inLanguage\":\"en-GB\"}]}<\/script>\n<!-- \/ Yoast SEO plugin. -->","yoast_head_json":{"title":"Various \u2013 Best Of Italo Hits Vinilin\u0117 Plok\u0161tel\u0117 | Vinilozona.ltA1 Gabriel\u0117 Vilkickyt\u0117, Beatri\u010d\u0117 Kalis\u2013 Ma\u017eas r\u016bpintoj\u0117lis 3:46A2 Gabriel\u0117 Vilkickyt\u0117\u2013 Nuo\u0161ird\u017eiai 4:12A3 Gabriel\u0117 Vilkickyt\u0117\u2013 Keleiviai be biliet\u0173 4:55B1 Gabriel\u0117 Vilkickyt\u0117\u2013 Troleibusas 4:36B2 Gabriel\u0117 Vilkickyt\u0117\u2013 Pikta kar\u016bna 4:12B3 Gabriel\u0117 Vilkickyt\u0117, Marijonas Mikutavi\u010dius\u2013 Ona 4:56C1 Gabriel\u0117 Vilkickyt\u0117\u2013 Am\u017einai neramios \u0161irdys 3:28C2 Gabriel\u0117 Vilkickyt\u0117\u2013 Jono Meko u\u017euomina 3:54C3 Gabriel\u0117 Vilkickyt\u0117\u2013 Gudrutis 3:05D1 Gabriel\u0117 Vilkickyt\u0117\u2013 Palengva pama\u017eu 3:13D2 Gabriel\u0117 Vilkickyt\u0117\u2013 K\u016bnas \u0161altinis 5:59","robots":{"index":"index","follow":"follow","max-snippet":"max-snippet:-1","max-image-preview":"max-image-preview:large","max-video-preview":"max-video-preview:-1"},"canonical":"https:\/\/vinilozona.lt\/en\/parduotuve\/naujos-lp\/various-best-of-italo-hits\/","og_locale":"en_GB","og_type":"article","og_title":"Various \u2013 Best Of Italo Hits Vinilin\u0117 Plok\u0161tel\u0117 | Vinilozona.ltA1 Gabriel\u0117 Vilkickyt\u0117, Beatri\u010d\u0117 Kalis\u2013 Ma\u017eas r\u016bpintoj\u0117lis 3:46A2 Gabriel\u0117 Vilkickyt\u0117\u2013 Nuo\u0161ird\u017eiai 4:12A3 Gabriel\u0117 Vilkickyt\u0117\u2013 Keleiviai be biliet\u0173 4:55B1 Gabriel\u0117 Vilkickyt\u0117\u2013 Troleibusas 4:36B2 Gabriel\u0117 Vilkickyt\u0117\u2013 Pikta kar\u016bna 4:12B3 Gabriel\u0117 Vilkickyt\u0117, Marijonas Mikutavi\u010dius\u2013 Ona 4:56C1 Gabriel\u0117 Vilkickyt\u0117\u2013 Am\u017einai neramios \u0161irdys 3:28C2 Gabriel\u0117 Vilkickyt\u0117\u2013 Jono Meko u\u017euomina 3:54C3 Gabriel\u0117 Vilkickyt\u0117\u2013 Gudrutis 3:05D1 Gabriel\u0117 Vilkickyt\u0117\u2013 Palengva pama\u017eu 3:13D2 Gabriel\u0117 Vilkickyt\u0117\u2013 K\u016bnas \u0161altinis 5:59","og_description":"Sony Music \u2013 19802924821 Format: Vinyl, LP, Compilation, Stereo Country: Europe Released: Jun 18, 2025","og_url":"https:\/\/vinilozona.lt\/en\/parduotuve\/naujos-lp\/various-best-of-italo-hits\/","og_site_name":"Vinilo Zona","article_modified_time":"2026-05-01T03:52:21+00:00","og_image":[{"width":600,"height":590,"url":"https:\/\/vinilozona.lt\/wp-content\/uploads\/2026\/05\/R-34321852-1750432378-6558.jpg","type":"image\/jpeg"}],"twitter_card":"summary_large_image","twitter_misc":{"Estimated reading time":"1 minute"},"schema":{"@context":"https:\/\/schema.org","@graph":[{"@type":"WebPage","@id":"https:\/\/vinilozona.lt\/parduotuve\/naujos-lp\/various-best-of-italo-hits\/","url":"https:\/\/vinilozona.lt\/parduotuve\/naujos-lp\/various-best-of-italo-hits\/","name":"Various \u2013 Best Of Italo Hits Vinilin\u0117 Plok\u0161tel\u0117 | Vinilozona.ltA1 Gabriel\u0117 Vilkickyt\u0117, Beatri\u010d\u0117 Kalis\u2013 Ma\u017eas r\u016bpintoj\u0117lis 3:46A2 Gabriel\u0117 Vilkickyt\u0117\u2013 Nuo\u0161ird\u017eiai 4:12A3 Gabriel\u0117 Vilkickyt\u0117\u2013 Keleiviai be biliet\u0173 4:55B1 Gabriel\u0117 Vilkickyt\u0117\u2013 Troleibusas 4:36B2 Gabriel\u0117 Vilkickyt\u0117\u2013 Pikta kar\u016bna 4:12B3 Gabriel\u0117 Vilkickyt\u0117, Marijonas Mikutavi\u010dius\u2013 Ona 4:56C1 Gabriel\u0117 Vilkickyt\u0117\u2013 Am\u017einai neramios \u0161irdys 3:28C2 Gabriel\u0117 Vilkickyt\u0117\u2013 Jono Meko u\u017euomina 3:54C3 Gabriel\u0117 Vilkickyt\u0117\u2013 Gudrutis 3:05D1 Gabriel\u0117 Vilkickyt\u0117\u2013 Palengva pama\u017eu 3:13D2 Gabriel\u0117 Vilkickyt\u0117\u2013 K\u016bnas \u0161altinis 5:59","isPartOf":{"@id":"https:\/\/vinilozona.lt\/#website"},"primaryImageOfPage":{"@id":"https:\/\/vinilozona.lt\/parduotuve\/naujos-lp\/various-best-of-italo-hits\/#primaryimage"},"image":{"@id":"https:\/\/vinilozona.lt\/parduotuve\/naujos-lp\/various-best-of-italo-hits\/#primaryimage"},"thumbnailUrl":"https:\/\/vinilozona.lt\/wp-content\/uploads\/2026\/05\/R-34321852-1750432378-6558.jpg","datePublished":"2026-05-01T03:10:14+00:00","dateModified":"2026-05-01T03:52:21+00:00","breadcrumb":{"@id":"https:\/\/vinilozona.lt\/parduotuve\/naujos-lp\/various-best-of-italo-hits\/#breadcrumb"},"inLanguage":"en-GB","potentialAction":[{"@type":"ReadAction","target":["https:\/\/vinilozona.lt\/parduotuve\/naujos-lp\/various-best-of-italo-hits\/"]}]},{"@type":"ImageObject","inLanguage":"en-GB","@id":"https:\/\/vinilozona.lt\/parduotuve\/naujos-lp\/various-best-of-italo-hits\/#primaryimage","url":"https:\/\/vinilozona.lt\/wp-content\/uploads\/2026\/05\/R-34321852-1750432378-6558.jpg","contentUrl":"https:\/\/vinilozona.lt\/wp-content\/uploads\/2026\/05\/R-34321852-1750432378-6558.jpg","width":600,"height":590},{"@type":"BreadcrumbList","@id":"https:\/\/vinilozona.lt\/parduotuve\/naujos-lp\/various-best-of-italo-hits\/#breadcrumb","itemListElement":[{"@type":"ListItem","position":1,"name":"Home","item":"https:\/\/vinilozona.lt\/"},{"@type":"ListItem","position":2,"name":"Parduotuv\u0117","item":"https:\/\/vinilozona.lt\/parduotuve\/"},{"@type":"ListItem","position":3,"name":"Various \u2013 Best Of Italo Hits"}]},{"@type":"WebSite","@id":"https:\/\/vinilozona.lt\/#website","url":"https:\/\/vinilozona.lt\/","name":"Vinilo Zona","description":"Nup\u016bsk dulkes ir klausyk LP","potentialAction":[{"@type":"SearchAction","target":{"@type":"EntryPoint","urlTemplate":"https:\/\/vinilozona.lt\/?s={search_term_string}"},"query-input":{"@type":"PropertyValueSpecification","valueRequired":true,"valueName":"search_term_string"}}],"inLanguage":"en-GB"}]}},"_links":{"self":[{"href":"https:\/\/vinilozona.lt\/en\/wp-json\/wp\/v2\/product\/30903"}],"collection":[{"href":"https:\/\/vinilozona.lt\/en\/wp-json\/wp\/v2\/product"}],"about":[{"href":"https:\/\/vinilozona.lt\/en\/wp-json\/wp\/v2\/types\/product"}],"wp:featuredmedia":[{"embeddable":true,"href":"https:\/\/vinilozona.lt\/en\/wp-json\/wp\/v2\/media\/30917"}],"wp:attachment":[{"href":"https:\/\/vinilozona.lt\/en\/wp-json\/wp\/v2\/media?parent=30903"}],"wp:term":[{"taxonomy":"product_cat","embeddable":true,"href":"https:\/\/vinilozona.lt\/en\/wp-json\/wp\/v2\/product_cat?post=30903"},{"taxonomy":"product_tag","embeddable":true,"href":"https:\/\/vinilozona.lt\/en\/wp-json\/wp\/v2\/product_tag?post=30903"}],"curies":[{"name":"wp","href":"https:\/\/api.w.org\/{rel}","templated":true}]}}