{"id":3086,"date":"2025-02-26T05:48:17","date_gmt":"2025-02-26T03:48:17","guid":{"rendered":"https:\/\/vinylhome.lt\/?post_type=product&#038;p=3086"},"modified":"2026-03-07T08:00:23","modified_gmt":"2026-03-07T06:00:23","slug":"antonin-dvorak-saint-louis-symphony-orchestra-walter-susskind-zara-nelsova-ruggiero-ricci-rudolf-firkusny-%e2%80%8e-konzerte","status":"publish","type":"product","link":"https:\/\/vinilozona.lt\/en\/parduotuve\/kita\/antonin-dvorak-saint-louis-symphony-orchestra-walter-susskind-zara-nelsova-ruggiero-ricci-rudolf-firkusny-%e2%80%8e-konzerte\/","title":{"rendered":"\u041c\u043e\u0441\u043a\u043e\u0432\u0441\u043a\u0438\u0439 \u041a\u0430\u043c\u0435\u0440\u043d\u044b\u0439 \u0425\u043e\u0440, \u0412\u043b\u0430\u0434\u0438\u043c\u0438\u0440 \u041c\u0438\u043d\u0438\u043d, \u0415\u0432\u0433\u0435\u043d\u0438\u0439 \u041d\u0435\u0441\u0442\u0435\u0440\u0435\u043d\u043a\u043e \u2013 \u0420\u0443\u0441\u0441\u043a\u0430\u044f \u0418 \u0411\u043e\u043b\u0433\u0430\u0440\u0441\u043a\u0430\u044f \u0414\u0443\u0445\u043e\u0432\u043d\u0430\u044f \u0425\u043e\u0440\u043e\u0432\u0430\u044f \u041c\u0443\u0437\u044b\u043a\u0430 \u00b7 Russian And Bulgarian Sacred Choral Music"},"content":{"rendered":"<p>\u0412\u0435\u0440\u0443\u044e \u00b7 The Creed\t4:27<br \/>\n\u0421\u0443\u0433\u0443\u0431\u0430\u044f \u0415\u043a\u0442\u0435\u043d\u0438\u044f \u00b7 Litany Of Fervent Supplication\t5:07<br \/>\n\u0425\u0432\u0430\u043b\u0438\u0442\u0435 \u0418\u043c\u044f \u0413\u043e\u0441\u043f\u043e\u0434\u043d\u0435 \u00b7 O Praise Our God\t4:24<br \/>\n\u041d\u044b\u043d\u0435 \u041e\u0442\u043f\u0443\u0449\u0430\u0435\u0448\u0438 \u00b7 Now Lettest Thou Depart\t3:29<br \/>\n\u0412\u0435\u043b\u0438\u043a\u043e\u0435 \u0421\u043b\u0430\u0432\u043e\u0441\u043b\u043e\u0432\u0438\u0435 \u00b7 Greater Doxology\t10:15<br \/>\n\u0420\u0430\u0437\u0431\u043e\u0439\u043d\u0438\u043a\u0430 \u0411\u043b\u0430\u0433\u043e\u0440\u0430\u0437\u0443\u043c\u043d\u043e\u0433\u043e \u00b7 The Wise Thief\t2:07<br \/>\n\u041e\u0442 \u042e\u043d\u043e\u0441\u0442\u0438 \u041c\u043e\u0435\u044f \u00b7 From My Youth\t3:19<br \/>\n\u0416\u0435\u0440\u0442\u0432\u0430 \u0412\u0435\u0447\u0435\u0440\u043d\u044f\u044f \u00b7 The Mystical Sacrifice\t4:20<br \/>\n\u041b\u0435\u0433\u0435\u043d\u0434\u0430 \u041e \u0420\u0430\u0437\u0431\u043e\u0439\u043d\u0438\u043a\u0430\u0445 \u00b7 The Legend Of 12 Robbers\t4:46<\/p>","protected":false},"excerpt":{"rendered":"<p>\u041c\u0435\u043b\u043e\u0434\u0438\u044f \u2013 A90 00265 002<br \/>\nFormat:<br \/>\nVinyl, LP, Album<br \/>\nCountry: USSR<br \/>\nReleased: 1985<br \/>\nGenre:<br \/>\nFolk, World, &#038; Country<\/p>","protected":false},"featured_media":30626,"template":"","meta":[],"product_cat":[22,21],"product_tag":[44],"yoast_head":"<!-- This site is optimized with the Yoast SEO plugin v23.5 - https:\/\/yoast.com\/wordpress\/plugins\/seo\/ -->\n<title>\u041c\u043e\u0441\u043a\u043e\u0432\u0441\u043a\u0438\u0439 \u041a\u0430\u043c\u0435\u0440\u043d\u044b\u0439 \u0425\u043e\u0440, \u0412\u043b\u0430\u0434\u0438\u043c\u0438\u0440 \u041c\u0438\u043d\u0438\u043d, \u0415\u0432\u0433\u0435\u043d\u0438\u0439 \u041d\u0435\u0441\u0442\u0435\u0440\u0435\u043d\u043a\u043e \u2013 \u0420\u0443\u0441\u0441\u043a\u0430\u044f \u0418 \u0411\u043e\u043b\u0433\u0430\u0440\u0441\u043a\u0430\u044f \u0414\u0443\u0445\u043e\u0432\u043d\u0430\u044f \u0425\u043e\u0440\u043e\u0432\u0430\u044f \u041c\u0443\u0437\u044b\u043a\u0430 \u00b7 Russian And Bulgarian Sacred Choral Music Vinilin\u0117 Plok\u0161tel\u0117 | Vinilozona.lt<\/title>\n<meta name=\"robots\" content=\"index, follow, max-snippet:-1, max-image-preview:large, max-video-preview:-1\" \/>\n<link rel=\"canonical\" href=\"https:\/\/vinilozona.lt\/en\/parduotuve\/kita\/antonin-dvorak-saint-louis-symphony-orchestra-walter-susskind-zara-nelsova-ruggiero-ricci-rudolf-firkusny-\u200e-konzerte\/\" \/>\n<meta property=\"og:locale\" content=\"en_GB\" \/>\n<meta property=\"og:type\" content=\"article\" \/>\n<meta property=\"og:title\" content=\"\u041c\u043e\u0441\u043a\u043e\u0432\u0441\u043a\u0438\u0439 \u041a\u0430\u043c\u0435\u0440\u043d\u044b\u0439 \u0425\u043e\u0440, \u0412\u043b\u0430\u0434\u0438\u043c\u0438\u0440 \u041c\u0438\u043d\u0438\u043d, \u0415\u0432\u0433\u0435\u043d\u0438\u0439 \u041d\u0435\u0441\u0442\u0435\u0440\u0435\u043d\u043a\u043e \u2013 \u0420\u0443\u0441\u0441\u043a\u0430\u044f \u0418 \u0411\u043e\u043b\u0433\u0430\u0440\u0441\u043a\u0430\u044f \u0414\u0443\u0445\u043e\u0432\u043d\u0430\u044f \u0425\u043e\u0440\u043e\u0432\u0430\u044f \u041c\u0443\u0437\u044b\u043a\u0430 \u00b7 Russian And Bulgarian Sacred Choral Music Vinilin\u0117 Plok\u0161tel\u0117 | Vinilozona.lt\" \/>\n<meta property=\"og:description\" content=\"\u041c\u0435\u043b\u043e\u0434\u0438\u044f \u2013 A90 00265 002 Format: Vinyl, LP, Album Country: USSR Released: 1985 Genre: Folk, World, &amp; Country\" \/>\n<meta property=\"og:url\" content=\"https:\/\/vinilozona.lt\/en\/parduotuve\/kita\/antonin-dvorak-saint-louis-symphony-orchestra-walter-susskind-zara-nelsova-ruggiero-ricci-rudolf-firkusny-\u200e-konzerte\/\" \/>\n<meta property=\"og:site_name\" content=\"Vinilo Zona\" \/>\n<meta property=\"article:modified_time\" content=\"2026-03-07T06:00:23+00:00\" \/>\n<meta property=\"og:image\" content=\"https:\/\/vinilozona.lt\/wp-content\/uploads\/2023\/02\/R-1215039-1201298023.jpg\" \/>\n\t<meta property=\"og:image:width\" content=\"600\" \/>\n\t<meta property=\"og:image:height\" content=\"582\" \/>\n\t<meta property=\"og:image:type\" content=\"image\/jpeg\" \/>\n<meta name=\"twitter:card\" content=\"summary_large_image\" \/>\n<meta name=\"twitter:label1\" content=\"Estimated reading time\" \/>\n\t<meta name=\"twitter:data1\" content=\"1 minute\" \/>\n<script type=\"application\/ld+json\" class=\"yoast-schema-graph\">{\"@context\":\"https:\/\/schema.org\",\"@graph\":[{\"@type\":\"WebPage\",\"@id\":\"https:\/\/vinilozona.lt\/parduotuve\/kita\/antonin-dvorak-saint-louis-symphony-orchestra-walter-susskind-zara-nelsova-ruggiero-ricci-rudolf-firkusny-%e2%80%8e-konzerte\/\",\"url\":\"https:\/\/vinilozona.lt\/parduotuve\/kita\/antonin-dvorak-saint-louis-symphony-orchestra-walter-susskind-zara-nelsova-ruggiero-ricci-rudolf-firkusny-%e2%80%8e-konzerte\/\",\"name\":\"\u041c\u043e\u0441\u043a\u043e\u0432\u0441\u043a\u0438\u0439 \u041a\u0430\u043c\u0435\u0440\u043d\u044b\u0439 \u0425\u043e\u0440, \u0412\u043b\u0430\u0434\u0438\u043c\u0438\u0440 \u041c\u0438\u043d\u0438\u043d, \u0415\u0432\u0433\u0435\u043d\u0438\u0439 \u041d\u0435\u0441\u0442\u0435\u0440\u0435\u043d\u043a\u043e \u2013 \u0420\u0443\u0441\u0441\u043a\u0430\u044f \u0418 \u0411\u043e\u043b\u0433\u0430\u0440\u0441\u043a\u0430\u044f \u0414\u0443\u0445\u043e\u0432\u043d\u0430\u044f \u0425\u043e\u0440\u043e\u0432\u0430\u044f \u041c\u0443\u0437\u044b\u043a\u0430 \u00b7 Russian And Bulgarian Sacred Choral Music Vinilin\u0117 Plok\u0161tel\u0117 | Vinilozona.lt\",\"isPartOf\":{\"@id\":\"https:\/\/vinilozona.lt\/#website\"},\"primaryImageOfPage\":{\"@id\":\"https:\/\/vinilozona.lt\/parduotuve\/kita\/antonin-dvorak-saint-louis-symphony-orchestra-walter-susskind-zara-nelsova-ruggiero-ricci-rudolf-firkusny-%e2%80%8e-konzerte\/#primaryimage\"},\"image\":{\"@id\":\"https:\/\/vinilozona.lt\/parduotuve\/kita\/antonin-dvorak-saint-louis-symphony-orchestra-walter-susskind-zara-nelsova-ruggiero-ricci-rudolf-firkusny-%e2%80%8e-konzerte\/#primaryimage\"},\"thumbnailUrl\":\"https:\/\/vinilozona.lt\/wp-content\/uploads\/2023\/02\/R-1215039-1201298023.jpg\",\"datePublished\":\"2025-02-26T03:48:17+00:00\",\"dateModified\":\"2026-03-07T06:00:23+00:00\",\"breadcrumb\":{\"@id\":\"https:\/\/vinilozona.lt\/parduotuve\/kita\/antonin-dvorak-saint-louis-symphony-orchestra-walter-susskind-zara-nelsova-ruggiero-ricci-rudolf-firkusny-%e2%80%8e-konzerte\/#breadcrumb\"},\"inLanguage\":\"en-GB\",\"potentialAction\":[{\"@type\":\"ReadAction\",\"target\":[\"https:\/\/vinilozona.lt\/parduotuve\/kita\/antonin-dvorak-saint-louis-symphony-orchestra-walter-susskind-zara-nelsova-ruggiero-ricci-rudolf-firkusny-%e2%80%8e-konzerte\/\"]}]},{\"@type\":\"ImageObject\",\"inLanguage\":\"en-GB\",\"@id\":\"https:\/\/vinilozona.lt\/parduotuve\/kita\/antonin-dvorak-saint-louis-symphony-orchestra-walter-susskind-zara-nelsova-ruggiero-ricci-rudolf-firkusny-%e2%80%8e-konzerte\/#primaryimage\",\"url\":\"https:\/\/vinilozona.lt\/wp-content\/uploads\/2023\/02\/R-1215039-1201298023.jpg\",\"contentUrl\":\"https:\/\/vinilozona.lt\/wp-content\/uploads\/2023\/02\/R-1215039-1201298023.jpg\",\"width\":600,\"height\":582},{\"@type\":\"BreadcrumbList\",\"@id\":\"https:\/\/vinilozona.lt\/parduotuve\/kita\/antonin-dvorak-saint-louis-symphony-orchestra-walter-susskind-zara-nelsova-ruggiero-ricci-rudolf-firkusny-%e2%80%8e-konzerte\/#breadcrumb\",\"itemListElement\":[{\"@type\":\"ListItem\",\"position\":1,\"name\":\"Home\",\"item\":\"https:\/\/vinilozona.lt\/\"},{\"@type\":\"ListItem\",\"position\":2,\"name\":\"Parduotuv\u0117\",\"item\":\"https:\/\/vinilozona.lt\/parduotuve\/\"},{\"@type\":\"ListItem\",\"position\":3,\"name\":\"\u041c\u043e\u0441\u043a\u043e\u0432\u0441\u043a\u0438\u0439 \u041a\u0430\u043c\u0435\u0440\u043d\u044b\u0439 \u0425\u043e\u0440, \u0412\u043b\u0430\u0434\u0438\u043c\u0438\u0440 \u041c\u0438\u043d\u0438\u043d, \u0415\u0432\u0433\u0435\u043d\u0438\u0439 \u041d\u0435\u0441\u0442\u0435\u0440\u0435\u043d\u043a\u043e \u2013 \u0420\u0443\u0441\u0441\u043a\u0430\u044f \u0418 \u0411\u043e\u043b\u0433\u0430\u0440\u0441\u043a\u0430\u044f \u0414\u0443\u0445\u043e\u0432\u043d\u0430\u044f \u0425\u043e\u0440\u043e\u0432\u0430\u044f \u041c\u0443\u0437\u044b\u043a\u0430 \u00b7 Russian And Bulgarian Sacred Choral Music\"}]},{\"@type\":\"WebSite\",\"@id\":\"https:\/\/vinilozona.lt\/#website\",\"url\":\"https:\/\/vinilozona.lt\/\",\"name\":\"Vinilo Zona\",\"description\":\"Nup\u016bsk dulkes ir klausyk LP\",\"potentialAction\":[{\"@type\":\"SearchAction\",\"target\":{\"@type\":\"EntryPoint\",\"urlTemplate\":\"https:\/\/vinilozona.lt\/?s={search_term_string}\"},\"query-input\":{\"@type\":\"PropertyValueSpecification\",\"valueRequired\":true,\"valueName\":\"search_term_string\"}}],\"inLanguage\":\"en-GB\"}]}<\/script>\n<!-- \/ Yoast SEO plugin. -->","yoast_head_json":{"title":"\u041c\u043e\u0441\u043a\u043e\u0432\u0441\u043a\u0438\u0439 \u041a\u0430\u043c\u0435\u0440\u043d\u044b\u0439 \u0425\u043e\u0440, \u0412\u043b\u0430\u0434\u0438\u043c\u0438\u0440 \u041c\u0438\u043d\u0438\u043d, \u0415\u0432\u0433\u0435\u043d\u0438\u0439 \u041d\u0435\u0441\u0442\u0435\u0440\u0435\u043d\u043a\u043e \u2013 \u0420\u0443\u0441\u0441\u043a\u0430\u044f \u0418 \u0411\u043e\u043b\u0433\u0430\u0440\u0441\u043a\u0430\u044f \u0414\u0443\u0445\u043e\u0432\u043d\u0430\u044f \u0425\u043e\u0440\u043e\u0432\u0430\u044f \u041c\u0443\u0437\u044b\u043a\u0430 \u00b7 Russian And Bulgarian Sacred Choral Music Vinilin\u0117 Plok\u0161tel\u0117 | Vinilozona.lt","robots":{"index":"index","follow":"follow","max-snippet":"max-snippet:-1","max-image-preview":"max-image-preview:large","max-video-preview":"max-video-preview:-1"},"canonical":"https:\/\/vinilozona.lt\/en\/parduotuve\/kita\/antonin-dvorak-saint-louis-symphony-orchestra-walter-susskind-zara-nelsova-ruggiero-ricci-rudolf-firkusny-\u200e-konzerte\/","og_locale":"en_GB","og_type":"article","og_title":"\u041c\u043e\u0441\u043a\u043e\u0432\u0441\u043a\u0438\u0439 \u041a\u0430\u043c\u0435\u0440\u043d\u044b\u0439 \u0425\u043e\u0440, \u0412\u043b\u0430\u0434\u0438\u043c\u0438\u0440 \u041c\u0438\u043d\u0438\u043d, \u0415\u0432\u0433\u0435\u043d\u0438\u0439 \u041d\u0435\u0441\u0442\u0435\u0440\u0435\u043d\u043a\u043e \u2013 \u0420\u0443\u0441\u0441\u043a\u0430\u044f \u0418 \u0411\u043e\u043b\u0433\u0430\u0440\u0441\u043a\u0430\u044f \u0414\u0443\u0445\u043e\u0432\u043d\u0430\u044f \u0425\u043e\u0440\u043e\u0432\u0430\u044f \u041c\u0443\u0437\u044b\u043a\u0430 \u00b7 Russian And Bulgarian Sacred Choral Music Vinilin\u0117 Plok\u0161tel\u0117 | Vinilozona.lt","og_description":"\u041c\u0435\u043b\u043e\u0434\u0438\u044f \u2013 A90 00265 002 Format: Vinyl, LP, Album Country: USSR Released: 1985 Genre: Folk, World, & Country","og_url":"https:\/\/vinilozona.lt\/en\/parduotuve\/kita\/antonin-dvorak-saint-louis-symphony-orchestra-walter-susskind-zara-nelsova-ruggiero-ricci-rudolf-firkusny-\u200e-konzerte\/","og_site_name":"Vinilo Zona","article_modified_time":"2026-03-07T06:00:23+00:00","og_image":[{"width":600,"height":582,"url":"https:\/\/vinilozona.lt\/wp-content\/uploads\/2023\/02\/R-1215039-1201298023.jpg","type":"image\/jpeg"}],"twitter_card":"summary_large_image","twitter_misc":{"Estimated reading time":"1 minute"},"schema":{"@context":"https:\/\/schema.org","@graph":[{"@type":"WebPage","@id":"https:\/\/vinilozona.lt\/parduotuve\/kita\/antonin-dvorak-saint-louis-symphony-orchestra-walter-susskind-zara-nelsova-ruggiero-ricci-rudolf-firkusny-%e2%80%8e-konzerte\/","url":"https:\/\/vinilozona.lt\/parduotuve\/kita\/antonin-dvorak-saint-louis-symphony-orchestra-walter-susskind-zara-nelsova-ruggiero-ricci-rudolf-firkusny-%e2%80%8e-konzerte\/","name":"\u041c\u043e\u0441\u043a\u043e\u0432\u0441\u043a\u0438\u0439 \u041a\u0430\u043c\u0435\u0440\u043d\u044b\u0439 \u0425\u043e\u0440, \u0412\u043b\u0430\u0434\u0438\u043c\u0438\u0440 \u041c\u0438\u043d\u0438\u043d, \u0415\u0432\u0433\u0435\u043d\u0438\u0439 \u041d\u0435\u0441\u0442\u0435\u0440\u0435\u043d\u043a\u043e \u2013 \u0420\u0443\u0441\u0441\u043a\u0430\u044f \u0418 \u0411\u043e\u043b\u0433\u0430\u0440\u0441\u043a\u0430\u044f \u0414\u0443\u0445\u043e\u0432\u043d\u0430\u044f \u0425\u043e\u0440\u043e\u0432\u0430\u044f \u041c\u0443\u0437\u044b\u043a\u0430 \u00b7 Russian And Bulgarian Sacred Choral Music Vinilin\u0117 Plok\u0161tel\u0117 | Vinilozona.lt","isPartOf":{"@id":"https:\/\/vinilozona.lt\/#website"},"primaryImageOfPage":{"@id":"https:\/\/vinilozona.lt\/parduotuve\/kita\/antonin-dvorak-saint-louis-symphony-orchestra-walter-susskind-zara-nelsova-ruggiero-ricci-rudolf-firkusny-%e2%80%8e-konzerte\/#primaryimage"},"image":{"@id":"https:\/\/vinilozona.lt\/parduotuve\/kita\/antonin-dvorak-saint-louis-symphony-orchestra-walter-susskind-zara-nelsova-ruggiero-ricci-rudolf-firkusny-%e2%80%8e-konzerte\/#primaryimage"},"thumbnailUrl":"https:\/\/vinilozona.lt\/wp-content\/uploads\/2023\/02\/R-1215039-1201298023.jpg","datePublished":"2025-02-26T03:48:17+00:00","dateModified":"2026-03-07T06:00:23+00:00","breadcrumb":{"@id":"https:\/\/vinilozona.lt\/parduotuve\/kita\/antonin-dvorak-saint-louis-symphony-orchestra-walter-susskind-zara-nelsova-ruggiero-ricci-rudolf-firkusny-%e2%80%8e-konzerte\/#breadcrumb"},"inLanguage":"en-GB","potentialAction":[{"@type":"ReadAction","target":["https:\/\/vinilozona.lt\/parduotuve\/kita\/antonin-dvorak-saint-louis-symphony-orchestra-walter-susskind-zara-nelsova-ruggiero-ricci-rudolf-firkusny-%e2%80%8e-konzerte\/"]}]},{"@type":"ImageObject","inLanguage":"en-GB","@id":"https:\/\/vinilozona.lt\/parduotuve\/kita\/antonin-dvorak-saint-louis-symphony-orchestra-walter-susskind-zara-nelsova-ruggiero-ricci-rudolf-firkusny-%e2%80%8e-konzerte\/#primaryimage","url":"https:\/\/vinilozona.lt\/wp-content\/uploads\/2023\/02\/R-1215039-1201298023.jpg","contentUrl":"https:\/\/vinilozona.lt\/wp-content\/uploads\/2023\/02\/R-1215039-1201298023.jpg","width":600,"height":582},{"@type":"BreadcrumbList","@id":"https:\/\/vinilozona.lt\/parduotuve\/kita\/antonin-dvorak-saint-louis-symphony-orchestra-walter-susskind-zara-nelsova-ruggiero-ricci-rudolf-firkusny-%e2%80%8e-konzerte\/#breadcrumb","itemListElement":[{"@type":"ListItem","position":1,"name":"Home","item":"https:\/\/vinilozona.lt\/"},{"@type":"ListItem","position":2,"name":"Parduotuv\u0117","item":"https:\/\/vinilozona.lt\/parduotuve\/"},{"@type":"ListItem","position":3,"name":"\u041c\u043e\u0441\u043a\u043e\u0432\u0441\u043a\u0438\u0439 \u041a\u0430\u043c\u0435\u0440\u043d\u044b\u0439 \u0425\u043e\u0440, \u0412\u043b\u0430\u0434\u0438\u043c\u0438\u0440 \u041c\u0438\u043d\u0438\u043d, \u0415\u0432\u0433\u0435\u043d\u0438\u0439 \u041d\u0435\u0441\u0442\u0435\u0440\u0435\u043d\u043a\u043e \u2013 \u0420\u0443\u0441\u0441\u043a\u0430\u044f \u0418 \u0411\u043e\u043b\u0433\u0430\u0440\u0441\u043a\u0430\u044f \u0414\u0443\u0445\u043e\u0432\u043d\u0430\u044f \u0425\u043e\u0440\u043e\u0432\u0430\u044f \u041c\u0443\u0437\u044b\u043a\u0430 \u00b7 Russian And Bulgarian Sacred Choral Music"}]},{"@type":"WebSite","@id":"https:\/\/vinilozona.lt\/#website","url":"https:\/\/vinilozona.lt\/","name":"Vinilo Zona","description":"Nup\u016bsk dulkes ir klausyk LP","potentialAction":[{"@type":"SearchAction","target":{"@type":"EntryPoint","urlTemplate":"https:\/\/vinilozona.lt\/?s={search_term_string}"},"query-input":{"@type":"PropertyValueSpecification","valueRequired":true,"valueName":"search_term_string"}}],"inLanguage":"en-GB"}]}},"_links":{"self":[{"href":"https:\/\/vinilozona.lt\/en\/wp-json\/wp\/v2\/product\/3086"}],"collection":[{"href":"https:\/\/vinilozona.lt\/en\/wp-json\/wp\/v2\/product"}],"about":[{"href":"https:\/\/vinilozona.lt\/en\/wp-json\/wp\/v2\/types\/product"}],"wp:featuredmedia":[{"embeddable":true,"href":"https:\/\/vinilozona.lt\/en\/wp-json\/wp\/v2\/media\/30626"}],"wp:attachment":[{"href":"https:\/\/vinilozona.lt\/en\/wp-json\/wp\/v2\/media?parent=3086"}],"wp:term":[{"taxonomy":"product_cat","embeddable":true,"href":"https:\/\/vinilozona.lt\/en\/wp-json\/wp\/v2\/product_cat?post=3086"},{"taxonomy":"product_tag","embeddable":true,"href":"https:\/\/vinilozona.lt\/en\/wp-json\/wp\/v2\/product_tag?post=3086"}],"curies":[{"name":"wp","href":"https:\/\/api.w.org\/{rel}","templated":true}]}}