{"id":3084,"date":"2026-03-04T05:23:39","date_gmt":"2026-03-04T03:23:39","guid":{"rendered":"https:\/\/vinylhome.lt\/?post_type=product&#038;p=3084"},"modified":"2026-03-06T12:33:59","modified_gmt":"2026-03-06T10:33:59","slug":"andrius-kuprevicius-%e2%80%8e-performs-piano-works-of-lithuanian-composers-2","status":"publish","type":"product","link":"https:\/\/vinilozona.lt\/en\/parduotuve\/classic\/andrius-kuprevicius-%e2%80%8e-performs-piano-works-of-lithuanian-composers-2\/","title":{"rendered":"Hortus Musicus \u2013 \u0410\u043d\u0441\u0430\u043c\u0431\u043b\u044c \u0441\u0442\u0430\u0440\u0438\u043d\u043d\u043e\u0439 \u043c\u0443\u0437\u044b\u043a\u0438"},"content":{"rendered":"<p>\u04101\t\t\u0422\u0430\u043d\u0446\u0435\u0432\u0430\u043b\u044c\u043d\u0430\u044f \u0441\u044e\u0438\u0442\u0430 \u0438\u0437 \u043b\u0451\u0432\u0435\u043d\u0441\u043a\u043e\u0433\u043e \u0441\u0431\u043e\u0440\u043d\u0438\u043a\u0430<br \/>\n\u0418\u0437 \u0441\u0431\u043e\u0440\u043d\u0438\u043a\u043e\u0432 \u041f. \u0410\u0442\u0442\u0435\u043d\u044c\u044f\u043d\u0430:<br \/>\nA2\t\tTa Bonne Grace<br \/>\nA3\t\tPour Ung Plaisir<br \/>\nA4\t\tC&#8217;est Grand Pitie<br \/>\nA5\t\tMusikalischer Tugendtspiegel. \u041f\u0430\u0432\u0430\u043d\u044b \u0438 \u0433\u0430\u043b\u044c\u044f\u0440\u0434\u044b<br \/>\n\u0418\u0437 \u0441\u0431\u043e\u0440\u043d\u0438\u043a\u043e\u0432 \u041f. \u0410\u0442\u0442\u0435\u043d\u044c\u044f\u043d\u0430:<br \/>\nA6\t\tDe Voua Servir<br \/>\nA7\t\tLe Yeuix Bendez<br \/>\nA8\t\tAmour Me Voyant<br \/>\nB1\t\tCeluy Qui Veut Scavoir. S&#8217;il Est Ainsi Que Tu M&#8217;aymes<br \/>\nB2\t\t\u0422\u0430\u043d\u0446\u0435\u0432\u0430\u043b\u044c\u043d\u0430\u044f \u0441\u044e\u0438\u0442\u0430 \u0438\u0437 \u043b\u0451\u0432\u0435\u043d\u0441\u043a\u043e\u0433\u043e \u0441\u0431\u043e\u0440\u043d\u0438\u043a\u0430. Premier Bransle De La Guerre<br \/>\nB3\t\tLighten Heavy Heart Thy Spirite. Where Are All Thy Beauties Now<br \/>\nB4\t\tL&#8217;ultimo di de Maggio<br \/>\nB5\t\tLilla Da L&#8217;acqua<br \/>\nB6\t\tAqua Non E L&#8217;humor<br \/>\nB7\t\t\u0418\u043d\u0442\u0440\u0430\u0434\u044b<\/p>","protected":false},"excerpt":{"rendered":"<p>\u041c\u0435\u043b\u043e\u0434\u0438\u044f \u2013 \u042110 24423 004<br \/>\nFormat:<br \/>\nVinyl, LP, Album, Stereo<br \/>\nCountry: USSR<br \/>\nReleased: 1986<br \/>\nGenre: Classical<br \/>\nStyle:<br \/>\nRenaissance, Baroque<\/p>","protected":false},"featured_media":30620,"template":"","meta":[],"product_cat":[22],"product_tag":[44],"yoast_head":"<!-- This site is optimized with the Yoast SEO plugin v23.5 - https:\/\/yoast.com\/wordpress\/plugins\/seo\/ -->\n<title>Hortus Musicus \u2013 \u0410\u043d\u0441\u0430\u043c\u0431\u043b\u044c \u0441\u0442\u0430\u0440\u0438\u043d\u043d\u043e\u0439 \u043c\u0443\u0437\u044b\u043a\u0438 Vinilin\u0117 Plok\u0161tel\u0117 | Vinilozona.lt<\/title>\n<meta name=\"robots\" content=\"index, follow, max-snippet:-1, max-image-preview:large, max-video-preview:-1\" \/>\n<link rel=\"canonical\" href=\"https:\/\/vinilozona.lt\/en\/parduotuve\/classic\/andrius-kuprevicius-\u200e-performs-piano-works-of-lithuanian-composers-2\/\" \/>\n<meta property=\"og:locale\" content=\"en_GB\" \/>\n<meta property=\"og:type\" content=\"article\" \/>\n<meta property=\"og:title\" content=\"Hortus Musicus \u2013 \u0410\u043d\u0441\u0430\u043c\u0431\u043b\u044c \u0441\u0442\u0430\u0440\u0438\u043d\u043d\u043e\u0439 \u043c\u0443\u0437\u044b\u043a\u0438 Vinilin\u0117 Plok\u0161tel\u0117 | Vinilozona.lt\" \/>\n<meta property=\"og:description\" content=\"\u041c\u0435\u043b\u043e\u0434\u0438\u044f \u2013 \u042110 24423 004 Format: Vinyl, LP, Album, Stereo Country: USSR Released: 1986 Genre: Classical Style: Renaissance, Baroque\" \/>\n<meta property=\"og:url\" content=\"https:\/\/vinilozona.lt\/en\/parduotuve\/classic\/andrius-kuprevicius-\u200e-performs-piano-works-of-lithuanian-composers-2\/\" \/>\n<meta property=\"og:site_name\" content=\"Vinilo Zona\" \/>\n<meta property=\"article:modified_time\" content=\"2026-03-06T10:33:59+00:00\" \/>\n<meta property=\"og:image\" content=\"https:\/\/vinilozona.lt\/wp-content\/uploads\/2023\/02\/R-4918541-1449860753-7070.jpg\" \/>\n\t<meta property=\"og:image:width\" content=\"600\" \/>\n\t<meta property=\"og:image:height\" content=\"582\" \/>\n\t<meta property=\"og:image:type\" content=\"image\/jpeg\" \/>\n<meta name=\"twitter:card\" content=\"summary_large_image\" \/>\n<meta name=\"twitter:label1\" content=\"Estimated reading time\" \/>\n\t<meta name=\"twitter:data1\" content=\"1 minute\" \/>\n<script type=\"application\/ld+json\" class=\"yoast-schema-graph\">{\"@context\":\"https:\/\/schema.org\",\"@graph\":[{\"@type\":\"WebPage\",\"@id\":\"https:\/\/vinilozona.lt\/parduotuve\/classic\/andrius-kuprevicius-%e2%80%8e-performs-piano-works-of-lithuanian-composers-2\/\",\"url\":\"https:\/\/vinilozona.lt\/parduotuve\/classic\/andrius-kuprevicius-%e2%80%8e-performs-piano-works-of-lithuanian-composers-2\/\",\"name\":\"Hortus Musicus \u2013 \u0410\u043d\u0441\u0430\u043c\u0431\u043b\u044c \u0441\u0442\u0430\u0440\u0438\u043d\u043d\u043e\u0439 \u043c\u0443\u0437\u044b\u043a\u0438 Vinilin\u0117 Plok\u0161tel\u0117 | Vinilozona.lt\",\"isPartOf\":{\"@id\":\"https:\/\/vinilozona.lt\/#website\"},\"primaryImageOfPage\":{\"@id\":\"https:\/\/vinilozona.lt\/parduotuve\/classic\/andrius-kuprevicius-%e2%80%8e-performs-piano-works-of-lithuanian-composers-2\/#primaryimage\"},\"image\":{\"@id\":\"https:\/\/vinilozona.lt\/parduotuve\/classic\/andrius-kuprevicius-%e2%80%8e-performs-piano-works-of-lithuanian-composers-2\/#primaryimage\"},\"thumbnailUrl\":\"https:\/\/vinilozona.lt\/wp-content\/uploads\/2023\/02\/R-4918541-1449860753-7070.jpg\",\"datePublished\":\"2026-03-04T03:23:39+00:00\",\"dateModified\":\"2026-03-06T10:33:59+00:00\",\"breadcrumb\":{\"@id\":\"https:\/\/vinilozona.lt\/parduotuve\/classic\/andrius-kuprevicius-%e2%80%8e-performs-piano-works-of-lithuanian-composers-2\/#breadcrumb\"},\"inLanguage\":\"en-GB\",\"potentialAction\":[{\"@type\":\"ReadAction\",\"target\":[\"https:\/\/vinilozona.lt\/parduotuve\/classic\/andrius-kuprevicius-%e2%80%8e-performs-piano-works-of-lithuanian-composers-2\/\"]}]},{\"@type\":\"ImageObject\",\"inLanguage\":\"en-GB\",\"@id\":\"https:\/\/vinilozona.lt\/parduotuve\/classic\/andrius-kuprevicius-%e2%80%8e-performs-piano-works-of-lithuanian-composers-2\/#primaryimage\",\"url\":\"https:\/\/vinilozona.lt\/wp-content\/uploads\/2023\/02\/R-4918541-1449860753-7070.jpg\",\"contentUrl\":\"https:\/\/vinilozona.lt\/wp-content\/uploads\/2023\/02\/R-4918541-1449860753-7070.jpg\",\"width\":600,\"height\":582},{\"@type\":\"BreadcrumbList\",\"@id\":\"https:\/\/vinilozona.lt\/parduotuve\/classic\/andrius-kuprevicius-%e2%80%8e-performs-piano-works-of-lithuanian-composers-2\/#breadcrumb\",\"itemListElement\":[{\"@type\":\"ListItem\",\"position\":1,\"name\":\"Home\",\"item\":\"https:\/\/vinilozona.lt\/\"},{\"@type\":\"ListItem\",\"position\":2,\"name\":\"Parduotuv\u0117\",\"item\":\"https:\/\/vinilozona.lt\/parduotuve\/\"},{\"@type\":\"ListItem\",\"position\":3,\"name\":\"Hortus Musicus \u2013 \u0410\u043d\u0441\u0430\u043c\u0431\u043b\u044c \u0441\u0442\u0430\u0440\u0438\u043d\u043d\u043e\u0439 \u043c\u0443\u0437\u044b\u043a\u0438\"}]},{\"@type\":\"WebSite\",\"@id\":\"https:\/\/vinilozona.lt\/#website\",\"url\":\"https:\/\/vinilozona.lt\/\",\"name\":\"Vinilo Zona\",\"description\":\"Nup\u016bsk dulkes ir klausyk LP\",\"potentialAction\":[{\"@type\":\"SearchAction\",\"target\":{\"@type\":\"EntryPoint\",\"urlTemplate\":\"https:\/\/vinilozona.lt\/?s={search_term_string}\"},\"query-input\":{\"@type\":\"PropertyValueSpecification\",\"valueRequired\":true,\"valueName\":\"search_term_string\"}}],\"inLanguage\":\"en-GB\"}]}<\/script>\n<!-- \/ Yoast SEO plugin. -->","yoast_head_json":{"title":"Hortus Musicus \u2013 \u0410\u043d\u0441\u0430\u043c\u0431\u043b\u044c \u0441\u0442\u0430\u0440\u0438\u043d\u043d\u043e\u0439 \u043c\u0443\u0437\u044b\u043a\u0438 Vinilin\u0117 Plok\u0161tel\u0117 | Vinilozona.lt","robots":{"index":"index","follow":"follow","max-snippet":"max-snippet:-1","max-image-preview":"max-image-preview:large","max-video-preview":"max-video-preview:-1"},"canonical":"https:\/\/vinilozona.lt\/en\/parduotuve\/classic\/andrius-kuprevicius-\u200e-performs-piano-works-of-lithuanian-composers-2\/","og_locale":"en_GB","og_type":"article","og_title":"Hortus Musicus \u2013 \u0410\u043d\u0441\u0430\u043c\u0431\u043b\u044c \u0441\u0442\u0430\u0440\u0438\u043d\u043d\u043e\u0439 \u043c\u0443\u0437\u044b\u043a\u0438 Vinilin\u0117 Plok\u0161tel\u0117 | Vinilozona.lt","og_description":"\u041c\u0435\u043b\u043e\u0434\u0438\u044f \u2013 \u042110 24423 004 Format: Vinyl, LP, Album, Stereo Country: USSR Released: 1986 Genre: Classical Style: Renaissance, Baroque","og_url":"https:\/\/vinilozona.lt\/en\/parduotuve\/classic\/andrius-kuprevicius-\u200e-performs-piano-works-of-lithuanian-composers-2\/","og_site_name":"Vinilo Zona","article_modified_time":"2026-03-06T10:33:59+00:00","og_image":[{"width":600,"height":582,"url":"https:\/\/vinilozona.lt\/wp-content\/uploads\/2023\/02\/R-4918541-1449860753-7070.jpg","type":"image\/jpeg"}],"twitter_card":"summary_large_image","twitter_misc":{"Estimated reading time":"1 minute"},"schema":{"@context":"https:\/\/schema.org","@graph":[{"@type":"WebPage","@id":"https:\/\/vinilozona.lt\/parduotuve\/classic\/andrius-kuprevicius-%e2%80%8e-performs-piano-works-of-lithuanian-composers-2\/","url":"https:\/\/vinilozona.lt\/parduotuve\/classic\/andrius-kuprevicius-%e2%80%8e-performs-piano-works-of-lithuanian-composers-2\/","name":"Hortus Musicus \u2013 \u0410\u043d\u0441\u0430\u043c\u0431\u043b\u044c \u0441\u0442\u0430\u0440\u0438\u043d\u043d\u043e\u0439 \u043c\u0443\u0437\u044b\u043a\u0438 Vinilin\u0117 Plok\u0161tel\u0117 | Vinilozona.lt","isPartOf":{"@id":"https:\/\/vinilozona.lt\/#website"},"primaryImageOfPage":{"@id":"https:\/\/vinilozona.lt\/parduotuve\/classic\/andrius-kuprevicius-%e2%80%8e-performs-piano-works-of-lithuanian-composers-2\/#primaryimage"},"image":{"@id":"https:\/\/vinilozona.lt\/parduotuve\/classic\/andrius-kuprevicius-%e2%80%8e-performs-piano-works-of-lithuanian-composers-2\/#primaryimage"},"thumbnailUrl":"https:\/\/vinilozona.lt\/wp-content\/uploads\/2023\/02\/R-4918541-1449860753-7070.jpg","datePublished":"2026-03-04T03:23:39+00:00","dateModified":"2026-03-06T10:33:59+00:00","breadcrumb":{"@id":"https:\/\/vinilozona.lt\/parduotuve\/classic\/andrius-kuprevicius-%e2%80%8e-performs-piano-works-of-lithuanian-composers-2\/#breadcrumb"},"inLanguage":"en-GB","potentialAction":[{"@type":"ReadAction","target":["https:\/\/vinilozona.lt\/parduotuve\/classic\/andrius-kuprevicius-%e2%80%8e-performs-piano-works-of-lithuanian-composers-2\/"]}]},{"@type":"ImageObject","inLanguage":"en-GB","@id":"https:\/\/vinilozona.lt\/parduotuve\/classic\/andrius-kuprevicius-%e2%80%8e-performs-piano-works-of-lithuanian-composers-2\/#primaryimage","url":"https:\/\/vinilozona.lt\/wp-content\/uploads\/2023\/02\/R-4918541-1449860753-7070.jpg","contentUrl":"https:\/\/vinilozona.lt\/wp-content\/uploads\/2023\/02\/R-4918541-1449860753-7070.jpg","width":600,"height":582},{"@type":"BreadcrumbList","@id":"https:\/\/vinilozona.lt\/parduotuve\/classic\/andrius-kuprevicius-%e2%80%8e-performs-piano-works-of-lithuanian-composers-2\/#breadcrumb","itemListElement":[{"@type":"ListItem","position":1,"name":"Home","item":"https:\/\/vinilozona.lt\/"},{"@type":"ListItem","position":2,"name":"Parduotuv\u0117","item":"https:\/\/vinilozona.lt\/parduotuve\/"},{"@type":"ListItem","position":3,"name":"Hortus Musicus \u2013 \u0410\u043d\u0441\u0430\u043c\u0431\u043b\u044c \u0441\u0442\u0430\u0440\u0438\u043d\u043d\u043e\u0439 \u043c\u0443\u0437\u044b\u043a\u0438"}]},{"@type":"WebSite","@id":"https:\/\/vinilozona.lt\/#website","url":"https:\/\/vinilozona.lt\/","name":"Vinilo Zona","description":"Nup\u016bsk dulkes ir klausyk LP","potentialAction":[{"@type":"SearchAction","target":{"@type":"EntryPoint","urlTemplate":"https:\/\/vinilozona.lt\/?s={search_term_string}"},"query-input":{"@type":"PropertyValueSpecification","valueRequired":true,"valueName":"search_term_string"}}],"inLanguage":"en-GB"}]}},"_links":{"self":[{"href":"https:\/\/vinilozona.lt\/en\/wp-json\/wp\/v2\/product\/3084"}],"collection":[{"href":"https:\/\/vinilozona.lt\/en\/wp-json\/wp\/v2\/product"}],"about":[{"href":"https:\/\/vinilozona.lt\/en\/wp-json\/wp\/v2\/types\/product"}],"wp:featuredmedia":[{"embeddable":true,"href":"https:\/\/vinilozona.lt\/en\/wp-json\/wp\/v2\/media\/30620"}],"wp:attachment":[{"href":"https:\/\/vinilozona.lt\/en\/wp-json\/wp\/v2\/media?parent=3084"}],"wp:term":[{"taxonomy":"product_cat","embeddable":true,"href":"https:\/\/vinilozona.lt\/en\/wp-json\/wp\/v2\/product_cat?post=3084"},{"taxonomy":"product_tag","embeddable":true,"href":"https:\/\/vinilozona.lt\/en\/wp-json\/wp\/v2\/product_tag?post=3084"}],"curies":[{"name":"wp","href":"https:\/\/api.w.org\/{rel}","templated":true}]}}