{"id":30837,"date":"2026-04-19T05:08:23","date_gmt":"2026-04-19T02:08:23","guid":{"rendered":"https:\/\/vinilozona.lt\/?post_type=product&#038;p=30837"},"modified":"2026-04-19T09:03:37","modified_gmt":"2026-04-19T06:03:37","slug":"gentle-giant-playing-the-fool-2lp","status":"publish","type":"product","link":"https:\/\/vinilozona.lt\/en\/parduotuve\/rock-pop\/gentle-giant-playing-the-fool-2lp\/","title":{"rendered":"Gentle Giant \u2013 Playing The Fool  2LP"},"content":{"rendered":"<p>A1\t\tJust The Same\t11:13<br \/>\nA2\t\tProclamamtin On Reflection [sic]\t6:24<br \/>\nB1\t\tBoys In The Band\t15:35<br \/>\nB2\t\tFunny Ways\t8:35<br \/>\nC1\t\tIn A Glass House\t9:31<br \/>\nC2\t\tSo Sincere\t10:22<br \/>\nD1\t\tFreehand\t7:40<br \/>\nD2\t\tSweet Georgia Brown\t1:15<br \/>\nD3\t\tPeel The Paint \/ I Lost My Hand [sic]\t7:36<\/p>","protected":false},"excerpt":{"rendered":"<p>Capitol Records \u2013 SKBB-11592<br \/>\nFormat:<br \/>\n2 x Vinyl, LP, Album, Stereo<br \/>\nCountry:<br \/>\nUS<br \/>\nReleased:<br \/>\nJan 10, 1977<\/p>","protected":false},"featured_media":30838,"template":"","meta":[],"product_cat":[15],"product_tag":[44],"yoast_head":"<!-- This site is optimized with the Yoast SEO plugin v23.5 - https:\/\/yoast.com\/wordpress\/plugins\/seo\/ -->\n<title>Gentle Giant \u2013 Playing The Fool 2LP Vinilin\u0117 Plok\u0161tel\u0117 | Vinilozona.lt<\/title>\n<meta name=\"robots\" content=\"index, follow, max-snippet:-1, max-image-preview:large, max-video-preview:-1\" \/>\n<link rel=\"canonical\" href=\"https:\/\/vinilozona.lt\/en\/parduotuve\/rock-pop\/gentle-giant-playing-the-fool-2lp\/\" \/>\n<meta property=\"og:locale\" content=\"en_GB\" \/>\n<meta property=\"og:type\" content=\"article\" \/>\n<meta property=\"og:title\" content=\"Gentle Giant \u2013 Playing The Fool 2LP Vinilin\u0117 Plok\u0161tel\u0117 | Vinilozona.lt\" \/>\n<meta property=\"og:description\" content=\"Capitol Records \u2013 SKBB-11592 Format: 2 x Vinyl, LP, Album, Stereo Country: US Released: Jan 10, 1977\" \/>\n<meta property=\"og:url\" content=\"https:\/\/vinilozona.lt\/en\/parduotuve\/rock-pop\/gentle-giant-playing-the-fool-2lp\/\" \/>\n<meta property=\"og:site_name\" content=\"Vinilo Zona\" \/>\n<meta property=\"article:modified_time\" content=\"2026-04-19T06:03:37+00:00\" \/>\n<meta property=\"og:image\" content=\"https:\/\/vinilozona.lt\/wp-content\/uploads\/2026\/04\/R-9567049-1482898904-6066.jpg\" \/>\n\t<meta property=\"og:image:width\" content=\"600\" \/>\n\t<meta property=\"og:image:height\" content=\"587\" \/>\n\t<meta property=\"og:image:type\" content=\"image\/jpeg\" \/>\n<meta name=\"twitter:card\" content=\"summary_large_image\" \/>\n<meta name=\"twitter:label1\" content=\"Estimated reading time\" \/>\n\t<meta name=\"twitter:data1\" content=\"1 minute\" \/>\n<script type=\"application\/ld+json\" class=\"yoast-schema-graph\">{\"@context\":\"https:\/\/schema.org\",\"@graph\":[{\"@type\":\"WebPage\",\"@id\":\"https:\/\/vinilozona.lt\/parduotuve\/rock-pop\/gentle-giant-playing-the-fool-2lp\/\",\"url\":\"https:\/\/vinilozona.lt\/parduotuve\/rock-pop\/gentle-giant-playing-the-fool-2lp\/\",\"name\":\"Gentle Giant \u2013 Playing The Fool 2LP Vinilin\u0117 Plok\u0161tel\u0117 | Vinilozona.lt\",\"isPartOf\":{\"@id\":\"https:\/\/vinilozona.lt\/#website\"},\"primaryImageOfPage\":{\"@id\":\"https:\/\/vinilozona.lt\/parduotuve\/rock-pop\/gentle-giant-playing-the-fool-2lp\/#primaryimage\"},\"image\":{\"@id\":\"https:\/\/vinilozona.lt\/parduotuve\/rock-pop\/gentle-giant-playing-the-fool-2lp\/#primaryimage\"},\"thumbnailUrl\":\"https:\/\/vinilozona.lt\/wp-content\/uploads\/2026\/04\/R-9567049-1482898904-6066.jpg\",\"datePublished\":\"2026-04-19T02:08:23+00:00\",\"dateModified\":\"2026-04-19T06:03:37+00:00\",\"breadcrumb\":{\"@id\":\"https:\/\/vinilozona.lt\/parduotuve\/rock-pop\/gentle-giant-playing-the-fool-2lp\/#breadcrumb\"},\"inLanguage\":\"en-GB\",\"potentialAction\":[{\"@type\":\"ReadAction\",\"target\":[\"https:\/\/vinilozona.lt\/parduotuve\/rock-pop\/gentle-giant-playing-the-fool-2lp\/\"]}]},{\"@type\":\"ImageObject\",\"inLanguage\":\"en-GB\",\"@id\":\"https:\/\/vinilozona.lt\/parduotuve\/rock-pop\/gentle-giant-playing-the-fool-2lp\/#primaryimage\",\"url\":\"https:\/\/vinilozona.lt\/wp-content\/uploads\/2026\/04\/R-9567049-1482898904-6066.jpg\",\"contentUrl\":\"https:\/\/vinilozona.lt\/wp-content\/uploads\/2026\/04\/R-9567049-1482898904-6066.jpg\",\"width\":600,\"height\":587},{\"@type\":\"BreadcrumbList\",\"@id\":\"https:\/\/vinilozona.lt\/parduotuve\/rock-pop\/gentle-giant-playing-the-fool-2lp\/#breadcrumb\",\"itemListElement\":[{\"@type\":\"ListItem\",\"position\":1,\"name\":\"Home\",\"item\":\"https:\/\/vinilozona.lt\/\"},{\"@type\":\"ListItem\",\"position\":2,\"name\":\"Parduotuv\u0117\",\"item\":\"https:\/\/vinilozona.lt\/parduotuve\/\"},{\"@type\":\"ListItem\",\"position\":3,\"name\":\"Gentle Giant \u2013 Playing The Fool 2LP\"}]},{\"@type\":\"WebSite\",\"@id\":\"https:\/\/vinilozona.lt\/#website\",\"url\":\"https:\/\/vinilozona.lt\/\",\"name\":\"Vinilo Zona\",\"description\":\"Nup\u016bsk dulkes ir klausyk LP\",\"potentialAction\":[{\"@type\":\"SearchAction\",\"target\":{\"@type\":\"EntryPoint\",\"urlTemplate\":\"https:\/\/vinilozona.lt\/?s={search_term_string}\"},\"query-input\":{\"@type\":\"PropertyValueSpecification\",\"valueRequired\":true,\"valueName\":\"search_term_string\"}}],\"inLanguage\":\"en-GB\"}]}<\/script>\n<!-- \/ Yoast SEO plugin. -->","yoast_head_json":{"title":"Gentle Giant \u2013 Playing The Fool 2LP Vinilin\u0117 Plok\u0161tel\u0117 | Vinilozona.lt","robots":{"index":"index","follow":"follow","max-snippet":"max-snippet:-1","max-image-preview":"max-image-preview:large","max-video-preview":"max-video-preview:-1"},"canonical":"https:\/\/vinilozona.lt\/en\/parduotuve\/rock-pop\/gentle-giant-playing-the-fool-2lp\/","og_locale":"en_GB","og_type":"article","og_title":"Gentle Giant \u2013 Playing The Fool 2LP Vinilin\u0117 Plok\u0161tel\u0117 | Vinilozona.lt","og_description":"Capitol Records \u2013 SKBB-11592 Format: 2 x Vinyl, LP, Album, Stereo Country: US Released: Jan 10, 1977","og_url":"https:\/\/vinilozona.lt\/en\/parduotuve\/rock-pop\/gentle-giant-playing-the-fool-2lp\/","og_site_name":"Vinilo Zona","article_modified_time":"2026-04-19T06:03:37+00:00","og_image":[{"width":600,"height":587,"url":"https:\/\/vinilozona.lt\/wp-content\/uploads\/2026\/04\/R-9567049-1482898904-6066.jpg","type":"image\/jpeg"}],"twitter_card":"summary_large_image","twitter_misc":{"Estimated reading time":"1 minute"},"schema":{"@context":"https:\/\/schema.org","@graph":[{"@type":"WebPage","@id":"https:\/\/vinilozona.lt\/parduotuve\/rock-pop\/gentle-giant-playing-the-fool-2lp\/","url":"https:\/\/vinilozona.lt\/parduotuve\/rock-pop\/gentle-giant-playing-the-fool-2lp\/","name":"Gentle Giant \u2013 Playing The Fool 2LP Vinilin\u0117 Plok\u0161tel\u0117 | Vinilozona.lt","isPartOf":{"@id":"https:\/\/vinilozona.lt\/#website"},"primaryImageOfPage":{"@id":"https:\/\/vinilozona.lt\/parduotuve\/rock-pop\/gentle-giant-playing-the-fool-2lp\/#primaryimage"},"image":{"@id":"https:\/\/vinilozona.lt\/parduotuve\/rock-pop\/gentle-giant-playing-the-fool-2lp\/#primaryimage"},"thumbnailUrl":"https:\/\/vinilozona.lt\/wp-content\/uploads\/2026\/04\/R-9567049-1482898904-6066.jpg","datePublished":"2026-04-19T02:08:23+00:00","dateModified":"2026-04-19T06:03:37+00:00","breadcrumb":{"@id":"https:\/\/vinilozona.lt\/parduotuve\/rock-pop\/gentle-giant-playing-the-fool-2lp\/#breadcrumb"},"inLanguage":"en-GB","potentialAction":[{"@type":"ReadAction","target":["https:\/\/vinilozona.lt\/parduotuve\/rock-pop\/gentle-giant-playing-the-fool-2lp\/"]}]},{"@type":"ImageObject","inLanguage":"en-GB","@id":"https:\/\/vinilozona.lt\/parduotuve\/rock-pop\/gentle-giant-playing-the-fool-2lp\/#primaryimage","url":"https:\/\/vinilozona.lt\/wp-content\/uploads\/2026\/04\/R-9567049-1482898904-6066.jpg","contentUrl":"https:\/\/vinilozona.lt\/wp-content\/uploads\/2026\/04\/R-9567049-1482898904-6066.jpg","width":600,"height":587},{"@type":"BreadcrumbList","@id":"https:\/\/vinilozona.lt\/parduotuve\/rock-pop\/gentle-giant-playing-the-fool-2lp\/#breadcrumb","itemListElement":[{"@type":"ListItem","position":1,"name":"Home","item":"https:\/\/vinilozona.lt\/"},{"@type":"ListItem","position":2,"name":"Parduotuv\u0117","item":"https:\/\/vinilozona.lt\/parduotuve\/"},{"@type":"ListItem","position":3,"name":"Gentle Giant \u2013 Playing The Fool 2LP"}]},{"@type":"WebSite","@id":"https:\/\/vinilozona.lt\/#website","url":"https:\/\/vinilozona.lt\/","name":"Vinilo Zona","description":"Nup\u016bsk dulkes ir klausyk LP","potentialAction":[{"@type":"SearchAction","target":{"@type":"EntryPoint","urlTemplate":"https:\/\/vinilozona.lt\/?s={search_term_string}"},"query-input":{"@type":"PropertyValueSpecification","valueRequired":true,"valueName":"search_term_string"}}],"inLanguage":"en-GB"}]}},"_links":{"self":[{"href":"https:\/\/vinilozona.lt\/en\/wp-json\/wp\/v2\/product\/30837"}],"collection":[{"href":"https:\/\/vinilozona.lt\/en\/wp-json\/wp\/v2\/product"}],"about":[{"href":"https:\/\/vinilozona.lt\/en\/wp-json\/wp\/v2\/types\/product"}],"wp:featuredmedia":[{"embeddable":true,"href":"https:\/\/vinilozona.lt\/en\/wp-json\/wp\/v2\/media\/30838"}],"wp:attachment":[{"href":"https:\/\/vinilozona.lt\/en\/wp-json\/wp\/v2\/media?parent=30837"}],"wp:term":[{"taxonomy":"product_cat","embeddable":true,"href":"https:\/\/vinilozona.lt\/en\/wp-json\/wp\/v2\/product_cat?post=30837"},{"taxonomy":"product_tag","embeddable":true,"href":"https:\/\/vinilozona.lt\/en\/wp-json\/wp\/v2\/product_tag?post=30837"}],"curies":[{"name":"wp","href":"https:\/\/api.w.org\/{rel}","templated":true}]}}