{"id":30832,"date":"2026-04-19T05:01:27","date_gmt":"2026-04-19T02:01:27","guid":{"rendered":"https:\/\/vinilozona.lt\/?post_type=product&#038;p=30832"},"modified":"2026-04-19T08:22:14","modified_gmt":"2026-04-19T05:22:14","slug":"the-edgar-broughton-band-the-edgar-broughton-band","status":"publish","type":"product","link":"https:\/\/vinilozona.lt\/en\/parduotuve\/rock-pop\/the-edgar-broughton-band-the-edgar-broughton-band\/","title":{"rendered":"The Edgar Broughton Band \u2013 The Edgar Broughton Band"},"content":{"rendered":"<p>A1\t\tEvening Over Rooftops<br \/>\nVocals \u2013 The Ladybirds<br \/>\n4:57<br \/>\nA2\t\tThe Birth\t3:20<br \/>\nA3\t\tPiece Of My Own<br \/>\nViolin \u2013 Johnny Van Derek<br \/>\n2:46<br \/>\nA4a\t\tPoppy\t2:13<br \/>\nA4b\t\tDon&#8217;t Even Know Which Day It Is\t4:19<br \/>\nB1\t\tHouse Of Turnabout<br \/>\nVocals \u2013 P. Harold Fatt<br \/>\n3:06<br \/>\nB2\t\tMadhatter\t6:12<br \/>\nB3a\t\tGetting Hard<br \/>\nB3b\t\tWhat Is A Woman For\t7:27<br \/>\nB4\t\tThinking Of You<br \/>\nMandolin \u2013 Mike Oldfield<br \/>\nPiano \u2013 David Bedford<br \/>\n2:04<br \/>\nB5a\t\tFor Dr Spock (Part One)<br \/>\nB5b\t\tFor Dr Spock (Part Two)\t3:48<\/p>","protected":false},"excerpt":{"rendered":"<p>Harvest \u2013 038-15 7778 1, Fame \u2013 038-15 7778 1<br \/>\nFormat:<br \/>\nVinyl, LP, Album, Reissue<br \/>\nCountry:<br \/>\nEurope<br \/>\nGenre: Rock<br \/>\nStyle:<br \/>\nPsychedelic Rock, Prog Rock, Blues Rock<\/p>","protected":false},"featured_media":30833,"template":"","meta":[],"product_cat":[15],"product_tag":[44],"yoast_head":"<!-- This site is optimized with the Yoast SEO plugin v23.5 - https:\/\/yoast.com\/wordpress\/plugins\/seo\/ -->\n<title>The Edgar Broughton Band \u2013 The Edgar Broughton Band Vinilin\u0117 Plok\u0161tel\u0117 | Vinilozona.lt<\/title>\n<meta name=\"robots\" content=\"index, follow, max-snippet:-1, max-image-preview:large, max-video-preview:-1\" \/>\n<link rel=\"canonical\" href=\"https:\/\/vinilozona.lt\/en\/parduotuve\/rock-pop\/the-edgar-broughton-band-the-edgar-broughton-band\/\" \/>\n<meta property=\"og:locale\" content=\"en_GB\" \/>\n<meta property=\"og:type\" content=\"article\" \/>\n<meta property=\"og:title\" content=\"The Edgar Broughton Band \u2013 The Edgar Broughton Band Vinilin\u0117 Plok\u0161tel\u0117 | Vinilozona.lt\" \/>\n<meta property=\"og:description\" content=\"Harvest \u2013 038-15 7778 1, Fame \u2013 038-15 7778 1 Format: Vinyl, LP, Album, Reissue Country: Europe Genre: Rock Style: Psychedelic Rock, Prog Rock, Blues Rock\" \/>\n<meta property=\"og:url\" content=\"https:\/\/vinilozona.lt\/en\/parduotuve\/rock-pop\/the-edgar-broughton-band-the-edgar-broughton-band\/\" \/>\n<meta property=\"og:site_name\" content=\"Vinilo Zona\" \/>\n<meta property=\"article:modified_time\" content=\"2026-04-19T05:22:14+00:00\" \/>\n<meta property=\"og:image\" content=\"https:\/\/vinilozona.lt\/wp-content\/uploads\/2026\/04\/R-3410881-1424006798-4451.jpg\" \/>\n\t<meta property=\"og:image:width\" content=\"483\" \/>\n\t<meta property=\"og:image:height\" content=\"480\" \/>\n\t<meta property=\"og:image:type\" content=\"image\/jpeg\" \/>\n<meta name=\"twitter:card\" content=\"summary_large_image\" \/>\n<meta name=\"twitter:label1\" content=\"Estimated reading time\" \/>\n\t<meta name=\"twitter:data1\" content=\"1 minute\" \/>\n<script type=\"application\/ld+json\" class=\"yoast-schema-graph\">{\"@context\":\"https:\/\/schema.org\",\"@graph\":[{\"@type\":\"WebPage\",\"@id\":\"https:\/\/vinilozona.lt\/parduotuve\/rock-pop\/the-edgar-broughton-band-the-edgar-broughton-band\/\",\"url\":\"https:\/\/vinilozona.lt\/parduotuve\/rock-pop\/the-edgar-broughton-band-the-edgar-broughton-band\/\",\"name\":\"The Edgar Broughton Band \u2013 The Edgar Broughton Band Vinilin\u0117 Plok\u0161tel\u0117 | Vinilozona.lt\",\"isPartOf\":{\"@id\":\"https:\/\/vinilozona.lt\/#website\"},\"primaryImageOfPage\":{\"@id\":\"https:\/\/vinilozona.lt\/parduotuve\/rock-pop\/the-edgar-broughton-band-the-edgar-broughton-band\/#primaryimage\"},\"image\":{\"@id\":\"https:\/\/vinilozona.lt\/parduotuve\/rock-pop\/the-edgar-broughton-band-the-edgar-broughton-band\/#primaryimage\"},\"thumbnailUrl\":\"https:\/\/vinilozona.lt\/wp-content\/uploads\/2026\/04\/R-3410881-1424006798-4451.jpg\",\"datePublished\":\"2026-04-19T02:01:27+00:00\",\"dateModified\":\"2026-04-19T05:22:14+00:00\",\"breadcrumb\":{\"@id\":\"https:\/\/vinilozona.lt\/parduotuve\/rock-pop\/the-edgar-broughton-band-the-edgar-broughton-band\/#breadcrumb\"},\"inLanguage\":\"en-GB\",\"potentialAction\":[{\"@type\":\"ReadAction\",\"target\":[\"https:\/\/vinilozona.lt\/parduotuve\/rock-pop\/the-edgar-broughton-band-the-edgar-broughton-band\/\"]}]},{\"@type\":\"ImageObject\",\"inLanguage\":\"en-GB\",\"@id\":\"https:\/\/vinilozona.lt\/parduotuve\/rock-pop\/the-edgar-broughton-band-the-edgar-broughton-band\/#primaryimage\",\"url\":\"https:\/\/vinilozona.lt\/wp-content\/uploads\/2026\/04\/R-3410881-1424006798-4451.jpg\",\"contentUrl\":\"https:\/\/vinilozona.lt\/wp-content\/uploads\/2026\/04\/R-3410881-1424006798-4451.jpg\",\"width\":483,\"height\":480},{\"@type\":\"BreadcrumbList\",\"@id\":\"https:\/\/vinilozona.lt\/parduotuve\/rock-pop\/the-edgar-broughton-band-the-edgar-broughton-band\/#breadcrumb\",\"itemListElement\":[{\"@type\":\"ListItem\",\"position\":1,\"name\":\"Home\",\"item\":\"https:\/\/vinilozona.lt\/\"},{\"@type\":\"ListItem\",\"position\":2,\"name\":\"Parduotuv\u0117\",\"item\":\"https:\/\/vinilozona.lt\/parduotuve\/\"},{\"@type\":\"ListItem\",\"position\":3,\"name\":\"The Edgar Broughton Band \u2013 The Edgar Broughton Band\"}]},{\"@type\":\"WebSite\",\"@id\":\"https:\/\/vinilozona.lt\/#website\",\"url\":\"https:\/\/vinilozona.lt\/\",\"name\":\"Vinilo Zona\",\"description\":\"Nup\u016bsk dulkes ir klausyk LP\",\"potentialAction\":[{\"@type\":\"SearchAction\",\"target\":{\"@type\":\"EntryPoint\",\"urlTemplate\":\"https:\/\/vinilozona.lt\/?s={search_term_string}\"},\"query-input\":{\"@type\":\"PropertyValueSpecification\",\"valueRequired\":true,\"valueName\":\"search_term_string\"}}],\"inLanguage\":\"en-GB\"}]}<\/script>\n<!-- \/ Yoast SEO plugin. -->","yoast_head_json":{"title":"The Edgar Broughton Band \u2013 The Edgar Broughton Band Vinilin\u0117 Plok\u0161tel\u0117 | Vinilozona.lt","robots":{"index":"index","follow":"follow","max-snippet":"max-snippet:-1","max-image-preview":"max-image-preview:large","max-video-preview":"max-video-preview:-1"},"canonical":"https:\/\/vinilozona.lt\/en\/parduotuve\/rock-pop\/the-edgar-broughton-band-the-edgar-broughton-band\/","og_locale":"en_GB","og_type":"article","og_title":"The Edgar Broughton Band \u2013 The Edgar Broughton Band Vinilin\u0117 Plok\u0161tel\u0117 | Vinilozona.lt","og_description":"Harvest \u2013 038-15 7778 1, Fame \u2013 038-15 7778 1 Format: Vinyl, LP, Album, Reissue Country: Europe Genre: Rock Style: Psychedelic Rock, Prog Rock, Blues Rock","og_url":"https:\/\/vinilozona.lt\/en\/parduotuve\/rock-pop\/the-edgar-broughton-band-the-edgar-broughton-band\/","og_site_name":"Vinilo Zona","article_modified_time":"2026-04-19T05:22:14+00:00","og_image":[{"width":483,"height":480,"url":"https:\/\/vinilozona.lt\/wp-content\/uploads\/2026\/04\/R-3410881-1424006798-4451.jpg","type":"image\/jpeg"}],"twitter_card":"summary_large_image","twitter_misc":{"Estimated reading time":"1 minute"},"schema":{"@context":"https:\/\/schema.org","@graph":[{"@type":"WebPage","@id":"https:\/\/vinilozona.lt\/parduotuve\/rock-pop\/the-edgar-broughton-band-the-edgar-broughton-band\/","url":"https:\/\/vinilozona.lt\/parduotuve\/rock-pop\/the-edgar-broughton-band-the-edgar-broughton-band\/","name":"The Edgar Broughton Band \u2013 The Edgar Broughton Band Vinilin\u0117 Plok\u0161tel\u0117 | Vinilozona.lt","isPartOf":{"@id":"https:\/\/vinilozona.lt\/#website"},"primaryImageOfPage":{"@id":"https:\/\/vinilozona.lt\/parduotuve\/rock-pop\/the-edgar-broughton-band-the-edgar-broughton-band\/#primaryimage"},"image":{"@id":"https:\/\/vinilozona.lt\/parduotuve\/rock-pop\/the-edgar-broughton-band-the-edgar-broughton-band\/#primaryimage"},"thumbnailUrl":"https:\/\/vinilozona.lt\/wp-content\/uploads\/2026\/04\/R-3410881-1424006798-4451.jpg","datePublished":"2026-04-19T02:01:27+00:00","dateModified":"2026-04-19T05:22:14+00:00","breadcrumb":{"@id":"https:\/\/vinilozona.lt\/parduotuve\/rock-pop\/the-edgar-broughton-band-the-edgar-broughton-band\/#breadcrumb"},"inLanguage":"en-GB","potentialAction":[{"@type":"ReadAction","target":["https:\/\/vinilozona.lt\/parduotuve\/rock-pop\/the-edgar-broughton-band-the-edgar-broughton-band\/"]}]},{"@type":"ImageObject","inLanguage":"en-GB","@id":"https:\/\/vinilozona.lt\/parduotuve\/rock-pop\/the-edgar-broughton-band-the-edgar-broughton-band\/#primaryimage","url":"https:\/\/vinilozona.lt\/wp-content\/uploads\/2026\/04\/R-3410881-1424006798-4451.jpg","contentUrl":"https:\/\/vinilozona.lt\/wp-content\/uploads\/2026\/04\/R-3410881-1424006798-4451.jpg","width":483,"height":480},{"@type":"BreadcrumbList","@id":"https:\/\/vinilozona.lt\/parduotuve\/rock-pop\/the-edgar-broughton-band-the-edgar-broughton-band\/#breadcrumb","itemListElement":[{"@type":"ListItem","position":1,"name":"Home","item":"https:\/\/vinilozona.lt\/"},{"@type":"ListItem","position":2,"name":"Parduotuv\u0117","item":"https:\/\/vinilozona.lt\/parduotuve\/"},{"@type":"ListItem","position":3,"name":"The Edgar Broughton Band \u2013 The Edgar Broughton Band"}]},{"@type":"WebSite","@id":"https:\/\/vinilozona.lt\/#website","url":"https:\/\/vinilozona.lt\/","name":"Vinilo Zona","description":"Nup\u016bsk dulkes ir klausyk LP","potentialAction":[{"@type":"SearchAction","target":{"@type":"EntryPoint","urlTemplate":"https:\/\/vinilozona.lt\/?s={search_term_string}"},"query-input":{"@type":"PropertyValueSpecification","valueRequired":true,"valueName":"search_term_string"}}],"inLanguage":"en-GB"}]}},"_links":{"self":[{"href":"https:\/\/vinilozona.lt\/en\/wp-json\/wp\/v2\/product\/30832"}],"collection":[{"href":"https:\/\/vinilozona.lt\/en\/wp-json\/wp\/v2\/product"}],"about":[{"href":"https:\/\/vinilozona.lt\/en\/wp-json\/wp\/v2\/types\/product"}],"wp:featuredmedia":[{"embeddable":true,"href":"https:\/\/vinilozona.lt\/en\/wp-json\/wp\/v2\/media\/30833"}],"wp:attachment":[{"href":"https:\/\/vinilozona.lt\/en\/wp-json\/wp\/v2\/media?parent=30832"}],"wp:term":[{"taxonomy":"product_cat","embeddable":true,"href":"https:\/\/vinilozona.lt\/en\/wp-json\/wp\/v2\/product_cat?post=30832"},{"taxonomy":"product_tag","embeddable":true,"href":"https:\/\/vinilozona.lt\/en\/wp-json\/wp\/v2\/product_tag?post=30832"}],"curies":[{"name":"wp","href":"https:\/\/api.w.org\/{rel}","templated":true}]}}