{"id":3079,"date":"2023-02-26T06:00:42","date_gmt":"2023-02-26T04:00:42","guid":{"rendered":"https:\/\/vinylhome.lt\/?post_type=product&#038;p=3079"},"modified":"2024-03-14T11:50:01","modified_gmt":"2024-03-14T09:50:01","slug":"academy-of-st-martin-in-the-fields-neville-marriner-%e2%80%8e-einekleinenachtmusik-music-of-mozart-gluck-hayden-schubert-handel-j-s-bach","status":"publish","type":"product","link":"https:\/\/vinilozona.lt\/en\/parduotuve\/classic\/academy-of-st-martin-in-the-fields-neville-marriner-%e2%80%8e-einekleinenachtmusik-music-of-mozart-gluck-hayden-schubert-handel-j-s-bach\/","title":{"rendered":"Franz Schubert \/ Peter Schreier, G\u00fcnther Leib \u2013 Lieder Nach Rellstab Und Ernst Schulze"},"content":{"rendered":"<p>Lieder Nach Texten Von Ludwig Rellstab<br \/>\nA1\t\tLebensmut D 937\t2:22<br \/>\nA2\t\tHerbst D945\t3:42<br \/>\nA3\t\tLiebesbotschaft D 957 Nr.1\t3:02<br \/>\nA4\t\tFr\u00fchlingssehnsucht D 957 Nr.3\t3:15<br \/>\nA5\t\tSt\u00e4ndchen D 957 Nr.4\t3:30<br \/>\nA6\t\tAbschied D 957 Nr.7\t4:30<br \/>\nA7\t\tKriegers Ahnung D 957 Nr.2\t4:27<br \/>\nA8\t\tIn Der Ferne D 957 Nr.6\t6:22<br \/>\nB1\t\tAufenthalt D 957 Nr.5\t3:17<br \/>\nLieder Nach Texten Von Ernst Schulze<br \/>\nB2\t\tIm Walde Op. 93 Nr.1 D 834\t5:03<br \/>\nB3\t\tAuf Der Bruck Op. 93 Nr.2 D 853\t3:44<br \/>\nB4\t\tIm Fr\u00fchling D 882\t4:17<br \/>\nB5\t\tLebensmut D 883\t2:37<br \/>\nB6\t\tTiefes Leid D 876\t1:42<br \/>\nB7\t\tAn Mein Herz D 860\t2:52<br \/>\nB8\t\tDer Liebliche Stern D 861\t2:52<br \/>\nB9\t\t\u00dcber Wildemann Op. 108 Nr.1 D 884\t2:00<br \/>\nB10\t\tUm Mitternacht Op. 88 Nr.3 D 862\t2:55<\/p>","protected":false},"excerpt":{"rendered":"<p>ETERNA \u2013 8 27 227<br \/>\nSeries:\tETERNA Edition<br \/>\nFormat:<br \/>\nVinyl, LP, Stereo, Russian Labels<br \/>\nCountry:\tGerman Democratic Republic (GDR)<br \/>\nReleased:\t1979<\/p>","protected":false},"featured_media":24466,"template":"","meta":[],"product_cat":[22],"product_tag":[44],"yoast_head":"<!-- This site is optimized with the Yoast SEO plugin v23.5 - https:\/\/yoast.com\/wordpress\/plugins\/seo\/ -->\n<title>Franz Schubert \/ Peter Schreier, G\u00fcnther Leib \u2013 Lieder Nach Rellstab Und Ernst Schulze Vinilin\u0117 Plok\u0161tel\u0117 | Vinilozona.lt<\/title>\n<meta name=\"robots\" content=\"index, follow, max-snippet:-1, max-image-preview:large, max-video-preview:-1\" \/>\n<link rel=\"canonical\" href=\"https:\/\/vinilozona.lt\/en\/parduotuve\/classic\/academy-of-st-martin-in-the-fields-neville-marriner-\u200e-einekleinenachtmusik-music-of-mozart-gluck-hayden-schubert-handel-j-s-bach\/\" \/>\n<meta property=\"og:locale\" content=\"en_GB\" \/>\n<meta property=\"og:type\" content=\"article\" \/>\n<meta property=\"og:title\" content=\"Franz Schubert \/ Peter Schreier, G\u00fcnther Leib \u2013 Lieder Nach Rellstab Und Ernst Schulze Vinilin\u0117 Plok\u0161tel\u0117 | Vinilozona.lt\" \/>\n<meta property=\"og:description\" content=\"ETERNA \u2013 8 27 227 Series: ETERNA Edition Format:  Vinyl, LP, Stereo, Russian Labels Country: German Democratic Republic (GDR) Released: 1979\" \/>\n<meta property=\"og:url\" content=\"https:\/\/vinilozona.lt\/en\/parduotuve\/classic\/academy-of-st-martin-in-the-fields-neville-marriner-\u200e-einekleinenachtmusik-music-of-mozart-gluck-hayden-schubert-handel-j-s-bach\/\" \/>\n<meta property=\"og:site_name\" content=\"Vinilo Zona\" \/>\n<meta property=\"article:modified_time\" content=\"2024-03-14T09:50:01+00:00\" \/>\n<meta property=\"og:image\" content=\"https:\/\/vinilozona.lt\/wp-content\/uploads\/2023\/02\/R-16344246-1607634355-4643.jpg\" \/>\n\t<meta property=\"og:image:width\" content=\"596\" \/>\n\t<meta property=\"og:image:height\" content=\"600\" \/>\n\t<meta property=\"og:image:type\" content=\"image\/jpeg\" \/>\n<meta name=\"twitter:card\" content=\"summary_large_image\" \/>\n<script type=\"application\/ld+json\" class=\"yoast-schema-graph\">{\"@context\":\"https:\/\/schema.org\",\"@graph\":[{\"@type\":\"WebPage\",\"@id\":\"https:\/\/vinilozona.lt\/en\/parduotuve\/classic\/academy-of-st-martin-in-the-fields-neville-marriner-%e2%80%8e-einekleinenachtmusik-music-of-mozart-gluck-hayden-schubert-handel-j-s-bach\/\",\"url\":\"https:\/\/vinilozona.lt\/en\/parduotuve\/classic\/academy-of-st-martin-in-the-fields-neville-marriner-%e2%80%8e-einekleinenachtmusik-music-of-mozart-gluck-hayden-schubert-handel-j-s-bach\/\",\"name\":\"Franz Schubert \/ Peter Schreier, G\u00fcnther Leib \u2013 Lieder Nach Rellstab Und Ernst Schulze Vinilin\u0117 Plok\u0161tel\u0117 | Vinilozona.lt\",\"isPartOf\":{\"@id\":\"https:\/\/vinilozona.lt\/#website\"},\"primaryImageOfPage\":{\"@id\":\"https:\/\/vinilozona.lt\/en\/parduotuve\/classic\/academy-of-st-martin-in-the-fields-neville-marriner-%e2%80%8e-einekleinenachtmusik-music-of-mozart-gluck-hayden-schubert-handel-j-s-bach\/#primaryimage\"},\"image\":{\"@id\":\"https:\/\/vinilozona.lt\/en\/parduotuve\/classic\/academy-of-st-martin-in-the-fields-neville-marriner-%e2%80%8e-einekleinenachtmusik-music-of-mozart-gluck-hayden-schubert-handel-j-s-bach\/#primaryimage\"},\"thumbnailUrl\":\"https:\/\/vinilozona.lt\/wp-content\/uploads\/2023\/02\/R-16344246-1607634355-4643.jpg\",\"datePublished\":\"2023-02-26T04:00:42+00:00\",\"dateModified\":\"2024-03-14T09:50:01+00:00\",\"breadcrumb\":{\"@id\":\"https:\/\/vinilozona.lt\/en\/parduotuve\/classic\/academy-of-st-martin-in-the-fields-neville-marriner-%e2%80%8e-einekleinenachtmusik-music-of-mozart-gluck-hayden-schubert-handel-j-s-bach\/#breadcrumb\"},\"inLanguage\":\"en-GB\",\"potentialAction\":[{\"@type\":\"ReadAction\",\"target\":[\"https:\/\/vinilozona.lt\/en\/parduotuve\/classic\/academy-of-st-martin-in-the-fields-neville-marriner-%e2%80%8e-einekleinenachtmusik-music-of-mozart-gluck-hayden-schubert-handel-j-s-bach\/\"]}]},{\"@type\":\"ImageObject\",\"inLanguage\":\"en-GB\",\"@id\":\"https:\/\/vinilozona.lt\/en\/parduotuve\/classic\/academy-of-st-martin-in-the-fields-neville-marriner-%e2%80%8e-einekleinenachtmusik-music-of-mozart-gluck-hayden-schubert-handel-j-s-bach\/#primaryimage\",\"url\":\"https:\/\/vinilozona.lt\/wp-content\/uploads\/2023\/02\/R-16344246-1607634355-4643.jpg\",\"contentUrl\":\"https:\/\/vinilozona.lt\/wp-content\/uploads\/2023\/02\/R-16344246-1607634355-4643.jpg\",\"width\":596,\"height\":600},{\"@type\":\"BreadcrumbList\",\"@id\":\"https:\/\/vinilozona.lt\/en\/parduotuve\/classic\/academy-of-st-martin-in-the-fields-neville-marriner-%e2%80%8e-einekleinenachtmusik-music-of-mozart-gluck-hayden-schubert-handel-j-s-bach\/#breadcrumb\",\"itemListElement\":[{\"@type\":\"ListItem\",\"position\":1,\"name\":\"Home\",\"item\":\"https:\/\/vinilozona.lt\/\"},{\"@type\":\"ListItem\",\"position\":2,\"name\":\"Parduotuv\u0117\",\"item\":\"https:\/\/vinilozona.lt\/parduotuve\/\"},{\"@type\":\"ListItem\",\"position\":3,\"name\":\"Franz Schubert \/ Peter Schreier, G\u00fcnther Leib \u2013 Lieder Nach Rellstab Und Ernst Schulze\"}]},{\"@type\":\"WebSite\",\"@id\":\"https:\/\/vinilozona.lt\/#website\",\"url\":\"https:\/\/vinilozona.lt\/\",\"name\":\"Vinilo Zona\",\"description\":\"Nup\u016bsk dulkes ir klausyk LP\",\"potentialAction\":[{\"@type\":\"SearchAction\",\"target\":{\"@type\":\"EntryPoint\",\"urlTemplate\":\"https:\/\/vinilozona.lt\/?s={search_term_string}\"},\"query-input\":{\"@type\":\"PropertyValueSpecification\",\"valueRequired\":true,\"valueName\":\"search_term_string\"}}],\"inLanguage\":\"en-GB\"}]}<\/script>\n<!-- \/ Yoast SEO plugin. -->","yoast_head_json":{"title":"Franz Schubert \/ Peter Schreier, G\u00fcnther Leib \u2013 Lieder Nach Rellstab Und Ernst Schulze Vinilin\u0117 Plok\u0161tel\u0117 | Vinilozona.lt","robots":{"index":"index","follow":"follow","max-snippet":"max-snippet:-1","max-image-preview":"max-image-preview:large","max-video-preview":"max-video-preview:-1"},"canonical":"https:\/\/vinilozona.lt\/en\/parduotuve\/classic\/academy-of-st-martin-in-the-fields-neville-marriner-\u200e-einekleinenachtmusik-music-of-mozart-gluck-hayden-schubert-handel-j-s-bach\/","og_locale":"en_GB","og_type":"article","og_title":"Franz Schubert \/ Peter Schreier, G\u00fcnther Leib \u2013 Lieder Nach Rellstab Und Ernst Schulze Vinilin\u0117 Plok\u0161tel\u0117 | Vinilozona.lt","og_description":"ETERNA \u2013 8 27 227 Series: ETERNA Edition Format:  Vinyl, LP, Stereo, Russian Labels Country: German Democratic Republic (GDR) Released: 1979","og_url":"https:\/\/vinilozona.lt\/en\/parduotuve\/classic\/academy-of-st-martin-in-the-fields-neville-marriner-\u200e-einekleinenachtmusik-music-of-mozart-gluck-hayden-schubert-handel-j-s-bach\/","og_site_name":"Vinilo Zona","article_modified_time":"2024-03-14T09:50:01+00:00","og_image":[{"width":596,"height":600,"url":"https:\/\/vinilozona.lt\/wp-content\/uploads\/2023\/02\/R-16344246-1607634355-4643.jpg","type":"image\/jpeg"}],"twitter_card":"summary_large_image","schema":{"@context":"https:\/\/schema.org","@graph":[{"@type":"WebPage","@id":"https:\/\/vinilozona.lt\/en\/parduotuve\/classic\/academy-of-st-martin-in-the-fields-neville-marriner-%e2%80%8e-einekleinenachtmusik-music-of-mozart-gluck-hayden-schubert-handel-j-s-bach\/","url":"https:\/\/vinilozona.lt\/en\/parduotuve\/classic\/academy-of-st-martin-in-the-fields-neville-marriner-%e2%80%8e-einekleinenachtmusik-music-of-mozart-gluck-hayden-schubert-handel-j-s-bach\/","name":"Franz Schubert \/ Peter Schreier, G\u00fcnther Leib \u2013 Lieder Nach Rellstab Und Ernst Schulze Vinilin\u0117 Plok\u0161tel\u0117 | Vinilozona.lt","isPartOf":{"@id":"https:\/\/vinilozona.lt\/#website"},"primaryImageOfPage":{"@id":"https:\/\/vinilozona.lt\/en\/parduotuve\/classic\/academy-of-st-martin-in-the-fields-neville-marriner-%e2%80%8e-einekleinenachtmusik-music-of-mozart-gluck-hayden-schubert-handel-j-s-bach\/#primaryimage"},"image":{"@id":"https:\/\/vinilozona.lt\/en\/parduotuve\/classic\/academy-of-st-martin-in-the-fields-neville-marriner-%e2%80%8e-einekleinenachtmusik-music-of-mozart-gluck-hayden-schubert-handel-j-s-bach\/#primaryimage"},"thumbnailUrl":"https:\/\/vinilozona.lt\/wp-content\/uploads\/2023\/02\/R-16344246-1607634355-4643.jpg","datePublished":"2023-02-26T04:00:42+00:00","dateModified":"2024-03-14T09:50:01+00:00","breadcrumb":{"@id":"https:\/\/vinilozona.lt\/en\/parduotuve\/classic\/academy-of-st-martin-in-the-fields-neville-marriner-%e2%80%8e-einekleinenachtmusik-music-of-mozart-gluck-hayden-schubert-handel-j-s-bach\/#breadcrumb"},"inLanguage":"en-GB","potentialAction":[{"@type":"ReadAction","target":["https:\/\/vinilozona.lt\/en\/parduotuve\/classic\/academy-of-st-martin-in-the-fields-neville-marriner-%e2%80%8e-einekleinenachtmusik-music-of-mozart-gluck-hayden-schubert-handel-j-s-bach\/"]}]},{"@type":"ImageObject","inLanguage":"en-GB","@id":"https:\/\/vinilozona.lt\/en\/parduotuve\/classic\/academy-of-st-martin-in-the-fields-neville-marriner-%e2%80%8e-einekleinenachtmusik-music-of-mozart-gluck-hayden-schubert-handel-j-s-bach\/#primaryimage","url":"https:\/\/vinilozona.lt\/wp-content\/uploads\/2023\/02\/R-16344246-1607634355-4643.jpg","contentUrl":"https:\/\/vinilozona.lt\/wp-content\/uploads\/2023\/02\/R-16344246-1607634355-4643.jpg","width":596,"height":600},{"@type":"BreadcrumbList","@id":"https:\/\/vinilozona.lt\/en\/parduotuve\/classic\/academy-of-st-martin-in-the-fields-neville-marriner-%e2%80%8e-einekleinenachtmusik-music-of-mozart-gluck-hayden-schubert-handel-j-s-bach\/#breadcrumb","itemListElement":[{"@type":"ListItem","position":1,"name":"Home","item":"https:\/\/vinilozona.lt\/"},{"@type":"ListItem","position":2,"name":"Parduotuv\u0117","item":"https:\/\/vinilozona.lt\/parduotuve\/"},{"@type":"ListItem","position":3,"name":"Franz Schubert \/ Peter Schreier, G\u00fcnther Leib \u2013 Lieder Nach Rellstab Und Ernst Schulze"}]},{"@type":"WebSite","@id":"https:\/\/vinilozona.lt\/#website","url":"https:\/\/vinilozona.lt\/","name":"Vinilo Zona","description":"Nup\u016bsk dulkes ir klausyk LP","potentialAction":[{"@type":"SearchAction","target":{"@type":"EntryPoint","urlTemplate":"https:\/\/vinilozona.lt\/?s={search_term_string}"},"query-input":{"@type":"PropertyValueSpecification","valueRequired":true,"valueName":"search_term_string"}}],"inLanguage":"en-GB"}]}},"_links":{"self":[{"href":"https:\/\/vinilozona.lt\/en\/wp-json\/wp\/v2\/product\/3079"}],"collection":[{"href":"https:\/\/vinilozona.lt\/en\/wp-json\/wp\/v2\/product"}],"about":[{"href":"https:\/\/vinilozona.lt\/en\/wp-json\/wp\/v2\/types\/product"}],"wp:featuredmedia":[{"embeddable":true,"href":"https:\/\/vinilozona.lt\/en\/wp-json\/wp\/v2\/media\/24466"}],"wp:attachment":[{"href":"https:\/\/vinilozona.lt\/en\/wp-json\/wp\/v2\/media?parent=3079"}],"wp:term":[{"taxonomy":"product_cat","embeddable":true,"href":"https:\/\/vinilozona.lt\/en\/wp-json\/wp\/v2\/product_cat?post=3079"},{"taxonomy":"product_tag","embeddable":true,"href":"https:\/\/vinilozona.lt\/en\/wp-json\/wp\/v2\/product_tag?post=3079"}],"curies":[{"name":"wp","href":"https:\/\/api.w.org\/{rel}","templated":true}]}}