{"id":30718,"date":"2026-04-01T05:05:40","date_gmt":"2026-04-01T02:05:40","guid":{"rendered":"https:\/\/vinilozona.lt\/?post_type=product&#038;p=30718"},"modified":"2026-04-01T18:09:51","modified_gmt":"2026-04-01T15:09:51","slug":"molly-hatchet-flirtin-with-disaster","status":"publish","type":"product","link":"https:\/\/vinilozona.lt\/en\/parduotuve\/rock-pop\/molly-hatchet-flirtin-with-disaster\/","title":{"rendered":"Molly Hatchet \u2013 Flirtin&#8217; With Disaster"},"content":{"rendered":"<p>Whiskey Man\t3:38<br \/>\nIt&#8217;s All Over Now\t3:40<br \/>\nOne Man&#8217;s Pleasure\t3:25<br \/>\nJukin&#8217; City\t3:49<br \/>\nBoogie No More\t6:05<br \/>\nFlirtin&#8217; With Disaster\t4:56<br \/>\nGood Rockin&#8217;\t3:16<br \/>\nGunsmoke\t3:10<br \/>\nLong Time\t3:16<br \/>\nLet The Good Times Roll\t2:56<\/p>","protected":false},"excerpt":{"rendered":"<p>Epic \u2013 EPC 83791<br \/>\nFormat:<br \/>\nVinyl, LP, Album, Reissue<br \/>\nCountry:<br \/>\nEurope<br \/>\nReleased: 1979<\/p>","protected":false},"featured_media":30719,"template":"","meta":[],"product_cat":[15],"product_tag":[44],"yoast_head":"<!-- This site is optimized with the Yoast SEO plugin v23.5 - https:\/\/yoast.com\/wordpress\/plugins\/seo\/ -->\n<title>Molly Hatchet \u2013 Flirtin&#039; With Disaster Vinilin\u0117 Plok\u0161tel\u0117 | Vinilozona.lt<\/title>\n<meta name=\"robots\" content=\"index, follow, max-snippet:-1, max-image-preview:large, max-video-preview:-1\" \/>\n<link rel=\"canonical\" href=\"https:\/\/vinilozona.lt\/en\/parduotuve\/rock-pop\/molly-hatchet-flirtin-with-disaster\/\" \/>\n<meta property=\"og:locale\" content=\"en_GB\" \/>\n<meta property=\"og:type\" content=\"article\" \/>\n<meta property=\"og:title\" content=\"Molly Hatchet \u2013 Flirtin&#039; With Disaster Vinilin\u0117 Plok\u0161tel\u0117 | Vinilozona.lt\" \/>\n<meta property=\"og:description\" content=\"Epic \u2013 EPC 83791 Format: Vinyl, LP, Album, Reissue Country: Europe Released: 1979\" \/>\n<meta property=\"og:url\" content=\"https:\/\/vinilozona.lt\/en\/parduotuve\/rock-pop\/molly-hatchet-flirtin-with-disaster\/\" \/>\n<meta property=\"og:site_name\" content=\"Vinilo Zona\" \/>\n<meta property=\"article:modified_time\" content=\"2026-04-01T15:09:51+00:00\" \/>\n<meta property=\"og:image\" content=\"https:\/\/vinilozona.lt\/wp-content\/uploads\/2026\/04\/R-9534388-1482310293-5012.jpg\" \/>\n\t<meta property=\"og:image:width\" content=\"597\" \/>\n\t<meta property=\"og:image:height\" content=\"600\" \/>\n\t<meta property=\"og:image:type\" content=\"image\/jpeg\" \/>\n<meta name=\"twitter:card\" content=\"summary_large_image\" \/>\n<meta name=\"twitter:label1\" content=\"Estimated reading time\" \/>\n\t<meta name=\"twitter:data1\" content=\"1 minute\" \/>\n<script type=\"application\/ld+json\" class=\"yoast-schema-graph\">{\"@context\":\"https:\/\/schema.org\",\"@graph\":[{\"@type\":\"WebPage\",\"@id\":\"https:\/\/vinilozona.lt\/parduotuve\/rock-pop\/molly-hatchet-flirtin-with-disaster\/\",\"url\":\"https:\/\/vinilozona.lt\/parduotuve\/rock-pop\/molly-hatchet-flirtin-with-disaster\/\",\"name\":\"Molly Hatchet \u2013 Flirtin' With Disaster Vinilin\u0117 Plok\u0161tel\u0117 | Vinilozona.lt\",\"isPartOf\":{\"@id\":\"https:\/\/vinilozona.lt\/#website\"},\"primaryImageOfPage\":{\"@id\":\"https:\/\/vinilozona.lt\/parduotuve\/rock-pop\/molly-hatchet-flirtin-with-disaster\/#primaryimage\"},\"image\":{\"@id\":\"https:\/\/vinilozona.lt\/parduotuve\/rock-pop\/molly-hatchet-flirtin-with-disaster\/#primaryimage\"},\"thumbnailUrl\":\"https:\/\/vinilozona.lt\/wp-content\/uploads\/2026\/04\/R-9534388-1482310293-5012.jpg\",\"datePublished\":\"2026-04-01T02:05:40+00:00\",\"dateModified\":\"2026-04-01T15:09:51+00:00\",\"breadcrumb\":{\"@id\":\"https:\/\/vinilozona.lt\/parduotuve\/rock-pop\/molly-hatchet-flirtin-with-disaster\/#breadcrumb\"},\"inLanguage\":\"en-GB\",\"potentialAction\":[{\"@type\":\"ReadAction\",\"target\":[\"https:\/\/vinilozona.lt\/parduotuve\/rock-pop\/molly-hatchet-flirtin-with-disaster\/\"]}]},{\"@type\":\"ImageObject\",\"inLanguage\":\"en-GB\",\"@id\":\"https:\/\/vinilozona.lt\/parduotuve\/rock-pop\/molly-hatchet-flirtin-with-disaster\/#primaryimage\",\"url\":\"https:\/\/vinilozona.lt\/wp-content\/uploads\/2026\/04\/R-9534388-1482310293-5012.jpg\",\"contentUrl\":\"https:\/\/vinilozona.lt\/wp-content\/uploads\/2026\/04\/R-9534388-1482310293-5012.jpg\",\"width\":597,\"height\":600},{\"@type\":\"BreadcrumbList\",\"@id\":\"https:\/\/vinilozona.lt\/parduotuve\/rock-pop\/molly-hatchet-flirtin-with-disaster\/#breadcrumb\",\"itemListElement\":[{\"@type\":\"ListItem\",\"position\":1,\"name\":\"Home\",\"item\":\"https:\/\/vinilozona.lt\/\"},{\"@type\":\"ListItem\",\"position\":2,\"name\":\"Parduotuv\u0117\",\"item\":\"https:\/\/vinilozona.lt\/parduotuve\/\"},{\"@type\":\"ListItem\",\"position\":3,\"name\":\"Molly Hatchet \u2013 Flirtin&#8217; With Disaster\"}]},{\"@type\":\"WebSite\",\"@id\":\"https:\/\/vinilozona.lt\/#website\",\"url\":\"https:\/\/vinilozona.lt\/\",\"name\":\"Vinilo Zona\",\"description\":\"Nup\u016bsk dulkes ir klausyk LP\",\"potentialAction\":[{\"@type\":\"SearchAction\",\"target\":{\"@type\":\"EntryPoint\",\"urlTemplate\":\"https:\/\/vinilozona.lt\/?s={search_term_string}\"},\"query-input\":{\"@type\":\"PropertyValueSpecification\",\"valueRequired\":true,\"valueName\":\"search_term_string\"}}],\"inLanguage\":\"en-GB\"}]}<\/script>\n<!-- \/ Yoast SEO plugin. -->","yoast_head_json":{"title":"Molly Hatchet \u2013 Flirtin' With Disaster Vinilin\u0117 Plok\u0161tel\u0117 | Vinilozona.lt","robots":{"index":"index","follow":"follow","max-snippet":"max-snippet:-1","max-image-preview":"max-image-preview:large","max-video-preview":"max-video-preview:-1"},"canonical":"https:\/\/vinilozona.lt\/en\/parduotuve\/rock-pop\/molly-hatchet-flirtin-with-disaster\/","og_locale":"en_GB","og_type":"article","og_title":"Molly Hatchet \u2013 Flirtin' With Disaster Vinilin\u0117 Plok\u0161tel\u0117 | Vinilozona.lt","og_description":"Epic \u2013 EPC 83791 Format: Vinyl, LP, Album, Reissue Country: Europe Released: 1979","og_url":"https:\/\/vinilozona.lt\/en\/parduotuve\/rock-pop\/molly-hatchet-flirtin-with-disaster\/","og_site_name":"Vinilo Zona","article_modified_time":"2026-04-01T15:09:51+00:00","og_image":[{"width":597,"height":600,"url":"https:\/\/vinilozona.lt\/wp-content\/uploads\/2026\/04\/R-9534388-1482310293-5012.jpg","type":"image\/jpeg"}],"twitter_card":"summary_large_image","twitter_misc":{"Estimated reading time":"1 minute"},"schema":{"@context":"https:\/\/schema.org","@graph":[{"@type":"WebPage","@id":"https:\/\/vinilozona.lt\/parduotuve\/rock-pop\/molly-hatchet-flirtin-with-disaster\/","url":"https:\/\/vinilozona.lt\/parduotuve\/rock-pop\/molly-hatchet-flirtin-with-disaster\/","name":"Molly Hatchet \u2013 Flirtin' With Disaster Vinilin\u0117 Plok\u0161tel\u0117 | Vinilozona.lt","isPartOf":{"@id":"https:\/\/vinilozona.lt\/#website"},"primaryImageOfPage":{"@id":"https:\/\/vinilozona.lt\/parduotuve\/rock-pop\/molly-hatchet-flirtin-with-disaster\/#primaryimage"},"image":{"@id":"https:\/\/vinilozona.lt\/parduotuve\/rock-pop\/molly-hatchet-flirtin-with-disaster\/#primaryimage"},"thumbnailUrl":"https:\/\/vinilozona.lt\/wp-content\/uploads\/2026\/04\/R-9534388-1482310293-5012.jpg","datePublished":"2026-04-01T02:05:40+00:00","dateModified":"2026-04-01T15:09:51+00:00","breadcrumb":{"@id":"https:\/\/vinilozona.lt\/parduotuve\/rock-pop\/molly-hatchet-flirtin-with-disaster\/#breadcrumb"},"inLanguage":"en-GB","potentialAction":[{"@type":"ReadAction","target":["https:\/\/vinilozona.lt\/parduotuve\/rock-pop\/molly-hatchet-flirtin-with-disaster\/"]}]},{"@type":"ImageObject","inLanguage":"en-GB","@id":"https:\/\/vinilozona.lt\/parduotuve\/rock-pop\/molly-hatchet-flirtin-with-disaster\/#primaryimage","url":"https:\/\/vinilozona.lt\/wp-content\/uploads\/2026\/04\/R-9534388-1482310293-5012.jpg","contentUrl":"https:\/\/vinilozona.lt\/wp-content\/uploads\/2026\/04\/R-9534388-1482310293-5012.jpg","width":597,"height":600},{"@type":"BreadcrumbList","@id":"https:\/\/vinilozona.lt\/parduotuve\/rock-pop\/molly-hatchet-flirtin-with-disaster\/#breadcrumb","itemListElement":[{"@type":"ListItem","position":1,"name":"Home","item":"https:\/\/vinilozona.lt\/"},{"@type":"ListItem","position":2,"name":"Parduotuv\u0117","item":"https:\/\/vinilozona.lt\/parduotuve\/"},{"@type":"ListItem","position":3,"name":"Molly Hatchet \u2013 Flirtin&#8217; With Disaster"}]},{"@type":"WebSite","@id":"https:\/\/vinilozona.lt\/#website","url":"https:\/\/vinilozona.lt\/","name":"Vinilo Zona","description":"Nup\u016bsk dulkes ir klausyk LP","potentialAction":[{"@type":"SearchAction","target":{"@type":"EntryPoint","urlTemplate":"https:\/\/vinilozona.lt\/?s={search_term_string}"},"query-input":{"@type":"PropertyValueSpecification","valueRequired":true,"valueName":"search_term_string"}}],"inLanguage":"en-GB"}]}},"_links":{"self":[{"href":"https:\/\/vinilozona.lt\/en\/wp-json\/wp\/v2\/product\/30718"}],"collection":[{"href":"https:\/\/vinilozona.lt\/en\/wp-json\/wp\/v2\/product"}],"about":[{"href":"https:\/\/vinilozona.lt\/en\/wp-json\/wp\/v2\/types\/product"}],"wp:featuredmedia":[{"embeddable":true,"href":"https:\/\/vinilozona.lt\/en\/wp-json\/wp\/v2\/media\/30719"}],"wp:attachment":[{"href":"https:\/\/vinilozona.lt\/en\/wp-json\/wp\/v2\/media?parent=30718"}],"wp:term":[{"taxonomy":"product_cat","embeddable":true,"href":"https:\/\/vinilozona.lt\/en\/wp-json\/wp\/v2\/product_cat?post=30718"},{"taxonomy":"product_tag","embeddable":true,"href":"https:\/\/vinilozona.lt\/en\/wp-json\/wp\/v2\/product_tag?post=30718"}],"curies":[{"name":"wp","href":"https:\/\/api.w.org\/{rel}","templated":true}]}}