{"id":30668,"date":"2026-03-15T05:03:04","date_gmt":"2026-03-15T03:03:04","guid":{"rendered":"https:\/\/vinilozona.lt\/?post_type=product&#038;p=30668"},"modified":"2026-03-18T18:04:20","modified_gmt":"2026-03-18T16:04:20","slug":"dave-brubeck-two-generations-of-brubeck","status":"publish","type":"product","link":"https:\/\/vinilozona.lt\/en\/parduotuve\/jazz\/dave-brubeck-two-generations-of-brubeck\/","title":{"rendered":"Dave Brubeck \u2013 Two Generations Of Brubeck"},"content":{"rendered":"<p>A1\t\tCircadian Dysrhythmia\t3:20<br \/>\nA2\t\tThree To Get Ready\t4:16<br \/>\nA3\t\tBlue Rondo A La Turk\t7:55<br \/>\nA4\t\tUnsquare Dance\t2:43<br \/>\nA5\t\tThe Holy One\t3:37<br \/>\nB1\t\tCall Of The Wild  2:56<br \/>\nB2\t\tKnives\t4:19<br \/>\nB3\t\tTin Sink  8:31<br \/>\nB4\t\tThank You (Dziekuje)\t5:30<\/p>","protected":false},"excerpt":{"rendered":"<p>Atlantic \u2013 ATL 40537, Atlantic \u2013 ATL 40 537, Stern Musik \u2013 ATL 40537<br \/>\nFormat:<br \/>\nVinyl, LP, Album, Stereo<br \/>\nCountry: Germany<br \/>\nReleased: 1973<br \/>\nGenre: Jazz<\/p>","protected":false},"featured_media":30669,"template":"","meta":[],"product_cat":[20],"product_tag":[44],"yoast_head":"<!-- This site is optimized with the Yoast SEO plugin v23.5 - https:\/\/yoast.com\/wordpress\/plugins\/seo\/ -->\n<title>Dave Brubeck \u2013 Two Generations Of Brubeck Vinilin\u0117 Plok\u0161tel\u0117 | Vinilozona.lt<\/title>\n<meta name=\"robots\" content=\"index, follow, max-snippet:-1, max-image-preview:large, max-video-preview:-1\" \/>\n<link rel=\"canonical\" href=\"https:\/\/vinilozona.lt\/en\/parduotuve\/jazz\/dave-brubeck-two-generations-of-brubeck\/\" \/>\n<meta property=\"og:locale\" content=\"en_GB\" \/>\n<meta property=\"og:type\" content=\"article\" \/>\n<meta property=\"og:title\" content=\"Dave Brubeck \u2013 Two Generations Of Brubeck Vinilin\u0117 Plok\u0161tel\u0117 | Vinilozona.lt\" \/>\n<meta property=\"og:description\" content=\"Atlantic \u2013 ATL 40537, Atlantic \u2013 ATL 40 537, Stern Musik \u2013 ATL 40537 Format: Vinyl, LP, Album, Stereo Country: Germany Released: 1973 Genre: Jazz\" \/>\n<meta property=\"og:url\" content=\"https:\/\/vinilozona.lt\/en\/parduotuve\/jazz\/dave-brubeck-two-generations-of-brubeck\/\" \/>\n<meta property=\"og:site_name\" content=\"Vinilo Zona\" \/>\n<meta property=\"article:modified_time\" content=\"2026-03-18T16:04:20+00:00\" \/>\n<meta property=\"og:image\" content=\"https:\/\/vinilozona.lt\/wp-content\/uploads\/2026\/03\/R-5477636-1394378133-5770.jpg\" \/>\n\t<meta property=\"og:image:width\" content=\"600\" \/>\n\t<meta property=\"og:image:height\" content=\"600\" \/>\n\t<meta property=\"og:image:type\" content=\"image\/jpeg\" \/>\n<meta name=\"twitter:card\" content=\"summary_large_image\" \/>\n<meta name=\"twitter:label1\" content=\"Estimated reading time\" \/>\n\t<meta name=\"twitter:data1\" content=\"1 minute\" \/>\n<script type=\"application\/ld+json\" class=\"yoast-schema-graph\">{\"@context\":\"https:\/\/schema.org\",\"@graph\":[{\"@type\":\"WebPage\",\"@id\":\"https:\/\/vinilozona.lt\/parduotuve\/jazz\/dave-brubeck-two-generations-of-brubeck\/\",\"url\":\"https:\/\/vinilozona.lt\/parduotuve\/jazz\/dave-brubeck-two-generations-of-brubeck\/\",\"name\":\"Dave Brubeck \u2013 Two Generations Of Brubeck Vinilin\u0117 Plok\u0161tel\u0117 | Vinilozona.lt\",\"isPartOf\":{\"@id\":\"https:\/\/vinilozona.lt\/#website\"},\"primaryImageOfPage\":{\"@id\":\"https:\/\/vinilozona.lt\/parduotuve\/jazz\/dave-brubeck-two-generations-of-brubeck\/#primaryimage\"},\"image\":{\"@id\":\"https:\/\/vinilozona.lt\/parduotuve\/jazz\/dave-brubeck-two-generations-of-brubeck\/#primaryimage\"},\"thumbnailUrl\":\"https:\/\/vinilozona.lt\/wp-content\/uploads\/2026\/03\/R-5477636-1394378133-5770.jpg\",\"datePublished\":\"2026-03-15T03:03:04+00:00\",\"dateModified\":\"2026-03-18T16:04:20+00:00\",\"breadcrumb\":{\"@id\":\"https:\/\/vinilozona.lt\/parduotuve\/jazz\/dave-brubeck-two-generations-of-brubeck\/#breadcrumb\"},\"inLanguage\":\"en-GB\",\"potentialAction\":[{\"@type\":\"ReadAction\",\"target\":[\"https:\/\/vinilozona.lt\/parduotuve\/jazz\/dave-brubeck-two-generations-of-brubeck\/\"]}]},{\"@type\":\"ImageObject\",\"inLanguage\":\"en-GB\",\"@id\":\"https:\/\/vinilozona.lt\/parduotuve\/jazz\/dave-brubeck-two-generations-of-brubeck\/#primaryimage\",\"url\":\"https:\/\/vinilozona.lt\/wp-content\/uploads\/2026\/03\/R-5477636-1394378133-5770.jpg\",\"contentUrl\":\"https:\/\/vinilozona.lt\/wp-content\/uploads\/2026\/03\/R-5477636-1394378133-5770.jpg\",\"width\":600,\"height\":600},{\"@type\":\"BreadcrumbList\",\"@id\":\"https:\/\/vinilozona.lt\/parduotuve\/jazz\/dave-brubeck-two-generations-of-brubeck\/#breadcrumb\",\"itemListElement\":[{\"@type\":\"ListItem\",\"position\":1,\"name\":\"Home\",\"item\":\"https:\/\/vinilozona.lt\/\"},{\"@type\":\"ListItem\",\"position\":2,\"name\":\"Parduotuv\u0117\",\"item\":\"https:\/\/vinilozona.lt\/parduotuve\/\"},{\"@type\":\"ListItem\",\"position\":3,\"name\":\"Dave Brubeck \u2013 Two Generations Of Brubeck\"}]},{\"@type\":\"WebSite\",\"@id\":\"https:\/\/vinilozona.lt\/#website\",\"url\":\"https:\/\/vinilozona.lt\/\",\"name\":\"Vinilo Zona\",\"description\":\"Nup\u016bsk dulkes ir klausyk LP\",\"potentialAction\":[{\"@type\":\"SearchAction\",\"target\":{\"@type\":\"EntryPoint\",\"urlTemplate\":\"https:\/\/vinilozona.lt\/?s={search_term_string}\"},\"query-input\":{\"@type\":\"PropertyValueSpecification\",\"valueRequired\":true,\"valueName\":\"search_term_string\"}}],\"inLanguage\":\"en-GB\"}]}<\/script>\n<!-- \/ Yoast SEO plugin. -->","yoast_head_json":{"title":"Dave Brubeck \u2013 Two Generations Of Brubeck Vinilin\u0117 Plok\u0161tel\u0117 | Vinilozona.lt","robots":{"index":"index","follow":"follow","max-snippet":"max-snippet:-1","max-image-preview":"max-image-preview:large","max-video-preview":"max-video-preview:-1"},"canonical":"https:\/\/vinilozona.lt\/en\/parduotuve\/jazz\/dave-brubeck-two-generations-of-brubeck\/","og_locale":"en_GB","og_type":"article","og_title":"Dave Brubeck \u2013 Two Generations Of Brubeck Vinilin\u0117 Plok\u0161tel\u0117 | Vinilozona.lt","og_description":"Atlantic \u2013 ATL 40537, Atlantic \u2013 ATL 40 537, Stern Musik \u2013 ATL 40537 Format: Vinyl, LP, Album, Stereo Country: Germany Released: 1973 Genre: Jazz","og_url":"https:\/\/vinilozona.lt\/en\/parduotuve\/jazz\/dave-brubeck-two-generations-of-brubeck\/","og_site_name":"Vinilo Zona","article_modified_time":"2026-03-18T16:04:20+00:00","og_image":[{"width":600,"height":600,"url":"https:\/\/vinilozona.lt\/wp-content\/uploads\/2026\/03\/R-5477636-1394378133-5770.jpg","type":"image\/jpeg"}],"twitter_card":"summary_large_image","twitter_misc":{"Estimated reading time":"1 minute"},"schema":{"@context":"https:\/\/schema.org","@graph":[{"@type":"WebPage","@id":"https:\/\/vinilozona.lt\/parduotuve\/jazz\/dave-brubeck-two-generations-of-brubeck\/","url":"https:\/\/vinilozona.lt\/parduotuve\/jazz\/dave-brubeck-two-generations-of-brubeck\/","name":"Dave Brubeck \u2013 Two Generations Of Brubeck Vinilin\u0117 Plok\u0161tel\u0117 | Vinilozona.lt","isPartOf":{"@id":"https:\/\/vinilozona.lt\/#website"},"primaryImageOfPage":{"@id":"https:\/\/vinilozona.lt\/parduotuve\/jazz\/dave-brubeck-two-generations-of-brubeck\/#primaryimage"},"image":{"@id":"https:\/\/vinilozona.lt\/parduotuve\/jazz\/dave-brubeck-two-generations-of-brubeck\/#primaryimage"},"thumbnailUrl":"https:\/\/vinilozona.lt\/wp-content\/uploads\/2026\/03\/R-5477636-1394378133-5770.jpg","datePublished":"2026-03-15T03:03:04+00:00","dateModified":"2026-03-18T16:04:20+00:00","breadcrumb":{"@id":"https:\/\/vinilozona.lt\/parduotuve\/jazz\/dave-brubeck-two-generations-of-brubeck\/#breadcrumb"},"inLanguage":"en-GB","potentialAction":[{"@type":"ReadAction","target":["https:\/\/vinilozona.lt\/parduotuve\/jazz\/dave-brubeck-two-generations-of-brubeck\/"]}]},{"@type":"ImageObject","inLanguage":"en-GB","@id":"https:\/\/vinilozona.lt\/parduotuve\/jazz\/dave-brubeck-two-generations-of-brubeck\/#primaryimage","url":"https:\/\/vinilozona.lt\/wp-content\/uploads\/2026\/03\/R-5477636-1394378133-5770.jpg","contentUrl":"https:\/\/vinilozona.lt\/wp-content\/uploads\/2026\/03\/R-5477636-1394378133-5770.jpg","width":600,"height":600},{"@type":"BreadcrumbList","@id":"https:\/\/vinilozona.lt\/parduotuve\/jazz\/dave-brubeck-two-generations-of-brubeck\/#breadcrumb","itemListElement":[{"@type":"ListItem","position":1,"name":"Home","item":"https:\/\/vinilozona.lt\/"},{"@type":"ListItem","position":2,"name":"Parduotuv\u0117","item":"https:\/\/vinilozona.lt\/parduotuve\/"},{"@type":"ListItem","position":3,"name":"Dave Brubeck \u2013 Two Generations Of Brubeck"}]},{"@type":"WebSite","@id":"https:\/\/vinilozona.lt\/#website","url":"https:\/\/vinilozona.lt\/","name":"Vinilo Zona","description":"Nup\u016bsk dulkes ir klausyk LP","potentialAction":[{"@type":"SearchAction","target":{"@type":"EntryPoint","urlTemplate":"https:\/\/vinilozona.lt\/?s={search_term_string}"},"query-input":{"@type":"PropertyValueSpecification","valueRequired":true,"valueName":"search_term_string"}}],"inLanguage":"en-GB"}]}},"_links":{"self":[{"href":"https:\/\/vinilozona.lt\/en\/wp-json\/wp\/v2\/product\/30668"}],"collection":[{"href":"https:\/\/vinilozona.lt\/en\/wp-json\/wp\/v2\/product"}],"about":[{"href":"https:\/\/vinilozona.lt\/en\/wp-json\/wp\/v2\/types\/product"}],"wp:featuredmedia":[{"embeddable":true,"href":"https:\/\/vinilozona.lt\/en\/wp-json\/wp\/v2\/media\/30669"}],"wp:attachment":[{"href":"https:\/\/vinilozona.lt\/en\/wp-json\/wp\/v2\/media?parent=30668"}],"wp:term":[{"taxonomy":"product_cat","embeddable":true,"href":"https:\/\/vinilozona.lt\/en\/wp-json\/wp\/v2\/product_cat?post=30668"},{"taxonomy":"product_tag","embeddable":true,"href":"https:\/\/vinilozona.lt\/en\/wp-json\/wp\/v2\/product_tag?post=30668"}],"curies":[{"name":"wp","href":"https:\/\/api.w.org\/{rel}","templated":true}]}}