{"id":30660,"date":"2026-03-14T05:08:00","date_gmt":"2026-03-14T03:08:00","guid":{"rendered":"https:\/\/vinilozona.lt\/?post_type=product&#038;p=30660"},"modified":"2026-03-14T07:13:35","modified_gmt":"2026-03-14T05:13:35","slug":"paul-kantner-grace-slick-david-freiberg-baron-von-tollbooth-the-chrome-nun","status":"publish","type":"product","link":"https:\/\/vinilozona.lt\/en\/parduotuve\/rock-pop\/paul-kantner-grace-slick-david-freiberg-baron-von-tollbooth-the-chrome-nun\/","title":{"rendered":"Paul Kantner, Grace Slick &#038; David Freiberg \u2013 Baron Von Tollbooth &#038; The Chrome Nun"},"content":{"rendered":"<p>Ballad Of The Chrome Nun\t3:59<br \/>\nFat\t3:13<br \/>\nFlowers Of The Night\t4:13<br \/>\nWalkin\t2:31<br \/>\nYour Mind Has Left Your Body\t5:45<br \/>\nAcross The Board\t4:34<br \/>\nHarp Tree Lament\t3:34<br \/>\nWhite Boy (Transcaucasian Airmachine Blues)\t4:13<br \/>\nFishman\t2:40<br \/>\nSketches Of China\t5:13<\/p>","protected":false},"excerpt":{"rendered":"<p>Grunt  \u2013 BFL1-0148<br \/>\nFormat:<br \/>\nVinyl, LP, Album, Stereo,<br \/>\nCountry:  US<br \/>\nReleased:  1973<br \/>\nGenre: Rock<br \/>\nStyle: Rock &#038; Roll, Psychedelic Rock<br \/>\nYRA VIDINIS VOKAS IR \u012eD\u0116KLAS<\/p>","protected":false},"featured_media":30661,"template":"","meta":[],"product_cat":[15],"product_tag":[44],"yoast_head":"<!-- This site is optimized with the Yoast SEO plugin v23.5 - https:\/\/yoast.com\/wordpress\/plugins\/seo\/ -->\n<title>Paul Kantner, Grace Slick &amp; David Freiberg \u2013 Baron Von Tollbooth &amp; The Chrome Nun Vinilin\u0117 Plok\u0161tel\u0117 | Vinilozona.lt<\/title>\n<meta name=\"robots\" content=\"index, follow, max-snippet:-1, max-image-preview:large, max-video-preview:-1\" \/>\n<link rel=\"canonical\" href=\"https:\/\/vinilozona.lt\/en\/parduotuve\/rock-pop\/paul-kantner-grace-slick-david-freiberg-baron-von-tollbooth-the-chrome-nun\/\" \/>\n<meta property=\"og:locale\" content=\"en_GB\" \/>\n<meta property=\"og:type\" content=\"article\" \/>\n<meta property=\"og:title\" content=\"Paul Kantner, Grace Slick &amp; David Freiberg \u2013 Baron Von Tollbooth &amp; The Chrome Nun Vinilin\u0117 Plok\u0161tel\u0117 | Vinilozona.lt\" \/>\n<meta property=\"og:description\" content=\"Grunt \u2013 BFL1-0148 Format: Vinyl, LP, Album, Stereo,  Country: US Released: 1973 Genre: Rock Style: Rock &amp; Roll, Psychedelic Rock YRA VIDINIS VOKAS IR \u012eD\u0116KLAS\" \/>\n<meta property=\"og:url\" content=\"https:\/\/vinilozona.lt\/en\/parduotuve\/rock-pop\/paul-kantner-grace-slick-david-freiberg-baron-von-tollbooth-the-chrome-nun\/\" \/>\n<meta property=\"og:site_name\" content=\"Vinilo Zona\" \/>\n<meta property=\"article:modified_time\" content=\"2026-03-14T05:13:35+00:00\" \/>\n<meta property=\"og:image\" content=\"https:\/\/vinilozona.lt\/wp-content\/uploads\/2026\/03\/R-2588911-1566559749-4167.jpg\" \/>\n\t<meta property=\"og:image:width\" content=\"600\" \/>\n\t<meta property=\"og:image:height\" content=\"597\" \/>\n\t<meta property=\"og:image:type\" content=\"image\/jpeg\" \/>\n<meta name=\"twitter:card\" content=\"summary_large_image\" \/>\n<meta name=\"twitter:label1\" content=\"Estimated reading time\" \/>\n\t<meta name=\"twitter:data1\" content=\"1 minute\" \/>\n<script type=\"application\/ld+json\" class=\"yoast-schema-graph\">{\"@context\":\"https:\/\/schema.org\",\"@graph\":[{\"@type\":\"WebPage\",\"@id\":\"https:\/\/vinilozona.lt\/parduotuve\/rock-pop\/paul-kantner-grace-slick-david-freiberg-baron-von-tollbooth-the-chrome-nun\/\",\"url\":\"https:\/\/vinilozona.lt\/parduotuve\/rock-pop\/paul-kantner-grace-slick-david-freiberg-baron-von-tollbooth-the-chrome-nun\/\",\"name\":\"Paul Kantner, Grace Slick & David Freiberg \u2013 Baron Von Tollbooth & The Chrome Nun Vinilin\u0117 Plok\u0161tel\u0117 | Vinilozona.lt\",\"isPartOf\":{\"@id\":\"https:\/\/vinilozona.lt\/#website\"},\"primaryImageOfPage\":{\"@id\":\"https:\/\/vinilozona.lt\/parduotuve\/rock-pop\/paul-kantner-grace-slick-david-freiberg-baron-von-tollbooth-the-chrome-nun\/#primaryimage\"},\"image\":{\"@id\":\"https:\/\/vinilozona.lt\/parduotuve\/rock-pop\/paul-kantner-grace-slick-david-freiberg-baron-von-tollbooth-the-chrome-nun\/#primaryimage\"},\"thumbnailUrl\":\"https:\/\/vinilozona.lt\/wp-content\/uploads\/2026\/03\/R-2588911-1566559749-4167.jpg\",\"datePublished\":\"2026-03-14T03:08:00+00:00\",\"dateModified\":\"2026-03-14T05:13:35+00:00\",\"breadcrumb\":{\"@id\":\"https:\/\/vinilozona.lt\/parduotuve\/rock-pop\/paul-kantner-grace-slick-david-freiberg-baron-von-tollbooth-the-chrome-nun\/#breadcrumb\"},\"inLanguage\":\"en-GB\",\"potentialAction\":[{\"@type\":\"ReadAction\",\"target\":[\"https:\/\/vinilozona.lt\/parduotuve\/rock-pop\/paul-kantner-grace-slick-david-freiberg-baron-von-tollbooth-the-chrome-nun\/\"]}]},{\"@type\":\"ImageObject\",\"inLanguage\":\"en-GB\",\"@id\":\"https:\/\/vinilozona.lt\/parduotuve\/rock-pop\/paul-kantner-grace-slick-david-freiberg-baron-von-tollbooth-the-chrome-nun\/#primaryimage\",\"url\":\"https:\/\/vinilozona.lt\/wp-content\/uploads\/2026\/03\/R-2588911-1566559749-4167.jpg\",\"contentUrl\":\"https:\/\/vinilozona.lt\/wp-content\/uploads\/2026\/03\/R-2588911-1566559749-4167.jpg\",\"width\":600,\"height\":597},{\"@type\":\"BreadcrumbList\",\"@id\":\"https:\/\/vinilozona.lt\/parduotuve\/rock-pop\/paul-kantner-grace-slick-david-freiberg-baron-von-tollbooth-the-chrome-nun\/#breadcrumb\",\"itemListElement\":[{\"@type\":\"ListItem\",\"position\":1,\"name\":\"Home\",\"item\":\"https:\/\/vinilozona.lt\/\"},{\"@type\":\"ListItem\",\"position\":2,\"name\":\"Parduotuv\u0117\",\"item\":\"https:\/\/vinilozona.lt\/parduotuve\/\"},{\"@type\":\"ListItem\",\"position\":3,\"name\":\"Paul Kantner, Grace Slick &#038; David Freiberg \u2013 Baron Von Tollbooth &#038; The Chrome Nun\"}]},{\"@type\":\"WebSite\",\"@id\":\"https:\/\/vinilozona.lt\/#website\",\"url\":\"https:\/\/vinilozona.lt\/\",\"name\":\"Vinilo Zona\",\"description\":\"Nup\u016bsk dulkes ir klausyk LP\",\"potentialAction\":[{\"@type\":\"SearchAction\",\"target\":{\"@type\":\"EntryPoint\",\"urlTemplate\":\"https:\/\/vinilozona.lt\/?s={search_term_string}\"},\"query-input\":{\"@type\":\"PropertyValueSpecification\",\"valueRequired\":true,\"valueName\":\"search_term_string\"}}],\"inLanguage\":\"en-GB\"}]}<\/script>\n<!-- \/ Yoast SEO plugin. -->","yoast_head_json":{"title":"Paul Kantner, Grace Slick & David Freiberg \u2013 Baron Von Tollbooth & The Chrome Nun Vinilin\u0117 Plok\u0161tel\u0117 | Vinilozona.lt","robots":{"index":"index","follow":"follow","max-snippet":"max-snippet:-1","max-image-preview":"max-image-preview:large","max-video-preview":"max-video-preview:-1"},"canonical":"https:\/\/vinilozona.lt\/en\/parduotuve\/rock-pop\/paul-kantner-grace-slick-david-freiberg-baron-von-tollbooth-the-chrome-nun\/","og_locale":"en_GB","og_type":"article","og_title":"Paul Kantner, Grace Slick & David Freiberg \u2013 Baron Von Tollbooth & The Chrome Nun Vinilin\u0117 Plok\u0161tel\u0117 | Vinilozona.lt","og_description":"Grunt \u2013 BFL1-0148 Format: Vinyl, LP, Album, Stereo,  Country: US Released: 1973 Genre: Rock Style: Rock & Roll, Psychedelic Rock YRA VIDINIS VOKAS IR \u012eD\u0116KLAS","og_url":"https:\/\/vinilozona.lt\/en\/parduotuve\/rock-pop\/paul-kantner-grace-slick-david-freiberg-baron-von-tollbooth-the-chrome-nun\/","og_site_name":"Vinilo Zona","article_modified_time":"2026-03-14T05:13:35+00:00","og_image":[{"width":600,"height":597,"url":"https:\/\/vinilozona.lt\/wp-content\/uploads\/2026\/03\/R-2588911-1566559749-4167.jpg","type":"image\/jpeg"}],"twitter_card":"summary_large_image","twitter_misc":{"Estimated reading time":"1 minute"},"schema":{"@context":"https:\/\/schema.org","@graph":[{"@type":"WebPage","@id":"https:\/\/vinilozona.lt\/parduotuve\/rock-pop\/paul-kantner-grace-slick-david-freiberg-baron-von-tollbooth-the-chrome-nun\/","url":"https:\/\/vinilozona.lt\/parduotuve\/rock-pop\/paul-kantner-grace-slick-david-freiberg-baron-von-tollbooth-the-chrome-nun\/","name":"Paul Kantner, Grace Slick & David Freiberg \u2013 Baron Von Tollbooth & The Chrome Nun Vinilin\u0117 Plok\u0161tel\u0117 | Vinilozona.lt","isPartOf":{"@id":"https:\/\/vinilozona.lt\/#website"},"primaryImageOfPage":{"@id":"https:\/\/vinilozona.lt\/parduotuve\/rock-pop\/paul-kantner-grace-slick-david-freiberg-baron-von-tollbooth-the-chrome-nun\/#primaryimage"},"image":{"@id":"https:\/\/vinilozona.lt\/parduotuve\/rock-pop\/paul-kantner-grace-slick-david-freiberg-baron-von-tollbooth-the-chrome-nun\/#primaryimage"},"thumbnailUrl":"https:\/\/vinilozona.lt\/wp-content\/uploads\/2026\/03\/R-2588911-1566559749-4167.jpg","datePublished":"2026-03-14T03:08:00+00:00","dateModified":"2026-03-14T05:13:35+00:00","breadcrumb":{"@id":"https:\/\/vinilozona.lt\/parduotuve\/rock-pop\/paul-kantner-grace-slick-david-freiberg-baron-von-tollbooth-the-chrome-nun\/#breadcrumb"},"inLanguage":"en-GB","potentialAction":[{"@type":"ReadAction","target":["https:\/\/vinilozona.lt\/parduotuve\/rock-pop\/paul-kantner-grace-slick-david-freiberg-baron-von-tollbooth-the-chrome-nun\/"]}]},{"@type":"ImageObject","inLanguage":"en-GB","@id":"https:\/\/vinilozona.lt\/parduotuve\/rock-pop\/paul-kantner-grace-slick-david-freiberg-baron-von-tollbooth-the-chrome-nun\/#primaryimage","url":"https:\/\/vinilozona.lt\/wp-content\/uploads\/2026\/03\/R-2588911-1566559749-4167.jpg","contentUrl":"https:\/\/vinilozona.lt\/wp-content\/uploads\/2026\/03\/R-2588911-1566559749-4167.jpg","width":600,"height":597},{"@type":"BreadcrumbList","@id":"https:\/\/vinilozona.lt\/parduotuve\/rock-pop\/paul-kantner-grace-slick-david-freiberg-baron-von-tollbooth-the-chrome-nun\/#breadcrumb","itemListElement":[{"@type":"ListItem","position":1,"name":"Home","item":"https:\/\/vinilozona.lt\/"},{"@type":"ListItem","position":2,"name":"Parduotuv\u0117","item":"https:\/\/vinilozona.lt\/parduotuve\/"},{"@type":"ListItem","position":3,"name":"Paul Kantner, Grace Slick &#038; David Freiberg \u2013 Baron Von Tollbooth &#038; The Chrome Nun"}]},{"@type":"WebSite","@id":"https:\/\/vinilozona.lt\/#website","url":"https:\/\/vinilozona.lt\/","name":"Vinilo Zona","description":"Nup\u016bsk dulkes ir klausyk LP","potentialAction":[{"@type":"SearchAction","target":{"@type":"EntryPoint","urlTemplate":"https:\/\/vinilozona.lt\/?s={search_term_string}"},"query-input":{"@type":"PropertyValueSpecification","valueRequired":true,"valueName":"search_term_string"}}],"inLanguage":"en-GB"}]}},"_links":{"self":[{"href":"https:\/\/vinilozona.lt\/en\/wp-json\/wp\/v2\/product\/30660"}],"collection":[{"href":"https:\/\/vinilozona.lt\/en\/wp-json\/wp\/v2\/product"}],"about":[{"href":"https:\/\/vinilozona.lt\/en\/wp-json\/wp\/v2\/types\/product"}],"wp:featuredmedia":[{"embeddable":true,"href":"https:\/\/vinilozona.lt\/en\/wp-json\/wp\/v2\/media\/30661"}],"wp:attachment":[{"href":"https:\/\/vinilozona.lt\/en\/wp-json\/wp\/v2\/media?parent=30660"}],"wp:term":[{"taxonomy":"product_cat","embeddable":true,"href":"https:\/\/vinilozona.lt\/en\/wp-json\/wp\/v2\/product_cat?post=30660"},{"taxonomy":"product_tag","embeddable":true,"href":"https:\/\/vinilozona.lt\/en\/wp-json\/wp\/v2\/product_tag?post=30660"}],"curies":[{"name":"wp","href":"https:\/\/api.w.org\/{rel}","templated":true}]}}