{"id":30657,"date":"2026-03-14T05:00:51","date_gmt":"2026-03-14T03:00:51","guid":{"rendered":"https:\/\/vinilozona.lt\/?post_type=product&#038;p=30657"},"modified":"2026-03-14T06:46:59","modified_gmt":"2026-03-14T04:46:59","slug":"various-grease-the-original-soundtrack-from-the-motion-picture","status":"publish","type":"product","link":"https:\/\/vinilozona.lt\/en\/parduotuve\/rock-pop\/various-grease-the-original-soundtrack-from-the-motion-picture\/","title":{"rendered":"Various \u2013 Grease (The Original Soundtrack From The Motion Picture)"},"content":{"rendered":"<p>Frankie Valli\u2013\tGrease\t3:24<br \/>\nJohn Travolta \/ Olivia Newton-John &#038; Cast*\u2013\tSummer Nights\t3:36<br \/>\nOlivia Newton-John\u2013\tHopelessly Devoted To You\t3:00<br \/>\nJohn Travolta &#038; Olivia Newton-John\u2013\tYou&#8217;re The One That I Want\t2:47<br \/>\nJohn Travolta\u2013\tSandy\t2:30<br \/>\nFrankie Avalon\u2013\tBeauty School Drop-Out\t4:02<br \/>\nStockard Channing\u2013\tLook At Me, I&#8217;m Sandra Dee\t1:38<br \/>\nJohn Travolta &#038; Jeff Conaway (2)\u2013\tGreased Lightnin&#8217;\t3:12<br \/>\nCindy Bullens\u2013\tIt&#8217;s Raining On Prom Night\t2:57<br \/>\nUnknown Artist\u2013\tAlone At A Drive-In Movie\t2:22<br \/>\nSha-Na-Na*\u2013\tBlue Moon\t2:18<br \/>\nSha-Na-Na*\u2013\tRock &#8216;N&#8217; Roll Is Here To Stay\t2:00<br \/>\nSha-Na-Na*\u2013\tThose Magic Changes\t2:15<br \/>\nSha-Na-Na*\u2013\tHound Dog\t1:23<br \/>\nSha-Na-Na*\u2013\tBorn To Hand-Jive\t4:39<br \/>\nSha-Na-Na*\u2013\tTears On My Pillow\t2:06<br \/>\nLouis St. Louis &#038; Cindy Bullens\u2013\tMooning\t2:12<br \/>\nCindy Bullens\u2013\tFreddy, My Love\t2:40<br \/>\nLouis St. Louis\u2013\tRock &#8216;N&#8217; Roll Party Queen\t2:08<br \/>\nStockard Channing\u2013\tThere Are Worse Things I Could Do\t2:18<br \/>\nOlivia Newton-John\u2013\tLook At Me, I&#8217;m Sandra Dee (Reprise)\t1:20<br \/>\nJohn Travolta \/ Olivia Newton-John &#038; Cast*\u2013\tWe Go Together\t3:14<br \/>\nUnknown Artist\u2013\tLove Is A Many Splendored Thing\t1:23<br \/>\nFrankie Valli\u2013\tGrease (Reprise)\t3:24<\/p>","protected":false},"excerpt":{"rendered":"<p>Label:<br \/>\nRSO \u2013 2658 125<br \/>\nFormat:<br \/>\n2 x Vinyl, LP, Album, Gatefold<br \/>\nCountry: EU<br \/>\nReleased: 1978<br \/>\nGenre:<br \/>\nRock, Stage &#038; Screen<\/p>","protected":false},"featured_media":30658,"template":"","meta":[],"product_cat":[15,906],"product_tag":[44],"yoast_head":"<!-- This site is optimized with the Yoast SEO plugin v23.5 - https:\/\/yoast.com\/wordpress\/plugins\/seo\/ -->\n<title>Various \u2013 Grease (The Original Soundtrack From The Motion Picture) Vinilin\u0117 Plok\u0161tel\u0117 | Vinilozona.lt<\/title>\n<meta name=\"robots\" content=\"index, follow, max-snippet:-1, max-image-preview:large, max-video-preview:-1\" \/>\n<link rel=\"canonical\" href=\"https:\/\/vinilozona.lt\/en\/parduotuve\/rock-pop\/various-grease-the-original-soundtrack-from-the-motion-picture\/\" \/>\n<meta property=\"og:locale\" content=\"en_GB\" \/>\n<meta property=\"og:type\" content=\"article\" \/>\n<meta property=\"og:title\" content=\"Various \u2013 Grease (The Original Soundtrack From The Motion Picture) Vinilin\u0117 Plok\u0161tel\u0117 | Vinilozona.lt\" \/>\n<meta property=\"og:description\" content=\"Label: RSO \u2013 2658 125 Format: 2 x Vinyl, LP, Album, Gatefold Country: EU Released: 1978 Genre: Rock, Stage &amp; Screen\" \/>\n<meta property=\"og:url\" content=\"https:\/\/vinilozona.lt\/en\/parduotuve\/rock-pop\/various-grease-the-original-soundtrack-from-the-motion-picture\/\" \/>\n<meta property=\"og:site_name\" content=\"Vinilo Zona\" \/>\n<meta property=\"article:modified_time\" content=\"2026-03-14T04:46:59+00:00\" \/>\n<meta property=\"og:image\" content=\"https:\/\/vinilozona.lt\/wp-content\/uploads\/2026\/03\/R-3834187-1628599435-7065.jpg\" \/>\n\t<meta property=\"og:image:width\" content=\"600\" \/>\n\t<meta property=\"og:image:height\" content=\"600\" \/>\n\t<meta property=\"og:image:type\" content=\"image\/jpeg\" \/>\n<meta name=\"twitter:card\" content=\"summary_large_image\" \/>\n<meta name=\"twitter:label1\" content=\"Estimated reading time\" \/>\n\t<meta name=\"twitter:data1\" content=\"1 minute\" \/>\n<script type=\"application\/ld+json\" class=\"yoast-schema-graph\">{\"@context\":\"https:\/\/schema.org\",\"@graph\":[{\"@type\":\"WebPage\",\"@id\":\"https:\/\/vinilozona.lt\/parduotuve\/rock-pop\/various-grease-the-original-soundtrack-from-the-motion-picture\/\",\"url\":\"https:\/\/vinilozona.lt\/parduotuve\/rock-pop\/various-grease-the-original-soundtrack-from-the-motion-picture\/\",\"name\":\"Various \u2013 Grease (The Original Soundtrack From The Motion Picture) Vinilin\u0117 Plok\u0161tel\u0117 | Vinilozona.lt\",\"isPartOf\":{\"@id\":\"https:\/\/vinilozona.lt\/#website\"},\"primaryImageOfPage\":{\"@id\":\"https:\/\/vinilozona.lt\/parduotuve\/rock-pop\/various-grease-the-original-soundtrack-from-the-motion-picture\/#primaryimage\"},\"image\":{\"@id\":\"https:\/\/vinilozona.lt\/parduotuve\/rock-pop\/various-grease-the-original-soundtrack-from-the-motion-picture\/#primaryimage\"},\"thumbnailUrl\":\"https:\/\/vinilozona.lt\/wp-content\/uploads\/2026\/03\/R-3834187-1628599435-7065.jpg\",\"datePublished\":\"2026-03-14T03:00:51+00:00\",\"dateModified\":\"2026-03-14T04:46:59+00:00\",\"breadcrumb\":{\"@id\":\"https:\/\/vinilozona.lt\/parduotuve\/rock-pop\/various-grease-the-original-soundtrack-from-the-motion-picture\/#breadcrumb\"},\"inLanguage\":\"en-GB\",\"potentialAction\":[{\"@type\":\"ReadAction\",\"target\":[\"https:\/\/vinilozona.lt\/parduotuve\/rock-pop\/various-grease-the-original-soundtrack-from-the-motion-picture\/\"]}]},{\"@type\":\"ImageObject\",\"inLanguage\":\"en-GB\",\"@id\":\"https:\/\/vinilozona.lt\/parduotuve\/rock-pop\/various-grease-the-original-soundtrack-from-the-motion-picture\/#primaryimage\",\"url\":\"https:\/\/vinilozona.lt\/wp-content\/uploads\/2026\/03\/R-3834187-1628599435-7065.jpg\",\"contentUrl\":\"https:\/\/vinilozona.lt\/wp-content\/uploads\/2026\/03\/R-3834187-1628599435-7065.jpg\",\"width\":600,\"height\":600},{\"@type\":\"BreadcrumbList\",\"@id\":\"https:\/\/vinilozona.lt\/parduotuve\/rock-pop\/various-grease-the-original-soundtrack-from-the-motion-picture\/#breadcrumb\",\"itemListElement\":[{\"@type\":\"ListItem\",\"position\":1,\"name\":\"Home\",\"item\":\"https:\/\/vinilozona.lt\/\"},{\"@type\":\"ListItem\",\"position\":2,\"name\":\"Parduotuv\u0117\",\"item\":\"https:\/\/vinilozona.lt\/parduotuve\/\"},{\"@type\":\"ListItem\",\"position\":3,\"name\":\"Various \u2013 Grease (The Original Soundtrack From The Motion Picture)\"}]},{\"@type\":\"WebSite\",\"@id\":\"https:\/\/vinilozona.lt\/#website\",\"url\":\"https:\/\/vinilozona.lt\/\",\"name\":\"Vinilo Zona\",\"description\":\"Nup\u016bsk dulkes ir klausyk LP\",\"potentialAction\":[{\"@type\":\"SearchAction\",\"target\":{\"@type\":\"EntryPoint\",\"urlTemplate\":\"https:\/\/vinilozona.lt\/?s={search_term_string}\"},\"query-input\":{\"@type\":\"PropertyValueSpecification\",\"valueRequired\":true,\"valueName\":\"search_term_string\"}}],\"inLanguage\":\"en-GB\"}]}<\/script>\n<!-- \/ Yoast SEO plugin. -->","yoast_head_json":{"title":"Various \u2013 Grease (The Original Soundtrack From The Motion Picture) Vinilin\u0117 Plok\u0161tel\u0117 | Vinilozona.lt","robots":{"index":"index","follow":"follow","max-snippet":"max-snippet:-1","max-image-preview":"max-image-preview:large","max-video-preview":"max-video-preview:-1"},"canonical":"https:\/\/vinilozona.lt\/en\/parduotuve\/rock-pop\/various-grease-the-original-soundtrack-from-the-motion-picture\/","og_locale":"en_GB","og_type":"article","og_title":"Various \u2013 Grease (The Original Soundtrack From The Motion Picture) Vinilin\u0117 Plok\u0161tel\u0117 | Vinilozona.lt","og_description":"Label: RSO \u2013 2658 125 Format: 2 x Vinyl, LP, Album, Gatefold Country: EU Released: 1978 Genre: Rock, Stage & Screen","og_url":"https:\/\/vinilozona.lt\/en\/parduotuve\/rock-pop\/various-grease-the-original-soundtrack-from-the-motion-picture\/","og_site_name":"Vinilo Zona","article_modified_time":"2026-03-14T04:46:59+00:00","og_image":[{"width":600,"height":600,"url":"https:\/\/vinilozona.lt\/wp-content\/uploads\/2026\/03\/R-3834187-1628599435-7065.jpg","type":"image\/jpeg"}],"twitter_card":"summary_large_image","twitter_misc":{"Estimated reading time":"1 minute"},"schema":{"@context":"https:\/\/schema.org","@graph":[{"@type":"WebPage","@id":"https:\/\/vinilozona.lt\/parduotuve\/rock-pop\/various-grease-the-original-soundtrack-from-the-motion-picture\/","url":"https:\/\/vinilozona.lt\/parduotuve\/rock-pop\/various-grease-the-original-soundtrack-from-the-motion-picture\/","name":"Various \u2013 Grease (The Original Soundtrack From The Motion Picture) Vinilin\u0117 Plok\u0161tel\u0117 | Vinilozona.lt","isPartOf":{"@id":"https:\/\/vinilozona.lt\/#website"},"primaryImageOfPage":{"@id":"https:\/\/vinilozona.lt\/parduotuve\/rock-pop\/various-grease-the-original-soundtrack-from-the-motion-picture\/#primaryimage"},"image":{"@id":"https:\/\/vinilozona.lt\/parduotuve\/rock-pop\/various-grease-the-original-soundtrack-from-the-motion-picture\/#primaryimage"},"thumbnailUrl":"https:\/\/vinilozona.lt\/wp-content\/uploads\/2026\/03\/R-3834187-1628599435-7065.jpg","datePublished":"2026-03-14T03:00:51+00:00","dateModified":"2026-03-14T04:46:59+00:00","breadcrumb":{"@id":"https:\/\/vinilozona.lt\/parduotuve\/rock-pop\/various-grease-the-original-soundtrack-from-the-motion-picture\/#breadcrumb"},"inLanguage":"en-GB","potentialAction":[{"@type":"ReadAction","target":["https:\/\/vinilozona.lt\/parduotuve\/rock-pop\/various-grease-the-original-soundtrack-from-the-motion-picture\/"]}]},{"@type":"ImageObject","inLanguage":"en-GB","@id":"https:\/\/vinilozona.lt\/parduotuve\/rock-pop\/various-grease-the-original-soundtrack-from-the-motion-picture\/#primaryimage","url":"https:\/\/vinilozona.lt\/wp-content\/uploads\/2026\/03\/R-3834187-1628599435-7065.jpg","contentUrl":"https:\/\/vinilozona.lt\/wp-content\/uploads\/2026\/03\/R-3834187-1628599435-7065.jpg","width":600,"height":600},{"@type":"BreadcrumbList","@id":"https:\/\/vinilozona.lt\/parduotuve\/rock-pop\/various-grease-the-original-soundtrack-from-the-motion-picture\/#breadcrumb","itemListElement":[{"@type":"ListItem","position":1,"name":"Home","item":"https:\/\/vinilozona.lt\/"},{"@type":"ListItem","position":2,"name":"Parduotuv\u0117","item":"https:\/\/vinilozona.lt\/parduotuve\/"},{"@type":"ListItem","position":3,"name":"Various \u2013 Grease (The Original Soundtrack From The Motion Picture)"}]},{"@type":"WebSite","@id":"https:\/\/vinilozona.lt\/#website","url":"https:\/\/vinilozona.lt\/","name":"Vinilo Zona","description":"Nup\u016bsk dulkes ir klausyk LP","potentialAction":[{"@type":"SearchAction","target":{"@type":"EntryPoint","urlTemplate":"https:\/\/vinilozona.lt\/?s={search_term_string}"},"query-input":{"@type":"PropertyValueSpecification","valueRequired":true,"valueName":"search_term_string"}}],"inLanguage":"en-GB"}]}},"_links":{"self":[{"href":"https:\/\/vinilozona.lt\/en\/wp-json\/wp\/v2\/product\/30657"}],"collection":[{"href":"https:\/\/vinilozona.lt\/en\/wp-json\/wp\/v2\/product"}],"about":[{"href":"https:\/\/vinilozona.lt\/en\/wp-json\/wp\/v2\/types\/product"}],"wp:featuredmedia":[{"embeddable":true,"href":"https:\/\/vinilozona.lt\/en\/wp-json\/wp\/v2\/media\/30658"}],"wp:attachment":[{"href":"https:\/\/vinilozona.lt\/en\/wp-json\/wp\/v2\/media?parent=30657"}],"wp:term":[{"taxonomy":"product_cat","embeddable":true,"href":"https:\/\/vinilozona.lt\/en\/wp-json\/wp\/v2\/product_cat?post=30657"},{"taxonomy":"product_tag","embeddable":true,"href":"https:\/\/vinilozona.lt\/en\/wp-json\/wp\/v2\/product_tag?post=30657"}],"curies":[{"name":"wp","href":"https:\/\/api.w.org\/{rel}","templated":true}]}}