{"id":30651,"date":"2026-03-13T05:01:46","date_gmt":"2026-03-13T03:01:46","guid":{"rendered":"https:\/\/vinilozona.lt\/?post_type=product&#038;p=30651"},"modified":"2026-03-13T11:44:41","modified_gmt":"2026-03-13T09:44:41","slug":"procol-harum-a-whiter-shade-of-pale","status":"publish","type":"product","link":"https:\/\/vinilozona.lt\/en\/parduotuve\/rock-pop\/procol-harum-a-whiter-shade-of-pale\/","title":{"rendered":"Procol Harum \u2013 A Whiter Shade Of Pale"},"content":{"rendered":"<p>A1\t\tA Whiter Shade Of Pale<br \/>\nA2\t\tShe Wandered Through The Garden Fence<br \/>\nA3\t\tA Salty Dog<br \/>\nA4\t\tThe Devil Came From Kansas<br \/>\nA5\t\tHomburg<br \/>\nA6\t\tQuite Rightly So<br \/>\nA7\t\tAbout To Die<br \/>\nB1\t\tConquistador<br \/>\nB2\t\tSkip Softly (My Moonbeams)<br \/>\nB3\t\tThe Milk Of Human Kindness<br \/>\nB4\t\tBoredom<br \/>\nB5\t\tWhisky Train<br \/>\nB6\t\tShine On Brightly<br \/>\nB7\t\tThe Dead Man&#8217;s Dream<\/p>","protected":false},"excerpt":{"rendered":"<p>Cube Records \u2013 6.26290 BL, Cube Records \u2013 244 015-1<br \/>\nFormat:<br \/>\nVinyl, LP, Compilation<br \/>\nCountry:<br \/>\nGermany<br \/>\nReleased:<br \/>\n1986<\/p>","protected":false},"featured_media":30652,"template":"","meta":[],"product_cat":[15],"product_tag":[44],"yoast_head":"<!-- This site is optimized with the Yoast SEO plugin v23.5 - https:\/\/yoast.com\/wordpress\/plugins\/seo\/ -->\n<title>Procol Harum \u2013 A Whiter Shade Of Pale Vinilin\u0117 Plok\u0161tel\u0117 | Vinilozona.lt<\/title>\n<meta name=\"robots\" content=\"index, follow, max-snippet:-1, max-image-preview:large, max-video-preview:-1\" \/>\n<link rel=\"canonical\" href=\"https:\/\/vinilozona.lt\/en\/parduotuve\/rock-pop\/procol-harum-a-whiter-shade-of-pale\/\" \/>\n<meta property=\"og:locale\" content=\"en_GB\" \/>\n<meta property=\"og:type\" content=\"article\" \/>\n<meta property=\"og:title\" content=\"Procol Harum \u2013 A Whiter Shade Of Pale Vinilin\u0117 Plok\u0161tel\u0117 | Vinilozona.lt\" \/>\n<meta property=\"og:description\" content=\"Cube Records \u2013 6.26290 BL, Cube Records \u2013 244 015-1 Format: Vinyl, LP, Compilation Country: Germany Released: 1986\" \/>\n<meta property=\"og:url\" content=\"https:\/\/vinilozona.lt\/en\/parduotuve\/rock-pop\/procol-harum-a-whiter-shade-of-pale\/\" \/>\n<meta property=\"og:site_name\" content=\"Vinilo Zona\" \/>\n<meta property=\"article:modified_time\" content=\"2026-03-13T09:44:41+00:00\" \/>\n<meta property=\"og:image\" content=\"https:\/\/vinilozona.lt\/wp-content\/uploads\/2026\/03\/R-2073966-1262508871.jpg\" \/>\n\t<meta property=\"og:image:width\" content=\"298\" \/>\n\t<meta property=\"og:image:height\" content=\"299\" \/>\n\t<meta property=\"og:image:type\" content=\"image\/jpeg\" \/>\n<meta name=\"twitter:card\" content=\"summary_large_image\" \/>\n<meta name=\"twitter:label1\" content=\"Estimated reading time\" \/>\n\t<meta name=\"twitter:data1\" content=\"1 minute\" \/>\n<script type=\"application\/ld+json\" class=\"yoast-schema-graph\">{\"@context\":\"https:\/\/schema.org\",\"@graph\":[{\"@type\":\"WebPage\",\"@id\":\"https:\/\/vinilozona.lt\/parduotuve\/rock-pop\/procol-harum-a-whiter-shade-of-pale\/\",\"url\":\"https:\/\/vinilozona.lt\/parduotuve\/rock-pop\/procol-harum-a-whiter-shade-of-pale\/\",\"name\":\"Procol Harum \u2013 A Whiter Shade Of Pale Vinilin\u0117 Plok\u0161tel\u0117 | Vinilozona.lt\",\"isPartOf\":{\"@id\":\"https:\/\/vinilozona.lt\/#website\"},\"primaryImageOfPage\":{\"@id\":\"https:\/\/vinilozona.lt\/parduotuve\/rock-pop\/procol-harum-a-whiter-shade-of-pale\/#primaryimage\"},\"image\":{\"@id\":\"https:\/\/vinilozona.lt\/parduotuve\/rock-pop\/procol-harum-a-whiter-shade-of-pale\/#primaryimage\"},\"thumbnailUrl\":\"https:\/\/vinilozona.lt\/wp-content\/uploads\/2026\/03\/R-2073966-1262508871.jpg\",\"datePublished\":\"2026-03-13T03:01:46+00:00\",\"dateModified\":\"2026-03-13T09:44:41+00:00\",\"breadcrumb\":{\"@id\":\"https:\/\/vinilozona.lt\/parduotuve\/rock-pop\/procol-harum-a-whiter-shade-of-pale\/#breadcrumb\"},\"inLanguage\":\"en-GB\",\"potentialAction\":[{\"@type\":\"ReadAction\",\"target\":[\"https:\/\/vinilozona.lt\/parduotuve\/rock-pop\/procol-harum-a-whiter-shade-of-pale\/\"]}]},{\"@type\":\"ImageObject\",\"inLanguage\":\"en-GB\",\"@id\":\"https:\/\/vinilozona.lt\/parduotuve\/rock-pop\/procol-harum-a-whiter-shade-of-pale\/#primaryimage\",\"url\":\"https:\/\/vinilozona.lt\/wp-content\/uploads\/2026\/03\/R-2073966-1262508871.jpg\",\"contentUrl\":\"https:\/\/vinilozona.lt\/wp-content\/uploads\/2026\/03\/R-2073966-1262508871.jpg\",\"width\":298,\"height\":299},{\"@type\":\"BreadcrumbList\",\"@id\":\"https:\/\/vinilozona.lt\/parduotuve\/rock-pop\/procol-harum-a-whiter-shade-of-pale\/#breadcrumb\",\"itemListElement\":[{\"@type\":\"ListItem\",\"position\":1,\"name\":\"Home\",\"item\":\"https:\/\/vinilozona.lt\/\"},{\"@type\":\"ListItem\",\"position\":2,\"name\":\"Parduotuv\u0117\",\"item\":\"https:\/\/vinilozona.lt\/parduotuve\/\"},{\"@type\":\"ListItem\",\"position\":3,\"name\":\"Procol Harum \u2013 A Whiter Shade Of Pale\"}]},{\"@type\":\"WebSite\",\"@id\":\"https:\/\/vinilozona.lt\/#website\",\"url\":\"https:\/\/vinilozona.lt\/\",\"name\":\"Vinilo Zona\",\"description\":\"Nup\u016bsk dulkes ir klausyk LP\",\"potentialAction\":[{\"@type\":\"SearchAction\",\"target\":{\"@type\":\"EntryPoint\",\"urlTemplate\":\"https:\/\/vinilozona.lt\/?s={search_term_string}\"},\"query-input\":{\"@type\":\"PropertyValueSpecification\",\"valueRequired\":true,\"valueName\":\"search_term_string\"}}],\"inLanguage\":\"en-GB\"}]}<\/script>\n<!-- \/ Yoast SEO plugin. -->","yoast_head_json":{"title":"Procol Harum \u2013 A Whiter Shade Of Pale Vinilin\u0117 Plok\u0161tel\u0117 | Vinilozona.lt","robots":{"index":"index","follow":"follow","max-snippet":"max-snippet:-1","max-image-preview":"max-image-preview:large","max-video-preview":"max-video-preview:-1"},"canonical":"https:\/\/vinilozona.lt\/en\/parduotuve\/rock-pop\/procol-harum-a-whiter-shade-of-pale\/","og_locale":"en_GB","og_type":"article","og_title":"Procol Harum \u2013 A Whiter Shade Of Pale Vinilin\u0117 Plok\u0161tel\u0117 | Vinilozona.lt","og_description":"Cube Records \u2013 6.26290 BL, Cube Records \u2013 244 015-1 Format: Vinyl, LP, Compilation Country: Germany Released: 1986","og_url":"https:\/\/vinilozona.lt\/en\/parduotuve\/rock-pop\/procol-harum-a-whiter-shade-of-pale\/","og_site_name":"Vinilo Zona","article_modified_time":"2026-03-13T09:44:41+00:00","og_image":[{"width":298,"height":299,"url":"https:\/\/vinilozona.lt\/wp-content\/uploads\/2026\/03\/R-2073966-1262508871.jpg","type":"image\/jpeg"}],"twitter_card":"summary_large_image","twitter_misc":{"Estimated reading time":"1 minute"},"schema":{"@context":"https:\/\/schema.org","@graph":[{"@type":"WebPage","@id":"https:\/\/vinilozona.lt\/parduotuve\/rock-pop\/procol-harum-a-whiter-shade-of-pale\/","url":"https:\/\/vinilozona.lt\/parduotuve\/rock-pop\/procol-harum-a-whiter-shade-of-pale\/","name":"Procol Harum \u2013 A Whiter Shade Of Pale Vinilin\u0117 Plok\u0161tel\u0117 | Vinilozona.lt","isPartOf":{"@id":"https:\/\/vinilozona.lt\/#website"},"primaryImageOfPage":{"@id":"https:\/\/vinilozona.lt\/parduotuve\/rock-pop\/procol-harum-a-whiter-shade-of-pale\/#primaryimage"},"image":{"@id":"https:\/\/vinilozona.lt\/parduotuve\/rock-pop\/procol-harum-a-whiter-shade-of-pale\/#primaryimage"},"thumbnailUrl":"https:\/\/vinilozona.lt\/wp-content\/uploads\/2026\/03\/R-2073966-1262508871.jpg","datePublished":"2026-03-13T03:01:46+00:00","dateModified":"2026-03-13T09:44:41+00:00","breadcrumb":{"@id":"https:\/\/vinilozona.lt\/parduotuve\/rock-pop\/procol-harum-a-whiter-shade-of-pale\/#breadcrumb"},"inLanguage":"en-GB","potentialAction":[{"@type":"ReadAction","target":["https:\/\/vinilozona.lt\/parduotuve\/rock-pop\/procol-harum-a-whiter-shade-of-pale\/"]}]},{"@type":"ImageObject","inLanguage":"en-GB","@id":"https:\/\/vinilozona.lt\/parduotuve\/rock-pop\/procol-harum-a-whiter-shade-of-pale\/#primaryimage","url":"https:\/\/vinilozona.lt\/wp-content\/uploads\/2026\/03\/R-2073966-1262508871.jpg","contentUrl":"https:\/\/vinilozona.lt\/wp-content\/uploads\/2026\/03\/R-2073966-1262508871.jpg","width":298,"height":299},{"@type":"BreadcrumbList","@id":"https:\/\/vinilozona.lt\/parduotuve\/rock-pop\/procol-harum-a-whiter-shade-of-pale\/#breadcrumb","itemListElement":[{"@type":"ListItem","position":1,"name":"Home","item":"https:\/\/vinilozona.lt\/"},{"@type":"ListItem","position":2,"name":"Parduotuv\u0117","item":"https:\/\/vinilozona.lt\/parduotuve\/"},{"@type":"ListItem","position":3,"name":"Procol Harum \u2013 A Whiter Shade Of Pale"}]},{"@type":"WebSite","@id":"https:\/\/vinilozona.lt\/#website","url":"https:\/\/vinilozona.lt\/","name":"Vinilo Zona","description":"Nup\u016bsk dulkes ir klausyk LP","potentialAction":[{"@type":"SearchAction","target":{"@type":"EntryPoint","urlTemplate":"https:\/\/vinilozona.lt\/?s={search_term_string}"},"query-input":{"@type":"PropertyValueSpecification","valueRequired":true,"valueName":"search_term_string"}}],"inLanguage":"en-GB"}]}},"_links":{"self":[{"href":"https:\/\/vinilozona.lt\/en\/wp-json\/wp\/v2\/product\/30651"}],"collection":[{"href":"https:\/\/vinilozona.lt\/en\/wp-json\/wp\/v2\/product"}],"about":[{"href":"https:\/\/vinilozona.lt\/en\/wp-json\/wp\/v2\/types\/product"}],"wp:featuredmedia":[{"embeddable":true,"href":"https:\/\/vinilozona.lt\/en\/wp-json\/wp\/v2\/media\/30652"}],"wp:attachment":[{"href":"https:\/\/vinilozona.lt\/en\/wp-json\/wp\/v2\/media?parent=30651"}],"wp:term":[{"taxonomy":"product_cat","embeddable":true,"href":"https:\/\/vinilozona.lt\/en\/wp-json\/wp\/v2\/product_cat?post=30651"},{"taxonomy":"product_tag","embeddable":true,"href":"https:\/\/vinilozona.lt\/en\/wp-json\/wp\/v2\/product_tag?post=30651"}],"curies":[{"name":"wp","href":"https:\/\/api.w.org\/{rel}","templated":true}]}}