{"id":30583,"date":"2026-03-03T05:15:14","date_gmt":"2026-03-03T03:15:14","guid":{"rendered":"https:\/\/vinilozona.lt\/?post_type=product&#038;p=30583"},"modified":"2026-03-15T14:47:06","modified_gmt":"2026-03-15T12:47:06","slug":"%d0%b0%d0%b4%d0%be%d0%bb%d1%8c%d1%84-%d1%88%d0%b0%d1%80%d0%bb%d1%8c-%d0%b0%d0%b4%d0%b0%d0%bd-%d0%be%d1%80%d0%ba%d0%b5%d1%81%d1%82%d1%80-%d0%b1%d0%be%d0%bb%d1%8c%d1%88%d0%be%d0%b3%d0%be-%d1%82%d0%b5","status":"publish","type":"product","link":"https:\/\/vinilozona.lt\/en\/parduotuve\/classic\/%d0%b0%d0%b4%d0%be%d0%bb%d1%8c%d1%84-%d1%88%d0%b0%d1%80%d0%bb%d1%8c-%d0%b0%d0%b4%d0%b0%d0%bd-%d0%be%d1%80%d0%ba%d0%b5%d1%81%d1%82%d1%80-%d0%b1%d0%be%d0%bb%d1%8c%d1%88%d0%be%d0%b3%d0%be-%d1%82%d0%b5\/","title":{"rendered":"\u0410\u0434\u043e\u043b\u044c\u0444 \u0428\u0430\u0440\u043b\u044c \u0410\u0434\u0430\u043d &#8211; \u041e\u0440\u043a\u0435\u0441\u0442\u0440 \u0411\u043e\u043b\u044c\u0448\u043e\u0433\u043e \u0422\u0435\u0430\u0442\u0440\u0430 \u0421\u0421\u0421\u0420, \u0410\u043b\u044c\u0433\u0438\u0441 \u0416\u044e\u0440\u0430\u0439\u0442\u0438\u0441 \u2013 \u0416\u0438\u0437\u0435\u043b\u044c"},"content":{"rendered":"<p>A1\t\t\u0423\u0432\u0435\u0440\u0442\u044e\u0440\u0430<br \/>\nI \u0414\u0435\u0439\u0441\u0442\u0432\u0438\u0435<br \/>\nA2\t\t\u0412\u044b\u0445\u043e\u0434 \u0410\u043b\u044c\u0431\u0435\u0440\u0442\u0430<br \/>\nA3\t\t\u0412\u044b\u0445\u043e\u0434 \u0416\u0438\u0437\u0435\u043b\u0438<br \/>\nA4\t\t\u041f\u0430-\u0414\u0435-\u0414\u0435 \u0416\u0438\u0437\u0435\u043b\u0438 \u0418 \u0410\u043b\u044c\u0431\u0435\u0440\u0442\u0430<br \/>\nA4a\t\t\u0410\u0434\u0430\u0436\u0438\u043e<br \/>\nA4b\t\t\u0412\u0430\u0440\u0438\u0430\u0446\u0438\u044f \u0410\u043b\u044c\u0431\u0435\u0440\u0442\u0430<br \/>\nA4c\t\t\u0412\u0430\u0440\u0438\u0430\u0446\u0438\u044f \u0416\u0438\u0437\u0435\u043b\u0438<br \/>\nA4d\t\t\u041a\u043e\u0434\u0430<br \/>\nA5\t\t\u0412\u0430\u043b\u044c\u0441 \u0418 \u0422\u0430\u043d\u0435\u0446 \u0416\u0438\u0437\u0435\u043b\u0438 \u0418 \u0410\u043b\u044c\u0431\u0435\u0440\u0442\u0430<br \/>\nB1\t\t\u041f\u043e\u044f\u0432\u043b\u0435\u043d\u0438\u0435 \u0421 \u041e\u0445\u043e\u0442\u044b \u041e\u0442\u0446\u0430 \u0410\u043b\u044c\u0431\u0435\u0440\u0442\u0430 \u0418 \u0421\u0446\u0435\u043d\u0430<br \/>\nB2\t\t\u0412\u0430\u0440\u0438\u0430\u0446\u0438\u044f \u0416\u0438\u0437\u0435\u043b\u0438<br \/>\nB3\t\t\u041f\u0430-\u0414\u0435-\u0414\u0435 \u0418 \u0422\u0430\u043d\u0446\u044b \u041f\u043e\u0434\u0440\u0443\u0433 \u0416\u0438\u0437\u0435\u043b\u0438<br \/>\nB4\t\t\u0421\u0446\u0435\u043d\u0430 \u0421\u0443\u043c\u0430\u0448\u0435\u0441\u0442\u0432\u0438\u044f<br \/>\nII \u0414\u0435\u0439\u0441\u0442\u0432\u0438\u0435<br \/>\nC1\t\t\u0412\u044b\u0445\u043e\u0434 \u0418 \u0421\u0446\u0435\u043d\u0430 \u041c\u0438\u0440\u0442\u044b<br \/>\nC1a\t\t\u0412\u044b\u0445\u043e\u0434<br \/>\nC1b\t\t\u0412\u0430\u0440\u0438\u0430\u0446\u0438\u044f \u041c\u0438\u0440\u0442\u044b \u21161<br \/>\nC1c\t\t\u0412\u0430\u0440\u0438\u0430\u0446\u0438\u044f \u041c\u0438\u0440\u0442\u044b \u21162<br \/>\nC1d\t\t\u0421\u0446\u0435\u043d\u0430 \u0412\u0438\u043b\u043b\u0438\u0441<br \/>\nC1e\t\t\u0412\u0430\u0440\u0438\u0430\u0446\u0438\u044f \u041c\u0438\u0440\u0442\u044b \u21163 \u0418 \u0421\u0446\u0435\u043d\u0430<br \/>\nC2\t\t\u0412\u044b\u0445\u043e\u0434 \u0418 \u0421\u0446\u0435\u043d\u0430 \u0416\u0438\u0437\u0435\u043b\u0438<br \/>\nC3\t\t\u0412\u044b\u0445\u043e\u0434 \u0418 \u0421\u0446\u0435\u043d\u0430 \u0410\u043b\u044c\u0431\u0435\u0440\u0442\u0430<br \/>\nD1\t\t\u0422\u0430\u043d\u0446\u044b \u0412\u0438\u043b\u043b\u0438\u0441<br \/>\nD2\t\t\u041f\u0430-\u0414\u0435-\u0414\u0435 \u0416\u0438\u0437\u0435\u043b\u0438 \u0418 \u0410\u043b\u044c\u0431\u0435\u0440\u0442\u0430<br \/>\nD2a\t\t\u0410\u0434\u0430\u0436\u0438\u043e<br \/>\nD2b\t\t\u0412\u0430\u0440\u0438\u0430\u0446\u0438\u044f \u0410\u043b\u044c\u0431\u0435\u0440\u0442\u0430<br \/>\nD2c\t\t\u0412\u0430\u0440\u0438\u0430\u0446\u0438\u044f \u0416\u0438\u0437\u0435\u043b\u0438<br \/>\nD2d\t\t\u041a\u043e\u0434\u0430<br \/>\nD3\t\t\u0424\u0438\u043d\u0430\u043b<\/p>","protected":false},"excerpt":{"rendered":"<p>\u041c\u0435\u043b\u043e\u0434\u0438\u044f \u2013 33 \u0421\u041c 03231-34<br \/>\nFormat:<br \/>\n2 x Vinyl, LP, Album, Stereo<br \/>\nBox Set<br \/>\nCountry:<br \/>\nUSSR<br \/>\nReleased:<br \/>\n1984<\/p>","protected":false},"featured_media":30584,"template":"","meta":[],"product_cat":[22,54],"product_tag":[44],"yoast_head":"<!-- This site is optimized with the Yoast SEO plugin v23.5 - https:\/\/yoast.com\/wordpress\/plugins\/seo\/ -->\n<title>\u0410\u0434\u043e\u043b\u044c\u0444 \u0428\u0430\u0440\u043b\u044c \u0410\u0434\u0430\u043d - \u041e\u0440\u043a\u0435\u0441\u0442\u0440 \u0411\u043e\u043b\u044c\u0448\u043e\u0433\u043e \u0422\u0435\u0430\u0442\u0440\u0430 \u0421\u0421\u0421\u0420, \u0410\u043b\u044c\u0433\u0438\u0441 \u0416\u044e\u0440\u0430\u0439\u0442\u0438\u0441 \u2013 \u0416\u0438\u0437\u0435\u043b\u044c Vinilin\u0117 Plok\u0161tel\u0117 | Vinilozona.lt<\/title>\n<meta name=\"robots\" content=\"index, follow, max-snippet:-1, max-image-preview:large, max-video-preview:-1\" \/>\n<link rel=\"canonical\" href=\"https:\/\/vinilozona.lt\/en\/parduotuve\/classic\/\u0430\u0434\u043e\u043b\u044c\u0444-\u0448\u0430\u0440\u043b\u044c-\u0430\u0434\u0430\u043d-\u043e\u0440\u043a\u0435\u0441\u0442\u0440-\u0431\u043e\u043b\u044c\u0448\u043e\u0433\u043e-\u0442\u0435\/\" \/>\n<meta property=\"og:locale\" content=\"en_GB\" \/>\n<meta property=\"og:type\" content=\"article\" \/>\n<meta property=\"og:title\" content=\"\u0410\u0434\u043e\u043b\u044c\u0444 \u0428\u0430\u0440\u043b\u044c \u0410\u0434\u0430\u043d - \u041e\u0440\u043a\u0435\u0441\u0442\u0440 \u0411\u043e\u043b\u044c\u0448\u043e\u0433\u043e \u0422\u0435\u0430\u0442\u0440\u0430 \u0421\u0421\u0421\u0420, \u0410\u043b\u044c\u0433\u0438\u0441 \u0416\u044e\u0440\u0430\u0439\u0442\u0438\u0441 \u2013 \u0416\u0438\u0437\u0435\u043b\u044c Vinilin\u0117 Plok\u0161tel\u0117 | Vinilozona.lt\" \/>\n<meta property=\"og:description\" content=\"\u041c\u0435\u043b\u043e\u0434\u0438\u044f \u2013 33 \u0421\u041c 03231-34 Format: 2 x Vinyl, LP, Album, Stereo Box Set Country: USSR Released: 1984\" \/>\n<meta property=\"og:url\" content=\"https:\/\/vinilozona.lt\/en\/parduotuve\/classic\/\u0430\u0434\u043e\u043b\u044c\u0444-\u0448\u0430\u0440\u043b\u044c-\u0430\u0434\u0430\u043d-\u043e\u0440\u043a\u0435\u0441\u0442\u0440-\u0431\u043e\u043b\u044c\u0448\u043e\u0433\u043e-\u0442\u0435\/\" \/>\n<meta property=\"og:site_name\" content=\"Vinilo Zona\" \/>\n<meta property=\"article:modified_time\" content=\"2026-03-15T12:47:06+00:00\" \/>\n<meta property=\"og:image\" content=\"https:\/\/vinilozona.lt\/wp-content\/uploads\/2026\/03\/20260303_102726-scaled.jpg\" \/>\n\t<meta property=\"og:image:width\" content=\"1920\" \/>\n\t<meta property=\"og:image:height\" content=\"2560\" \/>\n\t<meta property=\"og:image:type\" content=\"image\/jpeg\" \/>\n<meta name=\"twitter:card\" content=\"summary_large_image\" \/>\n<meta name=\"twitter:label1\" content=\"Estimated reading time\" \/>\n\t<meta name=\"twitter:data1\" content=\"1 minute\" \/>\n<script type=\"application\/ld+json\" class=\"yoast-schema-graph\">{\"@context\":\"https:\/\/schema.org\",\"@graph\":[{\"@type\":\"WebPage\",\"@id\":\"https:\/\/vinilozona.lt\/parduotuve\/classic\/%d0%b0%d0%b4%d0%be%d0%bb%d1%8c%d1%84-%d1%88%d0%b0%d1%80%d0%bb%d1%8c-%d0%b0%d0%b4%d0%b0%d0%bd-%d0%be%d1%80%d0%ba%d0%b5%d1%81%d1%82%d1%80-%d0%b1%d0%be%d0%bb%d1%8c%d1%88%d0%be%d0%b3%d0%be-%d1%82%d0%b5\/\",\"url\":\"https:\/\/vinilozona.lt\/parduotuve\/classic\/%d0%b0%d0%b4%d0%be%d0%bb%d1%8c%d1%84-%d1%88%d0%b0%d1%80%d0%bb%d1%8c-%d0%b0%d0%b4%d0%b0%d0%bd-%d0%be%d1%80%d0%ba%d0%b5%d1%81%d1%82%d1%80-%d0%b1%d0%be%d0%bb%d1%8c%d1%88%d0%be%d0%b3%d0%be-%d1%82%d0%b5\/\",\"name\":\"\u0410\u0434\u043e\u043b\u044c\u0444 \u0428\u0430\u0440\u043b\u044c \u0410\u0434\u0430\u043d - \u041e\u0440\u043a\u0435\u0441\u0442\u0440 \u0411\u043e\u043b\u044c\u0448\u043e\u0433\u043e \u0422\u0435\u0430\u0442\u0440\u0430 \u0421\u0421\u0421\u0420, \u0410\u043b\u044c\u0433\u0438\u0441 \u0416\u044e\u0440\u0430\u0439\u0442\u0438\u0441 \u2013 \u0416\u0438\u0437\u0435\u043b\u044c Vinilin\u0117 Plok\u0161tel\u0117 | Vinilozona.lt\",\"isPartOf\":{\"@id\":\"https:\/\/vinilozona.lt\/#website\"},\"primaryImageOfPage\":{\"@id\":\"https:\/\/vinilozona.lt\/parduotuve\/classic\/%d0%b0%d0%b4%d0%be%d0%bb%d1%8c%d1%84-%d1%88%d0%b0%d1%80%d0%bb%d1%8c-%d0%b0%d0%b4%d0%b0%d0%bd-%d0%be%d1%80%d0%ba%d0%b5%d1%81%d1%82%d1%80-%d0%b1%d0%be%d0%bb%d1%8c%d1%88%d0%be%d0%b3%d0%be-%d1%82%d0%b5\/#primaryimage\"},\"image\":{\"@id\":\"https:\/\/vinilozona.lt\/parduotuve\/classic\/%d0%b0%d0%b4%d0%be%d0%bb%d1%8c%d1%84-%d1%88%d0%b0%d1%80%d0%bb%d1%8c-%d0%b0%d0%b4%d0%b0%d0%bd-%d0%be%d1%80%d0%ba%d0%b5%d1%81%d1%82%d1%80-%d0%b1%d0%be%d0%bb%d1%8c%d1%88%d0%be%d0%b3%d0%be-%d1%82%d0%b5\/#primaryimage\"},\"thumbnailUrl\":\"https:\/\/vinilozona.lt\/wp-content\/uploads\/2026\/03\/20260303_102726-scaled.jpg\",\"datePublished\":\"2026-03-03T03:15:14+00:00\",\"dateModified\":\"2026-03-15T12:47:06+00:00\",\"breadcrumb\":{\"@id\":\"https:\/\/vinilozona.lt\/parduotuve\/classic\/%d0%b0%d0%b4%d0%be%d0%bb%d1%8c%d1%84-%d1%88%d0%b0%d1%80%d0%bb%d1%8c-%d0%b0%d0%b4%d0%b0%d0%bd-%d0%be%d1%80%d0%ba%d0%b5%d1%81%d1%82%d1%80-%d0%b1%d0%be%d0%bb%d1%8c%d1%88%d0%be%d0%b3%d0%be-%d1%82%d0%b5\/#breadcrumb\"},\"inLanguage\":\"en-GB\",\"potentialAction\":[{\"@type\":\"ReadAction\",\"target\":[\"https:\/\/vinilozona.lt\/parduotuve\/classic\/%d0%b0%d0%b4%d0%be%d0%bb%d1%8c%d1%84-%d1%88%d0%b0%d1%80%d0%bb%d1%8c-%d0%b0%d0%b4%d0%b0%d0%bd-%d0%be%d1%80%d0%ba%d0%b5%d1%81%d1%82%d1%80-%d0%b1%d0%be%d0%bb%d1%8c%d1%88%d0%be%d0%b3%d0%be-%d1%82%d0%b5\/\"]}]},{\"@type\":\"ImageObject\",\"inLanguage\":\"en-GB\",\"@id\":\"https:\/\/vinilozona.lt\/parduotuve\/classic\/%d0%b0%d0%b4%d0%be%d0%bb%d1%8c%d1%84-%d1%88%d0%b0%d1%80%d0%bb%d1%8c-%d0%b0%d0%b4%d0%b0%d0%bd-%d0%be%d1%80%d0%ba%d0%b5%d1%81%d1%82%d1%80-%d0%b1%d0%be%d0%bb%d1%8c%d1%88%d0%be%d0%b3%d0%be-%d1%82%d0%b5\/#primaryimage\",\"url\":\"https:\/\/vinilozona.lt\/wp-content\/uploads\/2026\/03\/20260303_102726-scaled.jpg\",\"contentUrl\":\"https:\/\/vinilozona.lt\/wp-content\/uploads\/2026\/03\/20260303_102726-scaled.jpg\",\"width\":1920,\"height\":2560},{\"@type\":\"BreadcrumbList\",\"@id\":\"https:\/\/vinilozona.lt\/parduotuve\/classic\/%d0%b0%d0%b4%d0%be%d0%bb%d1%8c%d1%84-%d1%88%d0%b0%d1%80%d0%bb%d1%8c-%d0%b0%d0%b4%d0%b0%d0%bd-%d0%be%d1%80%d0%ba%d0%b5%d1%81%d1%82%d1%80-%d0%b1%d0%be%d0%bb%d1%8c%d1%88%d0%be%d0%b3%d0%be-%d1%82%d0%b5\/#breadcrumb\",\"itemListElement\":[{\"@type\":\"ListItem\",\"position\":1,\"name\":\"Home\",\"item\":\"https:\/\/vinilozona.lt\/\"},{\"@type\":\"ListItem\",\"position\":2,\"name\":\"Parduotuv\u0117\",\"item\":\"https:\/\/vinilozona.lt\/parduotuve\/\"},{\"@type\":\"ListItem\",\"position\":3,\"name\":\"\u0410\u0434\u043e\u043b\u044c\u0444 \u0428\u0430\u0440\u043b\u044c \u0410\u0434\u0430\u043d &#8211; \u041e\u0440\u043a\u0435\u0441\u0442\u0440 \u0411\u043e\u043b\u044c\u0448\u043e\u0433\u043e \u0422\u0435\u0430\u0442\u0440\u0430 \u0421\u0421\u0421\u0420, \u0410\u043b\u044c\u0433\u0438\u0441 \u0416\u044e\u0440\u0430\u0439\u0442\u0438\u0441 \u2013 \u0416\u0438\u0437\u0435\u043b\u044c\"}]},{\"@type\":\"WebSite\",\"@id\":\"https:\/\/vinilozona.lt\/#website\",\"url\":\"https:\/\/vinilozona.lt\/\",\"name\":\"Vinilo Zona\",\"description\":\"Nup\u016bsk dulkes ir klausyk LP\",\"potentialAction\":[{\"@type\":\"SearchAction\",\"target\":{\"@type\":\"EntryPoint\",\"urlTemplate\":\"https:\/\/vinilozona.lt\/?s={search_term_string}\"},\"query-input\":{\"@type\":\"PropertyValueSpecification\",\"valueRequired\":true,\"valueName\":\"search_term_string\"}}],\"inLanguage\":\"en-GB\"}]}<\/script>\n<!-- \/ Yoast SEO plugin. -->","yoast_head_json":{"title":"\u0410\u0434\u043e\u043b\u044c\u0444 \u0428\u0430\u0440\u043b\u044c \u0410\u0434\u0430\u043d - \u041e\u0440\u043a\u0435\u0441\u0442\u0440 \u0411\u043e\u043b\u044c\u0448\u043e\u0433\u043e \u0422\u0435\u0430\u0442\u0440\u0430 \u0421\u0421\u0421\u0420, \u0410\u043b\u044c\u0433\u0438\u0441 \u0416\u044e\u0440\u0430\u0439\u0442\u0438\u0441 \u2013 \u0416\u0438\u0437\u0435\u043b\u044c Vinilin\u0117 Plok\u0161tel\u0117 | Vinilozona.lt","robots":{"index":"index","follow":"follow","max-snippet":"max-snippet:-1","max-image-preview":"max-image-preview:large","max-video-preview":"max-video-preview:-1"},"canonical":"https:\/\/vinilozona.lt\/en\/parduotuve\/classic\/\u0430\u0434\u043e\u043b\u044c\u0444-\u0448\u0430\u0440\u043b\u044c-\u0430\u0434\u0430\u043d-\u043e\u0440\u043a\u0435\u0441\u0442\u0440-\u0431\u043e\u043b\u044c\u0448\u043e\u0433\u043e-\u0442\u0435\/","og_locale":"en_GB","og_type":"article","og_title":"\u0410\u0434\u043e\u043b\u044c\u0444 \u0428\u0430\u0440\u043b\u044c \u0410\u0434\u0430\u043d - \u041e\u0440\u043a\u0435\u0441\u0442\u0440 \u0411\u043e\u043b\u044c\u0448\u043e\u0433\u043e \u0422\u0435\u0430\u0442\u0440\u0430 \u0421\u0421\u0421\u0420, \u0410\u043b\u044c\u0433\u0438\u0441 \u0416\u044e\u0440\u0430\u0439\u0442\u0438\u0441 \u2013 \u0416\u0438\u0437\u0435\u043b\u044c Vinilin\u0117 Plok\u0161tel\u0117 | Vinilozona.lt","og_description":"\u041c\u0435\u043b\u043e\u0434\u0438\u044f \u2013 33 \u0421\u041c 03231-34 Format: 2 x Vinyl, LP, Album, Stereo Box Set Country: USSR Released: 1984","og_url":"https:\/\/vinilozona.lt\/en\/parduotuve\/classic\/\u0430\u0434\u043e\u043b\u044c\u0444-\u0448\u0430\u0440\u043b\u044c-\u0430\u0434\u0430\u043d-\u043e\u0440\u043a\u0435\u0441\u0442\u0440-\u0431\u043e\u043b\u044c\u0448\u043e\u0433\u043e-\u0442\u0435\/","og_site_name":"Vinilo Zona","article_modified_time":"2026-03-15T12:47:06+00:00","og_image":[{"width":1920,"height":2560,"url":"https:\/\/vinilozona.lt\/wp-content\/uploads\/2026\/03\/20260303_102726-scaled.jpg","type":"image\/jpeg"}],"twitter_card":"summary_large_image","twitter_misc":{"Estimated reading time":"1 minute"},"schema":{"@context":"https:\/\/schema.org","@graph":[{"@type":"WebPage","@id":"https:\/\/vinilozona.lt\/parduotuve\/classic\/%d0%b0%d0%b4%d0%be%d0%bb%d1%8c%d1%84-%d1%88%d0%b0%d1%80%d0%bb%d1%8c-%d0%b0%d0%b4%d0%b0%d0%bd-%d0%be%d1%80%d0%ba%d0%b5%d1%81%d1%82%d1%80-%d0%b1%d0%be%d0%bb%d1%8c%d1%88%d0%be%d0%b3%d0%be-%d1%82%d0%b5\/","url":"https:\/\/vinilozona.lt\/parduotuve\/classic\/%d0%b0%d0%b4%d0%be%d0%bb%d1%8c%d1%84-%d1%88%d0%b0%d1%80%d0%bb%d1%8c-%d0%b0%d0%b4%d0%b0%d0%bd-%d0%be%d1%80%d0%ba%d0%b5%d1%81%d1%82%d1%80-%d0%b1%d0%be%d0%bb%d1%8c%d1%88%d0%be%d0%b3%d0%be-%d1%82%d0%b5\/","name":"\u0410\u0434\u043e\u043b\u044c\u0444 \u0428\u0430\u0440\u043b\u044c \u0410\u0434\u0430\u043d - \u041e\u0440\u043a\u0435\u0441\u0442\u0440 \u0411\u043e\u043b\u044c\u0448\u043e\u0433\u043e \u0422\u0435\u0430\u0442\u0440\u0430 \u0421\u0421\u0421\u0420, \u0410\u043b\u044c\u0433\u0438\u0441 \u0416\u044e\u0440\u0430\u0439\u0442\u0438\u0441 \u2013 \u0416\u0438\u0437\u0435\u043b\u044c Vinilin\u0117 Plok\u0161tel\u0117 | Vinilozona.lt","isPartOf":{"@id":"https:\/\/vinilozona.lt\/#website"},"primaryImageOfPage":{"@id":"https:\/\/vinilozona.lt\/parduotuve\/classic\/%d0%b0%d0%b4%d0%be%d0%bb%d1%8c%d1%84-%d1%88%d0%b0%d1%80%d0%bb%d1%8c-%d0%b0%d0%b4%d0%b0%d0%bd-%d0%be%d1%80%d0%ba%d0%b5%d1%81%d1%82%d1%80-%d0%b1%d0%be%d0%bb%d1%8c%d1%88%d0%be%d0%b3%d0%be-%d1%82%d0%b5\/#primaryimage"},"image":{"@id":"https:\/\/vinilozona.lt\/parduotuve\/classic\/%d0%b0%d0%b4%d0%be%d0%bb%d1%8c%d1%84-%d1%88%d0%b0%d1%80%d0%bb%d1%8c-%d0%b0%d0%b4%d0%b0%d0%bd-%d0%be%d1%80%d0%ba%d0%b5%d1%81%d1%82%d1%80-%d0%b1%d0%be%d0%bb%d1%8c%d1%88%d0%be%d0%b3%d0%be-%d1%82%d0%b5\/#primaryimage"},"thumbnailUrl":"https:\/\/vinilozona.lt\/wp-content\/uploads\/2026\/03\/20260303_102726-scaled.jpg","datePublished":"2026-03-03T03:15:14+00:00","dateModified":"2026-03-15T12:47:06+00:00","breadcrumb":{"@id":"https:\/\/vinilozona.lt\/parduotuve\/classic\/%d0%b0%d0%b4%d0%be%d0%bb%d1%8c%d1%84-%d1%88%d0%b0%d1%80%d0%bb%d1%8c-%d0%b0%d0%b4%d0%b0%d0%bd-%d0%be%d1%80%d0%ba%d0%b5%d1%81%d1%82%d1%80-%d0%b1%d0%be%d0%bb%d1%8c%d1%88%d0%be%d0%b3%d0%be-%d1%82%d0%b5\/#breadcrumb"},"inLanguage":"en-GB","potentialAction":[{"@type":"ReadAction","target":["https:\/\/vinilozona.lt\/parduotuve\/classic\/%d0%b0%d0%b4%d0%be%d0%bb%d1%8c%d1%84-%d1%88%d0%b0%d1%80%d0%bb%d1%8c-%d0%b0%d0%b4%d0%b0%d0%bd-%d0%be%d1%80%d0%ba%d0%b5%d1%81%d1%82%d1%80-%d0%b1%d0%be%d0%bb%d1%8c%d1%88%d0%be%d0%b3%d0%be-%d1%82%d0%b5\/"]}]},{"@type":"ImageObject","inLanguage":"en-GB","@id":"https:\/\/vinilozona.lt\/parduotuve\/classic\/%d0%b0%d0%b4%d0%be%d0%bb%d1%8c%d1%84-%d1%88%d0%b0%d1%80%d0%bb%d1%8c-%d0%b0%d0%b4%d0%b0%d0%bd-%d0%be%d1%80%d0%ba%d0%b5%d1%81%d1%82%d1%80-%d0%b1%d0%be%d0%bb%d1%8c%d1%88%d0%be%d0%b3%d0%be-%d1%82%d0%b5\/#primaryimage","url":"https:\/\/vinilozona.lt\/wp-content\/uploads\/2026\/03\/20260303_102726-scaled.jpg","contentUrl":"https:\/\/vinilozona.lt\/wp-content\/uploads\/2026\/03\/20260303_102726-scaled.jpg","width":1920,"height":2560},{"@type":"BreadcrumbList","@id":"https:\/\/vinilozona.lt\/parduotuve\/classic\/%d0%b0%d0%b4%d0%be%d0%bb%d1%8c%d1%84-%d1%88%d0%b0%d1%80%d0%bb%d1%8c-%d0%b0%d0%b4%d0%b0%d0%bd-%d0%be%d1%80%d0%ba%d0%b5%d1%81%d1%82%d1%80-%d0%b1%d0%be%d0%bb%d1%8c%d1%88%d0%be%d0%b3%d0%be-%d1%82%d0%b5\/#breadcrumb","itemListElement":[{"@type":"ListItem","position":1,"name":"Home","item":"https:\/\/vinilozona.lt\/"},{"@type":"ListItem","position":2,"name":"Parduotuv\u0117","item":"https:\/\/vinilozona.lt\/parduotuve\/"},{"@type":"ListItem","position":3,"name":"\u0410\u0434\u043e\u043b\u044c\u0444 \u0428\u0430\u0440\u043b\u044c \u0410\u0434\u0430\u043d &#8211; \u041e\u0440\u043a\u0435\u0441\u0442\u0440 \u0411\u043e\u043b\u044c\u0448\u043e\u0433\u043e \u0422\u0435\u0430\u0442\u0440\u0430 \u0421\u0421\u0421\u0420, \u0410\u043b\u044c\u0433\u0438\u0441 \u0416\u044e\u0440\u0430\u0439\u0442\u0438\u0441 \u2013 \u0416\u0438\u0437\u0435\u043b\u044c"}]},{"@type":"WebSite","@id":"https:\/\/vinilozona.lt\/#website","url":"https:\/\/vinilozona.lt\/","name":"Vinilo Zona","description":"Nup\u016bsk dulkes ir klausyk LP","potentialAction":[{"@type":"SearchAction","target":{"@type":"EntryPoint","urlTemplate":"https:\/\/vinilozona.lt\/?s={search_term_string}"},"query-input":{"@type":"PropertyValueSpecification","valueRequired":true,"valueName":"search_term_string"}}],"inLanguage":"en-GB"}]}},"_links":{"self":[{"href":"https:\/\/vinilozona.lt\/en\/wp-json\/wp\/v2\/product\/30583"}],"collection":[{"href":"https:\/\/vinilozona.lt\/en\/wp-json\/wp\/v2\/product"}],"about":[{"href":"https:\/\/vinilozona.lt\/en\/wp-json\/wp\/v2\/types\/product"}],"wp:featuredmedia":[{"embeddable":true,"href":"https:\/\/vinilozona.lt\/en\/wp-json\/wp\/v2\/media\/30584"}],"wp:attachment":[{"href":"https:\/\/vinilozona.lt\/en\/wp-json\/wp\/v2\/media?parent=30583"}],"wp:term":[{"taxonomy":"product_cat","embeddable":true,"href":"https:\/\/vinilozona.lt\/en\/wp-json\/wp\/v2\/product_cat?post=30583"},{"taxonomy":"product_tag","embeddable":true,"href":"https:\/\/vinilozona.lt\/en\/wp-json\/wp\/v2\/product_tag?post=30583"}],"curies":[{"name":"wp","href":"https:\/\/api.w.org\/{rel}","templated":true}]}}