{"id":30502,"date":"2026-03-09T05:21:57","date_gmt":"2026-03-09T03:21:57","guid":{"rendered":"https:\/\/vinilozona.lt\/?post_type=product&#038;p=30502"},"modified":"2026-03-13T12:18:37","modified_gmt":"2026-03-13T10:18:37","slug":"albert-mangelsdorff-quintet-now-jazz-ramwong","status":"publish","type":"product","link":"https:\/\/vinilozona.lt\/en\/parduotuve\/jazz\/albert-mangelsdorff-quintet-now-jazz-ramwong\/","title":{"rendered":"Albert Mangelsdorff Quintet \u2013 Now Jazz Ramwong"},"content":{"rendered":"<p>A1\t\tNow Jazz Ramwong 8:58<br \/>\nA2\t\tSakura Waltz (Japanese Cherry Blossom Song) 3:24<br \/>\nA3\t\tBlue Fanfare 6:40<br \/>\nB1\t\tThree Jazz Moods 6:10<br \/>\nB2\t\tBurungkaka (Indonesian-Malaysian Folk Song) 3:26<br \/>\nB3\t\tRaknash 4:41<br \/>\nB4\t\tTheme From Vietnam 0:56<br \/>\nB5\t\tEs Sungen Drei Engel (German Folk Song From The 13th Century) 7:33<\/p>","protected":false},"excerpt":{"rendered":"<p>Label:<br \/>\nTiger Bay \u2013 TB6171<br \/>\nFormat:<br \/>\nVinyl, LP, Album, Reissue, Remastered, 180g<br \/>\nCountry: UK<br \/>\nReleased: 2018<br \/>\nGenre: Jazz<br \/>\nStyle: Avant-garde Jazz, Post Bop<\/p>","protected":false},"featured_media":30503,"template":"","meta":[],"product_cat":[20,23],"product_tag":[55],"yoast_head":"<!-- This site is optimized with the Yoast SEO plugin v23.5 - https:\/\/yoast.com\/wordpress\/plugins\/seo\/ -->\n<title>Albert Mangelsdorff Quintet \u2013 Now Jazz Ramwong Vinilin\u0117 Plok\u0161tel\u0117 | Vinilozona.lt<\/title>\n<meta name=\"robots\" content=\"index, follow, max-snippet:-1, max-image-preview:large, max-video-preview:-1\" \/>\n<link rel=\"canonical\" href=\"https:\/\/vinilozona.lt\/en\/parduotuve\/jazz\/albert-mangelsdorff-quintet-now-jazz-ramwong\/\" \/>\n<meta property=\"og:locale\" content=\"en_GB\" \/>\n<meta property=\"og:type\" content=\"article\" \/>\n<meta property=\"og:title\" content=\"Albert Mangelsdorff Quintet \u2013 Now Jazz Ramwong Vinilin\u0117 Plok\u0161tel\u0117 | Vinilozona.lt\" \/>\n<meta property=\"og:description\" content=\"Label: Tiger Bay \u2013 TB6171 Format: Vinyl, LP, Album, Reissue, Remastered, 180g Country: UK Released: 2018 Genre: Jazz Style: Avant-garde Jazz, Post Bop\" \/>\n<meta property=\"og:url\" content=\"https:\/\/vinilozona.lt\/en\/parduotuve\/jazz\/albert-mangelsdorff-quintet-now-jazz-ramwong\/\" \/>\n<meta property=\"og:site_name\" content=\"Vinilo Zona\" \/>\n<meta property=\"article:modified_time\" content=\"2026-03-13T10:18:37+00:00\" \/>\n<meta property=\"og:image\" content=\"https:\/\/vinilozona.lt\/wp-content\/uploads\/2026\/02\/R-11430064-1516189631-2891.jpg\" \/>\n\t<meta property=\"og:image:width\" content=\"432\" \/>\n\t<meta property=\"og:image:height\" content=\"436\" \/>\n\t<meta property=\"og:image:type\" content=\"image\/jpeg\" \/>\n<meta name=\"twitter:card\" content=\"summary_large_image\" \/>\n<meta name=\"twitter:label1\" content=\"Estimated reading time\" \/>\n\t<meta name=\"twitter:data1\" content=\"1 minute\" \/>\n<script type=\"application\/ld+json\" class=\"yoast-schema-graph\">{\"@context\":\"https:\/\/schema.org\",\"@graph\":[{\"@type\":\"WebPage\",\"@id\":\"https:\/\/vinilozona.lt\/parduotuve\/jazz\/albert-mangelsdorff-quintet-now-jazz-ramwong\/\",\"url\":\"https:\/\/vinilozona.lt\/parduotuve\/jazz\/albert-mangelsdorff-quintet-now-jazz-ramwong\/\",\"name\":\"Albert Mangelsdorff Quintet \u2013 Now Jazz Ramwong Vinilin\u0117 Plok\u0161tel\u0117 | Vinilozona.lt\",\"isPartOf\":{\"@id\":\"https:\/\/vinilozona.lt\/#website\"},\"primaryImageOfPage\":{\"@id\":\"https:\/\/vinilozona.lt\/parduotuve\/jazz\/albert-mangelsdorff-quintet-now-jazz-ramwong\/#primaryimage\"},\"image\":{\"@id\":\"https:\/\/vinilozona.lt\/parduotuve\/jazz\/albert-mangelsdorff-quintet-now-jazz-ramwong\/#primaryimage\"},\"thumbnailUrl\":\"https:\/\/vinilozona.lt\/wp-content\/uploads\/2026\/02\/R-11430064-1516189631-2891.jpg\",\"datePublished\":\"2026-03-09T03:21:57+00:00\",\"dateModified\":\"2026-03-13T10:18:37+00:00\",\"breadcrumb\":{\"@id\":\"https:\/\/vinilozona.lt\/parduotuve\/jazz\/albert-mangelsdorff-quintet-now-jazz-ramwong\/#breadcrumb\"},\"inLanguage\":\"en-GB\",\"potentialAction\":[{\"@type\":\"ReadAction\",\"target\":[\"https:\/\/vinilozona.lt\/parduotuve\/jazz\/albert-mangelsdorff-quintet-now-jazz-ramwong\/\"]}]},{\"@type\":\"ImageObject\",\"inLanguage\":\"en-GB\",\"@id\":\"https:\/\/vinilozona.lt\/parduotuve\/jazz\/albert-mangelsdorff-quintet-now-jazz-ramwong\/#primaryimage\",\"url\":\"https:\/\/vinilozona.lt\/wp-content\/uploads\/2026\/02\/R-11430064-1516189631-2891.jpg\",\"contentUrl\":\"https:\/\/vinilozona.lt\/wp-content\/uploads\/2026\/02\/R-11430064-1516189631-2891.jpg\",\"width\":432,\"height\":436},{\"@type\":\"BreadcrumbList\",\"@id\":\"https:\/\/vinilozona.lt\/parduotuve\/jazz\/albert-mangelsdorff-quintet-now-jazz-ramwong\/#breadcrumb\",\"itemListElement\":[{\"@type\":\"ListItem\",\"position\":1,\"name\":\"Home\",\"item\":\"https:\/\/vinilozona.lt\/\"},{\"@type\":\"ListItem\",\"position\":2,\"name\":\"Parduotuv\u0117\",\"item\":\"https:\/\/vinilozona.lt\/parduotuve\/\"},{\"@type\":\"ListItem\",\"position\":3,\"name\":\"Albert Mangelsdorff Quintet \u2013 Now Jazz Ramwong\"}]},{\"@type\":\"WebSite\",\"@id\":\"https:\/\/vinilozona.lt\/#website\",\"url\":\"https:\/\/vinilozona.lt\/\",\"name\":\"Vinilo Zona\",\"description\":\"Nup\u016bsk dulkes ir klausyk LP\",\"potentialAction\":[{\"@type\":\"SearchAction\",\"target\":{\"@type\":\"EntryPoint\",\"urlTemplate\":\"https:\/\/vinilozona.lt\/?s={search_term_string}\"},\"query-input\":{\"@type\":\"PropertyValueSpecification\",\"valueRequired\":true,\"valueName\":\"search_term_string\"}}],\"inLanguage\":\"en-GB\"}]}<\/script>\n<!-- \/ Yoast SEO plugin. -->","yoast_head_json":{"title":"Albert Mangelsdorff Quintet \u2013 Now Jazz Ramwong Vinilin\u0117 Plok\u0161tel\u0117 | Vinilozona.lt","robots":{"index":"index","follow":"follow","max-snippet":"max-snippet:-1","max-image-preview":"max-image-preview:large","max-video-preview":"max-video-preview:-1"},"canonical":"https:\/\/vinilozona.lt\/en\/parduotuve\/jazz\/albert-mangelsdorff-quintet-now-jazz-ramwong\/","og_locale":"en_GB","og_type":"article","og_title":"Albert Mangelsdorff Quintet \u2013 Now Jazz Ramwong Vinilin\u0117 Plok\u0161tel\u0117 | Vinilozona.lt","og_description":"Label: Tiger Bay \u2013 TB6171 Format: Vinyl, LP, Album, Reissue, Remastered, 180g Country: UK Released: 2018 Genre: Jazz Style: Avant-garde Jazz, Post Bop","og_url":"https:\/\/vinilozona.lt\/en\/parduotuve\/jazz\/albert-mangelsdorff-quintet-now-jazz-ramwong\/","og_site_name":"Vinilo Zona","article_modified_time":"2026-03-13T10:18:37+00:00","og_image":[{"width":432,"height":436,"url":"https:\/\/vinilozona.lt\/wp-content\/uploads\/2026\/02\/R-11430064-1516189631-2891.jpg","type":"image\/jpeg"}],"twitter_card":"summary_large_image","twitter_misc":{"Estimated reading time":"1 minute"},"schema":{"@context":"https:\/\/schema.org","@graph":[{"@type":"WebPage","@id":"https:\/\/vinilozona.lt\/parduotuve\/jazz\/albert-mangelsdorff-quintet-now-jazz-ramwong\/","url":"https:\/\/vinilozona.lt\/parduotuve\/jazz\/albert-mangelsdorff-quintet-now-jazz-ramwong\/","name":"Albert Mangelsdorff Quintet \u2013 Now Jazz Ramwong Vinilin\u0117 Plok\u0161tel\u0117 | Vinilozona.lt","isPartOf":{"@id":"https:\/\/vinilozona.lt\/#website"},"primaryImageOfPage":{"@id":"https:\/\/vinilozona.lt\/parduotuve\/jazz\/albert-mangelsdorff-quintet-now-jazz-ramwong\/#primaryimage"},"image":{"@id":"https:\/\/vinilozona.lt\/parduotuve\/jazz\/albert-mangelsdorff-quintet-now-jazz-ramwong\/#primaryimage"},"thumbnailUrl":"https:\/\/vinilozona.lt\/wp-content\/uploads\/2026\/02\/R-11430064-1516189631-2891.jpg","datePublished":"2026-03-09T03:21:57+00:00","dateModified":"2026-03-13T10:18:37+00:00","breadcrumb":{"@id":"https:\/\/vinilozona.lt\/parduotuve\/jazz\/albert-mangelsdorff-quintet-now-jazz-ramwong\/#breadcrumb"},"inLanguage":"en-GB","potentialAction":[{"@type":"ReadAction","target":["https:\/\/vinilozona.lt\/parduotuve\/jazz\/albert-mangelsdorff-quintet-now-jazz-ramwong\/"]}]},{"@type":"ImageObject","inLanguage":"en-GB","@id":"https:\/\/vinilozona.lt\/parduotuve\/jazz\/albert-mangelsdorff-quintet-now-jazz-ramwong\/#primaryimage","url":"https:\/\/vinilozona.lt\/wp-content\/uploads\/2026\/02\/R-11430064-1516189631-2891.jpg","contentUrl":"https:\/\/vinilozona.lt\/wp-content\/uploads\/2026\/02\/R-11430064-1516189631-2891.jpg","width":432,"height":436},{"@type":"BreadcrumbList","@id":"https:\/\/vinilozona.lt\/parduotuve\/jazz\/albert-mangelsdorff-quintet-now-jazz-ramwong\/#breadcrumb","itemListElement":[{"@type":"ListItem","position":1,"name":"Home","item":"https:\/\/vinilozona.lt\/"},{"@type":"ListItem","position":2,"name":"Parduotuv\u0117","item":"https:\/\/vinilozona.lt\/parduotuve\/"},{"@type":"ListItem","position":3,"name":"Albert Mangelsdorff Quintet \u2013 Now Jazz Ramwong"}]},{"@type":"WebSite","@id":"https:\/\/vinilozona.lt\/#website","url":"https:\/\/vinilozona.lt\/","name":"Vinilo Zona","description":"Nup\u016bsk dulkes ir klausyk LP","potentialAction":[{"@type":"SearchAction","target":{"@type":"EntryPoint","urlTemplate":"https:\/\/vinilozona.lt\/?s={search_term_string}"},"query-input":{"@type":"PropertyValueSpecification","valueRequired":true,"valueName":"search_term_string"}}],"inLanguage":"en-GB"}]}},"_links":{"self":[{"href":"https:\/\/vinilozona.lt\/en\/wp-json\/wp\/v2\/product\/30502"}],"collection":[{"href":"https:\/\/vinilozona.lt\/en\/wp-json\/wp\/v2\/product"}],"about":[{"href":"https:\/\/vinilozona.lt\/en\/wp-json\/wp\/v2\/types\/product"}],"wp:featuredmedia":[{"embeddable":true,"href":"https:\/\/vinilozona.lt\/en\/wp-json\/wp\/v2\/media\/30503"}],"wp:attachment":[{"href":"https:\/\/vinilozona.lt\/en\/wp-json\/wp\/v2\/media?parent=30502"}],"wp:term":[{"taxonomy":"product_cat","embeddable":true,"href":"https:\/\/vinilozona.lt\/en\/wp-json\/wp\/v2\/product_cat?post=30502"},{"taxonomy":"product_tag","embeddable":true,"href":"https:\/\/vinilozona.lt\/en\/wp-json\/wp\/v2\/product_tag?post=30502"}],"curies":[{"name":"wp","href":"https:\/\/api.w.org\/{rel}","templated":true}]}}