{"id":30469,"date":"2026-02-19T05:10:52","date_gmt":"2026-02-19T03:10:52","guid":{"rendered":"https:\/\/vinilozona.lt\/?post_type=product&#038;p=30469"},"modified":"2026-02-19T07:03:51","modified_gmt":"2026-02-19T05:03:51","slug":"louis-armstrong-satchmos-all-time-greatest-hits-2lp","status":"publish","type":"product","link":"https:\/\/vinilozona.lt\/en\/parduotuve\/jazz\/louis-armstrong-satchmos-all-time-greatest-hits-2lp\/","title":{"rendered":"Louis Armstrong \u2013 Satchmo&#8217;s All-Time Greatest Hits 2lp"},"content":{"rendered":"<p>Black And Blue\t3:57<br \/>\nI&#8217;m Confessin&#8217; That I Love You\t4:10<br \/>\nUp The Lazy River\t3:10<br \/>\nYou Rascal You\t3:35<br \/>\nSave It, Pretty Mama\t3:00<br \/>\nAin&#8217;t Misbehavin&#8217;\t3:15<br \/>\nStruttin&#8217; With Some Barbecue\t1:50<br \/>\nDippermouth Blues (Sugar Foot Stomp)\t2:10<br \/>\nMahagony Hall Stomp\t2:50<br \/>\nMuskrat Ramble\t2:00<br \/>\nSt. Louis Blues\t2:55<br \/>\nRockin&#8217; Chair\t4:30<br \/>\nTiger Rag\t4:35<br \/>\nBack O&#8217; Town Blues\t3:47<br \/>\nBasin Street Blues\t4:30<br \/>\nOn The Sunny Side Of The Street\t2:54<br \/>\nDo You Know What It Means To Miss New Orleans\t3:25<br \/>\nGotta Right To Sing The Blues\t3:40<br \/>\nWhen The Saints Go Marchin&#8217; In\t2:40<br \/>\nSwing That Music\t2:45<br \/>\nLazy River\t3:35<br \/>\nSome Day You&#8217;ll Be Sorry\t3:10<br \/>\nPanama\t4:05<br \/>\nJeepers Creepers\t2:37<\/p>","protected":false},"excerpt":{"rendered":"<p>Historia  \u2013 2 &#8211; 761<br \/>\nSeries:<br \/>\nTop Classic Historia \u2013 TCH 2-761<br \/>\nFormat:<br \/>\n2 x Vinyl, LP, Compilation, Stereo<br \/>\nCountry:<br \/>\nGermany<br \/>\nReleased:<br \/>\n1980<\/p>","protected":false},"featured_media":30472,"template":"","meta":[],"product_cat":[20],"product_tag":[44],"yoast_head":"<!-- This site is optimized with the Yoast SEO plugin v23.5 - https:\/\/yoast.com\/wordpress\/plugins\/seo\/ -->\n<title>Louis Armstrong \u2013 Satchmo&#039;s All-Time Greatest Hits 2lp Vinilin\u0117 Plok\u0161tel\u0117 | Vinilozona.lt<\/title>\n<meta name=\"robots\" content=\"index, follow, max-snippet:-1, max-image-preview:large, max-video-preview:-1\" \/>\n<link rel=\"canonical\" href=\"https:\/\/vinilozona.lt\/en\/parduotuve\/jazz\/louis-armstrong-satchmos-all-time-greatest-hits-2lp\/\" \/>\n<meta property=\"og:locale\" content=\"en_GB\" \/>\n<meta property=\"og:type\" content=\"article\" \/>\n<meta property=\"og:title\" content=\"Louis Armstrong \u2013 Satchmo&#039;s All-Time Greatest Hits 2lp Vinilin\u0117 Plok\u0161tel\u0117 | Vinilozona.lt\" \/>\n<meta property=\"og:description\" content=\"Historia \u2013 2 - 761 Series: Top Classic Historia \u2013 TCH 2-761 Format: 2 x Vinyl, LP, Compilation, Stereo Country: Germany Released: 1980\" \/>\n<meta property=\"og:url\" content=\"https:\/\/vinilozona.lt\/en\/parduotuve\/jazz\/louis-armstrong-satchmos-all-time-greatest-hits-2lp\/\" \/>\n<meta property=\"og:site_name\" content=\"Vinilo Zona\" \/>\n<meta property=\"article:modified_time\" content=\"2026-02-19T05:03:51+00:00\" \/>\n<meta property=\"og:image\" content=\"https:\/\/vinilozona.lt\/wp-content\/uploads\/2026\/02\/R-3452621-1415403425-1056.jpg\" \/>\n\t<meta property=\"og:image:width\" content=\"570\" \/>\n\t<meta property=\"og:image:height\" content=\"599\" \/>\n\t<meta property=\"og:image:type\" content=\"image\/jpeg\" \/>\n<meta name=\"twitter:card\" content=\"summary_large_image\" \/>\n<meta name=\"twitter:label1\" content=\"Estimated reading time\" \/>\n\t<meta name=\"twitter:data1\" content=\"1 minute\" \/>\n<script type=\"application\/ld+json\" class=\"yoast-schema-graph\">{\"@context\":\"https:\/\/schema.org\",\"@graph\":[{\"@type\":\"WebPage\",\"@id\":\"https:\/\/vinilozona.lt\/parduotuve\/jazz\/louis-armstrong-satchmos-all-time-greatest-hits-2lp\/\",\"url\":\"https:\/\/vinilozona.lt\/parduotuve\/jazz\/louis-armstrong-satchmos-all-time-greatest-hits-2lp\/\",\"name\":\"Louis Armstrong \u2013 Satchmo's All-Time Greatest Hits 2lp Vinilin\u0117 Plok\u0161tel\u0117 | Vinilozona.lt\",\"isPartOf\":{\"@id\":\"https:\/\/vinilozona.lt\/#website\"},\"primaryImageOfPage\":{\"@id\":\"https:\/\/vinilozona.lt\/parduotuve\/jazz\/louis-armstrong-satchmos-all-time-greatest-hits-2lp\/#primaryimage\"},\"image\":{\"@id\":\"https:\/\/vinilozona.lt\/parduotuve\/jazz\/louis-armstrong-satchmos-all-time-greatest-hits-2lp\/#primaryimage\"},\"thumbnailUrl\":\"https:\/\/vinilozona.lt\/wp-content\/uploads\/2026\/02\/R-3452621-1415403425-1056.jpg\",\"datePublished\":\"2026-02-19T03:10:52+00:00\",\"dateModified\":\"2026-02-19T05:03:51+00:00\",\"breadcrumb\":{\"@id\":\"https:\/\/vinilozona.lt\/parduotuve\/jazz\/louis-armstrong-satchmos-all-time-greatest-hits-2lp\/#breadcrumb\"},\"inLanguage\":\"en-GB\",\"potentialAction\":[{\"@type\":\"ReadAction\",\"target\":[\"https:\/\/vinilozona.lt\/parduotuve\/jazz\/louis-armstrong-satchmos-all-time-greatest-hits-2lp\/\"]}]},{\"@type\":\"ImageObject\",\"inLanguage\":\"en-GB\",\"@id\":\"https:\/\/vinilozona.lt\/parduotuve\/jazz\/louis-armstrong-satchmos-all-time-greatest-hits-2lp\/#primaryimage\",\"url\":\"https:\/\/vinilozona.lt\/wp-content\/uploads\/2026\/02\/R-3452621-1415403425-1056.jpg\",\"contentUrl\":\"https:\/\/vinilozona.lt\/wp-content\/uploads\/2026\/02\/R-3452621-1415403425-1056.jpg\",\"width\":570,\"height\":599},{\"@type\":\"BreadcrumbList\",\"@id\":\"https:\/\/vinilozona.lt\/parduotuve\/jazz\/louis-armstrong-satchmos-all-time-greatest-hits-2lp\/#breadcrumb\",\"itemListElement\":[{\"@type\":\"ListItem\",\"position\":1,\"name\":\"Home\",\"item\":\"https:\/\/vinilozona.lt\/\"},{\"@type\":\"ListItem\",\"position\":2,\"name\":\"Parduotuv\u0117\",\"item\":\"https:\/\/vinilozona.lt\/parduotuve\/\"},{\"@type\":\"ListItem\",\"position\":3,\"name\":\"Louis Armstrong \u2013 Satchmo&#8217;s All-Time Greatest Hits 2lp\"}]},{\"@type\":\"WebSite\",\"@id\":\"https:\/\/vinilozona.lt\/#website\",\"url\":\"https:\/\/vinilozona.lt\/\",\"name\":\"Vinilo Zona\",\"description\":\"Nup\u016bsk dulkes ir klausyk LP\",\"potentialAction\":[{\"@type\":\"SearchAction\",\"target\":{\"@type\":\"EntryPoint\",\"urlTemplate\":\"https:\/\/vinilozona.lt\/?s={search_term_string}\"},\"query-input\":{\"@type\":\"PropertyValueSpecification\",\"valueRequired\":true,\"valueName\":\"search_term_string\"}}],\"inLanguage\":\"en-GB\"}]}<\/script>\n<!-- \/ Yoast SEO plugin. -->","yoast_head_json":{"title":"Louis Armstrong \u2013 Satchmo's All-Time Greatest Hits 2lp Vinilin\u0117 Plok\u0161tel\u0117 | Vinilozona.lt","robots":{"index":"index","follow":"follow","max-snippet":"max-snippet:-1","max-image-preview":"max-image-preview:large","max-video-preview":"max-video-preview:-1"},"canonical":"https:\/\/vinilozona.lt\/en\/parduotuve\/jazz\/louis-armstrong-satchmos-all-time-greatest-hits-2lp\/","og_locale":"en_GB","og_type":"article","og_title":"Louis Armstrong \u2013 Satchmo's All-Time Greatest Hits 2lp Vinilin\u0117 Plok\u0161tel\u0117 | Vinilozona.lt","og_description":"Historia \u2013 2 - 761 Series: Top Classic Historia \u2013 TCH 2-761 Format: 2 x Vinyl, LP, Compilation, Stereo Country: Germany Released: 1980","og_url":"https:\/\/vinilozona.lt\/en\/parduotuve\/jazz\/louis-armstrong-satchmos-all-time-greatest-hits-2lp\/","og_site_name":"Vinilo Zona","article_modified_time":"2026-02-19T05:03:51+00:00","og_image":[{"width":570,"height":599,"url":"https:\/\/vinilozona.lt\/wp-content\/uploads\/2026\/02\/R-3452621-1415403425-1056.jpg","type":"image\/jpeg"}],"twitter_card":"summary_large_image","twitter_misc":{"Estimated reading time":"1 minute"},"schema":{"@context":"https:\/\/schema.org","@graph":[{"@type":"WebPage","@id":"https:\/\/vinilozona.lt\/parduotuve\/jazz\/louis-armstrong-satchmos-all-time-greatest-hits-2lp\/","url":"https:\/\/vinilozona.lt\/parduotuve\/jazz\/louis-armstrong-satchmos-all-time-greatest-hits-2lp\/","name":"Louis Armstrong \u2013 Satchmo's All-Time Greatest Hits 2lp Vinilin\u0117 Plok\u0161tel\u0117 | Vinilozona.lt","isPartOf":{"@id":"https:\/\/vinilozona.lt\/#website"},"primaryImageOfPage":{"@id":"https:\/\/vinilozona.lt\/parduotuve\/jazz\/louis-armstrong-satchmos-all-time-greatest-hits-2lp\/#primaryimage"},"image":{"@id":"https:\/\/vinilozona.lt\/parduotuve\/jazz\/louis-armstrong-satchmos-all-time-greatest-hits-2lp\/#primaryimage"},"thumbnailUrl":"https:\/\/vinilozona.lt\/wp-content\/uploads\/2026\/02\/R-3452621-1415403425-1056.jpg","datePublished":"2026-02-19T03:10:52+00:00","dateModified":"2026-02-19T05:03:51+00:00","breadcrumb":{"@id":"https:\/\/vinilozona.lt\/parduotuve\/jazz\/louis-armstrong-satchmos-all-time-greatest-hits-2lp\/#breadcrumb"},"inLanguage":"en-GB","potentialAction":[{"@type":"ReadAction","target":["https:\/\/vinilozona.lt\/parduotuve\/jazz\/louis-armstrong-satchmos-all-time-greatest-hits-2lp\/"]}]},{"@type":"ImageObject","inLanguage":"en-GB","@id":"https:\/\/vinilozona.lt\/parduotuve\/jazz\/louis-armstrong-satchmos-all-time-greatest-hits-2lp\/#primaryimage","url":"https:\/\/vinilozona.lt\/wp-content\/uploads\/2026\/02\/R-3452621-1415403425-1056.jpg","contentUrl":"https:\/\/vinilozona.lt\/wp-content\/uploads\/2026\/02\/R-3452621-1415403425-1056.jpg","width":570,"height":599},{"@type":"BreadcrumbList","@id":"https:\/\/vinilozona.lt\/parduotuve\/jazz\/louis-armstrong-satchmos-all-time-greatest-hits-2lp\/#breadcrumb","itemListElement":[{"@type":"ListItem","position":1,"name":"Home","item":"https:\/\/vinilozona.lt\/"},{"@type":"ListItem","position":2,"name":"Parduotuv\u0117","item":"https:\/\/vinilozona.lt\/parduotuve\/"},{"@type":"ListItem","position":3,"name":"Louis Armstrong \u2013 Satchmo&#8217;s All-Time Greatest Hits 2lp"}]},{"@type":"WebSite","@id":"https:\/\/vinilozona.lt\/#website","url":"https:\/\/vinilozona.lt\/","name":"Vinilo Zona","description":"Nup\u016bsk dulkes ir klausyk LP","potentialAction":[{"@type":"SearchAction","target":{"@type":"EntryPoint","urlTemplate":"https:\/\/vinilozona.lt\/?s={search_term_string}"},"query-input":{"@type":"PropertyValueSpecification","valueRequired":true,"valueName":"search_term_string"}}],"inLanguage":"en-GB"}]}},"_links":{"self":[{"href":"https:\/\/vinilozona.lt\/en\/wp-json\/wp\/v2\/product\/30469"}],"collection":[{"href":"https:\/\/vinilozona.lt\/en\/wp-json\/wp\/v2\/product"}],"about":[{"href":"https:\/\/vinilozona.lt\/en\/wp-json\/wp\/v2\/types\/product"}],"wp:featuredmedia":[{"embeddable":true,"href":"https:\/\/vinilozona.lt\/en\/wp-json\/wp\/v2\/media\/30472"}],"wp:attachment":[{"href":"https:\/\/vinilozona.lt\/en\/wp-json\/wp\/v2\/media?parent=30469"}],"wp:term":[{"taxonomy":"product_cat","embeddable":true,"href":"https:\/\/vinilozona.lt\/en\/wp-json\/wp\/v2\/product_cat?post=30469"},{"taxonomy":"product_tag","embeddable":true,"href":"https:\/\/vinilozona.lt\/en\/wp-json\/wp\/v2\/product_tag?post=30469"}],"curies":[{"name":"wp","href":"https:\/\/api.w.org\/{rel}","templated":true}]}}