{"id":30464,"date":"2026-02-17T05:02:37","date_gmt":"2026-02-17T03:02:37","guid":{"rendered":"https:\/\/vinilozona.lt\/?post_type=product&#038;p=30464"},"modified":"2026-02-17T06:54:23","modified_gmt":"2026-02-17T04:54:23","slug":"john-mayall-the-turning-point","status":"publish","type":"product","link":"https:\/\/vinilozona.lt\/en\/parduotuve\/rock-pop\/john-mayall-the-turning-point\/","title":{"rendered":"John Mayall &#8211; The Turning Point"},"content":{"rendered":"<p>The Laws Must Change\t6:13<br \/>\nSaw Mill Gulch Road\t4:38<br \/>\nI&#8217;m Gonna Fight For You J.B.\t5:11<br \/>\nSo Hard To Share\t6:43<br \/>\nCalifornia\t9:14<br \/>\nThoughts About Roxanne\t7:50<br \/>\nRoom To Move\t4:34<\/p>","protected":false},"excerpt":{"rendered":"<p>Polydor \u2013 184 308<br \/>\nFormat:<br \/>\nVinyl, LP, Album<br \/>\nCountry:<br \/>\nGermany<br \/>\nReleased:<br \/>\n1969<\/p>","protected":false},"featured_media":30465,"template":"","meta":[],"product_cat":[15],"product_tag":[44],"yoast_head":"<!-- This site is optimized with the Yoast SEO plugin v23.5 - https:\/\/yoast.com\/wordpress\/plugins\/seo\/ -->\n<title>John Mayall - The Turning Point Vinilin\u0117 Plok\u0161tel\u0117 | Vinilozona.lt<\/title>\n<meta name=\"robots\" content=\"index, follow, max-snippet:-1, max-image-preview:large, max-video-preview:-1\" \/>\n<link rel=\"canonical\" href=\"https:\/\/vinilozona.lt\/en\/parduotuve\/rock-pop\/john-mayall-the-turning-point\/\" \/>\n<meta property=\"og:locale\" content=\"en_GB\" \/>\n<meta property=\"og:type\" content=\"article\" \/>\n<meta property=\"og:title\" content=\"John Mayall - The Turning Point Vinilin\u0117 Plok\u0161tel\u0117 | Vinilozona.lt\" \/>\n<meta property=\"og:description\" content=\"Polydor \u2013 184 308 Format: Vinyl, LP, Album Country: Germany Released: 1969\" \/>\n<meta property=\"og:url\" content=\"https:\/\/vinilozona.lt\/en\/parduotuve\/rock-pop\/john-mayall-the-turning-point\/\" \/>\n<meta property=\"og:site_name\" content=\"Vinilo Zona\" \/>\n<meta property=\"article:modified_time\" content=\"2026-02-17T04:54:23+00:00\" \/>\n<meta property=\"og:image\" content=\"https:\/\/vinilozona.lt\/wp-content\/uploads\/2026\/02\/R-1165929-1465057324-4426.jpg\" \/>\n\t<meta property=\"og:image:width\" content=\"599\" \/>\n\t<meta property=\"og:image:height\" content=\"589\" \/>\n\t<meta property=\"og:image:type\" content=\"image\/jpeg\" \/>\n<meta name=\"twitter:card\" content=\"summary_large_image\" \/>\n<meta name=\"twitter:label1\" content=\"Estimated reading time\" \/>\n\t<meta name=\"twitter:data1\" content=\"1 minute\" \/>\n<script type=\"application\/ld+json\" class=\"yoast-schema-graph\">{\"@context\":\"https:\/\/schema.org\",\"@graph\":[{\"@type\":\"WebPage\",\"@id\":\"https:\/\/vinilozona.lt\/parduotuve\/rock-pop\/john-mayall-the-turning-point\/\",\"url\":\"https:\/\/vinilozona.lt\/parduotuve\/rock-pop\/john-mayall-the-turning-point\/\",\"name\":\"John Mayall - The Turning Point Vinilin\u0117 Plok\u0161tel\u0117 | Vinilozona.lt\",\"isPartOf\":{\"@id\":\"https:\/\/vinilozona.lt\/#website\"},\"primaryImageOfPage\":{\"@id\":\"https:\/\/vinilozona.lt\/parduotuve\/rock-pop\/john-mayall-the-turning-point\/#primaryimage\"},\"image\":{\"@id\":\"https:\/\/vinilozona.lt\/parduotuve\/rock-pop\/john-mayall-the-turning-point\/#primaryimage\"},\"thumbnailUrl\":\"https:\/\/vinilozona.lt\/wp-content\/uploads\/2026\/02\/R-1165929-1465057324-4426.jpg\",\"datePublished\":\"2026-02-17T03:02:37+00:00\",\"dateModified\":\"2026-02-17T04:54:23+00:00\",\"breadcrumb\":{\"@id\":\"https:\/\/vinilozona.lt\/parduotuve\/rock-pop\/john-mayall-the-turning-point\/#breadcrumb\"},\"inLanguage\":\"en-GB\",\"potentialAction\":[{\"@type\":\"ReadAction\",\"target\":[\"https:\/\/vinilozona.lt\/parduotuve\/rock-pop\/john-mayall-the-turning-point\/\"]}]},{\"@type\":\"ImageObject\",\"inLanguage\":\"en-GB\",\"@id\":\"https:\/\/vinilozona.lt\/parduotuve\/rock-pop\/john-mayall-the-turning-point\/#primaryimage\",\"url\":\"https:\/\/vinilozona.lt\/wp-content\/uploads\/2026\/02\/R-1165929-1465057324-4426.jpg\",\"contentUrl\":\"https:\/\/vinilozona.lt\/wp-content\/uploads\/2026\/02\/R-1165929-1465057324-4426.jpg\",\"width\":599,\"height\":589},{\"@type\":\"BreadcrumbList\",\"@id\":\"https:\/\/vinilozona.lt\/parduotuve\/rock-pop\/john-mayall-the-turning-point\/#breadcrumb\",\"itemListElement\":[{\"@type\":\"ListItem\",\"position\":1,\"name\":\"Home\",\"item\":\"https:\/\/vinilozona.lt\/\"},{\"@type\":\"ListItem\",\"position\":2,\"name\":\"Parduotuv\u0117\",\"item\":\"https:\/\/vinilozona.lt\/parduotuve\/\"},{\"@type\":\"ListItem\",\"position\":3,\"name\":\"John Mayall &#8211; The Turning Point\"}]},{\"@type\":\"WebSite\",\"@id\":\"https:\/\/vinilozona.lt\/#website\",\"url\":\"https:\/\/vinilozona.lt\/\",\"name\":\"Vinilo Zona\",\"description\":\"Nup\u016bsk dulkes ir klausyk LP\",\"potentialAction\":[{\"@type\":\"SearchAction\",\"target\":{\"@type\":\"EntryPoint\",\"urlTemplate\":\"https:\/\/vinilozona.lt\/?s={search_term_string}\"},\"query-input\":{\"@type\":\"PropertyValueSpecification\",\"valueRequired\":true,\"valueName\":\"search_term_string\"}}],\"inLanguage\":\"en-GB\"}]}<\/script>\n<!-- \/ Yoast SEO plugin. -->","yoast_head_json":{"title":"John Mayall - The Turning Point Vinilin\u0117 Plok\u0161tel\u0117 | Vinilozona.lt","robots":{"index":"index","follow":"follow","max-snippet":"max-snippet:-1","max-image-preview":"max-image-preview:large","max-video-preview":"max-video-preview:-1"},"canonical":"https:\/\/vinilozona.lt\/en\/parduotuve\/rock-pop\/john-mayall-the-turning-point\/","og_locale":"en_GB","og_type":"article","og_title":"John Mayall - The Turning Point Vinilin\u0117 Plok\u0161tel\u0117 | Vinilozona.lt","og_description":"Polydor \u2013 184 308 Format: Vinyl, LP, Album Country: Germany Released: 1969","og_url":"https:\/\/vinilozona.lt\/en\/parduotuve\/rock-pop\/john-mayall-the-turning-point\/","og_site_name":"Vinilo Zona","article_modified_time":"2026-02-17T04:54:23+00:00","og_image":[{"width":599,"height":589,"url":"https:\/\/vinilozona.lt\/wp-content\/uploads\/2026\/02\/R-1165929-1465057324-4426.jpg","type":"image\/jpeg"}],"twitter_card":"summary_large_image","twitter_misc":{"Estimated reading time":"1 minute"},"schema":{"@context":"https:\/\/schema.org","@graph":[{"@type":"WebPage","@id":"https:\/\/vinilozona.lt\/parduotuve\/rock-pop\/john-mayall-the-turning-point\/","url":"https:\/\/vinilozona.lt\/parduotuve\/rock-pop\/john-mayall-the-turning-point\/","name":"John Mayall - The Turning Point Vinilin\u0117 Plok\u0161tel\u0117 | Vinilozona.lt","isPartOf":{"@id":"https:\/\/vinilozona.lt\/#website"},"primaryImageOfPage":{"@id":"https:\/\/vinilozona.lt\/parduotuve\/rock-pop\/john-mayall-the-turning-point\/#primaryimage"},"image":{"@id":"https:\/\/vinilozona.lt\/parduotuve\/rock-pop\/john-mayall-the-turning-point\/#primaryimage"},"thumbnailUrl":"https:\/\/vinilozona.lt\/wp-content\/uploads\/2026\/02\/R-1165929-1465057324-4426.jpg","datePublished":"2026-02-17T03:02:37+00:00","dateModified":"2026-02-17T04:54:23+00:00","breadcrumb":{"@id":"https:\/\/vinilozona.lt\/parduotuve\/rock-pop\/john-mayall-the-turning-point\/#breadcrumb"},"inLanguage":"en-GB","potentialAction":[{"@type":"ReadAction","target":["https:\/\/vinilozona.lt\/parduotuve\/rock-pop\/john-mayall-the-turning-point\/"]}]},{"@type":"ImageObject","inLanguage":"en-GB","@id":"https:\/\/vinilozona.lt\/parduotuve\/rock-pop\/john-mayall-the-turning-point\/#primaryimage","url":"https:\/\/vinilozona.lt\/wp-content\/uploads\/2026\/02\/R-1165929-1465057324-4426.jpg","contentUrl":"https:\/\/vinilozona.lt\/wp-content\/uploads\/2026\/02\/R-1165929-1465057324-4426.jpg","width":599,"height":589},{"@type":"BreadcrumbList","@id":"https:\/\/vinilozona.lt\/parduotuve\/rock-pop\/john-mayall-the-turning-point\/#breadcrumb","itemListElement":[{"@type":"ListItem","position":1,"name":"Home","item":"https:\/\/vinilozona.lt\/"},{"@type":"ListItem","position":2,"name":"Parduotuv\u0117","item":"https:\/\/vinilozona.lt\/parduotuve\/"},{"@type":"ListItem","position":3,"name":"John Mayall &#8211; The Turning Point"}]},{"@type":"WebSite","@id":"https:\/\/vinilozona.lt\/#website","url":"https:\/\/vinilozona.lt\/","name":"Vinilo Zona","description":"Nup\u016bsk dulkes ir klausyk LP","potentialAction":[{"@type":"SearchAction","target":{"@type":"EntryPoint","urlTemplate":"https:\/\/vinilozona.lt\/?s={search_term_string}"},"query-input":{"@type":"PropertyValueSpecification","valueRequired":true,"valueName":"search_term_string"}}],"inLanguage":"en-GB"}]}},"_links":{"self":[{"href":"https:\/\/vinilozona.lt\/en\/wp-json\/wp\/v2\/product\/30464"}],"collection":[{"href":"https:\/\/vinilozona.lt\/en\/wp-json\/wp\/v2\/product"}],"about":[{"href":"https:\/\/vinilozona.lt\/en\/wp-json\/wp\/v2\/types\/product"}],"wp:featuredmedia":[{"embeddable":true,"href":"https:\/\/vinilozona.lt\/en\/wp-json\/wp\/v2\/media\/30465"}],"wp:attachment":[{"href":"https:\/\/vinilozona.lt\/en\/wp-json\/wp\/v2\/media?parent=30464"}],"wp:term":[{"taxonomy":"product_cat","embeddable":true,"href":"https:\/\/vinilozona.lt\/en\/wp-json\/wp\/v2\/product_cat?post=30464"},{"taxonomy":"product_tag","embeddable":true,"href":"https:\/\/vinilozona.lt\/en\/wp-json\/wp\/v2\/product_tag?post=30464"}],"curies":[{"name":"wp","href":"https:\/\/api.w.org\/{rel}","templated":true}]}}