{"id":30410,"date":"2026-02-02T05:02:19","date_gmt":"2026-02-02T03:02:19","guid":{"rendered":"https:\/\/vinilozona.lt\/?post_type=product&#038;p=30410"},"modified":"2026-02-02T08:34:33","modified_gmt":"2026-02-02T06:34:33","slug":"tom-waits-small-change","status":"publish","type":"product","link":"https:\/\/vinilozona.lt\/en\/parduotuve\/naujos-lp\/tom-waits-small-change\/","title":{"rendered":"Tom Waits \u2013 Small Change"},"content":{"rendered":"<p>A1\t\tTom Traubert&#8217;s Blues\t6:40<br \/>\nA2\t\tStep Right Up\t5:39<br \/>\nA3\t\tJitterbug Boy\t3:41<br \/>\nA4\t\tI Wish I Was In New Orleans\t4:50<br \/>\nA5\t\tThe Piano Has Been Drinking (Not Me)\t3:37<br \/>\nB1\t\tInvitation To The Blues\t5:20<br \/>\nB2\t\tPasties And A G-String\t2:32<br \/>\nB3\t\tBad Liver And A Broken Heart\t4:46<br \/>\nB4\t\tThe One That Got Away\t4:00<br \/>\nB5\t\tSmall Change\t5:03<br \/>\nB6\t\tI Can&#8217;t Wait To Get Off Work\t3:20<\/p>","protected":false},"excerpt":{"rendered":"<p>Anti- \u2013 7568-1<br \/>\nFormat:<br \/>\nVinyl, LP, Album, Reissue, Remastered, 180 Gram<br \/>\nCountry:<br \/>\nEurope<br \/>\nReleased:<br \/>\nJun 8, 2018<\/p>","protected":false},"featured_media":30411,"template":"","meta":[],"product_cat":[23],"product_tag":[74],"yoast_head":"<!-- This site is optimized with the Yoast SEO plugin v23.5 - https:\/\/yoast.com\/wordpress\/plugins\/seo\/ -->\n<title>Tom Waits \u2013 Small Change Vinilin\u0117 Plok\u0161tel\u0117 | Vinilozona.lt<\/title>\n<meta name=\"robots\" content=\"index, follow, max-snippet:-1, max-image-preview:large, max-video-preview:-1\" \/>\n<link rel=\"canonical\" href=\"https:\/\/vinilozona.lt\/en\/parduotuve\/naujos-lp\/tom-waits-small-change\/\" \/>\n<meta property=\"og:locale\" content=\"en_GB\" \/>\n<meta property=\"og:type\" content=\"article\" \/>\n<meta property=\"og:title\" content=\"Tom Waits \u2013 Small Change Vinilin\u0117 Plok\u0161tel\u0117 | Vinilozona.lt\" \/>\n<meta property=\"og:description\" content=\"Anti- \u2013 7568-1 Format: Vinyl, LP, Album, Reissue, Remastered, 180 Gram Country: Europe Released: Jun 8, 2018\" \/>\n<meta property=\"og:url\" content=\"https:\/\/vinilozona.lt\/en\/parduotuve\/naujos-lp\/tom-waits-small-change\/\" \/>\n<meta property=\"og:site_name\" content=\"Vinilo Zona\" \/>\n<meta property=\"article:modified_time\" content=\"2026-02-02T06:34:33+00:00\" \/>\n<meta property=\"og:image\" content=\"https:\/\/vinilozona.lt\/wp-content\/uploads\/2026\/02\/R-12096405-1528215987-1657.jpg\" \/>\n\t<meta property=\"og:image:width\" content=\"600\" \/>\n\t<meta property=\"og:image:height\" content=\"600\" \/>\n\t<meta property=\"og:image:type\" content=\"image\/jpeg\" \/>\n<meta name=\"twitter:card\" content=\"summary_large_image\" \/>\n<meta name=\"twitter:label1\" content=\"Estimated reading time\" \/>\n\t<meta name=\"twitter:data1\" content=\"1 minute\" \/>\n<script type=\"application\/ld+json\" class=\"yoast-schema-graph\">{\"@context\":\"https:\/\/schema.org\",\"@graph\":[{\"@type\":\"WebPage\",\"@id\":\"https:\/\/vinilozona.lt\/parduotuve\/naujos-lp\/tom-waits-small-change\/\",\"url\":\"https:\/\/vinilozona.lt\/parduotuve\/naujos-lp\/tom-waits-small-change\/\",\"name\":\"Tom Waits \u2013 Small Change Vinilin\u0117 Plok\u0161tel\u0117 | Vinilozona.lt\",\"isPartOf\":{\"@id\":\"https:\/\/vinilozona.lt\/#website\"},\"primaryImageOfPage\":{\"@id\":\"https:\/\/vinilozona.lt\/parduotuve\/naujos-lp\/tom-waits-small-change\/#primaryimage\"},\"image\":{\"@id\":\"https:\/\/vinilozona.lt\/parduotuve\/naujos-lp\/tom-waits-small-change\/#primaryimage\"},\"thumbnailUrl\":\"https:\/\/vinilozona.lt\/wp-content\/uploads\/2026\/02\/R-12096405-1528215987-1657.jpg\",\"datePublished\":\"2026-02-02T03:02:19+00:00\",\"dateModified\":\"2026-02-02T06:34:33+00:00\",\"breadcrumb\":{\"@id\":\"https:\/\/vinilozona.lt\/parduotuve\/naujos-lp\/tom-waits-small-change\/#breadcrumb\"},\"inLanguage\":\"en-GB\",\"potentialAction\":[{\"@type\":\"ReadAction\",\"target\":[\"https:\/\/vinilozona.lt\/parduotuve\/naujos-lp\/tom-waits-small-change\/\"]}]},{\"@type\":\"ImageObject\",\"inLanguage\":\"en-GB\",\"@id\":\"https:\/\/vinilozona.lt\/parduotuve\/naujos-lp\/tom-waits-small-change\/#primaryimage\",\"url\":\"https:\/\/vinilozona.lt\/wp-content\/uploads\/2026\/02\/R-12096405-1528215987-1657.jpg\",\"contentUrl\":\"https:\/\/vinilozona.lt\/wp-content\/uploads\/2026\/02\/R-12096405-1528215987-1657.jpg\",\"width\":600,\"height\":600},{\"@type\":\"BreadcrumbList\",\"@id\":\"https:\/\/vinilozona.lt\/parduotuve\/naujos-lp\/tom-waits-small-change\/#breadcrumb\",\"itemListElement\":[{\"@type\":\"ListItem\",\"position\":1,\"name\":\"Home\",\"item\":\"https:\/\/vinilozona.lt\/\"},{\"@type\":\"ListItem\",\"position\":2,\"name\":\"Parduotuv\u0117\",\"item\":\"https:\/\/vinilozona.lt\/parduotuve\/\"},{\"@type\":\"ListItem\",\"position\":3,\"name\":\"Tom Waits \u2013 Small Change\"}]},{\"@type\":\"WebSite\",\"@id\":\"https:\/\/vinilozona.lt\/#website\",\"url\":\"https:\/\/vinilozona.lt\/\",\"name\":\"Vinilo Zona\",\"description\":\"Nup\u016bsk dulkes ir klausyk LP\",\"potentialAction\":[{\"@type\":\"SearchAction\",\"target\":{\"@type\":\"EntryPoint\",\"urlTemplate\":\"https:\/\/vinilozona.lt\/?s={search_term_string}\"},\"query-input\":{\"@type\":\"PropertyValueSpecification\",\"valueRequired\":true,\"valueName\":\"search_term_string\"}}],\"inLanguage\":\"en-GB\"}]}<\/script>\n<!-- \/ Yoast SEO plugin. -->","yoast_head_json":{"title":"Tom Waits \u2013 Small Change Vinilin\u0117 Plok\u0161tel\u0117 | Vinilozona.lt","robots":{"index":"index","follow":"follow","max-snippet":"max-snippet:-1","max-image-preview":"max-image-preview:large","max-video-preview":"max-video-preview:-1"},"canonical":"https:\/\/vinilozona.lt\/en\/parduotuve\/naujos-lp\/tom-waits-small-change\/","og_locale":"en_GB","og_type":"article","og_title":"Tom Waits \u2013 Small Change Vinilin\u0117 Plok\u0161tel\u0117 | Vinilozona.lt","og_description":"Anti- \u2013 7568-1 Format: Vinyl, LP, Album, Reissue, Remastered, 180 Gram Country: Europe Released: Jun 8, 2018","og_url":"https:\/\/vinilozona.lt\/en\/parduotuve\/naujos-lp\/tom-waits-small-change\/","og_site_name":"Vinilo Zona","article_modified_time":"2026-02-02T06:34:33+00:00","og_image":[{"width":600,"height":600,"url":"https:\/\/vinilozona.lt\/wp-content\/uploads\/2026\/02\/R-12096405-1528215987-1657.jpg","type":"image\/jpeg"}],"twitter_card":"summary_large_image","twitter_misc":{"Estimated reading time":"1 minute"},"schema":{"@context":"https:\/\/schema.org","@graph":[{"@type":"WebPage","@id":"https:\/\/vinilozona.lt\/parduotuve\/naujos-lp\/tom-waits-small-change\/","url":"https:\/\/vinilozona.lt\/parduotuve\/naujos-lp\/tom-waits-small-change\/","name":"Tom Waits \u2013 Small Change Vinilin\u0117 Plok\u0161tel\u0117 | Vinilozona.lt","isPartOf":{"@id":"https:\/\/vinilozona.lt\/#website"},"primaryImageOfPage":{"@id":"https:\/\/vinilozona.lt\/parduotuve\/naujos-lp\/tom-waits-small-change\/#primaryimage"},"image":{"@id":"https:\/\/vinilozona.lt\/parduotuve\/naujos-lp\/tom-waits-small-change\/#primaryimage"},"thumbnailUrl":"https:\/\/vinilozona.lt\/wp-content\/uploads\/2026\/02\/R-12096405-1528215987-1657.jpg","datePublished":"2026-02-02T03:02:19+00:00","dateModified":"2026-02-02T06:34:33+00:00","breadcrumb":{"@id":"https:\/\/vinilozona.lt\/parduotuve\/naujos-lp\/tom-waits-small-change\/#breadcrumb"},"inLanguage":"en-GB","potentialAction":[{"@type":"ReadAction","target":["https:\/\/vinilozona.lt\/parduotuve\/naujos-lp\/tom-waits-small-change\/"]}]},{"@type":"ImageObject","inLanguage":"en-GB","@id":"https:\/\/vinilozona.lt\/parduotuve\/naujos-lp\/tom-waits-small-change\/#primaryimage","url":"https:\/\/vinilozona.lt\/wp-content\/uploads\/2026\/02\/R-12096405-1528215987-1657.jpg","contentUrl":"https:\/\/vinilozona.lt\/wp-content\/uploads\/2026\/02\/R-12096405-1528215987-1657.jpg","width":600,"height":600},{"@type":"BreadcrumbList","@id":"https:\/\/vinilozona.lt\/parduotuve\/naujos-lp\/tom-waits-small-change\/#breadcrumb","itemListElement":[{"@type":"ListItem","position":1,"name":"Home","item":"https:\/\/vinilozona.lt\/"},{"@type":"ListItem","position":2,"name":"Parduotuv\u0117","item":"https:\/\/vinilozona.lt\/parduotuve\/"},{"@type":"ListItem","position":3,"name":"Tom Waits \u2013 Small Change"}]},{"@type":"WebSite","@id":"https:\/\/vinilozona.lt\/#website","url":"https:\/\/vinilozona.lt\/","name":"Vinilo Zona","description":"Nup\u016bsk dulkes ir klausyk LP","potentialAction":[{"@type":"SearchAction","target":{"@type":"EntryPoint","urlTemplate":"https:\/\/vinilozona.lt\/?s={search_term_string}"},"query-input":{"@type":"PropertyValueSpecification","valueRequired":true,"valueName":"search_term_string"}}],"inLanguage":"en-GB"}]}},"_links":{"self":[{"href":"https:\/\/vinilozona.lt\/en\/wp-json\/wp\/v2\/product\/30410"}],"collection":[{"href":"https:\/\/vinilozona.lt\/en\/wp-json\/wp\/v2\/product"}],"about":[{"href":"https:\/\/vinilozona.lt\/en\/wp-json\/wp\/v2\/types\/product"}],"wp:featuredmedia":[{"embeddable":true,"href":"https:\/\/vinilozona.lt\/en\/wp-json\/wp\/v2\/media\/30411"}],"wp:attachment":[{"href":"https:\/\/vinilozona.lt\/en\/wp-json\/wp\/v2\/media?parent=30410"}],"wp:term":[{"taxonomy":"product_cat","embeddable":true,"href":"https:\/\/vinilozona.lt\/en\/wp-json\/wp\/v2\/product_cat?post=30410"},{"taxonomy":"product_tag","embeddable":true,"href":"https:\/\/vinilozona.lt\/en\/wp-json\/wp\/v2\/product_tag?post=30410"}],"curies":[{"name":"wp","href":"https:\/\/api.w.org\/{rel}","templated":true}]}}