{"id":30373,"date":"2026-02-20T05:14:39","date_gmt":"2026-02-20T03:14:39","guid":{"rendered":"https:\/\/vinilozona.lt\/?post_type=product&#038;p=30373"},"modified":"2026-02-20T07:18:22","modified_gmt":"2026-02-20T05:18:22","slug":"julie-driscoll-brian-auger-the-trinity-the-best-of-julie-driscoll-brian-auger-the-trinity-2","status":"publish","type":"product","link":"https:\/\/vinilozona.lt\/en\/parduotuve\/rock-pop\/julie-driscoll-brian-auger-the-trinity-the-best-of-julie-driscoll-brian-auger-the-trinity-2\/","title":{"rendered":"Roxy Music \u2013 Siren"},"content":{"rendered":"<p>A1\t\tLove Is The Drug\t4:05<br \/>\nA2\t\tEnd Of The Line\t5:14<br \/>\nA3\t\tSentimental Fool\t6:11<br \/>\nA4\t\tWhirlwind\t3:34<br \/>\nB1\t\tShe Sells\t3:45<br \/>\nB2\t\tCould It Happen To Me?\t3:37<br \/>\nB3\t\tBoth Ends Burning\t5:12<br \/>\nB4\t\tNightingale\t4:05<br \/>\nB5\t\tJust Another High\t6:28<\/p>","protected":false},"excerpt":{"rendered":"<p>Polydor \u2013 2344 090<br \/>\nFormat:<br \/>\nVinyl, LP, Album, Repress, Stereo<br \/>\nCountry:<br \/>\nGermany<br \/>\nReleased: 1975<\/p>","protected":false},"featured_media":30483,"template":"","meta":[],"product_cat":[15],"product_tag":[44],"yoast_head":"<!-- This site is optimized with the Yoast SEO plugin v23.5 - https:\/\/yoast.com\/wordpress\/plugins\/seo\/ -->\n<title>Roxy Music \u2013 Siren Vinilin\u0117 Plok\u0161tel\u0117 | Vinilozona.lt<\/title>\n<meta name=\"robots\" content=\"index, follow, max-snippet:-1, max-image-preview:large, max-video-preview:-1\" \/>\n<link rel=\"canonical\" href=\"https:\/\/vinilozona.lt\/en\/parduotuve\/rock-pop\/julie-driscoll-brian-auger-the-trinity-the-best-of-julie-driscoll-brian-auger-the-trinity-2\/\" \/>\n<meta property=\"og:locale\" content=\"en_GB\" \/>\n<meta property=\"og:type\" content=\"article\" \/>\n<meta property=\"og:title\" content=\"Roxy Music \u2013 Siren Vinilin\u0117 Plok\u0161tel\u0117 | Vinilozona.lt\" \/>\n<meta property=\"og:description\" content=\"Polydor \u2013 2344 090 Format: Vinyl, LP, Album, Repress, Stereo Country: Germany Released: 1975\" \/>\n<meta property=\"og:url\" content=\"https:\/\/vinilozona.lt\/en\/parduotuve\/rock-pop\/julie-driscoll-brian-auger-the-trinity-the-best-of-julie-driscoll-brian-auger-the-trinity-2\/\" \/>\n<meta property=\"og:site_name\" content=\"Vinilo Zona\" \/>\n<meta property=\"article:modified_time\" content=\"2026-02-20T05:18:22+00:00\" \/>\n<meta property=\"og:image\" content=\"https:\/\/vinilozona.lt\/wp-content\/uploads\/2026\/01\/R-1154317-1626967598-6376.jpg\" \/>\n\t<meta property=\"og:image:width\" content=\"600\" \/>\n\t<meta property=\"og:image:height\" content=\"600\" \/>\n\t<meta property=\"og:image:type\" content=\"image\/jpeg\" \/>\n<meta name=\"twitter:card\" content=\"summary_large_image\" \/>\n<meta name=\"twitter:label1\" content=\"Estimated reading time\" \/>\n\t<meta name=\"twitter:data1\" content=\"1 minute\" \/>\n<script type=\"application\/ld+json\" class=\"yoast-schema-graph\">{\"@context\":\"https:\/\/schema.org\",\"@graph\":[{\"@type\":\"WebPage\",\"@id\":\"https:\/\/vinilozona.lt\/parduotuve\/rock-pop\/julie-driscoll-brian-auger-the-trinity-the-best-of-julie-driscoll-brian-auger-the-trinity-2\/\",\"url\":\"https:\/\/vinilozona.lt\/parduotuve\/rock-pop\/julie-driscoll-brian-auger-the-trinity-the-best-of-julie-driscoll-brian-auger-the-trinity-2\/\",\"name\":\"Roxy Music \u2013 Siren Vinilin\u0117 Plok\u0161tel\u0117 | Vinilozona.lt\",\"isPartOf\":{\"@id\":\"https:\/\/vinilozona.lt\/#website\"},\"primaryImageOfPage\":{\"@id\":\"https:\/\/vinilozona.lt\/parduotuve\/rock-pop\/julie-driscoll-brian-auger-the-trinity-the-best-of-julie-driscoll-brian-auger-the-trinity-2\/#primaryimage\"},\"image\":{\"@id\":\"https:\/\/vinilozona.lt\/parduotuve\/rock-pop\/julie-driscoll-brian-auger-the-trinity-the-best-of-julie-driscoll-brian-auger-the-trinity-2\/#primaryimage\"},\"thumbnailUrl\":\"https:\/\/vinilozona.lt\/wp-content\/uploads\/2026\/01\/R-1154317-1626967598-6376.jpg\",\"datePublished\":\"2026-02-20T03:14:39+00:00\",\"dateModified\":\"2026-02-20T05:18:22+00:00\",\"breadcrumb\":{\"@id\":\"https:\/\/vinilozona.lt\/parduotuve\/rock-pop\/julie-driscoll-brian-auger-the-trinity-the-best-of-julie-driscoll-brian-auger-the-trinity-2\/#breadcrumb\"},\"inLanguage\":\"en-GB\",\"potentialAction\":[{\"@type\":\"ReadAction\",\"target\":[\"https:\/\/vinilozona.lt\/parduotuve\/rock-pop\/julie-driscoll-brian-auger-the-trinity-the-best-of-julie-driscoll-brian-auger-the-trinity-2\/\"]}]},{\"@type\":\"ImageObject\",\"inLanguage\":\"en-GB\",\"@id\":\"https:\/\/vinilozona.lt\/parduotuve\/rock-pop\/julie-driscoll-brian-auger-the-trinity-the-best-of-julie-driscoll-brian-auger-the-trinity-2\/#primaryimage\",\"url\":\"https:\/\/vinilozona.lt\/wp-content\/uploads\/2026\/01\/R-1154317-1626967598-6376.jpg\",\"contentUrl\":\"https:\/\/vinilozona.lt\/wp-content\/uploads\/2026\/01\/R-1154317-1626967598-6376.jpg\",\"width\":600,\"height\":600},{\"@type\":\"BreadcrumbList\",\"@id\":\"https:\/\/vinilozona.lt\/parduotuve\/rock-pop\/julie-driscoll-brian-auger-the-trinity-the-best-of-julie-driscoll-brian-auger-the-trinity-2\/#breadcrumb\",\"itemListElement\":[{\"@type\":\"ListItem\",\"position\":1,\"name\":\"Home\",\"item\":\"https:\/\/vinilozona.lt\/\"},{\"@type\":\"ListItem\",\"position\":2,\"name\":\"Parduotuv\u0117\",\"item\":\"https:\/\/vinilozona.lt\/parduotuve\/\"},{\"@type\":\"ListItem\",\"position\":3,\"name\":\"Roxy Music \u2013 Siren\"}]},{\"@type\":\"WebSite\",\"@id\":\"https:\/\/vinilozona.lt\/#website\",\"url\":\"https:\/\/vinilozona.lt\/\",\"name\":\"Vinilo Zona\",\"description\":\"Nup\u016bsk dulkes ir klausyk LP\",\"potentialAction\":[{\"@type\":\"SearchAction\",\"target\":{\"@type\":\"EntryPoint\",\"urlTemplate\":\"https:\/\/vinilozona.lt\/?s={search_term_string}\"},\"query-input\":{\"@type\":\"PropertyValueSpecification\",\"valueRequired\":true,\"valueName\":\"search_term_string\"}}],\"inLanguage\":\"en-GB\"}]}<\/script>\n<!-- \/ Yoast SEO plugin. -->","yoast_head_json":{"title":"Roxy Music \u2013 Siren Vinilin\u0117 Plok\u0161tel\u0117 | Vinilozona.lt","robots":{"index":"index","follow":"follow","max-snippet":"max-snippet:-1","max-image-preview":"max-image-preview:large","max-video-preview":"max-video-preview:-1"},"canonical":"https:\/\/vinilozona.lt\/en\/parduotuve\/rock-pop\/julie-driscoll-brian-auger-the-trinity-the-best-of-julie-driscoll-brian-auger-the-trinity-2\/","og_locale":"en_GB","og_type":"article","og_title":"Roxy Music \u2013 Siren Vinilin\u0117 Plok\u0161tel\u0117 | Vinilozona.lt","og_description":"Polydor \u2013 2344 090 Format: Vinyl, LP, Album, Repress, Stereo Country: Germany Released: 1975","og_url":"https:\/\/vinilozona.lt\/en\/parduotuve\/rock-pop\/julie-driscoll-brian-auger-the-trinity-the-best-of-julie-driscoll-brian-auger-the-trinity-2\/","og_site_name":"Vinilo Zona","article_modified_time":"2026-02-20T05:18:22+00:00","og_image":[{"width":600,"height":600,"url":"https:\/\/vinilozona.lt\/wp-content\/uploads\/2026\/01\/R-1154317-1626967598-6376.jpg","type":"image\/jpeg"}],"twitter_card":"summary_large_image","twitter_misc":{"Estimated reading time":"1 minute"},"schema":{"@context":"https:\/\/schema.org","@graph":[{"@type":"WebPage","@id":"https:\/\/vinilozona.lt\/parduotuve\/rock-pop\/julie-driscoll-brian-auger-the-trinity-the-best-of-julie-driscoll-brian-auger-the-trinity-2\/","url":"https:\/\/vinilozona.lt\/parduotuve\/rock-pop\/julie-driscoll-brian-auger-the-trinity-the-best-of-julie-driscoll-brian-auger-the-trinity-2\/","name":"Roxy Music \u2013 Siren Vinilin\u0117 Plok\u0161tel\u0117 | Vinilozona.lt","isPartOf":{"@id":"https:\/\/vinilozona.lt\/#website"},"primaryImageOfPage":{"@id":"https:\/\/vinilozona.lt\/parduotuve\/rock-pop\/julie-driscoll-brian-auger-the-trinity-the-best-of-julie-driscoll-brian-auger-the-trinity-2\/#primaryimage"},"image":{"@id":"https:\/\/vinilozona.lt\/parduotuve\/rock-pop\/julie-driscoll-brian-auger-the-trinity-the-best-of-julie-driscoll-brian-auger-the-trinity-2\/#primaryimage"},"thumbnailUrl":"https:\/\/vinilozona.lt\/wp-content\/uploads\/2026\/01\/R-1154317-1626967598-6376.jpg","datePublished":"2026-02-20T03:14:39+00:00","dateModified":"2026-02-20T05:18:22+00:00","breadcrumb":{"@id":"https:\/\/vinilozona.lt\/parduotuve\/rock-pop\/julie-driscoll-brian-auger-the-trinity-the-best-of-julie-driscoll-brian-auger-the-trinity-2\/#breadcrumb"},"inLanguage":"en-GB","potentialAction":[{"@type":"ReadAction","target":["https:\/\/vinilozona.lt\/parduotuve\/rock-pop\/julie-driscoll-brian-auger-the-trinity-the-best-of-julie-driscoll-brian-auger-the-trinity-2\/"]}]},{"@type":"ImageObject","inLanguage":"en-GB","@id":"https:\/\/vinilozona.lt\/parduotuve\/rock-pop\/julie-driscoll-brian-auger-the-trinity-the-best-of-julie-driscoll-brian-auger-the-trinity-2\/#primaryimage","url":"https:\/\/vinilozona.lt\/wp-content\/uploads\/2026\/01\/R-1154317-1626967598-6376.jpg","contentUrl":"https:\/\/vinilozona.lt\/wp-content\/uploads\/2026\/01\/R-1154317-1626967598-6376.jpg","width":600,"height":600},{"@type":"BreadcrumbList","@id":"https:\/\/vinilozona.lt\/parduotuve\/rock-pop\/julie-driscoll-brian-auger-the-trinity-the-best-of-julie-driscoll-brian-auger-the-trinity-2\/#breadcrumb","itemListElement":[{"@type":"ListItem","position":1,"name":"Home","item":"https:\/\/vinilozona.lt\/"},{"@type":"ListItem","position":2,"name":"Parduotuv\u0117","item":"https:\/\/vinilozona.lt\/parduotuve\/"},{"@type":"ListItem","position":3,"name":"Roxy Music \u2013 Siren"}]},{"@type":"WebSite","@id":"https:\/\/vinilozona.lt\/#website","url":"https:\/\/vinilozona.lt\/","name":"Vinilo Zona","description":"Nup\u016bsk dulkes ir klausyk LP","potentialAction":[{"@type":"SearchAction","target":{"@type":"EntryPoint","urlTemplate":"https:\/\/vinilozona.lt\/?s={search_term_string}"},"query-input":{"@type":"PropertyValueSpecification","valueRequired":true,"valueName":"search_term_string"}}],"inLanguage":"en-GB"}]}},"_links":{"self":[{"href":"https:\/\/vinilozona.lt\/en\/wp-json\/wp\/v2\/product\/30373"}],"collection":[{"href":"https:\/\/vinilozona.lt\/en\/wp-json\/wp\/v2\/product"}],"about":[{"href":"https:\/\/vinilozona.lt\/en\/wp-json\/wp\/v2\/types\/product"}],"wp:featuredmedia":[{"embeddable":true,"href":"https:\/\/vinilozona.lt\/en\/wp-json\/wp\/v2\/media\/30483"}],"wp:attachment":[{"href":"https:\/\/vinilozona.lt\/en\/wp-json\/wp\/v2\/media?parent=30373"}],"wp:term":[{"taxonomy":"product_cat","embeddable":true,"href":"https:\/\/vinilozona.lt\/en\/wp-json\/wp\/v2\/product_cat?post=30373"},{"taxonomy":"product_tag","embeddable":true,"href":"https:\/\/vinilozona.lt\/en\/wp-json\/wp\/v2\/product_tag?post=30373"}],"curies":[{"name":"wp","href":"https:\/\/api.w.org\/{rel}","templated":true}]}}