{"id":30362,"date":"2026-01-29T05:02:38","date_gmt":"2026-01-29T03:02:38","guid":{"rendered":"https:\/\/vinilozona.lt\/?post_type=product&#038;p=30362"},"modified":"2026-01-30T08:31:20","modified_gmt":"2026-01-30T06:31:20","slug":"louis-armstrong-velma-middleton-the-unforgettable-duets","status":"publish","type":"product","link":"https:\/\/vinilozona.lt\/en\/parduotuve\/jazz\/louis-armstrong-velma-middleton-the-unforgettable-duets\/","title":{"rendered":"Louis Armstrong &#038; Velma Middleton \u2013 The Unforgettable Duets"},"content":{"rendered":"<p>All That Meat And No Potatoes\t5:18<br \/>\nSqueeze Me\t5:08<br \/>\nLoveless Love\t4:28<br \/>\nBaby It&#8217;s Cold Outside\t5:26<br \/>\nThat&#8217;s My Desire\t4:41<br \/>\nMm-Mm\t2:31<br \/>\nHoneysuckle Rose\t2:56<br \/>\nHesitating Blues\t5:19<br \/>\nLong Gone\t4:57<br \/>\nSt Louis Blues\t8:26<br \/>\nYeh!\t2:53<br \/>\nKokomo\t2:55<\/p>","protected":false},"excerpt":{"rendered":"<p>The Entertainers \u2013 ENT LP 13.048<br \/>\nFormat:<br \/>\nVinyl, LP, Compilation<br \/>\nCountry:<br \/>\nItaly<br \/>\nReleased:<br \/>\n1988<\/p>","protected":false},"featured_media":30365,"template":"","meta":[],"product_cat":[20],"product_tag":[44],"yoast_head":"<!-- This site is optimized with the Yoast SEO plugin v23.5 - https:\/\/yoast.com\/wordpress\/plugins\/seo\/ -->\n<title>Louis Armstrong &amp; Velma Middleton \u2013 The Unforgettable Duets Vinilin\u0117 Plok\u0161tel\u0117 | Vinilozona.lt<\/title>\n<meta name=\"robots\" content=\"index, follow, max-snippet:-1, max-image-preview:large, max-video-preview:-1\" \/>\n<link rel=\"canonical\" href=\"https:\/\/vinilozona.lt\/en\/parduotuve\/jazz\/louis-armstrong-velma-middleton-the-unforgettable-duets\/\" \/>\n<meta property=\"og:locale\" content=\"en_GB\" \/>\n<meta property=\"og:type\" content=\"article\" \/>\n<meta property=\"og:title\" content=\"Louis Armstrong &amp; Velma Middleton \u2013 The Unforgettable Duets Vinilin\u0117 Plok\u0161tel\u0117 | Vinilozona.lt\" \/>\n<meta property=\"og:description\" content=\"The Entertainers \u2013 ENT LP 13.048 Format: Vinyl, LP, Compilation Country: Italy Released: 1988\" \/>\n<meta property=\"og:url\" content=\"https:\/\/vinilozona.lt\/en\/parduotuve\/jazz\/louis-armstrong-velma-middleton-the-unforgettable-duets\/\" \/>\n<meta property=\"og:site_name\" content=\"Vinilo Zona\" \/>\n<meta property=\"article:modified_time\" content=\"2026-01-30T06:31:20+00:00\" \/>\n<meta property=\"og:image\" content=\"https:\/\/vinilozona.lt\/wp-content\/uploads\/2026\/01\/R-8217648-1647214291-5026.jpg\" \/>\n\t<meta property=\"og:image:width\" content=\"599\" \/>\n\t<meta property=\"og:image:height\" content=\"595\" \/>\n\t<meta property=\"og:image:type\" content=\"image\/jpeg\" \/>\n<meta name=\"twitter:card\" content=\"summary_large_image\" \/>\n<meta name=\"twitter:label1\" content=\"Estimated reading time\" \/>\n\t<meta name=\"twitter:data1\" content=\"1 minute\" \/>\n<script type=\"application\/ld+json\" class=\"yoast-schema-graph\">{\"@context\":\"https:\/\/schema.org\",\"@graph\":[{\"@type\":\"WebPage\",\"@id\":\"https:\/\/vinilozona.lt\/parduotuve\/jazz\/louis-armstrong-velma-middleton-the-unforgettable-duets\/\",\"url\":\"https:\/\/vinilozona.lt\/parduotuve\/jazz\/louis-armstrong-velma-middleton-the-unforgettable-duets\/\",\"name\":\"Louis Armstrong & Velma Middleton \u2013 The Unforgettable Duets Vinilin\u0117 Plok\u0161tel\u0117 | Vinilozona.lt\",\"isPartOf\":{\"@id\":\"https:\/\/vinilozona.lt\/#website\"},\"primaryImageOfPage\":{\"@id\":\"https:\/\/vinilozona.lt\/parduotuve\/jazz\/louis-armstrong-velma-middleton-the-unforgettable-duets\/#primaryimage\"},\"image\":{\"@id\":\"https:\/\/vinilozona.lt\/parduotuve\/jazz\/louis-armstrong-velma-middleton-the-unforgettable-duets\/#primaryimage\"},\"thumbnailUrl\":\"https:\/\/vinilozona.lt\/wp-content\/uploads\/2026\/01\/R-8217648-1647214291-5026.jpg\",\"datePublished\":\"2026-01-29T03:02:38+00:00\",\"dateModified\":\"2026-01-30T06:31:20+00:00\",\"breadcrumb\":{\"@id\":\"https:\/\/vinilozona.lt\/parduotuve\/jazz\/louis-armstrong-velma-middleton-the-unforgettable-duets\/#breadcrumb\"},\"inLanguage\":\"en-GB\",\"potentialAction\":[{\"@type\":\"ReadAction\",\"target\":[\"https:\/\/vinilozona.lt\/parduotuve\/jazz\/louis-armstrong-velma-middleton-the-unforgettable-duets\/\"]}]},{\"@type\":\"ImageObject\",\"inLanguage\":\"en-GB\",\"@id\":\"https:\/\/vinilozona.lt\/parduotuve\/jazz\/louis-armstrong-velma-middleton-the-unforgettable-duets\/#primaryimage\",\"url\":\"https:\/\/vinilozona.lt\/wp-content\/uploads\/2026\/01\/R-8217648-1647214291-5026.jpg\",\"contentUrl\":\"https:\/\/vinilozona.lt\/wp-content\/uploads\/2026\/01\/R-8217648-1647214291-5026.jpg\",\"width\":599,\"height\":595},{\"@type\":\"BreadcrumbList\",\"@id\":\"https:\/\/vinilozona.lt\/parduotuve\/jazz\/louis-armstrong-velma-middleton-the-unforgettable-duets\/#breadcrumb\",\"itemListElement\":[{\"@type\":\"ListItem\",\"position\":1,\"name\":\"Home\",\"item\":\"https:\/\/vinilozona.lt\/\"},{\"@type\":\"ListItem\",\"position\":2,\"name\":\"Parduotuv\u0117\",\"item\":\"https:\/\/vinilozona.lt\/parduotuve\/\"},{\"@type\":\"ListItem\",\"position\":3,\"name\":\"Louis Armstrong &#038; Velma Middleton \u2013 The Unforgettable Duets\"}]},{\"@type\":\"WebSite\",\"@id\":\"https:\/\/vinilozona.lt\/#website\",\"url\":\"https:\/\/vinilozona.lt\/\",\"name\":\"Vinilo Zona\",\"description\":\"Nup\u016bsk dulkes ir klausyk LP\",\"potentialAction\":[{\"@type\":\"SearchAction\",\"target\":{\"@type\":\"EntryPoint\",\"urlTemplate\":\"https:\/\/vinilozona.lt\/?s={search_term_string}\"},\"query-input\":{\"@type\":\"PropertyValueSpecification\",\"valueRequired\":true,\"valueName\":\"search_term_string\"}}],\"inLanguage\":\"en-GB\"}]}<\/script>\n<!-- \/ Yoast SEO plugin. -->","yoast_head_json":{"title":"Louis Armstrong & Velma Middleton \u2013 The Unforgettable Duets Vinilin\u0117 Plok\u0161tel\u0117 | Vinilozona.lt","robots":{"index":"index","follow":"follow","max-snippet":"max-snippet:-1","max-image-preview":"max-image-preview:large","max-video-preview":"max-video-preview:-1"},"canonical":"https:\/\/vinilozona.lt\/en\/parduotuve\/jazz\/louis-armstrong-velma-middleton-the-unforgettable-duets\/","og_locale":"en_GB","og_type":"article","og_title":"Louis Armstrong & Velma Middleton \u2013 The Unforgettable Duets Vinilin\u0117 Plok\u0161tel\u0117 | Vinilozona.lt","og_description":"The Entertainers \u2013 ENT LP 13.048 Format: Vinyl, LP, Compilation Country: Italy Released: 1988","og_url":"https:\/\/vinilozona.lt\/en\/parduotuve\/jazz\/louis-armstrong-velma-middleton-the-unforgettable-duets\/","og_site_name":"Vinilo Zona","article_modified_time":"2026-01-30T06:31:20+00:00","og_image":[{"width":599,"height":595,"url":"https:\/\/vinilozona.lt\/wp-content\/uploads\/2026\/01\/R-8217648-1647214291-5026.jpg","type":"image\/jpeg"}],"twitter_card":"summary_large_image","twitter_misc":{"Estimated reading time":"1 minute"},"schema":{"@context":"https:\/\/schema.org","@graph":[{"@type":"WebPage","@id":"https:\/\/vinilozona.lt\/parduotuve\/jazz\/louis-armstrong-velma-middleton-the-unforgettable-duets\/","url":"https:\/\/vinilozona.lt\/parduotuve\/jazz\/louis-armstrong-velma-middleton-the-unforgettable-duets\/","name":"Louis Armstrong & Velma Middleton \u2013 The Unforgettable Duets Vinilin\u0117 Plok\u0161tel\u0117 | Vinilozona.lt","isPartOf":{"@id":"https:\/\/vinilozona.lt\/#website"},"primaryImageOfPage":{"@id":"https:\/\/vinilozona.lt\/parduotuve\/jazz\/louis-armstrong-velma-middleton-the-unforgettable-duets\/#primaryimage"},"image":{"@id":"https:\/\/vinilozona.lt\/parduotuve\/jazz\/louis-armstrong-velma-middleton-the-unforgettable-duets\/#primaryimage"},"thumbnailUrl":"https:\/\/vinilozona.lt\/wp-content\/uploads\/2026\/01\/R-8217648-1647214291-5026.jpg","datePublished":"2026-01-29T03:02:38+00:00","dateModified":"2026-01-30T06:31:20+00:00","breadcrumb":{"@id":"https:\/\/vinilozona.lt\/parduotuve\/jazz\/louis-armstrong-velma-middleton-the-unforgettable-duets\/#breadcrumb"},"inLanguage":"en-GB","potentialAction":[{"@type":"ReadAction","target":["https:\/\/vinilozona.lt\/parduotuve\/jazz\/louis-armstrong-velma-middleton-the-unforgettable-duets\/"]}]},{"@type":"ImageObject","inLanguage":"en-GB","@id":"https:\/\/vinilozona.lt\/parduotuve\/jazz\/louis-armstrong-velma-middleton-the-unforgettable-duets\/#primaryimage","url":"https:\/\/vinilozona.lt\/wp-content\/uploads\/2026\/01\/R-8217648-1647214291-5026.jpg","contentUrl":"https:\/\/vinilozona.lt\/wp-content\/uploads\/2026\/01\/R-8217648-1647214291-5026.jpg","width":599,"height":595},{"@type":"BreadcrumbList","@id":"https:\/\/vinilozona.lt\/parduotuve\/jazz\/louis-armstrong-velma-middleton-the-unforgettable-duets\/#breadcrumb","itemListElement":[{"@type":"ListItem","position":1,"name":"Home","item":"https:\/\/vinilozona.lt\/"},{"@type":"ListItem","position":2,"name":"Parduotuv\u0117","item":"https:\/\/vinilozona.lt\/parduotuve\/"},{"@type":"ListItem","position":3,"name":"Louis Armstrong &#038; Velma Middleton \u2013 The Unforgettable Duets"}]},{"@type":"WebSite","@id":"https:\/\/vinilozona.lt\/#website","url":"https:\/\/vinilozona.lt\/","name":"Vinilo Zona","description":"Nup\u016bsk dulkes ir klausyk LP","potentialAction":[{"@type":"SearchAction","target":{"@type":"EntryPoint","urlTemplate":"https:\/\/vinilozona.lt\/?s={search_term_string}"},"query-input":{"@type":"PropertyValueSpecification","valueRequired":true,"valueName":"search_term_string"}}],"inLanguage":"en-GB"}]}},"_links":{"self":[{"href":"https:\/\/vinilozona.lt\/en\/wp-json\/wp\/v2\/product\/30362"}],"collection":[{"href":"https:\/\/vinilozona.lt\/en\/wp-json\/wp\/v2\/product"}],"about":[{"href":"https:\/\/vinilozona.lt\/en\/wp-json\/wp\/v2\/types\/product"}],"wp:featuredmedia":[{"embeddable":true,"href":"https:\/\/vinilozona.lt\/en\/wp-json\/wp\/v2\/media\/30365"}],"wp:attachment":[{"href":"https:\/\/vinilozona.lt\/en\/wp-json\/wp\/v2\/media?parent=30362"}],"wp:term":[{"taxonomy":"product_cat","embeddable":true,"href":"https:\/\/vinilozona.lt\/en\/wp-json\/wp\/v2\/product_cat?post=30362"},{"taxonomy":"product_tag","embeddable":true,"href":"https:\/\/vinilozona.lt\/en\/wp-json\/wp\/v2\/product_tag?post=30362"}],"curies":[{"name":"wp","href":"https:\/\/api.w.org\/{rel}","templated":true}]}}