{"id":30348,"date":"2026-03-07T05:02:09","date_gmt":"2026-03-07T03:02:09","guid":{"rendered":"https:\/\/vinilozona.lt\/?post_type=product&#038;p=30348"},"modified":"2026-03-07T07:40:35","modified_gmt":"2026-03-07T05:40:35","slug":"jack-teagarden-pee-wee-russell-jack-teagarden-pee-wee-russell","status":"publish","type":"product","link":"https:\/\/vinilozona.lt\/en\/parduotuve\/jazz\/jack-teagarden-pee-wee-russell-jack-teagarden-pee-wee-russell\/","title":{"rendered":"\u0428\u0430\u0440\u043f\u0441 \u042d\u043d\u0434 \u0424\u043b\u044d\u0442\u0441 \u2013 \u0414\u0436\u0430\u0437-\u041e\u0440\u043a\u0435\u0441\u0442\u0440 &#8222;\u0428\u0430\u0440\u043f\u0441 \u042d\u043d\u0434 \u0424\u043b\u044d\u0442\u0441&#8221; (Japanese Jazz big band)"},"content":{"rendered":"<p>\u04101\t\t\u0418\u0441\u0442\u043e\u0440\u0438\u044f \u041b\u044e\u0431\u0432\u0438<br \/>\n\u04102\t\t\u041a\u0430\u0440\u0430\u0432\u0430\u043d<br \/>\n\u04103\t\t\u0417\u0432\u0435\u0437\u0434\u043d\u0430\u044f \u041f\u044b\u043b\u044c<br \/>\n\u04104\t\t\u0418\u0441\u043f\u0430\u043d\u0441\u043a\u0430\u044f \u0414\u0435\u0432\u0443\u0448\u043a\u0430<br \/>\n\u04121\t\t\u0427\u0430\u0448\u0430 \u0414\u043b\u044f \u041c\u044b\u0442\u044c\u044f \u0421\u043b\u0438\u0432<br \/>\n\u04122\t\t\u041a\u0438\u043e\u0442\u043e (\u0414\u0440\u0435\u0432\u043d\u044f\u044f \u0421\u0442\u043e\u043b\u0438\u0446\u0430)<br \/>\n\u04123\t\t\u0412 \u0422\u043e\u043b\u043f\u0435<br \/>\n\u04124\t\t\u0421\u0443\u043c\u0438\u044d (\u0420\u0438\u0441\u0443\u043d\u043e\u043a \u0422\u0443\u0448\u044c\u044e)<\/p>","protected":false},"excerpt":{"rendered":"<p>\u041c\u0435\u043b\u043e\u0434\u0438\u044f \u2013 \u0421\u041c03915-16<br \/>\nFormat:<br \/>\nVinyl, LP, Stereo, Flipback Sleeve<br \/>\nCountry: USSR<br \/>\nReleased: 1973<br \/>\nGenre: Jazz<br \/>\nStyle:<br \/>\nBossa Nova, Bop<\/p>","protected":false},"featured_media":30623,"template":"","meta":[],"product_cat":[20,21],"product_tag":[44],"yoast_head":"<!-- This site is optimized with the Yoast SEO plugin v23.5 - https:\/\/yoast.com\/wordpress\/plugins\/seo\/ -->\n<title>\u0428\u0430\u0440\u043f\u0441 \u042d\u043d\u0434 \u0424\u043b\u044d\u0442\u0441 \u2013 \u0414\u0436\u0430\u0437-\u041e\u0440\u043a\u0435\u0441\u0442\u0440 &quot;\u0428\u0430\u0440\u043f\u0441 \u042d\u043d\u0434 \u0424\u043b\u044d\u0442\u0441&quot; (Japanese Jazz big band) Vinilin\u0117 Plok\u0161tel\u0117 | Vinilozona.lt<\/title>\n<meta name=\"robots\" content=\"index, follow, max-snippet:-1, max-image-preview:large, max-video-preview:-1\" \/>\n<link rel=\"canonical\" href=\"https:\/\/vinilozona.lt\/en\/parduotuve\/jazz\/jack-teagarden-pee-wee-russell-jack-teagarden-pee-wee-russell\/\" \/>\n<meta property=\"og:locale\" content=\"en_GB\" \/>\n<meta property=\"og:type\" content=\"article\" \/>\n<meta property=\"og:title\" content=\"\u0428\u0430\u0440\u043f\u0441 \u042d\u043d\u0434 \u0424\u043b\u044d\u0442\u0441 \u2013 \u0414\u0436\u0430\u0437-\u041e\u0440\u043a\u0435\u0441\u0442\u0440 &quot;\u0428\u0430\u0440\u043f\u0441 \u042d\u043d\u0434 \u0424\u043b\u044d\u0442\u0441&quot; (Japanese Jazz big band) Vinilin\u0117 Plok\u0161tel\u0117 | Vinilozona.lt\" \/>\n<meta property=\"og:description\" content=\"\u041c\u0435\u043b\u043e\u0434\u0438\u044f \u2013 \u0421\u041c03915-16 Format: Vinyl, LP, Stereo, Flipback Sleeve Country: USSR Released: 1973 Genre: Jazz Style: Bossa Nova, Bop\" \/>\n<meta property=\"og:url\" content=\"https:\/\/vinilozona.lt\/en\/parduotuve\/jazz\/jack-teagarden-pee-wee-russell-jack-teagarden-pee-wee-russell\/\" \/>\n<meta property=\"og:site_name\" content=\"Vinilo Zona\" \/>\n<meta property=\"article:modified_time\" content=\"2026-03-07T05:40:35+00:00\" \/>\n<meta property=\"og:image\" content=\"https:\/\/vinilozona.lt\/wp-content\/uploads\/2026\/01\/20260307_073016-scaled.jpg\" \/>\n\t<meta property=\"og:image:width\" content=\"1920\" \/>\n\t<meta property=\"og:image:height\" content=\"2560\" \/>\n\t<meta property=\"og:image:type\" content=\"image\/jpeg\" \/>\n<meta name=\"twitter:card\" content=\"summary_large_image\" \/>\n<meta name=\"twitter:label1\" content=\"Estimated reading time\" \/>\n\t<meta name=\"twitter:data1\" content=\"1 minute\" \/>\n<script type=\"application\/ld+json\" class=\"yoast-schema-graph\">{\"@context\":\"https:\/\/schema.org\",\"@graph\":[{\"@type\":\"WebPage\",\"@id\":\"https:\/\/vinilozona.lt\/parduotuve\/jazz\/jack-teagarden-pee-wee-russell-jack-teagarden-pee-wee-russell\/\",\"url\":\"https:\/\/vinilozona.lt\/parduotuve\/jazz\/jack-teagarden-pee-wee-russell-jack-teagarden-pee-wee-russell\/\",\"name\":\"\u0428\u0430\u0440\u043f\u0441 \u042d\u043d\u0434 \u0424\u043b\u044d\u0442\u0441 \u2013 \u0414\u0436\u0430\u0437-\u041e\u0440\u043a\u0435\u0441\u0442\u0440 \\\"\u0428\u0430\u0440\u043f\u0441 \u042d\u043d\u0434 \u0424\u043b\u044d\u0442\u0441\\\" (Japanese Jazz big band) Vinilin\u0117 Plok\u0161tel\u0117 | Vinilozona.lt\",\"isPartOf\":{\"@id\":\"https:\/\/vinilozona.lt\/#website\"},\"primaryImageOfPage\":{\"@id\":\"https:\/\/vinilozona.lt\/parduotuve\/jazz\/jack-teagarden-pee-wee-russell-jack-teagarden-pee-wee-russell\/#primaryimage\"},\"image\":{\"@id\":\"https:\/\/vinilozona.lt\/parduotuve\/jazz\/jack-teagarden-pee-wee-russell-jack-teagarden-pee-wee-russell\/#primaryimage\"},\"thumbnailUrl\":\"https:\/\/vinilozona.lt\/wp-content\/uploads\/2026\/01\/20260307_073016-scaled.jpg\",\"datePublished\":\"2026-03-07T03:02:09+00:00\",\"dateModified\":\"2026-03-07T05:40:35+00:00\",\"breadcrumb\":{\"@id\":\"https:\/\/vinilozona.lt\/parduotuve\/jazz\/jack-teagarden-pee-wee-russell-jack-teagarden-pee-wee-russell\/#breadcrumb\"},\"inLanguage\":\"en-GB\",\"potentialAction\":[{\"@type\":\"ReadAction\",\"target\":[\"https:\/\/vinilozona.lt\/parduotuve\/jazz\/jack-teagarden-pee-wee-russell-jack-teagarden-pee-wee-russell\/\"]}]},{\"@type\":\"ImageObject\",\"inLanguage\":\"en-GB\",\"@id\":\"https:\/\/vinilozona.lt\/parduotuve\/jazz\/jack-teagarden-pee-wee-russell-jack-teagarden-pee-wee-russell\/#primaryimage\",\"url\":\"https:\/\/vinilozona.lt\/wp-content\/uploads\/2026\/01\/20260307_073016-scaled.jpg\",\"contentUrl\":\"https:\/\/vinilozona.lt\/wp-content\/uploads\/2026\/01\/20260307_073016-scaled.jpg\",\"width\":1920,\"height\":2560},{\"@type\":\"BreadcrumbList\",\"@id\":\"https:\/\/vinilozona.lt\/parduotuve\/jazz\/jack-teagarden-pee-wee-russell-jack-teagarden-pee-wee-russell\/#breadcrumb\",\"itemListElement\":[{\"@type\":\"ListItem\",\"position\":1,\"name\":\"Home\",\"item\":\"https:\/\/vinilozona.lt\/\"},{\"@type\":\"ListItem\",\"position\":2,\"name\":\"Parduotuv\u0117\",\"item\":\"https:\/\/vinilozona.lt\/parduotuve\/\"},{\"@type\":\"ListItem\",\"position\":3,\"name\":\"\u0428\u0430\u0440\u043f\u0441 \u042d\u043d\u0434 \u0424\u043b\u044d\u0442\u0441 \u2013 \u0414\u0436\u0430\u0437-\u041e\u0440\u043a\u0435\u0441\u0442\u0440 &#8220;\u0428\u0430\u0440\u043f\u0441 \u042d\u043d\u0434 \u0424\u043b\u044d\u0442\u0441&#8221; (Japanese Jazz big band)\"}]},{\"@type\":\"WebSite\",\"@id\":\"https:\/\/vinilozona.lt\/#website\",\"url\":\"https:\/\/vinilozona.lt\/\",\"name\":\"Vinilo Zona\",\"description\":\"Nup\u016bsk dulkes ir klausyk LP\",\"potentialAction\":[{\"@type\":\"SearchAction\",\"target\":{\"@type\":\"EntryPoint\",\"urlTemplate\":\"https:\/\/vinilozona.lt\/?s={search_term_string}\"},\"query-input\":{\"@type\":\"PropertyValueSpecification\",\"valueRequired\":true,\"valueName\":\"search_term_string\"}}],\"inLanguage\":\"en-GB\"}]}<\/script>\n<!-- \/ Yoast SEO plugin. -->","yoast_head_json":{"title":"\u0428\u0430\u0440\u043f\u0441 \u042d\u043d\u0434 \u0424\u043b\u044d\u0442\u0441 \u2013 \u0414\u0436\u0430\u0437-\u041e\u0440\u043a\u0435\u0441\u0442\u0440 \"\u0428\u0430\u0440\u043f\u0441 \u042d\u043d\u0434 \u0424\u043b\u044d\u0442\u0441\" (Japanese Jazz big band) Vinilin\u0117 Plok\u0161tel\u0117 | Vinilozona.lt","robots":{"index":"index","follow":"follow","max-snippet":"max-snippet:-1","max-image-preview":"max-image-preview:large","max-video-preview":"max-video-preview:-1"},"canonical":"https:\/\/vinilozona.lt\/en\/parduotuve\/jazz\/jack-teagarden-pee-wee-russell-jack-teagarden-pee-wee-russell\/","og_locale":"en_GB","og_type":"article","og_title":"\u0428\u0430\u0440\u043f\u0441 \u042d\u043d\u0434 \u0424\u043b\u044d\u0442\u0441 \u2013 \u0414\u0436\u0430\u0437-\u041e\u0440\u043a\u0435\u0441\u0442\u0440 \"\u0428\u0430\u0440\u043f\u0441 \u042d\u043d\u0434 \u0424\u043b\u044d\u0442\u0441\" (Japanese Jazz big band) Vinilin\u0117 Plok\u0161tel\u0117 | Vinilozona.lt","og_description":"\u041c\u0435\u043b\u043e\u0434\u0438\u044f \u2013 \u0421\u041c03915-16 Format: Vinyl, LP, Stereo, Flipback Sleeve Country: USSR Released: 1973 Genre: Jazz Style: Bossa Nova, Bop","og_url":"https:\/\/vinilozona.lt\/en\/parduotuve\/jazz\/jack-teagarden-pee-wee-russell-jack-teagarden-pee-wee-russell\/","og_site_name":"Vinilo Zona","article_modified_time":"2026-03-07T05:40:35+00:00","og_image":[{"width":1920,"height":2560,"url":"https:\/\/vinilozona.lt\/wp-content\/uploads\/2026\/01\/20260307_073016-scaled.jpg","type":"image\/jpeg"}],"twitter_card":"summary_large_image","twitter_misc":{"Estimated reading time":"1 minute"},"schema":{"@context":"https:\/\/schema.org","@graph":[{"@type":"WebPage","@id":"https:\/\/vinilozona.lt\/parduotuve\/jazz\/jack-teagarden-pee-wee-russell-jack-teagarden-pee-wee-russell\/","url":"https:\/\/vinilozona.lt\/parduotuve\/jazz\/jack-teagarden-pee-wee-russell-jack-teagarden-pee-wee-russell\/","name":"\u0428\u0430\u0440\u043f\u0441 \u042d\u043d\u0434 \u0424\u043b\u044d\u0442\u0441 \u2013 \u0414\u0436\u0430\u0437-\u041e\u0440\u043a\u0435\u0441\u0442\u0440 \"\u0428\u0430\u0440\u043f\u0441 \u042d\u043d\u0434 \u0424\u043b\u044d\u0442\u0441\" (Japanese Jazz big band) Vinilin\u0117 Plok\u0161tel\u0117 | Vinilozona.lt","isPartOf":{"@id":"https:\/\/vinilozona.lt\/#website"},"primaryImageOfPage":{"@id":"https:\/\/vinilozona.lt\/parduotuve\/jazz\/jack-teagarden-pee-wee-russell-jack-teagarden-pee-wee-russell\/#primaryimage"},"image":{"@id":"https:\/\/vinilozona.lt\/parduotuve\/jazz\/jack-teagarden-pee-wee-russell-jack-teagarden-pee-wee-russell\/#primaryimage"},"thumbnailUrl":"https:\/\/vinilozona.lt\/wp-content\/uploads\/2026\/01\/20260307_073016-scaled.jpg","datePublished":"2026-03-07T03:02:09+00:00","dateModified":"2026-03-07T05:40:35+00:00","breadcrumb":{"@id":"https:\/\/vinilozona.lt\/parduotuve\/jazz\/jack-teagarden-pee-wee-russell-jack-teagarden-pee-wee-russell\/#breadcrumb"},"inLanguage":"en-GB","potentialAction":[{"@type":"ReadAction","target":["https:\/\/vinilozona.lt\/parduotuve\/jazz\/jack-teagarden-pee-wee-russell-jack-teagarden-pee-wee-russell\/"]}]},{"@type":"ImageObject","inLanguage":"en-GB","@id":"https:\/\/vinilozona.lt\/parduotuve\/jazz\/jack-teagarden-pee-wee-russell-jack-teagarden-pee-wee-russell\/#primaryimage","url":"https:\/\/vinilozona.lt\/wp-content\/uploads\/2026\/01\/20260307_073016-scaled.jpg","contentUrl":"https:\/\/vinilozona.lt\/wp-content\/uploads\/2026\/01\/20260307_073016-scaled.jpg","width":1920,"height":2560},{"@type":"BreadcrumbList","@id":"https:\/\/vinilozona.lt\/parduotuve\/jazz\/jack-teagarden-pee-wee-russell-jack-teagarden-pee-wee-russell\/#breadcrumb","itemListElement":[{"@type":"ListItem","position":1,"name":"Home","item":"https:\/\/vinilozona.lt\/"},{"@type":"ListItem","position":2,"name":"Parduotuv\u0117","item":"https:\/\/vinilozona.lt\/parduotuve\/"},{"@type":"ListItem","position":3,"name":"\u0428\u0430\u0440\u043f\u0441 \u042d\u043d\u0434 \u0424\u043b\u044d\u0442\u0441 \u2013 \u0414\u0436\u0430\u0437-\u041e\u0440\u043a\u0435\u0441\u0442\u0440 &#8220;\u0428\u0430\u0440\u043f\u0441 \u042d\u043d\u0434 \u0424\u043b\u044d\u0442\u0441&#8221; (Japanese Jazz big band)"}]},{"@type":"WebSite","@id":"https:\/\/vinilozona.lt\/#website","url":"https:\/\/vinilozona.lt\/","name":"Vinilo Zona","description":"Nup\u016bsk dulkes ir klausyk LP","potentialAction":[{"@type":"SearchAction","target":{"@type":"EntryPoint","urlTemplate":"https:\/\/vinilozona.lt\/?s={search_term_string}"},"query-input":{"@type":"PropertyValueSpecification","valueRequired":true,"valueName":"search_term_string"}}],"inLanguage":"en-GB"}]}},"_links":{"self":[{"href":"https:\/\/vinilozona.lt\/en\/wp-json\/wp\/v2\/product\/30348"}],"collection":[{"href":"https:\/\/vinilozona.lt\/en\/wp-json\/wp\/v2\/product"}],"about":[{"href":"https:\/\/vinilozona.lt\/en\/wp-json\/wp\/v2\/types\/product"}],"wp:featuredmedia":[{"embeddable":true,"href":"https:\/\/vinilozona.lt\/en\/wp-json\/wp\/v2\/media\/30623"}],"wp:attachment":[{"href":"https:\/\/vinilozona.lt\/en\/wp-json\/wp\/v2\/media?parent=30348"}],"wp:term":[{"taxonomy":"product_cat","embeddable":true,"href":"https:\/\/vinilozona.lt\/en\/wp-json\/wp\/v2\/product_cat?post=30348"},{"taxonomy":"product_tag","embeddable":true,"href":"https:\/\/vinilozona.lt\/en\/wp-json\/wp\/v2\/product_tag?post=30348"}],"curies":[{"name":"wp","href":"https:\/\/api.w.org\/{rel}","templated":true}]}}