{"id":3025,"date":"2024-05-04T05:10:27","date_gmt":"2024-05-04T02:10:27","guid":{"rendered":"https:\/\/vinylhome.lt\/?post_type=product&#038;p=3025"},"modified":"2024-04-26T08:04:46","modified_gmt":"2024-04-26T05:04:46","slug":"oscar-peterson-with-milt-jackson-%e2%80%8e-reunion-blues","status":"publish","type":"product","link":"https:\/\/vinilozona.lt\/en\/parduotuve\/jazz\/oscar-peterson-with-milt-jackson-%e2%80%8e-reunion-blues\/","title":{"rendered":"Oscar Peterson \u2013 Tracks"},"content":{"rendered":"<p>A1\t\tGive Me The Simple Life<br \/>\nA2\t\tBasin Street Blues<br \/>\nA3\t\tHoneysuckle Rose<br \/>\nA4\t\tDancing On The Ceiling<br \/>\nA5\t\tA Child Is Born<br \/>\nB1\t\tIf I Should Lose You<br \/>\nB2\t\tA Little Jazz Exercise<br \/>\nB3\t\tDjango<br \/>\nB4\t\tJa-Da<br \/>\nB5\t\tJust A Gigolo<\/p>","protected":false},"excerpt":{"rendered":"<p>MPS Records \u2013 BAP 5040, BASF \u2013 BAP 5040<br \/>\nFormat:<br \/>\nVinyl, LP, Album<br \/>\nCountry:\tUK<\/p>","protected":false},"featured_media":24863,"template":"","meta":[],"product_cat":[20],"product_tag":[44],"yoast_head":"<!-- This site is optimized with the Yoast SEO plugin v23.5 - https:\/\/yoast.com\/wordpress\/plugins\/seo\/ -->\n<title>Oscar Peterson \u2013 Tracks Vinilin\u0117 Plok\u0161tel\u0117 | Vinilozona.lt<\/title>\n<meta name=\"robots\" content=\"index, follow, max-snippet:-1, max-image-preview:large, max-video-preview:-1\" \/>\n<link rel=\"canonical\" href=\"https:\/\/vinilozona.lt\/en\/parduotuve\/jazz\/oscar-peterson-with-milt-jackson-\u200e-reunion-blues\/\" \/>\n<meta property=\"og:locale\" content=\"en_GB\" \/>\n<meta property=\"og:type\" content=\"article\" \/>\n<meta property=\"og:title\" content=\"Oscar Peterson \u2013 Tracks Vinilin\u0117 Plok\u0161tel\u0117 | Vinilozona.lt\" \/>\n<meta property=\"og:description\" content=\"MPS Records \u2013 BAP 5040, BASF \u2013 BAP 5040 Format:  Vinyl, LP, Album Country: UK\" \/>\n<meta property=\"og:url\" content=\"https:\/\/vinilozona.lt\/en\/parduotuve\/jazz\/oscar-peterson-with-milt-jackson-\u200e-reunion-blues\/\" \/>\n<meta property=\"og:site_name\" content=\"Vinilo Zona\" \/>\n<meta property=\"article:modified_time\" content=\"2024-04-26T05:04:46+00:00\" \/>\n<meta property=\"og:image\" content=\"https:\/\/vinilozona.lt\/wp-content\/uploads\/2020\/01\/R-1775251-1242546731.jpg\" \/>\n\t<meta property=\"og:image:width\" content=\"482\" \/>\n\t<meta property=\"og:image:height\" content=\"480\" \/>\n\t<meta property=\"og:image:type\" content=\"image\/jpeg\" \/>\n<meta name=\"twitter:card\" content=\"summary_large_image\" \/>\n<script type=\"application\/ld+json\" class=\"yoast-schema-graph\">{\"@context\":\"https:\/\/schema.org\",\"@graph\":[{\"@type\":\"WebPage\",\"@id\":\"https:\/\/vinilozona.lt\/en\/parduotuve\/jazz\/oscar-peterson-with-milt-jackson-%e2%80%8e-reunion-blues\/\",\"url\":\"https:\/\/vinilozona.lt\/en\/parduotuve\/jazz\/oscar-peterson-with-milt-jackson-%e2%80%8e-reunion-blues\/\",\"name\":\"Oscar Peterson \u2013 Tracks Vinilin\u0117 Plok\u0161tel\u0117 | Vinilozona.lt\",\"isPartOf\":{\"@id\":\"https:\/\/vinilozona.lt\/#website\"},\"primaryImageOfPage\":{\"@id\":\"https:\/\/vinilozona.lt\/en\/parduotuve\/jazz\/oscar-peterson-with-milt-jackson-%e2%80%8e-reunion-blues\/#primaryimage\"},\"image\":{\"@id\":\"https:\/\/vinilozona.lt\/en\/parduotuve\/jazz\/oscar-peterson-with-milt-jackson-%e2%80%8e-reunion-blues\/#primaryimage\"},\"thumbnailUrl\":\"https:\/\/vinilozona.lt\/wp-content\/uploads\/2020\/01\/R-1775251-1242546731.jpg\",\"datePublished\":\"2024-05-04T02:10:27+00:00\",\"dateModified\":\"2024-04-26T05:04:46+00:00\",\"breadcrumb\":{\"@id\":\"https:\/\/vinilozona.lt\/en\/parduotuve\/jazz\/oscar-peterson-with-milt-jackson-%e2%80%8e-reunion-blues\/#breadcrumb\"},\"inLanguage\":\"en-GB\",\"potentialAction\":[{\"@type\":\"ReadAction\",\"target\":[\"https:\/\/vinilozona.lt\/en\/parduotuve\/jazz\/oscar-peterson-with-milt-jackson-%e2%80%8e-reunion-blues\/\"]}]},{\"@type\":\"ImageObject\",\"inLanguage\":\"en-GB\",\"@id\":\"https:\/\/vinilozona.lt\/en\/parduotuve\/jazz\/oscar-peterson-with-milt-jackson-%e2%80%8e-reunion-blues\/#primaryimage\",\"url\":\"https:\/\/vinilozona.lt\/wp-content\/uploads\/2020\/01\/R-1775251-1242546731.jpg\",\"contentUrl\":\"https:\/\/vinilozona.lt\/wp-content\/uploads\/2020\/01\/R-1775251-1242546731.jpg\",\"width\":482,\"height\":480},{\"@type\":\"BreadcrumbList\",\"@id\":\"https:\/\/vinilozona.lt\/en\/parduotuve\/jazz\/oscar-peterson-with-milt-jackson-%e2%80%8e-reunion-blues\/#breadcrumb\",\"itemListElement\":[{\"@type\":\"ListItem\",\"position\":1,\"name\":\"Home\",\"item\":\"https:\/\/vinilozona.lt\/\"},{\"@type\":\"ListItem\",\"position\":2,\"name\":\"Parduotuv\u0117\",\"item\":\"https:\/\/vinilozona.lt\/parduotuve\/\"},{\"@type\":\"ListItem\",\"position\":3,\"name\":\"Oscar Peterson \u2013 Tracks\"}]},{\"@type\":\"WebSite\",\"@id\":\"https:\/\/vinilozona.lt\/#website\",\"url\":\"https:\/\/vinilozona.lt\/\",\"name\":\"Vinilo Zona\",\"description\":\"Nup\u016bsk dulkes ir klausyk LP\",\"potentialAction\":[{\"@type\":\"SearchAction\",\"target\":{\"@type\":\"EntryPoint\",\"urlTemplate\":\"https:\/\/vinilozona.lt\/?s={search_term_string}\"},\"query-input\":{\"@type\":\"PropertyValueSpecification\",\"valueRequired\":true,\"valueName\":\"search_term_string\"}}],\"inLanguage\":\"en-GB\"}]}<\/script>\n<!-- \/ Yoast SEO plugin. -->","yoast_head_json":{"title":"Oscar Peterson \u2013 Tracks Vinilin\u0117 Plok\u0161tel\u0117 | Vinilozona.lt","robots":{"index":"index","follow":"follow","max-snippet":"max-snippet:-1","max-image-preview":"max-image-preview:large","max-video-preview":"max-video-preview:-1"},"canonical":"https:\/\/vinilozona.lt\/en\/parduotuve\/jazz\/oscar-peterson-with-milt-jackson-\u200e-reunion-blues\/","og_locale":"en_GB","og_type":"article","og_title":"Oscar Peterson \u2013 Tracks Vinilin\u0117 Plok\u0161tel\u0117 | Vinilozona.lt","og_description":"MPS Records \u2013 BAP 5040, BASF \u2013 BAP 5040 Format:  Vinyl, LP, Album Country: UK","og_url":"https:\/\/vinilozona.lt\/en\/parduotuve\/jazz\/oscar-peterson-with-milt-jackson-\u200e-reunion-blues\/","og_site_name":"Vinilo Zona","article_modified_time":"2024-04-26T05:04:46+00:00","og_image":[{"width":482,"height":480,"url":"https:\/\/vinilozona.lt\/wp-content\/uploads\/2020\/01\/R-1775251-1242546731.jpg","type":"image\/jpeg"}],"twitter_card":"summary_large_image","schema":{"@context":"https:\/\/schema.org","@graph":[{"@type":"WebPage","@id":"https:\/\/vinilozona.lt\/en\/parduotuve\/jazz\/oscar-peterson-with-milt-jackson-%e2%80%8e-reunion-blues\/","url":"https:\/\/vinilozona.lt\/en\/parduotuve\/jazz\/oscar-peterson-with-milt-jackson-%e2%80%8e-reunion-blues\/","name":"Oscar Peterson \u2013 Tracks Vinilin\u0117 Plok\u0161tel\u0117 | Vinilozona.lt","isPartOf":{"@id":"https:\/\/vinilozona.lt\/#website"},"primaryImageOfPage":{"@id":"https:\/\/vinilozona.lt\/en\/parduotuve\/jazz\/oscar-peterson-with-milt-jackson-%e2%80%8e-reunion-blues\/#primaryimage"},"image":{"@id":"https:\/\/vinilozona.lt\/en\/parduotuve\/jazz\/oscar-peterson-with-milt-jackson-%e2%80%8e-reunion-blues\/#primaryimage"},"thumbnailUrl":"https:\/\/vinilozona.lt\/wp-content\/uploads\/2020\/01\/R-1775251-1242546731.jpg","datePublished":"2024-05-04T02:10:27+00:00","dateModified":"2024-04-26T05:04:46+00:00","breadcrumb":{"@id":"https:\/\/vinilozona.lt\/en\/parduotuve\/jazz\/oscar-peterson-with-milt-jackson-%e2%80%8e-reunion-blues\/#breadcrumb"},"inLanguage":"en-GB","potentialAction":[{"@type":"ReadAction","target":["https:\/\/vinilozona.lt\/en\/parduotuve\/jazz\/oscar-peterson-with-milt-jackson-%e2%80%8e-reunion-blues\/"]}]},{"@type":"ImageObject","inLanguage":"en-GB","@id":"https:\/\/vinilozona.lt\/en\/parduotuve\/jazz\/oscar-peterson-with-milt-jackson-%e2%80%8e-reunion-blues\/#primaryimage","url":"https:\/\/vinilozona.lt\/wp-content\/uploads\/2020\/01\/R-1775251-1242546731.jpg","contentUrl":"https:\/\/vinilozona.lt\/wp-content\/uploads\/2020\/01\/R-1775251-1242546731.jpg","width":482,"height":480},{"@type":"BreadcrumbList","@id":"https:\/\/vinilozona.lt\/en\/parduotuve\/jazz\/oscar-peterson-with-milt-jackson-%e2%80%8e-reunion-blues\/#breadcrumb","itemListElement":[{"@type":"ListItem","position":1,"name":"Home","item":"https:\/\/vinilozona.lt\/"},{"@type":"ListItem","position":2,"name":"Parduotuv\u0117","item":"https:\/\/vinilozona.lt\/parduotuve\/"},{"@type":"ListItem","position":3,"name":"Oscar Peterson \u2013 Tracks"}]},{"@type":"WebSite","@id":"https:\/\/vinilozona.lt\/#website","url":"https:\/\/vinilozona.lt\/","name":"Vinilo Zona","description":"Nup\u016bsk dulkes ir klausyk LP","potentialAction":[{"@type":"SearchAction","target":{"@type":"EntryPoint","urlTemplate":"https:\/\/vinilozona.lt\/?s={search_term_string}"},"query-input":{"@type":"PropertyValueSpecification","valueRequired":true,"valueName":"search_term_string"}}],"inLanguage":"en-GB"}]}},"_links":{"self":[{"href":"https:\/\/vinilozona.lt\/en\/wp-json\/wp\/v2\/product\/3025"}],"collection":[{"href":"https:\/\/vinilozona.lt\/en\/wp-json\/wp\/v2\/product"}],"about":[{"href":"https:\/\/vinilozona.lt\/en\/wp-json\/wp\/v2\/types\/product"}],"wp:featuredmedia":[{"embeddable":true,"href":"https:\/\/vinilozona.lt\/en\/wp-json\/wp\/v2\/media\/24863"}],"wp:attachment":[{"href":"https:\/\/vinilozona.lt\/en\/wp-json\/wp\/v2\/media?parent=3025"}],"wp:term":[{"taxonomy":"product_cat","embeddable":true,"href":"https:\/\/vinilozona.lt\/en\/wp-json\/wp\/v2\/product_cat?post=3025"},{"taxonomy":"product_tag","embeddable":true,"href":"https:\/\/vinilozona.lt\/en\/wp-json\/wp\/v2\/product_tag?post=3025"}],"curies":[{"name":"wp","href":"https:\/\/api.w.org\/{rel}","templated":true}]}}