{"id":3020,"date":"2022-08-18T06:00:59","date_gmt":"2022-08-18T03:00:59","guid":{"rendered":"https:\/\/vinylhome.lt\/?post_type=product&#038;p=3020"},"modified":"2022-08-17T11:27:07","modified_gmt":"2022-08-17T08:27:07","slug":"lou-reed-coney-island-baby","status":"publish","type":"product","link":"https:\/\/vinilozona.lt\/en\/parduotuve\/rock-pop\/lou-reed-coney-island-baby\/","title":{"rendered":"Lou Reed &#8211; Coney Island Baby"},"content":{"rendered":"<p>A1\t\tCrazy Feeling\t2:50<br \/>\nA2\t\tCharley&#8217;s Girl\t2:35<br \/>\nA3\t\tShe&#8217;s My Best Friend\t6:00<br \/>\nA4\t\tKicks\t6:00<br \/>\nB1\t\tA Gift\t3:45<br \/>\nB2\t\tOoohhh Baby\t3:45<br \/>\nB3\t\tNobody&#8217;s Business\t3:45<br \/>\nB4\t\tConey Island Baby\t6:35<\/p>","protected":false},"excerpt":{"rendered":"<p>RCA Victor \u2013 RS 1035, RCA Victor \u2013 APLI-0915<br \/>\nFormat:<br \/>\nVinyl, LP, Album<br \/>\nCountry:\tUK<br \/>\nReleased:\tJan 1976<\/p>","protected":false},"featured_media":3023,"template":"","meta":[],"product_cat":[15],"product_tag":[44],"yoast_head":"<!-- This site is optimized with the Yoast SEO plugin v23.5 - https:\/\/yoast.com\/wordpress\/plugins\/seo\/ -->\n<title>Lou Reed - Coney Island Baby Vinilin\u0117 Plok\u0161tel\u0117 | Vinilozona.lt<\/title>\n<meta name=\"robots\" content=\"index, follow, max-snippet:-1, max-image-preview:large, max-video-preview:-1\" \/>\n<link rel=\"canonical\" href=\"https:\/\/vinilozona.lt\/en\/parduotuve\/rock-pop\/lou-reed-coney-island-baby\/\" \/>\n<meta property=\"og:locale\" content=\"en_GB\" \/>\n<meta property=\"og:type\" content=\"article\" \/>\n<meta property=\"og:title\" content=\"Lou Reed - Coney Island Baby Vinilin\u0117 Plok\u0161tel\u0117 | Vinilozona.lt\" \/>\n<meta property=\"og:description\" content=\"RCA Victor \u2013 RS 1035, RCA Victor \u2013 APLI-0915 Format:  Vinyl, LP, Album Country: UK Released: Jan 1976\" \/>\n<meta property=\"og:url\" content=\"https:\/\/vinilozona.lt\/en\/parduotuve\/rock-pop\/lou-reed-coney-island-baby\/\" \/>\n<meta property=\"og:site_name\" content=\"Vinilo Zona\" \/>\n<meta property=\"article:modified_time\" content=\"2022-08-17T08:27:07+00:00\" \/>\n<meta property=\"og:image\" content=\"https:\/\/vinilozona.lt\/wp-content\/uploads\/2020\/01\/lou-reed-coney-island-baby-1.jpg\" \/>\n\t<meta property=\"og:image:width\" content=\"427\" \/>\n\t<meta property=\"og:image:height\" content=\"320\" \/>\n\t<meta property=\"og:image:type\" content=\"image\/jpeg\" \/>\n<meta name=\"twitter:card\" content=\"summary_large_image\" \/>\n<script type=\"application\/ld+json\" class=\"yoast-schema-graph\">{\"@context\":\"https:\/\/schema.org\",\"@graph\":[{\"@type\":\"WebPage\",\"@id\":\"https:\/\/vinilozona.lt\/parduotuve\/rock-pop\/lou-reed-coney-island-baby\/\",\"url\":\"https:\/\/vinilozona.lt\/parduotuve\/rock-pop\/lou-reed-coney-island-baby\/\",\"name\":\"Lou Reed - Coney Island Baby Vinilin\u0117 Plok\u0161tel\u0117 | Vinilozona.lt\",\"isPartOf\":{\"@id\":\"https:\/\/vinilozona.lt\/#website\"},\"primaryImageOfPage\":{\"@id\":\"https:\/\/vinilozona.lt\/parduotuve\/rock-pop\/lou-reed-coney-island-baby\/#primaryimage\"},\"image\":{\"@id\":\"https:\/\/vinilozona.lt\/parduotuve\/rock-pop\/lou-reed-coney-island-baby\/#primaryimage\"},\"thumbnailUrl\":\"https:\/\/vinilozona.lt\/wp-content\/uploads\/2020\/01\/lou-reed-coney-island-baby-1.jpg\",\"datePublished\":\"2022-08-18T03:00:59+00:00\",\"dateModified\":\"2022-08-17T08:27:07+00:00\",\"breadcrumb\":{\"@id\":\"https:\/\/vinilozona.lt\/parduotuve\/rock-pop\/lou-reed-coney-island-baby\/#breadcrumb\"},\"inLanguage\":\"en-GB\",\"potentialAction\":[{\"@type\":\"ReadAction\",\"target\":[\"https:\/\/vinilozona.lt\/parduotuve\/rock-pop\/lou-reed-coney-island-baby\/\"]}]},{\"@type\":\"ImageObject\",\"inLanguage\":\"en-GB\",\"@id\":\"https:\/\/vinilozona.lt\/parduotuve\/rock-pop\/lou-reed-coney-island-baby\/#primaryimage\",\"url\":\"https:\/\/vinilozona.lt\/wp-content\/uploads\/2020\/01\/lou-reed-coney-island-baby-1.jpg\",\"contentUrl\":\"https:\/\/vinilozona.lt\/wp-content\/uploads\/2020\/01\/lou-reed-coney-island-baby-1.jpg\",\"width\":427,\"height\":320},{\"@type\":\"BreadcrumbList\",\"@id\":\"https:\/\/vinilozona.lt\/parduotuve\/rock-pop\/lou-reed-coney-island-baby\/#breadcrumb\",\"itemListElement\":[{\"@type\":\"ListItem\",\"position\":1,\"name\":\"Home\",\"item\":\"https:\/\/vinilozona.lt\/\"},{\"@type\":\"ListItem\",\"position\":2,\"name\":\"Parduotuv\u0117\",\"item\":\"https:\/\/vinilozona.lt\/parduotuve\/\"},{\"@type\":\"ListItem\",\"position\":3,\"name\":\"Lou Reed &#8211; Coney Island Baby\"}]},{\"@type\":\"WebSite\",\"@id\":\"https:\/\/vinilozona.lt\/#website\",\"url\":\"https:\/\/vinilozona.lt\/\",\"name\":\"Vinilo Zona\",\"description\":\"Nup\u016bsk dulkes ir klausyk LP\",\"potentialAction\":[{\"@type\":\"SearchAction\",\"target\":{\"@type\":\"EntryPoint\",\"urlTemplate\":\"https:\/\/vinilozona.lt\/?s={search_term_string}\"},\"query-input\":{\"@type\":\"PropertyValueSpecification\",\"valueRequired\":true,\"valueName\":\"search_term_string\"}}],\"inLanguage\":\"en-GB\"}]}<\/script>\n<!-- \/ Yoast SEO plugin. -->","yoast_head_json":{"title":"Lou Reed - Coney Island Baby Vinilin\u0117 Plok\u0161tel\u0117 | Vinilozona.lt","robots":{"index":"index","follow":"follow","max-snippet":"max-snippet:-1","max-image-preview":"max-image-preview:large","max-video-preview":"max-video-preview:-1"},"canonical":"https:\/\/vinilozona.lt\/en\/parduotuve\/rock-pop\/lou-reed-coney-island-baby\/","og_locale":"en_GB","og_type":"article","og_title":"Lou Reed - Coney Island Baby Vinilin\u0117 Plok\u0161tel\u0117 | Vinilozona.lt","og_description":"RCA Victor \u2013 RS 1035, RCA Victor \u2013 APLI-0915 Format:  Vinyl, LP, Album Country: UK Released: Jan 1976","og_url":"https:\/\/vinilozona.lt\/en\/parduotuve\/rock-pop\/lou-reed-coney-island-baby\/","og_site_name":"Vinilo Zona","article_modified_time":"2022-08-17T08:27:07+00:00","og_image":[{"width":427,"height":320,"url":"https:\/\/vinilozona.lt\/wp-content\/uploads\/2020\/01\/lou-reed-coney-island-baby-1.jpg","type":"image\/jpeg"}],"twitter_card":"summary_large_image","schema":{"@context":"https:\/\/schema.org","@graph":[{"@type":"WebPage","@id":"https:\/\/vinilozona.lt\/parduotuve\/rock-pop\/lou-reed-coney-island-baby\/","url":"https:\/\/vinilozona.lt\/parduotuve\/rock-pop\/lou-reed-coney-island-baby\/","name":"Lou Reed - Coney Island Baby Vinilin\u0117 Plok\u0161tel\u0117 | Vinilozona.lt","isPartOf":{"@id":"https:\/\/vinilozona.lt\/#website"},"primaryImageOfPage":{"@id":"https:\/\/vinilozona.lt\/parduotuve\/rock-pop\/lou-reed-coney-island-baby\/#primaryimage"},"image":{"@id":"https:\/\/vinilozona.lt\/parduotuve\/rock-pop\/lou-reed-coney-island-baby\/#primaryimage"},"thumbnailUrl":"https:\/\/vinilozona.lt\/wp-content\/uploads\/2020\/01\/lou-reed-coney-island-baby-1.jpg","datePublished":"2022-08-18T03:00:59+00:00","dateModified":"2022-08-17T08:27:07+00:00","breadcrumb":{"@id":"https:\/\/vinilozona.lt\/parduotuve\/rock-pop\/lou-reed-coney-island-baby\/#breadcrumb"},"inLanguage":"en-GB","potentialAction":[{"@type":"ReadAction","target":["https:\/\/vinilozona.lt\/parduotuve\/rock-pop\/lou-reed-coney-island-baby\/"]}]},{"@type":"ImageObject","inLanguage":"en-GB","@id":"https:\/\/vinilozona.lt\/parduotuve\/rock-pop\/lou-reed-coney-island-baby\/#primaryimage","url":"https:\/\/vinilozona.lt\/wp-content\/uploads\/2020\/01\/lou-reed-coney-island-baby-1.jpg","contentUrl":"https:\/\/vinilozona.lt\/wp-content\/uploads\/2020\/01\/lou-reed-coney-island-baby-1.jpg","width":427,"height":320},{"@type":"BreadcrumbList","@id":"https:\/\/vinilozona.lt\/parduotuve\/rock-pop\/lou-reed-coney-island-baby\/#breadcrumb","itemListElement":[{"@type":"ListItem","position":1,"name":"Home","item":"https:\/\/vinilozona.lt\/"},{"@type":"ListItem","position":2,"name":"Parduotuv\u0117","item":"https:\/\/vinilozona.lt\/parduotuve\/"},{"@type":"ListItem","position":3,"name":"Lou Reed &#8211; Coney Island Baby"}]},{"@type":"WebSite","@id":"https:\/\/vinilozona.lt\/#website","url":"https:\/\/vinilozona.lt\/","name":"Vinilo Zona","description":"Nup\u016bsk dulkes ir klausyk LP","potentialAction":[{"@type":"SearchAction","target":{"@type":"EntryPoint","urlTemplate":"https:\/\/vinilozona.lt\/?s={search_term_string}"},"query-input":{"@type":"PropertyValueSpecification","valueRequired":true,"valueName":"search_term_string"}}],"inLanguage":"en-GB"}]}},"_links":{"self":[{"href":"https:\/\/vinilozona.lt\/en\/wp-json\/wp\/v2\/product\/3020"}],"collection":[{"href":"https:\/\/vinilozona.lt\/en\/wp-json\/wp\/v2\/product"}],"about":[{"href":"https:\/\/vinilozona.lt\/en\/wp-json\/wp\/v2\/types\/product"}],"wp:featuredmedia":[{"embeddable":true,"href":"https:\/\/vinilozona.lt\/en\/wp-json\/wp\/v2\/media\/3023"}],"wp:attachment":[{"href":"https:\/\/vinilozona.lt\/en\/wp-json\/wp\/v2\/media?parent=3020"}],"wp:term":[{"taxonomy":"product_cat","embeddable":true,"href":"https:\/\/vinilozona.lt\/en\/wp-json\/wp\/v2\/product_cat?post=3020"},{"taxonomy":"product_tag","embeddable":true,"href":"https:\/\/vinilozona.lt\/en\/wp-json\/wp\/v2\/product_tag?post=3020"}],"curies":[{"name":"wp","href":"https:\/\/api.w.org\/{rel}","templated":true}]}}