{"id":3018,"date":"2020-01-07T11:39:15","date_gmt":"2020-01-07T09:39:15","guid":{"rendered":"https:\/\/vinylhome.lt\/?post_type=product&#038;p=3018"},"modified":"2020-01-27T19:05:39","modified_gmt":"2020-01-27T17:05:39","slug":"nina-simone-%e2%80%8e-the-philips-years-7lp-box-set-2","status":"publish","type":"product","link":"https:\/\/vinilozona.lt\/en\/parduotuve\/jazz\/nina-simone-%e2%80%8e-the-philips-years-7lp-box-set-2\/","title":{"rendered":"Nina Simone \u200e\u2013 The Philips Years: 7LP BOX SET"},"content":{"rendered":"<p>Tracklist<\/p>\n<p>LP1 &#8211; In Concert<br \/>\nA1 I Loves You Porgy 2:18<br \/>\nA2 Plain Gold Ring 5:30<br \/>\nA3 Pirate Jenny 6:42<br \/>\nA4 Old Jim Crow 2:10<br \/>\nB1 Don&#8217;t Smoke In Bed 5:30<br \/>\nB2 Go Limp 6:55<br \/>\nB3 Mississippi Goddam 4:45<\/p>\n<p>LP2 &#8211; Broadway,Blues,Ballads<br \/>\nA1 Don&#8217;t Let Me Be Misunderstood 2:42<br \/>\nA2 Night Song 3:00<br \/>\nA3 The Laziest Gal In Town 2:15<br \/>\nA4 Something Wonderful 2:37<br \/>\nA5 Don&#8217;t Take All Night 2:45<br \/>\nA6 Nobody 4:10<br \/>\nB1 I Am Blessed 2:52<br \/>\nB2 Of This I&#8217;m Sure 2:30<br \/>\nB3 See-Line Woman 2:20<br \/>\nB4 Our Love 2:55<br \/>\nB5 How Can I? 2:00<br \/>\nB6 The Last Rose Of Summer 3:00<\/p>\n<p>LP3 &#8211; I put A Spell On You<br \/>\nA1 I Put A Spell On You 2:33<br \/>\nA2 Tomorrow Is My Turn 2:43<br \/>\nA3 Ne Me Quitte Pas 3:27<br \/>\nA4 Marriage Is For Old Folks 3:22<br \/>\nA5 July Tree 2:40<br \/>\nA6 Gimme Some 2:58<br \/>\nB1 Feeling Good 2:52<br \/>\nB2 One September Day 2:47<br \/>\nB3 Blues On Purpose 3:18<br \/>\nB4 Beautiful Land 1:55<br \/>\nB5 You&#8217;ve Got To Learn 2:40<br \/>\nB6 Take Care Of Business 2:04<\/p>\n<p>LP4 &#8211; Pastel Blues<br \/>\nA1 Be My Husband 3:19<br \/>\nA2 Nobody Knows You When You&#8217;re Down And Out 2:35<br \/>\nA3 End Of The Line 2:51<br \/>\nA4 Trouble In Mind 2:37<br \/>\nA5 Tell Me More And More And Then Some 3:05<br \/>\nA6 Chilly Winds Don&#8217;t Blow 3:59<br \/>\nB1 Ain&#8217;t No Use 2:35<br \/>\nB2 Strange Fruit 3:26<br \/>\nB3 Sinnerman 10:15<\/p>\n<p>LP5 &#8211; Let It All Out<br \/>\nA1 Mood Indigo 2:25<br \/>\nA2 The Other Woman 3:02<br \/>\nA3 Love Me Or Leave Me 4:05<br \/>\nA4 Don&#8217;t Explain 4:18<br \/>\nA5 Little Girl Blue 2:32<br \/>\nA6 Chauffeur 2:48<br \/>\nB1 For Myself 2:05<br \/>\nB2 The Ballad Of Hollis Brown 4:55<br \/>\nB3 This Year&#8217;s Kisses 2:58<br \/>\nB4 Images 2:50<br \/>\nB5 Nearer Blessed Lord 4:30<\/p>\n<p>LP6 &#8211; Wild Is The Wind<br \/>\nA1 I Love Your Lovin&#8217; Ways 2:35<br \/>\nA2 Four Women 4:20<br \/>\nA3 What More Can I Say? 2:45<br \/>\nA4 Lilac Wine 4:14<br \/>\nA5 That&#8217;s All I Ask 2:28<br \/>\nA6 Break Down And Let It All Out 2:45<br \/>\nB1 Why Keep On Breaking My Heart 2:30<br \/>\nB2 Wild Is The Wind 6:53<br \/>\nB3 Black Is The Color Of My True Love&#8217;s Hair 3:25<br \/>\nB4 If I Should Lose You 3:55<br \/>\nB5 Either Way I Lose 2:44<\/p>\n<p>LP7 &#8211; High Priestess Of Soul<br \/>\nA1 Don&#8217;t You Pay Them No Mind 3:00<br \/>\nA2 I&#8217;m Gonna Leave You 2:17<br \/>\nA3 Brown Eyed Handsome Man 2:01<br \/>\nA4 Keeper Of The Flame 3:20<br \/>\nA5 The Gal From Joe&#8217;s 2:42<br \/>\nA6 Take Me To The Water 2:49<br \/>\nA7 I&#8217;m Going Back Home 2:47<br \/>\nB1 I Hold No Grudge 2:18<br \/>\nB2 Come Ye 3:35<br \/>\nB3 He Ain&#8217;t Comin&#8217; Home No More 3:09<br \/>\nB4 Work Song 3:04<br \/>\nB5 I Love My Baby 4:03<\/p>","protected":false},"excerpt":{"rendered":"<p>0600753605677<\/p>\n<p>7 BOX SET<\/p>\n<p>&nbsp;<\/p>\n<p>&nbsp;<\/p>","protected":false},"featured_media":3021,"template":"","meta":[],"product_cat":[20,54],"product_tag":[55],"yoast_head":"<!-- This site is optimized with the Yoast SEO plugin v23.5 - https:\/\/yoast.com\/wordpress\/plugins\/seo\/ -->\n<title>Nina Simone \u200e\u2013 The Philips Years: 7LP BOX SET Vinilin\u0117 Plok\u0161tel\u0117 | Vinilozona.lt<\/title>\n<meta name=\"robots\" content=\"index, follow, max-snippet:-1, max-image-preview:large, max-video-preview:-1\" \/>\n<link rel=\"canonical\" href=\"https:\/\/vinilozona.lt\/en\/parduotuve\/jazz\/nina-simone-\u200e-the-philips-years-7lp-box-set-2\/\" \/>\n<meta property=\"og:locale\" content=\"en_GB\" \/>\n<meta property=\"og:type\" content=\"article\" \/>\n<meta property=\"og:title\" content=\"Nina Simone \u200e\u2013 The Philips Years: 7LP BOX SET Vinilin\u0117 Plok\u0161tel\u0117 | Vinilozona.lt\" \/>\n<meta property=\"og:description\" content=\"0600753605677  7 BOX SET  &nbsp;  &nbsp;\" \/>\n<meta property=\"og:url\" content=\"https:\/\/vinilozona.lt\/en\/parduotuve\/jazz\/nina-simone-\u200e-the-philips-years-7lp-box-set-2\/\" \/>\n<meta property=\"og:site_name\" content=\"Vinilo Zona\" \/>\n<meta property=\"article:modified_time\" content=\"2020-01-27T17:05:39+00:00\" \/>\n<meta property=\"og:image\" content=\"https:\/\/vinilozona.lt\/wp-content\/uploads\/2020\/01\/nina-simone-the-philips-years-7lp-box-set-2.jpg\" \/>\n\t<meta property=\"og:image:width\" content=\"800\" \/>\n\t<meta property=\"og:image:height\" content=\"600\" \/>\n\t<meta property=\"og:image:type\" content=\"image\/jpeg\" \/>\n<meta name=\"twitter:card\" content=\"summary_large_image\" \/>\n<meta name=\"twitter:label1\" content=\"Estimated reading time\" \/>\n\t<meta name=\"twitter:data1\" content=\"2 minutes\" \/>\n<script type=\"application\/ld+json\" class=\"yoast-schema-graph\">{\"@context\":\"https:\/\/schema.org\",\"@graph\":[{\"@type\":\"WebPage\",\"@id\":\"https:\/\/vinilozona.lt\/parduotuve\/jazz\/nina-simone-%e2%80%8e-the-philips-years-7lp-box-set-2\/\",\"url\":\"https:\/\/vinilozona.lt\/parduotuve\/jazz\/nina-simone-%e2%80%8e-the-philips-years-7lp-box-set-2\/\",\"name\":\"Nina Simone \u200e\u2013 The Philips Years: 7LP BOX SET Vinilin\u0117 Plok\u0161tel\u0117 | Vinilozona.lt\",\"isPartOf\":{\"@id\":\"https:\/\/vinilozona.lt\/#website\"},\"primaryImageOfPage\":{\"@id\":\"https:\/\/vinilozona.lt\/parduotuve\/jazz\/nina-simone-%e2%80%8e-the-philips-years-7lp-box-set-2\/#primaryimage\"},\"image\":{\"@id\":\"https:\/\/vinilozona.lt\/parduotuve\/jazz\/nina-simone-%e2%80%8e-the-philips-years-7lp-box-set-2\/#primaryimage\"},\"thumbnailUrl\":\"https:\/\/vinilozona.lt\/wp-content\/uploads\/2020\/01\/nina-simone-the-philips-years-7lp-box-set-2.jpg\",\"datePublished\":\"2020-01-07T09:39:15+00:00\",\"dateModified\":\"2020-01-27T17:05:39+00:00\",\"breadcrumb\":{\"@id\":\"https:\/\/vinilozona.lt\/parduotuve\/jazz\/nina-simone-%e2%80%8e-the-philips-years-7lp-box-set-2\/#breadcrumb\"},\"inLanguage\":\"en-GB\",\"potentialAction\":[{\"@type\":\"ReadAction\",\"target\":[\"https:\/\/vinilozona.lt\/parduotuve\/jazz\/nina-simone-%e2%80%8e-the-philips-years-7lp-box-set-2\/\"]}]},{\"@type\":\"ImageObject\",\"inLanguage\":\"en-GB\",\"@id\":\"https:\/\/vinilozona.lt\/parduotuve\/jazz\/nina-simone-%e2%80%8e-the-philips-years-7lp-box-set-2\/#primaryimage\",\"url\":\"https:\/\/vinilozona.lt\/wp-content\/uploads\/2020\/01\/nina-simone-the-philips-years-7lp-box-set-2.jpg\",\"contentUrl\":\"https:\/\/vinilozona.lt\/wp-content\/uploads\/2020\/01\/nina-simone-the-philips-years-7lp-box-set-2.jpg\",\"width\":800,\"height\":600},{\"@type\":\"BreadcrumbList\",\"@id\":\"https:\/\/vinilozona.lt\/parduotuve\/jazz\/nina-simone-%e2%80%8e-the-philips-years-7lp-box-set-2\/#breadcrumb\",\"itemListElement\":[{\"@type\":\"ListItem\",\"position\":1,\"name\":\"Home\",\"item\":\"https:\/\/vinilozona.lt\/\"},{\"@type\":\"ListItem\",\"position\":2,\"name\":\"Parduotuv\u0117\",\"item\":\"https:\/\/vinilozona.lt\/parduotuve\/\"},{\"@type\":\"ListItem\",\"position\":3,\"name\":\"Nina Simone \u200e\u2013 The Philips Years: 7LP BOX SET\"}]},{\"@type\":\"WebSite\",\"@id\":\"https:\/\/vinilozona.lt\/#website\",\"url\":\"https:\/\/vinilozona.lt\/\",\"name\":\"Vinilo Zona\",\"description\":\"Nup\u016bsk dulkes ir klausyk LP\",\"potentialAction\":[{\"@type\":\"SearchAction\",\"target\":{\"@type\":\"EntryPoint\",\"urlTemplate\":\"https:\/\/vinilozona.lt\/?s={search_term_string}\"},\"query-input\":{\"@type\":\"PropertyValueSpecification\",\"valueRequired\":true,\"valueName\":\"search_term_string\"}}],\"inLanguage\":\"en-GB\"}]}<\/script>\n<!-- \/ Yoast SEO plugin. -->","yoast_head_json":{"title":"Nina Simone \u200e\u2013 The Philips Years: 7LP BOX SET Vinilin\u0117 Plok\u0161tel\u0117 | Vinilozona.lt","robots":{"index":"index","follow":"follow","max-snippet":"max-snippet:-1","max-image-preview":"max-image-preview:large","max-video-preview":"max-video-preview:-1"},"canonical":"https:\/\/vinilozona.lt\/en\/parduotuve\/jazz\/nina-simone-\u200e-the-philips-years-7lp-box-set-2\/","og_locale":"en_GB","og_type":"article","og_title":"Nina Simone \u200e\u2013 The Philips Years: 7LP BOX SET Vinilin\u0117 Plok\u0161tel\u0117 | Vinilozona.lt","og_description":"0600753605677  7 BOX SET  &nbsp;  &nbsp;","og_url":"https:\/\/vinilozona.lt\/en\/parduotuve\/jazz\/nina-simone-\u200e-the-philips-years-7lp-box-set-2\/","og_site_name":"Vinilo Zona","article_modified_time":"2020-01-27T17:05:39+00:00","og_image":[{"width":800,"height":600,"url":"https:\/\/vinilozona.lt\/wp-content\/uploads\/2020\/01\/nina-simone-the-philips-years-7lp-box-set-2.jpg","type":"image\/jpeg"}],"twitter_card":"summary_large_image","twitter_misc":{"Estimated reading time":"2 minutes"},"schema":{"@context":"https:\/\/schema.org","@graph":[{"@type":"WebPage","@id":"https:\/\/vinilozona.lt\/parduotuve\/jazz\/nina-simone-%e2%80%8e-the-philips-years-7lp-box-set-2\/","url":"https:\/\/vinilozona.lt\/parduotuve\/jazz\/nina-simone-%e2%80%8e-the-philips-years-7lp-box-set-2\/","name":"Nina Simone \u200e\u2013 The Philips Years: 7LP BOX SET Vinilin\u0117 Plok\u0161tel\u0117 | Vinilozona.lt","isPartOf":{"@id":"https:\/\/vinilozona.lt\/#website"},"primaryImageOfPage":{"@id":"https:\/\/vinilozona.lt\/parduotuve\/jazz\/nina-simone-%e2%80%8e-the-philips-years-7lp-box-set-2\/#primaryimage"},"image":{"@id":"https:\/\/vinilozona.lt\/parduotuve\/jazz\/nina-simone-%e2%80%8e-the-philips-years-7lp-box-set-2\/#primaryimage"},"thumbnailUrl":"https:\/\/vinilozona.lt\/wp-content\/uploads\/2020\/01\/nina-simone-the-philips-years-7lp-box-set-2.jpg","datePublished":"2020-01-07T09:39:15+00:00","dateModified":"2020-01-27T17:05:39+00:00","breadcrumb":{"@id":"https:\/\/vinilozona.lt\/parduotuve\/jazz\/nina-simone-%e2%80%8e-the-philips-years-7lp-box-set-2\/#breadcrumb"},"inLanguage":"en-GB","potentialAction":[{"@type":"ReadAction","target":["https:\/\/vinilozona.lt\/parduotuve\/jazz\/nina-simone-%e2%80%8e-the-philips-years-7lp-box-set-2\/"]}]},{"@type":"ImageObject","inLanguage":"en-GB","@id":"https:\/\/vinilozona.lt\/parduotuve\/jazz\/nina-simone-%e2%80%8e-the-philips-years-7lp-box-set-2\/#primaryimage","url":"https:\/\/vinilozona.lt\/wp-content\/uploads\/2020\/01\/nina-simone-the-philips-years-7lp-box-set-2.jpg","contentUrl":"https:\/\/vinilozona.lt\/wp-content\/uploads\/2020\/01\/nina-simone-the-philips-years-7lp-box-set-2.jpg","width":800,"height":600},{"@type":"BreadcrumbList","@id":"https:\/\/vinilozona.lt\/parduotuve\/jazz\/nina-simone-%e2%80%8e-the-philips-years-7lp-box-set-2\/#breadcrumb","itemListElement":[{"@type":"ListItem","position":1,"name":"Home","item":"https:\/\/vinilozona.lt\/"},{"@type":"ListItem","position":2,"name":"Parduotuv\u0117","item":"https:\/\/vinilozona.lt\/parduotuve\/"},{"@type":"ListItem","position":3,"name":"Nina Simone \u200e\u2013 The Philips Years: 7LP BOX SET"}]},{"@type":"WebSite","@id":"https:\/\/vinilozona.lt\/#website","url":"https:\/\/vinilozona.lt\/","name":"Vinilo Zona","description":"Nup\u016bsk dulkes ir klausyk LP","potentialAction":[{"@type":"SearchAction","target":{"@type":"EntryPoint","urlTemplate":"https:\/\/vinilozona.lt\/?s={search_term_string}"},"query-input":{"@type":"PropertyValueSpecification","valueRequired":true,"valueName":"search_term_string"}}],"inLanguage":"en-GB"}]}},"_links":{"self":[{"href":"https:\/\/vinilozona.lt\/en\/wp-json\/wp\/v2\/product\/3018"}],"collection":[{"href":"https:\/\/vinilozona.lt\/en\/wp-json\/wp\/v2\/product"}],"about":[{"href":"https:\/\/vinilozona.lt\/en\/wp-json\/wp\/v2\/types\/product"}],"wp:featuredmedia":[{"embeddable":true,"href":"https:\/\/vinilozona.lt\/en\/wp-json\/wp\/v2\/media\/3021"}],"wp:attachment":[{"href":"https:\/\/vinilozona.lt\/en\/wp-json\/wp\/v2\/media?parent=3018"}],"wp:term":[{"taxonomy":"product_cat","embeddable":true,"href":"https:\/\/vinilozona.lt\/en\/wp-json\/wp\/v2\/product_cat?post=3018"},{"taxonomy":"product_tag","embeddable":true,"href":"https:\/\/vinilozona.lt\/en\/wp-json\/wp\/v2\/product_tag?post=3018"}],"curies":[{"name":"wp","href":"https:\/\/api.w.org\/{rel}","templated":true}]}}