{"id":30134,"date":"2025-12-22T05:12:10","date_gmt":"2025-12-22T03:12:10","guid":{"rendered":"https:\/\/vinilozona.lt\/?post_type=product&#038;p=30134"},"modified":"2025-12-22T07:09:23","modified_gmt":"2025-12-22T05:09:23","slug":"scotch-greatest-hits-remixes","status":"publish","type":"product","link":"https:\/\/vinilozona.lt\/en\/parduotuve\/naujos-lp\/scotch-greatest-hits-remixes\/","title":{"rendered":"Scotch \u2013 Greatest Hits &#038; Remixes"},"content":{"rendered":"<p>A1\t\tPrimitive Man\t4:18<br \/>\nA2\t\tTake Me Up (Single Version)\t3:33<br \/>\nA3\t\tMan In The Man (7&#8243; Version)\t4:08<br \/>\nA4\t\tMoney Runner (Original Version)\t4:28<br \/>\nA5\t\tMan To Man\t5:14<br \/>\nB1\t\tDelirio Mind (7&#8243; Vocal Version)\t3:35<br \/>\nB2\t\tLoving Is Easy \/ Evolution (7&#8243; Version)\t3:30<br \/>\nB3\t\tDisco Band (Vocal Version)\t4:00<br \/>\nB4\t\tMirage (7&#8243; Version)\t3:50<br \/>\nB5\t\tPictures (7&#8243; Vocal Version)\t4:05<br \/>\nB6\t\tPenguins&#8217; Invasion (Vox)\t5:45<\/p>","protected":false},"excerpt":{"rendered":"<p>ZYX Music \u2013 ZYX 21067-1<br \/>\nSeries:<br \/>\nGreatest Hits &#038; Remixes<br \/>\nFormat:<br \/>\nVinyl, LP, Compilation<br \/>\nCountry: Germany<br \/>\nReleased:<br \/>\nSep 18, 2015<\/p>","protected":false},"featured_media":30135,"template":"","meta":[],"product_cat":[23],"product_tag":[74],"yoast_head":"<!-- This site is optimized with the Yoast SEO plugin v23.5 - https:\/\/yoast.com\/wordpress\/plugins\/seo\/ -->\n<title>Scotch \u2013 Greatest Hits &amp; Remixes Vinilin\u0117 Plok\u0161tel\u0117 | Vinilozona.lt<\/title>\n<meta name=\"robots\" content=\"index, follow, max-snippet:-1, max-image-preview:large, max-video-preview:-1\" \/>\n<link rel=\"canonical\" href=\"https:\/\/vinilozona.lt\/en\/parduotuve\/naujos-lp\/scotch-greatest-hits-remixes\/\" \/>\n<meta property=\"og:locale\" content=\"en_GB\" \/>\n<meta property=\"og:type\" content=\"article\" \/>\n<meta property=\"og:title\" content=\"Scotch \u2013 Greatest Hits &amp; Remixes Vinilin\u0117 Plok\u0161tel\u0117 | Vinilozona.lt\" \/>\n<meta property=\"og:description\" content=\"ZYX Music \u2013 ZYX 21067-1 Series: Greatest Hits &amp; Remixes Format: Vinyl, LP, Compilation Country: Germany Released: Sep 18, 2015\" \/>\n<meta property=\"og:url\" content=\"https:\/\/vinilozona.lt\/en\/parduotuve\/naujos-lp\/scotch-greatest-hits-remixes\/\" \/>\n<meta property=\"og:site_name\" content=\"Vinilo Zona\" \/>\n<meta property=\"article:modified_time\" content=\"2025-12-22T05:09:23+00:00\" \/>\n<meta property=\"og:image\" content=\"https:\/\/vinilozona.lt\/wp-content\/uploads\/2025\/12\/R-7490583-1442564296-4750.jpg\" \/>\n\t<meta property=\"og:image:width\" content=\"600\" \/>\n\t<meta property=\"og:image:height\" content=\"594\" \/>\n\t<meta property=\"og:image:type\" content=\"image\/jpeg\" \/>\n<meta name=\"twitter:card\" content=\"summary_large_image\" \/>\n<meta name=\"twitter:label1\" content=\"Estimated reading time\" \/>\n\t<meta name=\"twitter:data1\" content=\"1 minute\" \/>\n<script type=\"application\/ld+json\" class=\"yoast-schema-graph\">{\"@context\":\"https:\/\/schema.org\",\"@graph\":[{\"@type\":\"WebPage\",\"@id\":\"https:\/\/vinilozona.lt\/parduotuve\/naujos-lp\/scotch-greatest-hits-remixes\/\",\"url\":\"https:\/\/vinilozona.lt\/parduotuve\/naujos-lp\/scotch-greatest-hits-remixes\/\",\"name\":\"Scotch \u2013 Greatest Hits & Remixes Vinilin\u0117 Plok\u0161tel\u0117 | Vinilozona.lt\",\"isPartOf\":{\"@id\":\"https:\/\/vinilozona.lt\/#website\"},\"primaryImageOfPage\":{\"@id\":\"https:\/\/vinilozona.lt\/parduotuve\/naujos-lp\/scotch-greatest-hits-remixes\/#primaryimage\"},\"image\":{\"@id\":\"https:\/\/vinilozona.lt\/parduotuve\/naujos-lp\/scotch-greatest-hits-remixes\/#primaryimage\"},\"thumbnailUrl\":\"https:\/\/vinilozona.lt\/wp-content\/uploads\/2025\/12\/R-7490583-1442564296-4750.jpg\",\"datePublished\":\"2025-12-22T03:12:10+00:00\",\"dateModified\":\"2025-12-22T05:09:23+00:00\",\"breadcrumb\":{\"@id\":\"https:\/\/vinilozona.lt\/parduotuve\/naujos-lp\/scotch-greatest-hits-remixes\/#breadcrumb\"},\"inLanguage\":\"en-GB\",\"potentialAction\":[{\"@type\":\"ReadAction\",\"target\":[\"https:\/\/vinilozona.lt\/parduotuve\/naujos-lp\/scotch-greatest-hits-remixes\/\"]}]},{\"@type\":\"ImageObject\",\"inLanguage\":\"en-GB\",\"@id\":\"https:\/\/vinilozona.lt\/parduotuve\/naujos-lp\/scotch-greatest-hits-remixes\/#primaryimage\",\"url\":\"https:\/\/vinilozona.lt\/wp-content\/uploads\/2025\/12\/R-7490583-1442564296-4750.jpg\",\"contentUrl\":\"https:\/\/vinilozona.lt\/wp-content\/uploads\/2025\/12\/R-7490583-1442564296-4750.jpg\",\"width\":600,\"height\":594},{\"@type\":\"BreadcrumbList\",\"@id\":\"https:\/\/vinilozona.lt\/parduotuve\/naujos-lp\/scotch-greatest-hits-remixes\/#breadcrumb\",\"itemListElement\":[{\"@type\":\"ListItem\",\"position\":1,\"name\":\"Home\",\"item\":\"https:\/\/vinilozona.lt\/\"},{\"@type\":\"ListItem\",\"position\":2,\"name\":\"Parduotuv\u0117\",\"item\":\"https:\/\/vinilozona.lt\/parduotuve\/\"},{\"@type\":\"ListItem\",\"position\":3,\"name\":\"Scotch \u2013 Greatest Hits &#038; Remixes\"}]},{\"@type\":\"WebSite\",\"@id\":\"https:\/\/vinilozona.lt\/#website\",\"url\":\"https:\/\/vinilozona.lt\/\",\"name\":\"Vinilo Zona\",\"description\":\"Nup\u016bsk dulkes ir klausyk LP\",\"potentialAction\":[{\"@type\":\"SearchAction\",\"target\":{\"@type\":\"EntryPoint\",\"urlTemplate\":\"https:\/\/vinilozona.lt\/?s={search_term_string}\"},\"query-input\":{\"@type\":\"PropertyValueSpecification\",\"valueRequired\":true,\"valueName\":\"search_term_string\"}}],\"inLanguage\":\"en-GB\"}]}<\/script>\n<!-- \/ Yoast SEO plugin. -->","yoast_head_json":{"title":"Scotch \u2013 Greatest Hits & Remixes Vinilin\u0117 Plok\u0161tel\u0117 | Vinilozona.lt","robots":{"index":"index","follow":"follow","max-snippet":"max-snippet:-1","max-image-preview":"max-image-preview:large","max-video-preview":"max-video-preview:-1"},"canonical":"https:\/\/vinilozona.lt\/en\/parduotuve\/naujos-lp\/scotch-greatest-hits-remixes\/","og_locale":"en_GB","og_type":"article","og_title":"Scotch \u2013 Greatest Hits & Remixes Vinilin\u0117 Plok\u0161tel\u0117 | Vinilozona.lt","og_description":"ZYX Music \u2013 ZYX 21067-1 Series: Greatest Hits & Remixes Format: Vinyl, LP, Compilation Country: Germany Released: Sep 18, 2015","og_url":"https:\/\/vinilozona.lt\/en\/parduotuve\/naujos-lp\/scotch-greatest-hits-remixes\/","og_site_name":"Vinilo Zona","article_modified_time":"2025-12-22T05:09:23+00:00","og_image":[{"width":600,"height":594,"url":"https:\/\/vinilozona.lt\/wp-content\/uploads\/2025\/12\/R-7490583-1442564296-4750.jpg","type":"image\/jpeg"}],"twitter_card":"summary_large_image","twitter_misc":{"Estimated reading time":"1 minute"},"schema":{"@context":"https:\/\/schema.org","@graph":[{"@type":"WebPage","@id":"https:\/\/vinilozona.lt\/parduotuve\/naujos-lp\/scotch-greatest-hits-remixes\/","url":"https:\/\/vinilozona.lt\/parduotuve\/naujos-lp\/scotch-greatest-hits-remixes\/","name":"Scotch \u2013 Greatest Hits & Remixes Vinilin\u0117 Plok\u0161tel\u0117 | Vinilozona.lt","isPartOf":{"@id":"https:\/\/vinilozona.lt\/#website"},"primaryImageOfPage":{"@id":"https:\/\/vinilozona.lt\/parduotuve\/naujos-lp\/scotch-greatest-hits-remixes\/#primaryimage"},"image":{"@id":"https:\/\/vinilozona.lt\/parduotuve\/naujos-lp\/scotch-greatest-hits-remixes\/#primaryimage"},"thumbnailUrl":"https:\/\/vinilozona.lt\/wp-content\/uploads\/2025\/12\/R-7490583-1442564296-4750.jpg","datePublished":"2025-12-22T03:12:10+00:00","dateModified":"2025-12-22T05:09:23+00:00","breadcrumb":{"@id":"https:\/\/vinilozona.lt\/parduotuve\/naujos-lp\/scotch-greatest-hits-remixes\/#breadcrumb"},"inLanguage":"en-GB","potentialAction":[{"@type":"ReadAction","target":["https:\/\/vinilozona.lt\/parduotuve\/naujos-lp\/scotch-greatest-hits-remixes\/"]}]},{"@type":"ImageObject","inLanguage":"en-GB","@id":"https:\/\/vinilozona.lt\/parduotuve\/naujos-lp\/scotch-greatest-hits-remixes\/#primaryimage","url":"https:\/\/vinilozona.lt\/wp-content\/uploads\/2025\/12\/R-7490583-1442564296-4750.jpg","contentUrl":"https:\/\/vinilozona.lt\/wp-content\/uploads\/2025\/12\/R-7490583-1442564296-4750.jpg","width":600,"height":594},{"@type":"BreadcrumbList","@id":"https:\/\/vinilozona.lt\/parduotuve\/naujos-lp\/scotch-greatest-hits-remixes\/#breadcrumb","itemListElement":[{"@type":"ListItem","position":1,"name":"Home","item":"https:\/\/vinilozona.lt\/"},{"@type":"ListItem","position":2,"name":"Parduotuv\u0117","item":"https:\/\/vinilozona.lt\/parduotuve\/"},{"@type":"ListItem","position":3,"name":"Scotch \u2013 Greatest Hits &#038; Remixes"}]},{"@type":"WebSite","@id":"https:\/\/vinilozona.lt\/#website","url":"https:\/\/vinilozona.lt\/","name":"Vinilo Zona","description":"Nup\u016bsk dulkes ir klausyk LP","potentialAction":[{"@type":"SearchAction","target":{"@type":"EntryPoint","urlTemplate":"https:\/\/vinilozona.lt\/?s={search_term_string}"},"query-input":{"@type":"PropertyValueSpecification","valueRequired":true,"valueName":"search_term_string"}}],"inLanguage":"en-GB"}]}},"_links":{"self":[{"href":"https:\/\/vinilozona.lt\/en\/wp-json\/wp\/v2\/product\/30134"}],"collection":[{"href":"https:\/\/vinilozona.lt\/en\/wp-json\/wp\/v2\/product"}],"about":[{"href":"https:\/\/vinilozona.lt\/en\/wp-json\/wp\/v2\/types\/product"}],"wp:featuredmedia":[{"embeddable":true,"href":"https:\/\/vinilozona.lt\/en\/wp-json\/wp\/v2\/media\/30135"}],"wp:attachment":[{"href":"https:\/\/vinilozona.lt\/en\/wp-json\/wp\/v2\/media?parent=30134"}],"wp:term":[{"taxonomy":"product_cat","embeddable":true,"href":"https:\/\/vinilozona.lt\/en\/wp-json\/wp\/v2\/product_cat?post=30134"},{"taxonomy":"product_tag","embeddable":true,"href":"https:\/\/vinilozona.lt\/en\/wp-json\/wp\/v2\/product_tag?post=30134"}],"curies":[{"name":"wp","href":"https:\/\/api.w.org\/{rel}","templated":true}]}}