{"id":30121,"date":"2025-12-22T05:06:25","date_gmt":"2025-12-22T03:06:25","guid":{"rendered":"https:\/\/vinilozona.lt\/?post_type=product&#038;p=30121"},"modified":"2025-12-22T22:41:54","modified_gmt":"2025-12-22T20:41:54","slug":"savage-greatest-hits-remixes","status":"publish","type":"product","link":"https:\/\/vinilozona.lt\/en\/parduotuve\/naujos-lp\/savage-greatest-hits-remixes\/","title":{"rendered":"Savage \u2013 Greatest Hits &#038; Remixes"},"content":{"rendered":"<p>A1\t\tDon&#8217;t Cry Tonight (7&#8243; Version)\t3:30<br \/>\nA2\t\tA Love Again (Radio Version)\t4:36<br \/>\nA3\t\tOnly You (Radio Version)\t3:49<br \/>\nA4\t\tI&#8217;m Loosing You (Radio Version)\t3:25<br \/>\nA5\t\tGoodbye (Radio Version)\t4:38<br \/>\nA6\t\tCelebrate (Radio Version)\t3:13<br \/>\nB1\t\tRadio (Radio Version)\t4:44<br \/>\nB2\t\tSo Close (Radio Version)\t3:28<br \/>\nB3\t\tLove Is Death (Radio Version)\t3:52<br \/>\nB4\t\tI Just Died In Your Arms (Single Version)\t3:29<br \/>\nB5\t\tFugitive (7&#8243; Version)\t3:24<br \/>\nB6\t\tTime (Radio Version)\t4:42<\/p>","protected":false},"excerpt":{"rendered":"<p>ZYX Music \u2013 ZYX 21097-1<br \/>\nSeries:<br \/>\nGreatest Hits &#038; Remixes<br \/>\nFormat:<br \/>\nVinyl, LP, Compilation<br \/>\nCountry:<br \/>\nEurope<br \/>\nReleased:<br \/>\nMay 20, 2016<\/p>","protected":false},"featured_media":30122,"template":"","meta":[],"product_cat":[23],"product_tag":[74],"yoast_head":"<!-- This site is optimized with the Yoast SEO plugin v23.5 - https:\/\/yoast.com\/wordpress\/plugins\/seo\/ -->\n<title>Savage \u2013 Greatest Hits &amp; Remixes Vinilin\u0117 Plok\u0161tel\u0117 | Vinilozona.lt<\/title>\n<meta name=\"robots\" content=\"index, follow, max-snippet:-1, max-image-preview:large, max-video-preview:-1\" \/>\n<link rel=\"canonical\" href=\"https:\/\/vinilozona.lt\/en\/parduotuve\/naujos-lp\/savage-greatest-hits-remixes\/\" \/>\n<meta property=\"og:locale\" content=\"en_GB\" \/>\n<meta property=\"og:type\" content=\"article\" \/>\n<meta property=\"og:title\" content=\"Savage \u2013 Greatest Hits &amp; Remixes Vinilin\u0117 Plok\u0161tel\u0117 | Vinilozona.lt\" \/>\n<meta property=\"og:description\" content=\"ZYX Music \u2013 ZYX 21097-1 Series: Greatest Hits &amp; Remixes Format: Vinyl, LP, Compilation Country: Europe Released: May 20, 2016\" \/>\n<meta property=\"og:url\" content=\"https:\/\/vinilozona.lt\/en\/parduotuve\/naujos-lp\/savage-greatest-hits-remixes\/\" \/>\n<meta property=\"og:site_name\" content=\"Vinilo Zona\" \/>\n<meta property=\"article:modified_time\" content=\"2025-12-22T20:41:54+00:00\" \/>\n<meta property=\"og:image\" content=\"https:\/\/vinilozona.lt\/wp-content\/uploads\/2025\/12\/R-8514287-1463155046-8525.jpg\" \/>\n\t<meta property=\"og:image:width\" content=\"589\" \/>\n\t<meta property=\"og:image:height\" content=\"600\" \/>\n\t<meta property=\"og:image:type\" content=\"image\/jpeg\" \/>\n<meta name=\"twitter:card\" content=\"summary_large_image\" \/>\n<meta name=\"twitter:label1\" content=\"Estimated reading time\" \/>\n\t<meta name=\"twitter:data1\" content=\"1 minute\" \/>\n<script type=\"application\/ld+json\" class=\"yoast-schema-graph\">{\"@context\":\"https:\/\/schema.org\",\"@graph\":[{\"@type\":\"WebPage\",\"@id\":\"https:\/\/vinilozona.lt\/parduotuve\/naujos-lp\/savage-greatest-hits-remixes\/\",\"url\":\"https:\/\/vinilozona.lt\/parduotuve\/naujos-lp\/savage-greatest-hits-remixes\/\",\"name\":\"Savage \u2013 Greatest Hits & Remixes Vinilin\u0117 Plok\u0161tel\u0117 | Vinilozona.lt\",\"isPartOf\":{\"@id\":\"https:\/\/vinilozona.lt\/#website\"},\"primaryImageOfPage\":{\"@id\":\"https:\/\/vinilozona.lt\/parduotuve\/naujos-lp\/savage-greatest-hits-remixes\/#primaryimage\"},\"image\":{\"@id\":\"https:\/\/vinilozona.lt\/parduotuve\/naujos-lp\/savage-greatest-hits-remixes\/#primaryimage\"},\"thumbnailUrl\":\"https:\/\/vinilozona.lt\/wp-content\/uploads\/2025\/12\/R-8514287-1463155046-8525.jpg\",\"datePublished\":\"2025-12-22T03:06:25+00:00\",\"dateModified\":\"2025-12-22T20:41:54+00:00\",\"breadcrumb\":{\"@id\":\"https:\/\/vinilozona.lt\/parduotuve\/naujos-lp\/savage-greatest-hits-remixes\/#breadcrumb\"},\"inLanguage\":\"en-GB\",\"potentialAction\":[{\"@type\":\"ReadAction\",\"target\":[\"https:\/\/vinilozona.lt\/parduotuve\/naujos-lp\/savage-greatest-hits-remixes\/\"]}]},{\"@type\":\"ImageObject\",\"inLanguage\":\"en-GB\",\"@id\":\"https:\/\/vinilozona.lt\/parduotuve\/naujos-lp\/savage-greatest-hits-remixes\/#primaryimage\",\"url\":\"https:\/\/vinilozona.lt\/wp-content\/uploads\/2025\/12\/R-8514287-1463155046-8525.jpg\",\"contentUrl\":\"https:\/\/vinilozona.lt\/wp-content\/uploads\/2025\/12\/R-8514287-1463155046-8525.jpg\",\"width\":589,\"height\":600},{\"@type\":\"BreadcrumbList\",\"@id\":\"https:\/\/vinilozona.lt\/parduotuve\/naujos-lp\/savage-greatest-hits-remixes\/#breadcrumb\",\"itemListElement\":[{\"@type\":\"ListItem\",\"position\":1,\"name\":\"Home\",\"item\":\"https:\/\/vinilozona.lt\/\"},{\"@type\":\"ListItem\",\"position\":2,\"name\":\"Parduotuv\u0117\",\"item\":\"https:\/\/vinilozona.lt\/parduotuve\/\"},{\"@type\":\"ListItem\",\"position\":3,\"name\":\"Savage \u2013 Greatest Hits &#038; Remixes\"}]},{\"@type\":\"WebSite\",\"@id\":\"https:\/\/vinilozona.lt\/#website\",\"url\":\"https:\/\/vinilozona.lt\/\",\"name\":\"Vinilo Zona\",\"description\":\"Nup\u016bsk dulkes ir klausyk LP\",\"potentialAction\":[{\"@type\":\"SearchAction\",\"target\":{\"@type\":\"EntryPoint\",\"urlTemplate\":\"https:\/\/vinilozona.lt\/?s={search_term_string}\"},\"query-input\":{\"@type\":\"PropertyValueSpecification\",\"valueRequired\":true,\"valueName\":\"search_term_string\"}}],\"inLanguage\":\"en-GB\"}]}<\/script>\n<!-- \/ Yoast SEO plugin. -->","yoast_head_json":{"title":"Savage \u2013 Greatest Hits & Remixes Vinilin\u0117 Plok\u0161tel\u0117 | Vinilozona.lt","robots":{"index":"index","follow":"follow","max-snippet":"max-snippet:-1","max-image-preview":"max-image-preview:large","max-video-preview":"max-video-preview:-1"},"canonical":"https:\/\/vinilozona.lt\/en\/parduotuve\/naujos-lp\/savage-greatest-hits-remixes\/","og_locale":"en_GB","og_type":"article","og_title":"Savage \u2013 Greatest Hits & Remixes Vinilin\u0117 Plok\u0161tel\u0117 | Vinilozona.lt","og_description":"ZYX Music \u2013 ZYX 21097-1 Series: Greatest Hits & Remixes Format: Vinyl, LP, Compilation Country: Europe Released: May 20, 2016","og_url":"https:\/\/vinilozona.lt\/en\/parduotuve\/naujos-lp\/savage-greatest-hits-remixes\/","og_site_name":"Vinilo Zona","article_modified_time":"2025-12-22T20:41:54+00:00","og_image":[{"width":589,"height":600,"url":"https:\/\/vinilozona.lt\/wp-content\/uploads\/2025\/12\/R-8514287-1463155046-8525.jpg","type":"image\/jpeg"}],"twitter_card":"summary_large_image","twitter_misc":{"Estimated reading time":"1 minute"},"schema":{"@context":"https:\/\/schema.org","@graph":[{"@type":"WebPage","@id":"https:\/\/vinilozona.lt\/parduotuve\/naujos-lp\/savage-greatest-hits-remixes\/","url":"https:\/\/vinilozona.lt\/parduotuve\/naujos-lp\/savage-greatest-hits-remixes\/","name":"Savage \u2013 Greatest Hits & Remixes Vinilin\u0117 Plok\u0161tel\u0117 | Vinilozona.lt","isPartOf":{"@id":"https:\/\/vinilozona.lt\/#website"},"primaryImageOfPage":{"@id":"https:\/\/vinilozona.lt\/parduotuve\/naujos-lp\/savage-greatest-hits-remixes\/#primaryimage"},"image":{"@id":"https:\/\/vinilozona.lt\/parduotuve\/naujos-lp\/savage-greatest-hits-remixes\/#primaryimage"},"thumbnailUrl":"https:\/\/vinilozona.lt\/wp-content\/uploads\/2025\/12\/R-8514287-1463155046-8525.jpg","datePublished":"2025-12-22T03:06:25+00:00","dateModified":"2025-12-22T20:41:54+00:00","breadcrumb":{"@id":"https:\/\/vinilozona.lt\/parduotuve\/naujos-lp\/savage-greatest-hits-remixes\/#breadcrumb"},"inLanguage":"en-GB","potentialAction":[{"@type":"ReadAction","target":["https:\/\/vinilozona.lt\/parduotuve\/naujos-lp\/savage-greatest-hits-remixes\/"]}]},{"@type":"ImageObject","inLanguage":"en-GB","@id":"https:\/\/vinilozona.lt\/parduotuve\/naujos-lp\/savage-greatest-hits-remixes\/#primaryimage","url":"https:\/\/vinilozona.lt\/wp-content\/uploads\/2025\/12\/R-8514287-1463155046-8525.jpg","contentUrl":"https:\/\/vinilozona.lt\/wp-content\/uploads\/2025\/12\/R-8514287-1463155046-8525.jpg","width":589,"height":600},{"@type":"BreadcrumbList","@id":"https:\/\/vinilozona.lt\/parduotuve\/naujos-lp\/savage-greatest-hits-remixes\/#breadcrumb","itemListElement":[{"@type":"ListItem","position":1,"name":"Home","item":"https:\/\/vinilozona.lt\/"},{"@type":"ListItem","position":2,"name":"Parduotuv\u0117","item":"https:\/\/vinilozona.lt\/parduotuve\/"},{"@type":"ListItem","position":3,"name":"Savage \u2013 Greatest Hits &#038; Remixes"}]},{"@type":"WebSite","@id":"https:\/\/vinilozona.lt\/#website","url":"https:\/\/vinilozona.lt\/","name":"Vinilo Zona","description":"Nup\u016bsk dulkes ir klausyk LP","potentialAction":[{"@type":"SearchAction","target":{"@type":"EntryPoint","urlTemplate":"https:\/\/vinilozona.lt\/?s={search_term_string}"},"query-input":{"@type":"PropertyValueSpecification","valueRequired":true,"valueName":"search_term_string"}}],"inLanguage":"en-GB"}]}},"_links":{"self":[{"href":"https:\/\/vinilozona.lt\/en\/wp-json\/wp\/v2\/product\/30121"}],"collection":[{"href":"https:\/\/vinilozona.lt\/en\/wp-json\/wp\/v2\/product"}],"about":[{"href":"https:\/\/vinilozona.lt\/en\/wp-json\/wp\/v2\/types\/product"}],"wp:featuredmedia":[{"embeddable":true,"href":"https:\/\/vinilozona.lt\/en\/wp-json\/wp\/v2\/media\/30122"}],"wp:attachment":[{"href":"https:\/\/vinilozona.lt\/en\/wp-json\/wp\/v2\/media?parent=30121"}],"wp:term":[{"taxonomy":"product_cat","embeddable":true,"href":"https:\/\/vinilozona.lt\/en\/wp-json\/wp\/v2\/product_cat?post=30121"},{"taxonomy":"product_tag","embeddable":true,"href":"https:\/\/vinilozona.lt\/en\/wp-json\/wp\/v2\/product_tag?post=30121"}],"curies":[{"name":"wp","href":"https:\/\/api.w.org\/{rel}","templated":true}]}}