{"id":30091,"date":"2025-12-19T05:00:45","date_gmt":"2025-12-19T03:00:45","guid":{"rendered":"https:\/\/vinilozona.lt\/?post_type=product&#038;p=30091"},"modified":"2025-12-18T21:01:25","modified_gmt":"2025-12-18T19:01:25","slug":"john-fogerty-the-long-road-home-the-ultimate-john-fogerty-%c2%b7-creedence-collection-cd","status":"publish","type":"product","link":"https:\/\/vinilozona.lt\/en\/parduotuve\/cd\/naudoti-cd\/john-fogerty-the-long-road-home-the-ultimate-john-fogerty-%c2%b7-creedence-collection-cd\/","title":{"rendered":"John Fogerty \u2013 The Long Road Home (The Ultimate John Fogerty \u00b7 Creedence Collection)  CD"},"content":{"rendered":"<p>1\tCreedence Clearwater Revival\u2013\tBorn On The Bayou\t5:12<br \/>\n2\tCreedence Clearwater Revival\u2013\tBad Moon Rising\t2:19<br \/>\n3\tJohn Fogerty\u2013\tCenterfield\t3:51<br \/>\n4\tCreedence Clearwater Revival\u2013\tWho&#8217;ll Stop The Rain\t2:27<br \/>\n5\tJohn Fogerty\u2013\tRambunctious Boy\t3:54<br \/>\n6\tCreedence Clearwater Revival\u2013\tFortunate Son\t2:18<br \/>\n7\tCreedence Clearwater Revival\u2013\tLookin&#8217; Out My Back Door\t2:32<br \/>\n8\tCreedence Clearwater Revival\u2013\tUp Around The Bend\t2:39<br \/>\n9\tJohn Fogerty\u2013\tAlmost Saturday Night (Live)\t2:26<br \/>\n10\tCreedence Clearwater Revival\u2013\tDown On The Corner\t2:45<br \/>\n11\tJohn Fogerty\u2013\tBootleg (Live)\t3:01<br \/>\n12\tCreedence Clearwater Revival\u2013\tHave You Ever Seen The Rain?\t2:39<br \/>\n13\tCreedence Clearwater Revival\u2013\tSweet Hitch-Hiker\t2:56<br \/>\n14\tJohn Fogerty\u2013\tHey Tonight (Live)\t2:33<br \/>\n15\tJohn Fogerty\u2013\tThe Old Man Down The Road\t3:33<br \/>\n16\tJohn Fogerty\u2013\tRockin&#8217; All Over The World (Live)\t2:58<br \/>\n17\tCreedence Clearwater Revival\u2013\tLodi\t3:10<br \/>\n18\tJohn Fogerty\u2013\tKeep On Chooglin&#8217; (Live)\t4:03<br \/>\n19\tCreedence Clearwater Revival\u2013\tGreen River\t2:33<br \/>\n20\tJohn Fogerty\u2013\tDeja Vu (All Over Again)\t4:13<br \/>\n21\tCreedence Clearwater Revival\u2013\tRun Through The Jungle\t3:05<br \/>\n22\tJohn Fogerty\u2013\tHot Rod Heart\t3:29<br \/>\n23\tCreedence Clearwater Revival\u2013\tTravelin&#8217; Band\t2:09<br \/>\n24\tCreedence Clearwater Revival\u2013\tProud Mary\t3:04<br \/>\n25\tJohn Fogerty\u2013\tFortunate Son (Live)\t2:58<\/p>","protected":false},"excerpt":{"rendered":"<p>Fantasy \u2013 0025218968928, Fantasy \u2013 025218968928<br \/>\nFormat:<br \/>\nCD, Compilation, Remastered<br \/>\nCountry:<br \/>\nEurope<br \/>\nReleased:<br \/>\n2005<\/p>","protected":false},"featured_media":30092,"template":"","meta":[],"product_cat":[24,946],"product_tag":[44],"yoast_head":"<!-- This site is optimized with the Yoast SEO plugin v23.5 - https:\/\/yoast.com\/wordpress\/plugins\/seo\/ -->\n<title>John Fogerty \u2013 The Long Road Home (The Ultimate John Fogerty \u00b7 Creedence Collection) CD Vinilin\u0117 Plok\u0161tel\u0117 | Vinilozona.lt<\/title>\n<meta name=\"robots\" content=\"index, follow, max-snippet:-1, max-image-preview:large, max-video-preview:-1\" \/>\n<link rel=\"canonical\" href=\"https:\/\/vinilozona.lt\/en\/parduotuve\/cd\/naudoti-cd\/john-fogerty-the-long-road-home-the-ultimate-john-fogerty-\u00b7-creedence-collection-cd\/\" \/>\n<meta property=\"og:locale\" content=\"en_GB\" \/>\n<meta property=\"og:type\" content=\"article\" \/>\n<meta property=\"og:title\" content=\"John Fogerty \u2013 The Long Road Home (The Ultimate John Fogerty \u00b7 Creedence Collection) CD Vinilin\u0117 Plok\u0161tel\u0117 | Vinilozona.lt\" \/>\n<meta property=\"og:description\" content=\"Fantasy \u2013 0025218968928, Fantasy \u2013 025218968928 Format: CD, Compilation, Remastered Country: Europe Released: 2005\" \/>\n<meta property=\"og:url\" content=\"https:\/\/vinilozona.lt\/en\/parduotuve\/cd\/naudoti-cd\/john-fogerty-the-long-road-home-the-ultimate-john-fogerty-\u00b7-creedence-collection-cd\/\" \/>\n<meta property=\"og:site_name\" content=\"Vinilo Zona\" \/>\n<meta property=\"article:modified_time\" content=\"2025-12-18T19:01:25+00:00\" \/>\n<meta property=\"og:image\" content=\"https:\/\/vinilozona.lt\/wp-content\/uploads\/2025\/12\/R-869264-1534774707-2538.jpg\" \/>\n\t<meta property=\"og:image:width\" content=\"600\" \/>\n\t<meta property=\"og:image:height\" content=\"595\" \/>\n\t<meta property=\"og:image:type\" content=\"image\/jpeg\" \/>\n<meta name=\"twitter:card\" content=\"summary_large_image\" \/>\n<meta name=\"twitter:label1\" content=\"Estimated reading time\" \/>\n\t<meta name=\"twitter:data1\" content=\"1 minute\" \/>\n<script type=\"application\/ld+json\" class=\"yoast-schema-graph\">{\"@context\":\"https:\/\/schema.org\",\"@graph\":[{\"@type\":\"WebPage\",\"@id\":\"https:\/\/vinilozona.lt\/parduotuve\/cd\/naudoti-cd\/john-fogerty-the-long-road-home-the-ultimate-john-fogerty-%c2%b7-creedence-collection-cd\/\",\"url\":\"https:\/\/vinilozona.lt\/parduotuve\/cd\/naudoti-cd\/john-fogerty-the-long-road-home-the-ultimate-john-fogerty-%c2%b7-creedence-collection-cd\/\",\"name\":\"John Fogerty \u2013 The Long Road Home (The Ultimate John Fogerty \u00b7 Creedence Collection) CD Vinilin\u0117 Plok\u0161tel\u0117 | Vinilozona.lt\",\"isPartOf\":{\"@id\":\"https:\/\/vinilozona.lt\/#website\"},\"primaryImageOfPage\":{\"@id\":\"https:\/\/vinilozona.lt\/parduotuve\/cd\/naudoti-cd\/john-fogerty-the-long-road-home-the-ultimate-john-fogerty-%c2%b7-creedence-collection-cd\/#primaryimage\"},\"image\":{\"@id\":\"https:\/\/vinilozona.lt\/parduotuve\/cd\/naudoti-cd\/john-fogerty-the-long-road-home-the-ultimate-john-fogerty-%c2%b7-creedence-collection-cd\/#primaryimage\"},\"thumbnailUrl\":\"https:\/\/vinilozona.lt\/wp-content\/uploads\/2025\/12\/R-869264-1534774707-2538.jpg\",\"datePublished\":\"2025-12-19T03:00:45+00:00\",\"dateModified\":\"2025-12-18T19:01:25+00:00\",\"breadcrumb\":{\"@id\":\"https:\/\/vinilozona.lt\/parduotuve\/cd\/naudoti-cd\/john-fogerty-the-long-road-home-the-ultimate-john-fogerty-%c2%b7-creedence-collection-cd\/#breadcrumb\"},\"inLanguage\":\"en-GB\",\"potentialAction\":[{\"@type\":\"ReadAction\",\"target\":[\"https:\/\/vinilozona.lt\/parduotuve\/cd\/naudoti-cd\/john-fogerty-the-long-road-home-the-ultimate-john-fogerty-%c2%b7-creedence-collection-cd\/\"]}]},{\"@type\":\"ImageObject\",\"inLanguage\":\"en-GB\",\"@id\":\"https:\/\/vinilozona.lt\/parduotuve\/cd\/naudoti-cd\/john-fogerty-the-long-road-home-the-ultimate-john-fogerty-%c2%b7-creedence-collection-cd\/#primaryimage\",\"url\":\"https:\/\/vinilozona.lt\/wp-content\/uploads\/2025\/12\/R-869264-1534774707-2538.jpg\",\"contentUrl\":\"https:\/\/vinilozona.lt\/wp-content\/uploads\/2025\/12\/R-869264-1534774707-2538.jpg\",\"width\":600,\"height\":595},{\"@type\":\"BreadcrumbList\",\"@id\":\"https:\/\/vinilozona.lt\/parduotuve\/cd\/naudoti-cd\/john-fogerty-the-long-road-home-the-ultimate-john-fogerty-%c2%b7-creedence-collection-cd\/#breadcrumb\",\"itemListElement\":[{\"@type\":\"ListItem\",\"position\":1,\"name\":\"Home\",\"item\":\"https:\/\/vinilozona.lt\/\"},{\"@type\":\"ListItem\",\"position\":2,\"name\":\"Parduotuv\u0117\",\"item\":\"https:\/\/vinilozona.lt\/parduotuve\/\"},{\"@type\":\"ListItem\",\"position\":3,\"name\":\"John Fogerty \u2013 The Long Road Home (The Ultimate John Fogerty \u00b7 Creedence Collection) CD\"}]},{\"@type\":\"WebSite\",\"@id\":\"https:\/\/vinilozona.lt\/#website\",\"url\":\"https:\/\/vinilozona.lt\/\",\"name\":\"Vinilo Zona\",\"description\":\"Nup\u016bsk dulkes ir klausyk LP\",\"potentialAction\":[{\"@type\":\"SearchAction\",\"target\":{\"@type\":\"EntryPoint\",\"urlTemplate\":\"https:\/\/vinilozona.lt\/?s={search_term_string}\"},\"query-input\":{\"@type\":\"PropertyValueSpecification\",\"valueRequired\":true,\"valueName\":\"search_term_string\"}}],\"inLanguage\":\"en-GB\"}]}<\/script>\n<!-- \/ Yoast SEO plugin. -->","yoast_head_json":{"title":"John Fogerty \u2013 The Long Road Home (The Ultimate John Fogerty \u00b7 Creedence Collection) CD Vinilin\u0117 Plok\u0161tel\u0117 | Vinilozona.lt","robots":{"index":"index","follow":"follow","max-snippet":"max-snippet:-1","max-image-preview":"max-image-preview:large","max-video-preview":"max-video-preview:-1"},"canonical":"https:\/\/vinilozona.lt\/en\/parduotuve\/cd\/naudoti-cd\/john-fogerty-the-long-road-home-the-ultimate-john-fogerty-\u00b7-creedence-collection-cd\/","og_locale":"en_GB","og_type":"article","og_title":"John Fogerty \u2013 The Long Road Home (The Ultimate John Fogerty \u00b7 Creedence Collection) CD Vinilin\u0117 Plok\u0161tel\u0117 | Vinilozona.lt","og_description":"Fantasy \u2013 0025218968928, Fantasy \u2013 025218968928 Format: CD, Compilation, Remastered Country: Europe Released: 2005","og_url":"https:\/\/vinilozona.lt\/en\/parduotuve\/cd\/naudoti-cd\/john-fogerty-the-long-road-home-the-ultimate-john-fogerty-\u00b7-creedence-collection-cd\/","og_site_name":"Vinilo Zona","article_modified_time":"2025-12-18T19:01:25+00:00","og_image":[{"width":600,"height":595,"url":"https:\/\/vinilozona.lt\/wp-content\/uploads\/2025\/12\/R-869264-1534774707-2538.jpg","type":"image\/jpeg"}],"twitter_card":"summary_large_image","twitter_misc":{"Estimated reading time":"1 minute"},"schema":{"@context":"https:\/\/schema.org","@graph":[{"@type":"WebPage","@id":"https:\/\/vinilozona.lt\/parduotuve\/cd\/naudoti-cd\/john-fogerty-the-long-road-home-the-ultimate-john-fogerty-%c2%b7-creedence-collection-cd\/","url":"https:\/\/vinilozona.lt\/parduotuve\/cd\/naudoti-cd\/john-fogerty-the-long-road-home-the-ultimate-john-fogerty-%c2%b7-creedence-collection-cd\/","name":"John Fogerty \u2013 The Long Road Home (The Ultimate John Fogerty \u00b7 Creedence Collection) CD Vinilin\u0117 Plok\u0161tel\u0117 | Vinilozona.lt","isPartOf":{"@id":"https:\/\/vinilozona.lt\/#website"},"primaryImageOfPage":{"@id":"https:\/\/vinilozona.lt\/parduotuve\/cd\/naudoti-cd\/john-fogerty-the-long-road-home-the-ultimate-john-fogerty-%c2%b7-creedence-collection-cd\/#primaryimage"},"image":{"@id":"https:\/\/vinilozona.lt\/parduotuve\/cd\/naudoti-cd\/john-fogerty-the-long-road-home-the-ultimate-john-fogerty-%c2%b7-creedence-collection-cd\/#primaryimage"},"thumbnailUrl":"https:\/\/vinilozona.lt\/wp-content\/uploads\/2025\/12\/R-869264-1534774707-2538.jpg","datePublished":"2025-12-19T03:00:45+00:00","dateModified":"2025-12-18T19:01:25+00:00","breadcrumb":{"@id":"https:\/\/vinilozona.lt\/parduotuve\/cd\/naudoti-cd\/john-fogerty-the-long-road-home-the-ultimate-john-fogerty-%c2%b7-creedence-collection-cd\/#breadcrumb"},"inLanguage":"en-GB","potentialAction":[{"@type":"ReadAction","target":["https:\/\/vinilozona.lt\/parduotuve\/cd\/naudoti-cd\/john-fogerty-the-long-road-home-the-ultimate-john-fogerty-%c2%b7-creedence-collection-cd\/"]}]},{"@type":"ImageObject","inLanguage":"en-GB","@id":"https:\/\/vinilozona.lt\/parduotuve\/cd\/naudoti-cd\/john-fogerty-the-long-road-home-the-ultimate-john-fogerty-%c2%b7-creedence-collection-cd\/#primaryimage","url":"https:\/\/vinilozona.lt\/wp-content\/uploads\/2025\/12\/R-869264-1534774707-2538.jpg","contentUrl":"https:\/\/vinilozona.lt\/wp-content\/uploads\/2025\/12\/R-869264-1534774707-2538.jpg","width":600,"height":595},{"@type":"BreadcrumbList","@id":"https:\/\/vinilozona.lt\/parduotuve\/cd\/naudoti-cd\/john-fogerty-the-long-road-home-the-ultimate-john-fogerty-%c2%b7-creedence-collection-cd\/#breadcrumb","itemListElement":[{"@type":"ListItem","position":1,"name":"Home","item":"https:\/\/vinilozona.lt\/"},{"@type":"ListItem","position":2,"name":"Parduotuv\u0117","item":"https:\/\/vinilozona.lt\/parduotuve\/"},{"@type":"ListItem","position":3,"name":"John Fogerty \u2013 The Long Road Home (The Ultimate John Fogerty \u00b7 Creedence Collection) CD"}]},{"@type":"WebSite","@id":"https:\/\/vinilozona.lt\/#website","url":"https:\/\/vinilozona.lt\/","name":"Vinilo Zona","description":"Nup\u016bsk dulkes ir klausyk LP","potentialAction":[{"@type":"SearchAction","target":{"@type":"EntryPoint","urlTemplate":"https:\/\/vinilozona.lt\/?s={search_term_string}"},"query-input":{"@type":"PropertyValueSpecification","valueRequired":true,"valueName":"search_term_string"}}],"inLanguage":"en-GB"}]}},"_links":{"self":[{"href":"https:\/\/vinilozona.lt\/en\/wp-json\/wp\/v2\/product\/30091"}],"collection":[{"href":"https:\/\/vinilozona.lt\/en\/wp-json\/wp\/v2\/product"}],"about":[{"href":"https:\/\/vinilozona.lt\/en\/wp-json\/wp\/v2\/types\/product"}],"wp:featuredmedia":[{"embeddable":true,"href":"https:\/\/vinilozona.lt\/en\/wp-json\/wp\/v2\/media\/30092"}],"wp:attachment":[{"href":"https:\/\/vinilozona.lt\/en\/wp-json\/wp\/v2\/media?parent=30091"}],"wp:term":[{"taxonomy":"product_cat","embeddable":true,"href":"https:\/\/vinilozona.lt\/en\/wp-json\/wp\/v2\/product_cat?post=30091"},{"taxonomy":"product_tag","embeddable":true,"href":"https:\/\/vinilozona.lt\/en\/wp-json\/wp\/v2\/product_tag?post=30091"}],"curies":[{"name":"wp","href":"https:\/\/api.w.org\/{rel}","templated":true}]}}