{"id":30077,"date":"2025-12-18T05:10:09","date_gmt":"2025-12-18T03:10:09","guid":{"rendered":"https:\/\/vinilozona.lt\/?post_type=product&#038;p=30077"},"modified":"2025-12-18T06:50:21","modified_gmt":"2025-12-18T04:50:21","slug":"maggie-reilly-the-best-of-maggie-reilly-there-and-back-again-cd-2","status":"publish","type":"product","link":"https:\/\/vinilozona.lt\/en\/parduotuve\/cd\/naudoti-cd\/maggie-reilly-the-best-of-maggie-reilly-there-and-back-again-cd-2\/","title":{"rendered":"Maggie Reilly \u2013 The Best Of Maggie Reilly &#8211; There And Back Again  CD"},"content":{"rendered":"<p>Maggie Reilly\u2013\tOne Little Word (Album Version)\t4:45<br \/>\nMaggie Reilly\u2013\tEverytime We Touch (&#8217;98)\t4:14<br \/>\nMaggie Reilly\u2013\tWalk On By\t3:58<br \/>\nMaggie Reilly\u2013\tTo France\t5:08<br \/>\nMaggie Reilly\u2013\tListen To Your Heart\t4:14<br \/>\nMaggie Reilly\u2013\tBrought Up To Believe\t3:59<br \/>\nMike Oldfield\u2013\tMoonlight Shadow\t3:37<br \/>\nMaggie Reilly\u2013\tLittle Boys Eyes\t4:24<br \/>\nMaggie Reilly\u2013\tAll My Heart Can Hold\t5:08<br \/>\nMike Oldfield\u2013\tForeign Affair\t3:53<br \/>\nMike Oldfield\u2013\tFamily Man\t3:46<br \/>\nMaggie Reilly\u2013\tDon&#8217;t Wanna Lose\t3:57<br \/>\nMaggie Reilly\u2013\tFollow The Midnight Sun\t4:25<br \/>\nMaggie Reilly\u2013\tEchoes\t3:27<br \/>\nMaggie Reilly\u2013\tWait\t4:20<\/p>","protected":false},"excerpt":{"rendered":"<p>EMI \u2013 7243 4 95268 2 2, EMI Electrola \u2013 7243 4 95268 2 2<br \/>\nFormat:<br \/>\nCD, Compilation<br \/>\nCountry:<br \/>\nEurope<br \/>\nReleased:<br \/>\nOct 9, 1998<\/p>","protected":false},"featured_media":30078,"template":"","meta":[],"product_cat":[24,946],"product_tag":[44],"yoast_head":"<!-- This site is optimized with the Yoast SEO plugin v23.5 - https:\/\/yoast.com\/wordpress\/plugins\/seo\/ -->\n<title>Maggie Reilly \u2013 The Best Of Maggie Reilly - There And Back Again CD Vinilin\u0117 Plok\u0161tel\u0117 | Vinilozona.lt<\/title>\n<meta name=\"robots\" content=\"index, follow, max-snippet:-1, max-image-preview:large, max-video-preview:-1\" \/>\n<link rel=\"canonical\" href=\"https:\/\/vinilozona.lt\/en\/parduotuve\/cd\/naudoti-cd\/maggie-reilly-the-best-of-maggie-reilly-there-and-back-again-cd-2\/\" \/>\n<meta property=\"og:locale\" content=\"en_GB\" \/>\n<meta property=\"og:type\" content=\"article\" \/>\n<meta property=\"og:title\" content=\"Maggie Reilly \u2013 The Best Of Maggie Reilly - There And Back Again CD Vinilin\u0117 Plok\u0161tel\u0117 | Vinilozona.lt\" \/>\n<meta property=\"og:description\" content=\"EMI \u2013 7243 4 95268 2 2, EMI Electrola \u2013 7243 4 95268 2 2 Format: CD, Compilation Country: Europe Released: Oct 9, 1998\" \/>\n<meta property=\"og:url\" content=\"https:\/\/vinilozona.lt\/en\/parduotuve\/cd\/naudoti-cd\/maggie-reilly-the-best-of-maggie-reilly-there-and-back-again-cd-2\/\" \/>\n<meta property=\"og:site_name\" content=\"Vinilo Zona\" \/>\n<meta property=\"article:modified_time\" content=\"2025-12-18T04:50:21+00:00\" \/>\n<meta property=\"og:image\" content=\"https:\/\/vinilozona.lt\/wp-content\/uploads\/2025\/12\/R-166506-1536606144-8743.jpg\" \/>\n\t<meta property=\"og:image:width\" content=\"599\" \/>\n\t<meta property=\"og:image:height\" content=\"591\" \/>\n\t<meta property=\"og:image:type\" content=\"image\/jpeg\" \/>\n<meta name=\"twitter:card\" content=\"summary_large_image\" \/>\n<meta name=\"twitter:label1\" content=\"Estimated reading time\" \/>\n\t<meta name=\"twitter:data1\" content=\"1 minute\" \/>\n<script type=\"application\/ld+json\" class=\"yoast-schema-graph\">{\"@context\":\"https:\/\/schema.org\",\"@graph\":[{\"@type\":\"WebPage\",\"@id\":\"https:\/\/vinilozona.lt\/parduotuve\/cd\/naudoti-cd\/maggie-reilly-the-best-of-maggie-reilly-there-and-back-again-cd-2\/\",\"url\":\"https:\/\/vinilozona.lt\/parduotuve\/cd\/naudoti-cd\/maggie-reilly-the-best-of-maggie-reilly-there-and-back-again-cd-2\/\",\"name\":\"Maggie Reilly \u2013 The Best Of Maggie Reilly - There And Back Again CD Vinilin\u0117 Plok\u0161tel\u0117 | Vinilozona.lt\",\"isPartOf\":{\"@id\":\"https:\/\/vinilozona.lt\/#website\"},\"primaryImageOfPage\":{\"@id\":\"https:\/\/vinilozona.lt\/parduotuve\/cd\/naudoti-cd\/maggie-reilly-the-best-of-maggie-reilly-there-and-back-again-cd-2\/#primaryimage\"},\"image\":{\"@id\":\"https:\/\/vinilozona.lt\/parduotuve\/cd\/naudoti-cd\/maggie-reilly-the-best-of-maggie-reilly-there-and-back-again-cd-2\/#primaryimage\"},\"thumbnailUrl\":\"https:\/\/vinilozona.lt\/wp-content\/uploads\/2025\/12\/R-166506-1536606144-8743.jpg\",\"datePublished\":\"2025-12-18T03:10:09+00:00\",\"dateModified\":\"2025-12-18T04:50:21+00:00\",\"breadcrumb\":{\"@id\":\"https:\/\/vinilozona.lt\/parduotuve\/cd\/naudoti-cd\/maggie-reilly-the-best-of-maggie-reilly-there-and-back-again-cd-2\/#breadcrumb\"},\"inLanguage\":\"en-GB\",\"potentialAction\":[{\"@type\":\"ReadAction\",\"target\":[\"https:\/\/vinilozona.lt\/parduotuve\/cd\/naudoti-cd\/maggie-reilly-the-best-of-maggie-reilly-there-and-back-again-cd-2\/\"]}]},{\"@type\":\"ImageObject\",\"inLanguage\":\"en-GB\",\"@id\":\"https:\/\/vinilozona.lt\/parduotuve\/cd\/naudoti-cd\/maggie-reilly-the-best-of-maggie-reilly-there-and-back-again-cd-2\/#primaryimage\",\"url\":\"https:\/\/vinilozona.lt\/wp-content\/uploads\/2025\/12\/R-166506-1536606144-8743.jpg\",\"contentUrl\":\"https:\/\/vinilozona.lt\/wp-content\/uploads\/2025\/12\/R-166506-1536606144-8743.jpg\",\"width\":599,\"height\":591},{\"@type\":\"BreadcrumbList\",\"@id\":\"https:\/\/vinilozona.lt\/parduotuve\/cd\/naudoti-cd\/maggie-reilly-the-best-of-maggie-reilly-there-and-back-again-cd-2\/#breadcrumb\",\"itemListElement\":[{\"@type\":\"ListItem\",\"position\":1,\"name\":\"Home\",\"item\":\"https:\/\/vinilozona.lt\/\"},{\"@type\":\"ListItem\",\"position\":2,\"name\":\"Parduotuv\u0117\",\"item\":\"https:\/\/vinilozona.lt\/parduotuve\/\"},{\"@type\":\"ListItem\",\"position\":3,\"name\":\"Maggie Reilly \u2013 The Best Of Maggie Reilly &#8211; There And Back Again CD\"}]},{\"@type\":\"WebSite\",\"@id\":\"https:\/\/vinilozona.lt\/#website\",\"url\":\"https:\/\/vinilozona.lt\/\",\"name\":\"Vinilo Zona\",\"description\":\"Nup\u016bsk dulkes ir klausyk LP\",\"potentialAction\":[{\"@type\":\"SearchAction\",\"target\":{\"@type\":\"EntryPoint\",\"urlTemplate\":\"https:\/\/vinilozona.lt\/?s={search_term_string}\"},\"query-input\":{\"@type\":\"PropertyValueSpecification\",\"valueRequired\":true,\"valueName\":\"search_term_string\"}}],\"inLanguage\":\"en-GB\"}]}<\/script>\n<!-- \/ Yoast SEO plugin. -->","yoast_head_json":{"title":"Maggie Reilly \u2013 The Best Of Maggie Reilly - There And Back Again CD Vinilin\u0117 Plok\u0161tel\u0117 | Vinilozona.lt","robots":{"index":"index","follow":"follow","max-snippet":"max-snippet:-1","max-image-preview":"max-image-preview:large","max-video-preview":"max-video-preview:-1"},"canonical":"https:\/\/vinilozona.lt\/en\/parduotuve\/cd\/naudoti-cd\/maggie-reilly-the-best-of-maggie-reilly-there-and-back-again-cd-2\/","og_locale":"en_GB","og_type":"article","og_title":"Maggie Reilly \u2013 The Best Of Maggie Reilly - There And Back Again CD Vinilin\u0117 Plok\u0161tel\u0117 | Vinilozona.lt","og_description":"EMI \u2013 7243 4 95268 2 2, EMI Electrola \u2013 7243 4 95268 2 2 Format: CD, Compilation Country: Europe Released: Oct 9, 1998","og_url":"https:\/\/vinilozona.lt\/en\/parduotuve\/cd\/naudoti-cd\/maggie-reilly-the-best-of-maggie-reilly-there-and-back-again-cd-2\/","og_site_name":"Vinilo Zona","article_modified_time":"2025-12-18T04:50:21+00:00","og_image":[{"width":599,"height":591,"url":"https:\/\/vinilozona.lt\/wp-content\/uploads\/2025\/12\/R-166506-1536606144-8743.jpg","type":"image\/jpeg"}],"twitter_card":"summary_large_image","twitter_misc":{"Estimated reading time":"1 minute"},"schema":{"@context":"https:\/\/schema.org","@graph":[{"@type":"WebPage","@id":"https:\/\/vinilozona.lt\/parduotuve\/cd\/naudoti-cd\/maggie-reilly-the-best-of-maggie-reilly-there-and-back-again-cd-2\/","url":"https:\/\/vinilozona.lt\/parduotuve\/cd\/naudoti-cd\/maggie-reilly-the-best-of-maggie-reilly-there-and-back-again-cd-2\/","name":"Maggie Reilly \u2013 The Best Of Maggie Reilly - There And Back Again CD Vinilin\u0117 Plok\u0161tel\u0117 | Vinilozona.lt","isPartOf":{"@id":"https:\/\/vinilozona.lt\/#website"},"primaryImageOfPage":{"@id":"https:\/\/vinilozona.lt\/parduotuve\/cd\/naudoti-cd\/maggie-reilly-the-best-of-maggie-reilly-there-and-back-again-cd-2\/#primaryimage"},"image":{"@id":"https:\/\/vinilozona.lt\/parduotuve\/cd\/naudoti-cd\/maggie-reilly-the-best-of-maggie-reilly-there-and-back-again-cd-2\/#primaryimage"},"thumbnailUrl":"https:\/\/vinilozona.lt\/wp-content\/uploads\/2025\/12\/R-166506-1536606144-8743.jpg","datePublished":"2025-12-18T03:10:09+00:00","dateModified":"2025-12-18T04:50:21+00:00","breadcrumb":{"@id":"https:\/\/vinilozona.lt\/parduotuve\/cd\/naudoti-cd\/maggie-reilly-the-best-of-maggie-reilly-there-and-back-again-cd-2\/#breadcrumb"},"inLanguage":"en-GB","potentialAction":[{"@type":"ReadAction","target":["https:\/\/vinilozona.lt\/parduotuve\/cd\/naudoti-cd\/maggie-reilly-the-best-of-maggie-reilly-there-and-back-again-cd-2\/"]}]},{"@type":"ImageObject","inLanguage":"en-GB","@id":"https:\/\/vinilozona.lt\/parduotuve\/cd\/naudoti-cd\/maggie-reilly-the-best-of-maggie-reilly-there-and-back-again-cd-2\/#primaryimage","url":"https:\/\/vinilozona.lt\/wp-content\/uploads\/2025\/12\/R-166506-1536606144-8743.jpg","contentUrl":"https:\/\/vinilozona.lt\/wp-content\/uploads\/2025\/12\/R-166506-1536606144-8743.jpg","width":599,"height":591},{"@type":"BreadcrumbList","@id":"https:\/\/vinilozona.lt\/parduotuve\/cd\/naudoti-cd\/maggie-reilly-the-best-of-maggie-reilly-there-and-back-again-cd-2\/#breadcrumb","itemListElement":[{"@type":"ListItem","position":1,"name":"Home","item":"https:\/\/vinilozona.lt\/"},{"@type":"ListItem","position":2,"name":"Parduotuv\u0117","item":"https:\/\/vinilozona.lt\/parduotuve\/"},{"@type":"ListItem","position":3,"name":"Maggie Reilly \u2013 The Best Of Maggie Reilly &#8211; There And Back Again CD"}]},{"@type":"WebSite","@id":"https:\/\/vinilozona.lt\/#website","url":"https:\/\/vinilozona.lt\/","name":"Vinilo Zona","description":"Nup\u016bsk dulkes ir klausyk LP","potentialAction":[{"@type":"SearchAction","target":{"@type":"EntryPoint","urlTemplate":"https:\/\/vinilozona.lt\/?s={search_term_string}"},"query-input":{"@type":"PropertyValueSpecification","valueRequired":true,"valueName":"search_term_string"}}],"inLanguage":"en-GB"}]}},"_links":{"self":[{"href":"https:\/\/vinilozona.lt\/en\/wp-json\/wp\/v2\/product\/30077"}],"collection":[{"href":"https:\/\/vinilozona.lt\/en\/wp-json\/wp\/v2\/product"}],"about":[{"href":"https:\/\/vinilozona.lt\/en\/wp-json\/wp\/v2\/types\/product"}],"wp:featuredmedia":[{"embeddable":true,"href":"https:\/\/vinilozona.lt\/en\/wp-json\/wp\/v2\/media\/30078"}],"wp:attachment":[{"href":"https:\/\/vinilozona.lt\/en\/wp-json\/wp\/v2\/media?parent=30077"}],"wp:term":[{"taxonomy":"product_cat","embeddable":true,"href":"https:\/\/vinilozona.lt\/en\/wp-json\/wp\/v2\/product_cat?post=30077"},{"taxonomy":"product_tag","embeddable":true,"href":"https:\/\/vinilozona.lt\/en\/wp-json\/wp\/v2\/product_tag?post=30077"}],"curies":[{"name":"wp","href":"https:\/\/api.w.org\/{rel}","templated":true}]}}