{"id":30054,"date":"2025-12-16T11:03:52","date_gmt":"2025-12-16T09:03:52","guid":{"rendered":"https:\/\/vinilozona.lt\/?post_type=product&#038;p=30054"},"modified":"2026-01-10T23:18:25","modified_gmt":"2026-01-10T21:18:25","slug":"abba-the-singles-the-first-fifty-years-4lp-box-set","status":"publish","type":"product","link":"https:\/\/vinilozona.lt\/en\/parduotuve\/naujos-lp\/abba-the-singles-the-first-fifty-years-4lp-box-set\/","title":{"rendered":"ABBA \u200e\u2013 The Singles (The First Fifty Years) 4LP Box Set"},"content":{"rendered":"<p>1972-1976<br \/>\nA1\t\tPeople Need Love\t2:40<br \/>\nA2\t\tHe Is Your Brother\t3:10<br \/>\nA3\t\tRing Ring\t3:00<br \/>\nA4\t\tLove Isn&#8217;t Easy (But It Sure Is Hard Enough)\t2:50<br \/>\nA5\t\tWaterloo\t2:46<br \/>\nA6\t\tHoney, Honey\t2:55<br \/>\nB1\t\tHasta Ma\u00f1ana\t3:05<br \/>\nB2\t\tSo Long\t3:06<br \/>\nB3\t\tI Do, I Do, I Do, I Do, I Do\t3:15<br \/>\nB4\t\tSOS\t3:22<br \/>\nB5\t\tMamma Mia\t3:32<br \/>\nB6\t\tFernando\t4:15<br \/>\n1976-1979<br \/>\nC1\t\tDancing Queen\t3:51<br \/>\nC2\t\tMoney, Money, Money\t3:05<br \/>\nC3\t\tKnowing Me, Knowing You\t4:02<br \/>\nC4\t\tThe Name Of The Game\t4:50<br \/>\nC5\t\tTake A Chance On Me\t4:03<br \/>\nD1\t\tEagle\t5:49<br \/>\nD2\t\tSummer Night City\t3:34<br \/>\nD3\t\tChiquitita\t5:26<br \/>\nD4\t\tDoes Your Mother Know\t3:13<br \/>\n1979-1981<br \/>\nE1\t\tVoulez-Vous\t5:05<br \/>\nE2\t\tAngeleyes\t4:20<br \/>\nE3\t\tGimme! Gimme! Gimme! (A Man After Midnight)\t4:45<br \/>\nE4\t\tI Have A Dream\t4:44<br \/>\nF1\t\tThe Winner Takes It All\t4:56<br \/>\nF2\t\tSuper Trouper\t4:13<br \/>\nF3\t\tLay All Your Love On Me\t4:34<br \/>\nF4\t\tOne Of Us\t3:51<br \/>\n1981-2022<br \/>\nG1\t\tHead Over Heels\t3:47<br \/>\nG2\t\tWhen All Is Said And Done\t3:20<br \/>\nG3\t\tThe Day Before You Came\t5:44<br \/>\nG4\t\tUnder Attack\t3:45<br \/>\nH1\t\tI Still Have Faith In You\t5:09<br \/>\nH2\t\tDon&#8217;t Shut Me Down\t3:59<br \/>\nH3\t\tJust A Notion\t3:32<br \/>\nH4\t\tLittle Things\t3:08<br \/>\nH5\t\tNo Doubt About It\t2:56<\/p>","protected":false},"excerpt":{"rendered":"<p>Label:<br \/>\nPolar \u200e\u2013 00602465776379<br \/>\nFormat: 4 \u00d7 Vinyl, LP, Compilation, Stereo<br \/>\nCountry: Europe<br \/>\nReleased: 25 Oct 2024<br \/>\nGenre: Pop<\/p>","protected":false},"featured_media":30055,"template":"","meta":[],"product_cat":[23,54],"product_tag":[55],"yoast_head":"<!-- This site is optimized with the Yoast SEO plugin v23.5 - https:\/\/yoast.com\/wordpress\/plugins\/seo\/ -->\n<title>ABBA \u200e\u2013 The Singles (The First Fifty Years) 4LP Box Set Vinilin\u0117 Plok\u0161tel\u0117 | Vinilozona.lt<\/title>\n<meta name=\"robots\" content=\"index, follow, max-snippet:-1, max-image-preview:large, max-video-preview:-1\" \/>\n<link rel=\"canonical\" href=\"https:\/\/vinilozona.lt\/en\/parduotuve\/naujos-lp\/abba-the-singles-the-first-fifty-years-4lp-box-set\/\" \/>\n<meta property=\"og:locale\" content=\"en_GB\" \/>\n<meta property=\"og:type\" content=\"article\" \/>\n<meta property=\"og:title\" content=\"ABBA \u200e\u2013 The Singles (The First Fifty Years) 4LP Box Set Vinilin\u0117 Plok\u0161tel\u0117 | Vinilozona.lt\" \/>\n<meta property=\"og:description\" content=\"Label: Polar \u200e\u2013 00602465776379 Format: 4 \u00d7 Vinyl, LP, Compilation, Stereo Country: Europe Released: 25 Oct 2024 Genre: Pop\" \/>\n<meta property=\"og:url\" content=\"https:\/\/vinilozona.lt\/en\/parduotuve\/naujos-lp\/abba-the-singles-the-first-fifty-years-4lp-box-set\/\" \/>\n<meta property=\"og:site_name\" content=\"Vinilo Zona\" \/>\n<meta property=\"article:modified_time\" content=\"2026-01-10T21:18:25+00:00\" \/>\n<meta property=\"og:image\" content=\"https:\/\/vinilozona.lt\/wp-content\/uploads\/2025\/12\/71aXLGnL1WL._SL1500_.jpg\" \/>\n\t<meta property=\"og:image:width\" content=\"1500\" \/>\n\t<meta property=\"og:image:height\" content=\"1125\" \/>\n\t<meta property=\"og:image:type\" content=\"image\/jpeg\" \/>\n<meta name=\"twitter:card\" content=\"summary_large_image\" \/>\n<meta name=\"twitter:label1\" content=\"Estimated reading time\" \/>\n\t<meta name=\"twitter:data1\" content=\"2 minutes\" \/>\n<script type=\"application\/ld+json\" class=\"yoast-schema-graph\">{\"@context\":\"https:\/\/schema.org\",\"@graph\":[{\"@type\":\"WebPage\",\"@id\":\"https:\/\/vinilozona.lt\/parduotuve\/naujos-lp\/abba-the-singles-the-first-fifty-years-4lp-box-set\/\",\"url\":\"https:\/\/vinilozona.lt\/parduotuve\/naujos-lp\/abba-the-singles-the-first-fifty-years-4lp-box-set\/\",\"name\":\"ABBA \u200e\u2013 The Singles (The First Fifty Years) 4LP Box Set Vinilin\u0117 Plok\u0161tel\u0117 | Vinilozona.lt\",\"isPartOf\":{\"@id\":\"https:\/\/vinilozona.lt\/#website\"},\"primaryImageOfPage\":{\"@id\":\"https:\/\/vinilozona.lt\/parduotuve\/naujos-lp\/abba-the-singles-the-first-fifty-years-4lp-box-set\/#primaryimage\"},\"image\":{\"@id\":\"https:\/\/vinilozona.lt\/parduotuve\/naujos-lp\/abba-the-singles-the-first-fifty-years-4lp-box-set\/#primaryimage\"},\"thumbnailUrl\":\"https:\/\/vinilozona.lt\/wp-content\/uploads\/2025\/12\/71aXLGnL1WL._SL1500_.jpg\",\"datePublished\":\"2025-12-16T09:03:52+00:00\",\"dateModified\":\"2026-01-10T21:18:25+00:00\",\"breadcrumb\":{\"@id\":\"https:\/\/vinilozona.lt\/parduotuve\/naujos-lp\/abba-the-singles-the-first-fifty-years-4lp-box-set\/#breadcrumb\"},\"inLanguage\":\"en-GB\",\"potentialAction\":[{\"@type\":\"ReadAction\",\"target\":[\"https:\/\/vinilozona.lt\/parduotuve\/naujos-lp\/abba-the-singles-the-first-fifty-years-4lp-box-set\/\"]}]},{\"@type\":\"ImageObject\",\"inLanguage\":\"en-GB\",\"@id\":\"https:\/\/vinilozona.lt\/parduotuve\/naujos-lp\/abba-the-singles-the-first-fifty-years-4lp-box-set\/#primaryimage\",\"url\":\"https:\/\/vinilozona.lt\/wp-content\/uploads\/2025\/12\/71aXLGnL1WL._SL1500_.jpg\",\"contentUrl\":\"https:\/\/vinilozona.lt\/wp-content\/uploads\/2025\/12\/71aXLGnL1WL._SL1500_.jpg\",\"width\":1500,\"height\":1125},{\"@type\":\"BreadcrumbList\",\"@id\":\"https:\/\/vinilozona.lt\/parduotuve\/naujos-lp\/abba-the-singles-the-first-fifty-years-4lp-box-set\/#breadcrumb\",\"itemListElement\":[{\"@type\":\"ListItem\",\"position\":1,\"name\":\"Home\",\"item\":\"https:\/\/vinilozona.lt\/\"},{\"@type\":\"ListItem\",\"position\":2,\"name\":\"Parduotuv\u0117\",\"item\":\"https:\/\/vinilozona.lt\/parduotuve\/\"},{\"@type\":\"ListItem\",\"position\":3,\"name\":\"ABBA \u200e\u2013 The Singles (The First Fifty Years) 4LP Box Set\"}]},{\"@type\":\"WebSite\",\"@id\":\"https:\/\/vinilozona.lt\/#website\",\"url\":\"https:\/\/vinilozona.lt\/\",\"name\":\"Vinilo Zona\",\"description\":\"Nup\u016bsk dulkes ir klausyk LP\",\"potentialAction\":[{\"@type\":\"SearchAction\",\"target\":{\"@type\":\"EntryPoint\",\"urlTemplate\":\"https:\/\/vinilozona.lt\/?s={search_term_string}\"},\"query-input\":{\"@type\":\"PropertyValueSpecification\",\"valueRequired\":true,\"valueName\":\"search_term_string\"}}],\"inLanguage\":\"en-GB\"}]}<\/script>\n<!-- \/ Yoast SEO plugin. -->","yoast_head_json":{"title":"ABBA \u200e\u2013 The Singles (The First Fifty Years) 4LP Box Set Vinilin\u0117 Plok\u0161tel\u0117 | Vinilozona.lt","robots":{"index":"index","follow":"follow","max-snippet":"max-snippet:-1","max-image-preview":"max-image-preview:large","max-video-preview":"max-video-preview:-1"},"canonical":"https:\/\/vinilozona.lt\/en\/parduotuve\/naujos-lp\/abba-the-singles-the-first-fifty-years-4lp-box-set\/","og_locale":"en_GB","og_type":"article","og_title":"ABBA \u200e\u2013 The Singles (The First Fifty Years) 4LP Box Set Vinilin\u0117 Plok\u0161tel\u0117 | Vinilozona.lt","og_description":"Label: Polar \u200e\u2013 00602465776379 Format: 4 \u00d7 Vinyl, LP, Compilation, Stereo Country: Europe Released: 25 Oct 2024 Genre: Pop","og_url":"https:\/\/vinilozona.lt\/en\/parduotuve\/naujos-lp\/abba-the-singles-the-first-fifty-years-4lp-box-set\/","og_site_name":"Vinilo Zona","article_modified_time":"2026-01-10T21:18:25+00:00","og_image":[{"width":1500,"height":1125,"url":"https:\/\/vinilozona.lt\/wp-content\/uploads\/2025\/12\/71aXLGnL1WL._SL1500_.jpg","type":"image\/jpeg"}],"twitter_card":"summary_large_image","twitter_misc":{"Estimated reading time":"2 minutes"},"schema":{"@context":"https:\/\/schema.org","@graph":[{"@type":"WebPage","@id":"https:\/\/vinilozona.lt\/parduotuve\/naujos-lp\/abba-the-singles-the-first-fifty-years-4lp-box-set\/","url":"https:\/\/vinilozona.lt\/parduotuve\/naujos-lp\/abba-the-singles-the-first-fifty-years-4lp-box-set\/","name":"ABBA \u200e\u2013 The Singles (The First Fifty Years) 4LP Box Set Vinilin\u0117 Plok\u0161tel\u0117 | Vinilozona.lt","isPartOf":{"@id":"https:\/\/vinilozona.lt\/#website"},"primaryImageOfPage":{"@id":"https:\/\/vinilozona.lt\/parduotuve\/naujos-lp\/abba-the-singles-the-first-fifty-years-4lp-box-set\/#primaryimage"},"image":{"@id":"https:\/\/vinilozona.lt\/parduotuve\/naujos-lp\/abba-the-singles-the-first-fifty-years-4lp-box-set\/#primaryimage"},"thumbnailUrl":"https:\/\/vinilozona.lt\/wp-content\/uploads\/2025\/12\/71aXLGnL1WL._SL1500_.jpg","datePublished":"2025-12-16T09:03:52+00:00","dateModified":"2026-01-10T21:18:25+00:00","breadcrumb":{"@id":"https:\/\/vinilozona.lt\/parduotuve\/naujos-lp\/abba-the-singles-the-first-fifty-years-4lp-box-set\/#breadcrumb"},"inLanguage":"en-GB","potentialAction":[{"@type":"ReadAction","target":["https:\/\/vinilozona.lt\/parduotuve\/naujos-lp\/abba-the-singles-the-first-fifty-years-4lp-box-set\/"]}]},{"@type":"ImageObject","inLanguage":"en-GB","@id":"https:\/\/vinilozona.lt\/parduotuve\/naujos-lp\/abba-the-singles-the-first-fifty-years-4lp-box-set\/#primaryimage","url":"https:\/\/vinilozona.lt\/wp-content\/uploads\/2025\/12\/71aXLGnL1WL._SL1500_.jpg","contentUrl":"https:\/\/vinilozona.lt\/wp-content\/uploads\/2025\/12\/71aXLGnL1WL._SL1500_.jpg","width":1500,"height":1125},{"@type":"BreadcrumbList","@id":"https:\/\/vinilozona.lt\/parduotuve\/naujos-lp\/abba-the-singles-the-first-fifty-years-4lp-box-set\/#breadcrumb","itemListElement":[{"@type":"ListItem","position":1,"name":"Home","item":"https:\/\/vinilozona.lt\/"},{"@type":"ListItem","position":2,"name":"Parduotuv\u0117","item":"https:\/\/vinilozona.lt\/parduotuve\/"},{"@type":"ListItem","position":3,"name":"ABBA \u200e\u2013 The Singles (The First Fifty Years) 4LP Box Set"}]},{"@type":"WebSite","@id":"https:\/\/vinilozona.lt\/#website","url":"https:\/\/vinilozona.lt\/","name":"Vinilo Zona","description":"Nup\u016bsk dulkes ir klausyk LP","potentialAction":[{"@type":"SearchAction","target":{"@type":"EntryPoint","urlTemplate":"https:\/\/vinilozona.lt\/?s={search_term_string}"},"query-input":{"@type":"PropertyValueSpecification","valueRequired":true,"valueName":"search_term_string"}}],"inLanguage":"en-GB"}]}},"_links":{"self":[{"href":"https:\/\/vinilozona.lt\/en\/wp-json\/wp\/v2\/product\/30054"}],"collection":[{"href":"https:\/\/vinilozona.lt\/en\/wp-json\/wp\/v2\/product"}],"about":[{"href":"https:\/\/vinilozona.lt\/en\/wp-json\/wp\/v2\/types\/product"}],"wp:featuredmedia":[{"embeddable":true,"href":"https:\/\/vinilozona.lt\/en\/wp-json\/wp\/v2\/media\/30055"}],"wp:attachment":[{"href":"https:\/\/vinilozona.lt\/en\/wp-json\/wp\/v2\/media?parent=30054"}],"wp:term":[{"taxonomy":"product_cat","embeddable":true,"href":"https:\/\/vinilozona.lt\/en\/wp-json\/wp\/v2\/product_cat?post=30054"},{"taxonomy":"product_tag","embeddable":true,"href":"https:\/\/vinilozona.lt\/en\/wp-json\/wp\/v2\/product_tag?post=30054"}],"curies":[{"name":"wp","href":"https:\/\/api.w.org\/{rel}","templated":true}]}}