{"id":30052,"date":"2025-12-16T10:49:10","date_gmt":"2025-12-16T08:49:10","guid":{"rendered":"https:\/\/vinilozona.lt\/?post_type=product&#038;p=30052"},"modified":"2026-01-10T23:18:38","modified_gmt":"2026-01-10T21:18:38","slug":"michael-buble-christmas-10th-anniversary-super-deluxe-box-set-lp2cddvd","status":"publish","type":"product","link":"https:\/\/vinilozona.lt\/en\/parduotuve\/cd\/nauji-cd\/michael-buble-christmas-10th-anniversary-super-deluxe-box-set-lp2cddvd\/","title":{"rendered":"Michael Bubl\u00e9 \u2013 Christmas (10th Anniversary Super Deluxe Box Set) LP+2CD+DVD"},"content":{"rendered":"<p>Original Album<br \/>\nVinyl<br \/>\nA1\t\tIt&#8217;s Beginning To Look A Lot Like Christmas<br \/>\nA2\t\tSanta Claus Is Coming To Town<br \/>\nA3\t\tJingle Bells<br \/>\nA4\t\tWhite Christmas<br \/>\nA5\t\tAll I Want For Christmas Is You<br \/>\nA6\t\tHolly Jolly Christmas<br \/>\nA7\t\tSanta Baby<br \/>\nA8\t\tHave Yourself A Merry Little Christmas<br \/>\nB1\t\tChristmas (Baby Please Come Home)<br \/>\nB2\t\tSilent Night<br \/>\nB3\t\tBlue Christmas<br \/>\nB4\t\tCold December Night<br \/>\nB5\t\tI&#8217;ll Be Home For Christmas<br \/>\nB6\t\tAve Maria<br \/>\nB7\t\tMis Deseos \/ Feliz Navidad<br \/>\nB8\t\tMichael&#8217;s Christmas Greeting<br \/>\nCD<br \/>\nCD1-1\t\tIt&#8217;s Beginning To Look A Lot Like Christmas<br \/>\nCD1-2\t\tSanta Claus Is Coming To Town<br \/>\nCD1-3\t\tJingle Bells<br \/>\nCD1-4\t\tWhite Cristmas<br \/>\nCD1-5\t\tAll I Want For Christmas Is You<br \/>\nCD1-6\t\tJolly Jolly Christmas<br \/>\nCD1-7\t\tSanta Baby<br \/>\nCD1-8\t\tHave Yourself A Merry Little Christmas<br \/>\nCD1-9\t\tChristmas (Baby Please Come Home)<br \/>\nCD1-10\t\tSilent Night<br \/>\nCD1-11\t\tBlue Christmas<br \/>\nCD1-12\t\tCold December Night<br \/>\nCD1-13\t\tI&#8217;ll Be Home For Christmas<br \/>\nCD1-14\t\tAve Maria<br \/>\nCD1-15\t\tMis Deseos\/Feliz Navidad<br \/>\nCD1-16\t\tMichael&#8217;s Christmas Greetings<br \/>\nBonus CD<br \/>\nCD2-1\t\tLet It Snow, Let It Snow, Let It Snow<br \/>\nCD2-2\t\tWinter Wonderland<br \/>\nCD2-3\t\tThe Christmas Sweater<br \/>\nCD2-4\t\tFrosty The Snowman<br \/>\nCD2-5\t\tSilver Bells<br \/>\nCD2-6\t\tThe More You Give (The More You&#8217;ll Have)<br \/>\nCD2-7\t\tWhite Christmas<\/p>","protected":false},"excerpt":{"rendered":"<p>Label: Reprise Records \u2013 09362487899<br \/>\nFormat: CD, Album, Reissue<br \/>\nCD, Mini-Album, Deluxe Edition, Limited Edition<br \/>\nVinyl, LP, Album, Limited Edition, Reissue, Green<br \/>\nDVD, DVD-Video<br \/>\nBox Set, Deluxe Edition, Limited Edition, Signed Lithograph<br \/>\nCountry: Europe<br \/>\nReleased: Nov 19, 2021<\/p>","protected":false},"featured_media":30053,"template":"","meta":[],"product_cat":[23,54,24,947],"product_tag":[55],"yoast_head":"<!-- This site is optimized with the Yoast SEO plugin v23.5 - https:\/\/yoast.com\/wordpress\/plugins\/seo\/ -->\n<title>Michael Bubl\u00e9 \u2013 Christmas (10th Anniversary Super Deluxe Box Set) LP+2CD+DVD Vinilin\u0117 Plok\u0161tel\u0117 | Vinilozona.lt<\/title>\n<meta name=\"robots\" content=\"index, follow, max-snippet:-1, max-image-preview:large, max-video-preview:-1\" \/>\n<link rel=\"canonical\" href=\"https:\/\/vinilozona.lt\/en\/parduotuve\/cd\/nauji-cd\/michael-buble-christmas-10th-anniversary-super-deluxe-box-set-lp2cddvd\/\" \/>\n<meta property=\"og:locale\" content=\"en_GB\" \/>\n<meta property=\"og:type\" content=\"article\" \/>\n<meta property=\"og:title\" content=\"Michael Bubl\u00e9 \u2013 Christmas (10th Anniversary Super Deluxe Box Set) LP+2CD+DVD Vinilin\u0117 Plok\u0161tel\u0117 | Vinilozona.lt\" \/>\n<meta property=\"og:description\" content=\"Label: Reprise Records \u2013 09362487899 Format: CD, Album, Reissue CD, Mini-Album, Deluxe Edition, Limited Edition Vinyl, LP, Album, Limited Edition, Reissue, Green DVD, DVD-Video Box Set, Deluxe Edition, Limited Edition, Signed Lithograph Country: Europe Released: Nov 19, 2021\" \/>\n<meta property=\"og:url\" content=\"https:\/\/vinilozona.lt\/en\/parduotuve\/cd\/nauji-cd\/michael-buble-christmas-10th-anniversary-super-deluxe-box-set-lp2cddvd\/\" \/>\n<meta property=\"og:site_name\" content=\"Vinilo Zona\" \/>\n<meta property=\"article:modified_time\" content=\"2026-01-10T21:18:38+00:00\" \/>\n<meta property=\"og:image\" content=\"https:\/\/vinilozona.lt\/wp-content\/uploads\/2025\/12\/81Y6tmse9KL._SL1500_.jpg\" \/>\n\t<meta property=\"og:image:width\" content=\"1500\" \/>\n\t<meta property=\"og:image:height\" content=\"1500\" \/>\n\t<meta property=\"og:image:type\" content=\"image\/jpeg\" \/>\n<meta name=\"twitter:card\" content=\"summary_large_image\" \/>\n<meta name=\"twitter:label1\" content=\"Estimated reading time\" \/>\n\t<meta name=\"twitter:data1\" content=\"2 minutes\" \/>\n<script type=\"application\/ld+json\" class=\"yoast-schema-graph\">{\"@context\":\"https:\/\/schema.org\",\"@graph\":[{\"@type\":\"WebPage\",\"@id\":\"https:\/\/vinilozona.lt\/parduotuve\/cd\/nauji-cd\/michael-buble-christmas-10th-anniversary-super-deluxe-box-set-lp2cddvd\/\",\"url\":\"https:\/\/vinilozona.lt\/parduotuve\/cd\/nauji-cd\/michael-buble-christmas-10th-anniversary-super-deluxe-box-set-lp2cddvd\/\",\"name\":\"Michael Bubl\u00e9 \u2013 Christmas (10th Anniversary Super Deluxe Box Set) LP+2CD+DVD Vinilin\u0117 Plok\u0161tel\u0117 | Vinilozona.lt\",\"isPartOf\":{\"@id\":\"https:\/\/vinilozona.lt\/#website\"},\"primaryImageOfPage\":{\"@id\":\"https:\/\/vinilozona.lt\/parduotuve\/cd\/nauji-cd\/michael-buble-christmas-10th-anniversary-super-deluxe-box-set-lp2cddvd\/#primaryimage\"},\"image\":{\"@id\":\"https:\/\/vinilozona.lt\/parduotuve\/cd\/nauji-cd\/michael-buble-christmas-10th-anniversary-super-deluxe-box-set-lp2cddvd\/#primaryimage\"},\"thumbnailUrl\":\"https:\/\/vinilozona.lt\/wp-content\/uploads\/2025\/12\/81Y6tmse9KL._SL1500_.jpg\",\"datePublished\":\"2025-12-16T08:49:10+00:00\",\"dateModified\":\"2026-01-10T21:18:38+00:00\",\"breadcrumb\":{\"@id\":\"https:\/\/vinilozona.lt\/parduotuve\/cd\/nauji-cd\/michael-buble-christmas-10th-anniversary-super-deluxe-box-set-lp2cddvd\/#breadcrumb\"},\"inLanguage\":\"en-GB\",\"potentialAction\":[{\"@type\":\"ReadAction\",\"target\":[\"https:\/\/vinilozona.lt\/parduotuve\/cd\/nauji-cd\/michael-buble-christmas-10th-anniversary-super-deluxe-box-set-lp2cddvd\/\"]}]},{\"@type\":\"ImageObject\",\"inLanguage\":\"en-GB\",\"@id\":\"https:\/\/vinilozona.lt\/parduotuve\/cd\/nauji-cd\/michael-buble-christmas-10th-anniversary-super-deluxe-box-set-lp2cddvd\/#primaryimage\",\"url\":\"https:\/\/vinilozona.lt\/wp-content\/uploads\/2025\/12\/81Y6tmse9KL._SL1500_.jpg\",\"contentUrl\":\"https:\/\/vinilozona.lt\/wp-content\/uploads\/2025\/12\/81Y6tmse9KL._SL1500_.jpg\",\"width\":1500,\"height\":1500},{\"@type\":\"BreadcrumbList\",\"@id\":\"https:\/\/vinilozona.lt\/parduotuve\/cd\/nauji-cd\/michael-buble-christmas-10th-anniversary-super-deluxe-box-set-lp2cddvd\/#breadcrumb\",\"itemListElement\":[{\"@type\":\"ListItem\",\"position\":1,\"name\":\"Home\",\"item\":\"https:\/\/vinilozona.lt\/\"},{\"@type\":\"ListItem\",\"position\":2,\"name\":\"Parduotuv\u0117\",\"item\":\"https:\/\/vinilozona.lt\/parduotuve\/\"},{\"@type\":\"ListItem\",\"position\":3,\"name\":\"Michael Bubl\u00e9 \u2013 Christmas (10th Anniversary Super Deluxe Box Set) LP+2CD+DVD\"}]},{\"@type\":\"WebSite\",\"@id\":\"https:\/\/vinilozona.lt\/#website\",\"url\":\"https:\/\/vinilozona.lt\/\",\"name\":\"Vinilo Zona\",\"description\":\"Nup\u016bsk dulkes ir klausyk LP\",\"potentialAction\":[{\"@type\":\"SearchAction\",\"target\":{\"@type\":\"EntryPoint\",\"urlTemplate\":\"https:\/\/vinilozona.lt\/?s={search_term_string}\"},\"query-input\":{\"@type\":\"PropertyValueSpecification\",\"valueRequired\":true,\"valueName\":\"search_term_string\"}}],\"inLanguage\":\"en-GB\"}]}<\/script>\n<!-- \/ Yoast SEO plugin. -->","yoast_head_json":{"title":"Michael Bubl\u00e9 \u2013 Christmas (10th Anniversary Super Deluxe Box Set) LP+2CD+DVD Vinilin\u0117 Plok\u0161tel\u0117 | Vinilozona.lt","robots":{"index":"index","follow":"follow","max-snippet":"max-snippet:-1","max-image-preview":"max-image-preview:large","max-video-preview":"max-video-preview:-1"},"canonical":"https:\/\/vinilozona.lt\/en\/parduotuve\/cd\/nauji-cd\/michael-buble-christmas-10th-anniversary-super-deluxe-box-set-lp2cddvd\/","og_locale":"en_GB","og_type":"article","og_title":"Michael Bubl\u00e9 \u2013 Christmas (10th Anniversary Super Deluxe Box Set) LP+2CD+DVD Vinilin\u0117 Plok\u0161tel\u0117 | Vinilozona.lt","og_description":"Label: Reprise Records \u2013 09362487899 Format: CD, Album, Reissue CD, Mini-Album, Deluxe Edition, Limited Edition Vinyl, LP, Album, Limited Edition, Reissue, Green DVD, DVD-Video Box Set, Deluxe Edition, Limited Edition, Signed Lithograph Country: Europe Released: Nov 19, 2021","og_url":"https:\/\/vinilozona.lt\/en\/parduotuve\/cd\/nauji-cd\/michael-buble-christmas-10th-anniversary-super-deluxe-box-set-lp2cddvd\/","og_site_name":"Vinilo Zona","article_modified_time":"2026-01-10T21:18:38+00:00","og_image":[{"width":1500,"height":1500,"url":"https:\/\/vinilozona.lt\/wp-content\/uploads\/2025\/12\/81Y6tmse9KL._SL1500_.jpg","type":"image\/jpeg"}],"twitter_card":"summary_large_image","twitter_misc":{"Estimated reading time":"2 minutes"},"schema":{"@context":"https:\/\/schema.org","@graph":[{"@type":"WebPage","@id":"https:\/\/vinilozona.lt\/parduotuve\/cd\/nauji-cd\/michael-buble-christmas-10th-anniversary-super-deluxe-box-set-lp2cddvd\/","url":"https:\/\/vinilozona.lt\/parduotuve\/cd\/nauji-cd\/michael-buble-christmas-10th-anniversary-super-deluxe-box-set-lp2cddvd\/","name":"Michael Bubl\u00e9 \u2013 Christmas (10th Anniversary Super Deluxe Box Set) LP+2CD+DVD Vinilin\u0117 Plok\u0161tel\u0117 | Vinilozona.lt","isPartOf":{"@id":"https:\/\/vinilozona.lt\/#website"},"primaryImageOfPage":{"@id":"https:\/\/vinilozona.lt\/parduotuve\/cd\/nauji-cd\/michael-buble-christmas-10th-anniversary-super-deluxe-box-set-lp2cddvd\/#primaryimage"},"image":{"@id":"https:\/\/vinilozona.lt\/parduotuve\/cd\/nauji-cd\/michael-buble-christmas-10th-anniversary-super-deluxe-box-set-lp2cddvd\/#primaryimage"},"thumbnailUrl":"https:\/\/vinilozona.lt\/wp-content\/uploads\/2025\/12\/81Y6tmse9KL._SL1500_.jpg","datePublished":"2025-12-16T08:49:10+00:00","dateModified":"2026-01-10T21:18:38+00:00","breadcrumb":{"@id":"https:\/\/vinilozona.lt\/parduotuve\/cd\/nauji-cd\/michael-buble-christmas-10th-anniversary-super-deluxe-box-set-lp2cddvd\/#breadcrumb"},"inLanguage":"en-GB","potentialAction":[{"@type":"ReadAction","target":["https:\/\/vinilozona.lt\/parduotuve\/cd\/nauji-cd\/michael-buble-christmas-10th-anniversary-super-deluxe-box-set-lp2cddvd\/"]}]},{"@type":"ImageObject","inLanguage":"en-GB","@id":"https:\/\/vinilozona.lt\/parduotuve\/cd\/nauji-cd\/michael-buble-christmas-10th-anniversary-super-deluxe-box-set-lp2cddvd\/#primaryimage","url":"https:\/\/vinilozona.lt\/wp-content\/uploads\/2025\/12\/81Y6tmse9KL._SL1500_.jpg","contentUrl":"https:\/\/vinilozona.lt\/wp-content\/uploads\/2025\/12\/81Y6tmse9KL._SL1500_.jpg","width":1500,"height":1500},{"@type":"BreadcrumbList","@id":"https:\/\/vinilozona.lt\/parduotuve\/cd\/nauji-cd\/michael-buble-christmas-10th-anniversary-super-deluxe-box-set-lp2cddvd\/#breadcrumb","itemListElement":[{"@type":"ListItem","position":1,"name":"Home","item":"https:\/\/vinilozona.lt\/"},{"@type":"ListItem","position":2,"name":"Parduotuv\u0117","item":"https:\/\/vinilozona.lt\/parduotuve\/"},{"@type":"ListItem","position":3,"name":"Michael Bubl\u00e9 \u2013 Christmas (10th Anniversary Super Deluxe Box Set) LP+2CD+DVD"}]},{"@type":"WebSite","@id":"https:\/\/vinilozona.lt\/#website","url":"https:\/\/vinilozona.lt\/","name":"Vinilo Zona","description":"Nup\u016bsk dulkes ir klausyk LP","potentialAction":[{"@type":"SearchAction","target":{"@type":"EntryPoint","urlTemplate":"https:\/\/vinilozona.lt\/?s={search_term_string}"},"query-input":{"@type":"PropertyValueSpecification","valueRequired":true,"valueName":"search_term_string"}}],"inLanguage":"en-GB"}]}},"_links":{"self":[{"href":"https:\/\/vinilozona.lt\/en\/wp-json\/wp\/v2\/product\/30052"}],"collection":[{"href":"https:\/\/vinilozona.lt\/en\/wp-json\/wp\/v2\/product"}],"about":[{"href":"https:\/\/vinilozona.lt\/en\/wp-json\/wp\/v2\/types\/product"}],"wp:featuredmedia":[{"embeddable":true,"href":"https:\/\/vinilozona.lt\/en\/wp-json\/wp\/v2\/media\/30053"}],"wp:attachment":[{"href":"https:\/\/vinilozona.lt\/en\/wp-json\/wp\/v2\/media?parent=30052"}],"wp:term":[{"taxonomy":"product_cat","embeddable":true,"href":"https:\/\/vinilozona.lt\/en\/wp-json\/wp\/v2\/product_cat?post=30052"},{"taxonomy":"product_tag","embeddable":true,"href":"https:\/\/vinilozona.lt\/en\/wp-json\/wp\/v2\/product_tag?post=30052"}],"curies":[{"name":"wp","href":"https:\/\/api.w.org\/{rel}","templated":true}]}}