{"id":30014,"date":"2025-11-11T17:57:07","date_gmt":"2025-11-11T15:57:07","guid":{"rendered":"https:\/\/vinilozona.lt\/?post_type=product&#038;p=30014"},"modified":"2026-02-25T07:41:59","modified_gmt":"2026-02-25T05:41:59","slug":"aiste-smilgeviciute-ir-skyle-broliai-2lp-cd","status":"publish","type":"product","link":"https:\/\/vinilozona.lt\/en\/parduotuve\/lietuviska\/aiste-smilgeviciute-ir-skyle-broliai-2lp-cd\/","title":{"rendered":"Aist\u0117 Smilgevi\u010di\u016bt\u0117 Ir Skyl\u0117 \u200e\u2013 Broliai 2LP + CD"},"content":{"rendered":"<p>A1\t\tPer Broli\u0173 Galvas\t3:22<br \/>\nA2\t\t\u017dalia Daina\t4:22<br \/>\nA3\t\tKaringei Augo\t3:43<br \/>\nA4\t\tPinavija\t5:08<br \/>\nA5\t\tKas Gi Pauk\u0161t\u012f Nupraus?\t3:22<br \/>\nB1\t\tStelmu\u017e\u0117\t4:56<br \/>\nB2\t\tA\u0161tuoni Kar\u017eygiai\t4:56<br \/>\nB3\t\tKlaj\u016bn\u0117\t5:08<br \/>\nB4\t\tDubysa\t5:07<br \/>\nC1\t\tNebelauki Man\u0119s\t4:23<br \/>\nC2\t\tNeu\u017emerk Aki\u0173\t3:12<br \/>\nC3\t\tMinut\u0117 Prie\u0161\t5:43<br \/>\nC4\t\tPaskutin\u0117 Kulka\t4:51<br \/>\nC5\t\tAkmen\u0173 Kareiviai\t1:24<br \/>\nD1\t\tT\u0117veli\t6:03<br \/>\nD2\t\tRauda\t4:04<br \/>\nD5\t\tBroliai Aitvarai\t4:20<br \/>\nD5\t\tPriesaika\t4:27<br \/>\nCD1\t\tPer Broli\u0173 Galvas\t3:22<br \/>\nCD2\t\t\u017dalia Daina\t4:22<br \/>\nCD3\t\tKaringei Augo\t3:43<br \/>\nCD4\t\tPinavija\t5:08<br \/>\nCD5\t\tKas Gi Pauk\u0161t\u012f Nupraus?\t3:22<br \/>\nCD6\t\tStelmu\u017e\u0117\t4:56<br \/>\nCD7\t\tA\u0161tuoni Kar\u017eygiai\t4:56<br \/>\nCD8\t\tKlaj\u016bn\u0117\t5:08<br \/>\nCD9\t\tDubysa\t5:07<br \/>\nCD10\t\tNebelauki Man\u0119s\t4:23<br \/>\nCD11\t\tNeu\u017emerk Aki\u0173\t3:12<br \/>\nCD12\t\tMinut\u0117 Prie\u0161\t5:43<br \/>\nCD13\t\tPaskutin\u0117 Kulka\t4:51<br \/>\nCD14\t\tAkmen\u0173 Kareiviai\t1:24<br \/>\nCD15\t\tT\u0117veli\t6:03<br \/>\nCD16\t\tRauda\t4:04<br \/>\nCD17\t\tBroliai Aitvarai\t4:20<br \/>\nCD18\t\tPriesaika\t4:27<\/p>","protected":false},"excerpt":{"rendered":"<p>abel:<br \/>\nVia Artis \u2013 none<br \/>\nFormat:<br \/>\n2 x Vinyl, LP, Album, Limited Edition, Numbered, Reissue, Remastered<br \/>\nCD, Album, Limited Edition, Numbered, Reissue, Remastered<br \/>\nCountry: Lithuania<br \/>\nReleased: Feb 2018<br \/>\nGenre: Rock<br \/>\nStyle: Folk Rock, Neofolk<\/p>","protected":false},"featured_media":30015,"template":"","meta":[],"product_cat":[19,23],"product_tag":[55],"yoast_head":"<!-- This site is optimized with the Yoast SEO plugin v23.5 - https:\/\/yoast.com\/wordpress\/plugins\/seo\/ -->\n<title>Aist\u0117 Smilgevi\u010di\u016bt\u0117 Ir Skyl\u0117 \u200e\u2013 Broliai 2LP + CD Vinilin\u0117 Plok\u0161tel\u0117 | Vinilozona.lt<\/title>\n<meta name=\"robots\" content=\"index, follow, max-snippet:-1, max-image-preview:large, max-video-preview:-1\" \/>\n<link rel=\"canonical\" href=\"https:\/\/vinilozona.lt\/en\/parduotuve\/lietuviska\/aiste-smilgeviciute-ir-skyle-broliai-2lp-cd\/\" \/>\n<meta property=\"og:locale\" content=\"en_GB\" \/>\n<meta property=\"og:type\" content=\"article\" \/>\n<meta property=\"og:title\" content=\"Aist\u0117 Smilgevi\u010di\u016bt\u0117 Ir Skyl\u0117 \u200e\u2013 Broliai 2LP + CD Vinilin\u0117 Plok\u0161tel\u0117 | Vinilozona.lt\" \/>\n<meta property=\"og:description\" content=\"abel: Via Artis \u2013 none Format: 2 x Vinyl, LP, Album, Limited Edition, Numbered, Reissue, Remastered CD, Album, Limited Edition, Numbered, Reissue, Remastered Country: Lithuania Released: Feb 2018 Genre: Rock Style: Folk Rock, Neofolk\" \/>\n<meta property=\"og:url\" content=\"https:\/\/vinilozona.lt\/en\/parduotuve\/lietuviska\/aiste-smilgeviciute-ir-skyle-broliai-2lp-cd\/\" \/>\n<meta property=\"og:site_name\" content=\"Vinilo Zona\" \/>\n<meta property=\"article:modified_time\" content=\"2026-02-25T05:41:59+00:00\" \/>\n<meta property=\"og:image\" content=\"https:\/\/vinilozona.lt\/wp-content\/uploads\/2025\/12\/R-11698881-1520864821-2590.jpg\" \/>\n\t<meta property=\"og:image:width\" content=\"599\" \/>\n\t<meta property=\"og:image:height\" content=\"393\" \/>\n\t<meta property=\"og:image:type\" content=\"image\/jpeg\" \/>\n<meta name=\"twitter:card\" content=\"summary_large_image\" \/>\n<meta name=\"twitter:label1\" content=\"Estimated reading time\" \/>\n\t<meta name=\"twitter:data1\" content=\"1 minute\" \/>\n<script type=\"application\/ld+json\" class=\"yoast-schema-graph\">{\"@context\":\"https:\/\/schema.org\",\"@graph\":[{\"@type\":\"WebPage\",\"@id\":\"https:\/\/vinilozona.lt\/parduotuve\/lietuviska\/aiste-smilgeviciute-ir-skyle-broliai-2lp-cd\/\",\"url\":\"https:\/\/vinilozona.lt\/parduotuve\/lietuviska\/aiste-smilgeviciute-ir-skyle-broliai-2lp-cd\/\",\"name\":\"Aist\u0117 Smilgevi\u010di\u016bt\u0117 Ir Skyl\u0117 \u200e\u2013 Broliai 2LP + CD Vinilin\u0117 Plok\u0161tel\u0117 | Vinilozona.lt\",\"isPartOf\":{\"@id\":\"https:\/\/vinilozona.lt\/#website\"},\"primaryImageOfPage\":{\"@id\":\"https:\/\/vinilozona.lt\/parduotuve\/lietuviska\/aiste-smilgeviciute-ir-skyle-broliai-2lp-cd\/#primaryimage\"},\"image\":{\"@id\":\"https:\/\/vinilozona.lt\/parduotuve\/lietuviska\/aiste-smilgeviciute-ir-skyle-broliai-2lp-cd\/#primaryimage\"},\"thumbnailUrl\":\"https:\/\/vinilozona.lt\/wp-content\/uploads\/2025\/12\/R-11698881-1520864821-2590.jpg\",\"datePublished\":\"2025-11-11T15:57:07+00:00\",\"dateModified\":\"2026-02-25T05:41:59+00:00\",\"breadcrumb\":{\"@id\":\"https:\/\/vinilozona.lt\/parduotuve\/lietuviska\/aiste-smilgeviciute-ir-skyle-broliai-2lp-cd\/#breadcrumb\"},\"inLanguage\":\"en-GB\",\"potentialAction\":[{\"@type\":\"ReadAction\",\"target\":[\"https:\/\/vinilozona.lt\/parduotuve\/lietuviska\/aiste-smilgeviciute-ir-skyle-broliai-2lp-cd\/\"]}]},{\"@type\":\"ImageObject\",\"inLanguage\":\"en-GB\",\"@id\":\"https:\/\/vinilozona.lt\/parduotuve\/lietuviska\/aiste-smilgeviciute-ir-skyle-broliai-2lp-cd\/#primaryimage\",\"url\":\"https:\/\/vinilozona.lt\/wp-content\/uploads\/2025\/12\/R-11698881-1520864821-2590.jpg\",\"contentUrl\":\"https:\/\/vinilozona.lt\/wp-content\/uploads\/2025\/12\/R-11698881-1520864821-2590.jpg\",\"width\":599,\"height\":393},{\"@type\":\"BreadcrumbList\",\"@id\":\"https:\/\/vinilozona.lt\/parduotuve\/lietuviska\/aiste-smilgeviciute-ir-skyle-broliai-2lp-cd\/#breadcrumb\",\"itemListElement\":[{\"@type\":\"ListItem\",\"position\":1,\"name\":\"Home\",\"item\":\"https:\/\/vinilozona.lt\/\"},{\"@type\":\"ListItem\",\"position\":2,\"name\":\"Parduotuv\u0117\",\"item\":\"https:\/\/vinilozona.lt\/parduotuve\/\"},{\"@type\":\"ListItem\",\"position\":3,\"name\":\"Aist\u0117 Smilgevi\u010di\u016bt\u0117 Ir Skyl\u0117 \u200e\u2013 Broliai 2LP + CD\"}]},{\"@type\":\"WebSite\",\"@id\":\"https:\/\/vinilozona.lt\/#website\",\"url\":\"https:\/\/vinilozona.lt\/\",\"name\":\"Vinilo Zona\",\"description\":\"Nup\u016bsk dulkes ir klausyk LP\",\"potentialAction\":[{\"@type\":\"SearchAction\",\"target\":{\"@type\":\"EntryPoint\",\"urlTemplate\":\"https:\/\/vinilozona.lt\/?s={search_term_string}\"},\"query-input\":{\"@type\":\"PropertyValueSpecification\",\"valueRequired\":true,\"valueName\":\"search_term_string\"}}],\"inLanguage\":\"en-GB\"}]}<\/script>\n<!-- \/ Yoast SEO plugin. -->","yoast_head_json":{"title":"Aist\u0117 Smilgevi\u010di\u016bt\u0117 Ir Skyl\u0117 \u200e\u2013 Broliai 2LP + CD Vinilin\u0117 Plok\u0161tel\u0117 | Vinilozona.lt","robots":{"index":"index","follow":"follow","max-snippet":"max-snippet:-1","max-image-preview":"max-image-preview:large","max-video-preview":"max-video-preview:-1"},"canonical":"https:\/\/vinilozona.lt\/en\/parduotuve\/lietuviska\/aiste-smilgeviciute-ir-skyle-broliai-2lp-cd\/","og_locale":"en_GB","og_type":"article","og_title":"Aist\u0117 Smilgevi\u010di\u016bt\u0117 Ir Skyl\u0117 \u200e\u2013 Broliai 2LP + CD Vinilin\u0117 Plok\u0161tel\u0117 | Vinilozona.lt","og_description":"abel: Via Artis \u2013 none Format: 2 x Vinyl, LP, Album, Limited Edition, Numbered, Reissue, Remastered CD, Album, Limited Edition, Numbered, Reissue, Remastered Country: Lithuania Released: Feb 2018 Genre: Rock Style: Folk Rock, Neofolk","og_url":"https:\/\/vinilozona.lt\/en\/parduotuve\/lietuviska\/aiste-smilgeviciute-ir-skyle-broliai-2lp-cd\/","og_site_name":"Vinilo Zona","article_modified_time":"2026-02-25T05:41:59+00:00","og_image":[{"width":599,"height":393,"url":"https:\/\/vinilozona.lt\/wp-content\/uploads\/2025\/12\/R-11698881-1520864821-2590.jpg","type":"image\/jpeg"}],"twitter_card":"summary_large_image","twitter_misc":{"Estimated reading time":"1 minute"},"schema":{"@context":"https:\/\/schema.org","@graph":[{"@type":"WebPage","@id":"https:\/\/vinilozona.lt\/parduotuve\/lietuviska\/aiste-smilgeviciute-ir-skyle-broliai-2lp-cd\/","url":"https:\/\/vinilozona.lt\/parduotuve\/lietuviska\/aiste-smilgeviciute-ir-skyle-broliai-2lp-cd\/","name":"Aist\u0117 Smilgevi\u010di\u016bt\u0117 Ir Skyl\u0117 \u200e\u2013 Broliai 2LP + CD Vinilin\u0117 Plok\u0161tel\u0117 | Vinilozona.lt","isPartOf":{"@id":"https:\/\/vinilozona.lt\/#website"},"primaryImageOfPage":{"@id":"https:\/\/vinilozona.lt\/parduotuve\/lietuviska\/aiste-smilgeviciute-ir-skyle-broliai-2lp-cd\/#primaryimage"},"image":{"@id":"https:\/\/vinilozona.lt\/parduotuve\/lietuviska\/aiste-smilgeviciute-ir-skyle-broliai-2lp-cd\/#primaryimage"},"thumbnailUrl":"https:\/\/vinilozona.lt\/wp-content\/uploads\/2025\/12\/R-11698881-1520864821-2590.jpg","datePublished":"2025-11-11T15:57:07+00:00","dateModified":"2026-02-25T05:41:59+00:00","breadcrumb":{"@id":"https:\/\/vinilozona.lt\/parduotuve\/lietuviska\/aiste-smilgeviciute-ir-skyle-broliai-2lp-cd\/#breadcrumb"},"inLanguage":"en-GB","potentialAction":[{"@type":"ReadAction","target":["https:\/\/vinilozona.lt\/parduotuve\/lietuviska\/aiste-smilgeviciute-ir-skyle-broliai-2lp-cd\/"]}]},{"@type":"ImageObject","inLanguage":"en-GB","@id":"https:\/\/vinilozona.lt\/parduotuve\/lietuviska\/aiste-smilgeviciute-ir-skyle-broliai-2lp-cd\/#primaryimage","url":"https:\/\/vinilozona.lt\/wp-content\/uploads\/2025\/12\/R-11698881-1520864821-2590.jpg","contentUrl":"https:\/\/vinilozona.lt\/wp-content\/uploads\/2025\/12\/R-11698881-1520864821-2590.jpg","width":599,"height":393},{"@type":"BreadcrumbList","@id":"https:\/\/vinilozona.lt\/parduotuve\/lietuviska\/aiste-smilgeviciute-ir-skyle-broliai-2lp-cd\/#breadcrumb","itemListElement":[{"@type":"ListItem","position":1,"name":"Home","item":"https:\/\/vinilozona.lt\/"},{"@type":"ListItem","position":2,"name":"Parduotuv\u0117","item":"https:\/\/vinilozona.lt\/parduotuve\/"},{"@type":"ListItem","position":3,"name":"Aist\u0117 Smilgevi\u010di\u016bt\u0117 Ir Skyl\u0117 \u200e\u2013 Broliai 2LP + CD"}]},{"@type":"WebSite","@id":"https:\/\/vinilozona.lt\/#website","url":"https:\/\/vinilozona.lt\/","name":"Vinilo Zona","description":"Nup\u016bsk dulkes ir klausyk LP","potentialAction":[{"@type":"SearchAction","target":{"@type":"EntryPoint","urlTemplate":"https:\/\/vinilozona.lt\/?s={search_term_string}"},"query-input":{"@type":"PropertyValueSpecification","valueRequired":true,"valueName":"search_term_string"}}],"inLanguage":"en-GB"}]}},"_links":{"self":[{"href":"https:\/\/vinilozona.lt\/en\/wp-json\/wp\/v2\/product\/30014"}],"collection":[{"href":"https:\/\/vinilozona.lt\/en\/wp-json\/wp\/v2\/product"}],"about":[{"href":"https:\/\/vinilozona.lt\/en\/wp-json\/wp\/v2\/types\/product"}],"wp:featuredmedia":[{"embeddable":true,"href":"https:\/\/vinilozona.lt\/en\/wp-json\/wp\/v2\/media\/30015"}],"wp:attachment":[{"href":"https:\/\/vinilozona.lt\/en\/wp-json\/wp\/v2\/media?parent=30014"}],"wp:term":[{"taxonomy":"product_cat","embeddable":true,"href":"https:\/\/vinilozona.lt\/en\/wp-json\/wp\/v2\/product_cat?post=30014"},{"taxonomy":"product_tag","embeddable":true,"href":"https:\/\/vinilozona.lt\/en\/wp-json\/wp\/v2\/product_tag?post=30014"}],"curies":[{"name":"wp","href":"https:\/\/api.w.org\/{rel}","templated":true}]}}